{"id":30240,"date":"2025-07-19T00:09:51","date_gmt":"2025-07-18T23:09:51","guid":{"rendered":"https:\/\/babylove.se\/produkt\/thats-mine-paslakan-spjalsang-junior-mouse-flower\/"},"modified":"2026-04-08T11:43:56","modified_gmt":"2026-04-08T10:43:56","slug":"det-er-mitt-paslakan-sprinkelseng-junior-mus-blomst","status":"publish","type":"product","link":"https:\/\/babylove.se\/no\/produkt\/det-er-mitt-paslakan-sprinkelseng-junior-mus-blomst\/","title":{"rendered":"That`s Mine sengesett sprinkelseng \/ junior, Mouse flower"},"content":{"rendered":"<p>Overraskende vakre barnesenget\u00f8y av organisk bomull gir det beste til ditt barn. Sengesettet best\u00e5r av et putevar og et dynetrekk laget av myk, organisk og sertifisert bomull. Dynetrekket har et superfint m\u00f8nster.&nbsp;<\/p>\n<p><strong>M\u00e5l<\/strong>: &nbsp;1x putevar 55&#215;35 cm og 1x dynetrekk 100&#215;130 cm.<\/p>\n<p><strong>Materiale<\/strong>: 100 % organisk bomull<\/p>\n<p><strong>Designer<\/strong>: <a href=\"https:\/\/babylove.se\/varumarken\/thats-mine\">That`s Mine<\/a><\/p>\n<p>Obs. Pute og dyne er ikke inkludert !&nbsp;<\/p>\n","protected":false},"excerpt":{"rendered":"<p>Overraskende vakre barnesenget\u00f8y av organisk bomull gir det beste til ditt barn. Sengesettet best\u00e5r av et putevar og et dynetrekk laget av myk, organisk og sertifisert bomull. Dynetrekket har et superfint m\u00f8nster.&nbsp; M\u00e5l: &nbsp;1x putevar 55&#215;35 cm og 1x dynetrekk 100&#215;130 cm. Materiale: 100 % organisk bomull Designer: That`s Mine Obs. Pute og dyne er [&hellip;]<\/p>\n","protected":false},"featured_media":30242,"comment_status":"closed","ping_status":"open","template":"","meta":{"_acf_changed":false},"product_brand":[749],"product_cat":[39,90,40,293,750],"product_tag":[],"class_list":{"0":"post-30240","1":"product","2":"type-product","3":"status-publish","4":"has-post-thumbnail","6":"product_brand-thats-mine","7":"product_cat-barnesangklaer","8":"product_cat-dyr","9":"product_cat-soverom-barn","10":"product_cat-tekstiler","11":"product_cat-thats-mine","13":"first","14":"outofstock","15":"taxable","16":"shipping-taxable","17":"purchasable","18":"product-type-simple"},"acf":[],"yoast_head":"<!-- This site is optimized with the Yoast SEO Premium plugin v25.8 (Yoast SEO v27.2) - https:\/\/yoast.com\/product\/yoast-seo-premium-wordpress\/ -->\n<title>That`s Mine sengesett sprinkelseng \/ junior, Mouse flower - Babylove Norska<\/title>\n<meta name=\"robots\" content=\"noindex, follow, max-snippet:-1, max-image-preview:large, max-video-preview:-1\" \/>\n<meta property=\"og:locale\" content=\"nb_NO\" \/>\n<meta property=\"og:type\" content=\"article\" \/>\n<meta property=\"og:title\" content=\"That`s Mine sengesett sprinkelseng \/ junior, Mouse flower\" \/>\n<meta property=\"og:description\" content=\"Overraskende vakre barnesenget\u00f8y av organisk bomull gir det beste til ditt barn. Sengesettet best\u00e5r av et putevar og et dynetrekk laget av myk, organisk og sertifisert bomull. Dynetrekket har et superfint m\u00f8nster.&nbsp; M\u00e5l: &nbsp;1x putevar 55&#215;35 cm og 1x dynetrekk 100&#215;130 cm. Materiale: 100 % organisk bomull Designer: That`s Mine Obs. Pute og dyne er [&hellip;]\" \/>\n<meta property=\"og:url\" content=\"https:\/\/babylove.se\/no\/produkt\/det-er-mitt-paslakan-sprinkelseng-junior-mus-blomst\/\" \/>\n<meta property=\"og:site_name\" content=\"Babylove Norska\" \/>\n<meta property=\"article:modified_time\" content=\"2026-04-08T10:43:56+00:00\" \/>\n<meta property=\"og:image\" content=\"https:\/\/babylove.se\/no\/wp-content\/uploads\/sites\/3\/2025\/07\/619e30190b51e.jpeg\" \/>\n\t<meta property=\"og:image:width\" content=\"1080\" \/>\n\t<meta property=\"og:image:height\" content=\"1080\" \/>\n\t<meta property=\"og:image:type\" content=\"image\/jpeg\" \/>\n<meta name=\"twitter:card\" content=\"summary_large_image\" \/>\n<meta name=\"twitter:label1\" content=\"Price\" \/>\n\t<meta name=\"twitter:data1\" content=\"699,00&nbsp;&#107;&#114;\" \/>\n\t<meta name=\"twitter:label2\" content=\"Availability\" \/>\n\t<meta name=\"twitter:data2\" content=\"Out of stock\" \/>\n<script type=\"application\/ld+json\" class=\"yoast-schema-graph\">{\"@context\":\"https:\/\/schema.org\",\"@graph\":[{\"@type\":\"WebPage\",\"@id\":\"https:\/\/babylove.se\/no\/produkt\/det-er-mitt-paslakan-sprinkelseng-junior-mus-blomst\/\",\"url\":\"https:\/\/babylove.se\/no\/produkt\/det-er-mitt-paslakan-sprinkelseng-junior-mus-blomst\/\",\"name\":\"That`s Mine sengesett sprinkelseng \/ junior, Mouse flower - Babylove Norska\",\"isPartOf\":{\"@id\":\"https:\/\/babylove.se\/no\/#website\"},\"primaryImageOfPage\":{\"@id\":\"https:\/\/babylove.se\/no\/produkt\/det-er-mitt-paslakan-sprinkelseng-junior-mus-blomst\/#primaryimage\"},\"image\":{\"@id\":\"https:\/\/babylove.se\/no\/produkt\/det-er-mitt-paslakan-sprinkelseng-junior-mus-blomst\/#primaryimage\"},\"thumbnailUrl\":\"https:\/\/babylove.se\/no\/wp-content\/uploads\/sites\/3\/2025\/07\/619e30190b51e.jpeg\",\"datePublished\":\"2025-07-18T23:09:51+00:00\",\"dateModified\":\"2026-04-08T10:43:56+00:00\",\"breadcrumb\":{\"@id\":\"https:\/\/babylove.se\/no\/produkt\/det-er-mitt-paslakan-sprinkelseng-junior-mus-blomst\/#breadcrumb\"},\"inLanguage\":\"nb-NO\",\"potentialAction\":[{\"@type\":\"ReadAction\",\"target\":[\"https:\/\/babylove.se\/no\/produkt\/det-er-mitt-paslakan-sprinkelseng-junior-mus-blomst\/\"]}]},{\"@type\":\"ImageObject\",\"inLanguage\":\"nb-NO\",\"@id\":\"https:\/\/babylove.se\/no\/produkt\/det-er-mitt-paslakan-sprinkelseng-junior-mus-blomst\/#primaryimage\",\"url\":\"https:\/\/babylove.se\/no\/wp-content\/uploads\/sites\/3\/2025\/07\/619e30190b51e.jpeg\",\"contentUrl\":\"https:\/\/babylove.se\/no\/wp-content\/uploads\/sites\/3\/2025\/07\/619e30190b51e.jpeg\",\"width\":1080,\"height\":1080},{\"@type\":\"BreadcrumbList\",\"@id\":\"https:\/\/babylove.se\/no\/produkt\/det-er-mitt-paslakan-sprinkelseng-junior-mus-blomst\/#breadcrumb\",\"itemListElement\":[{\"@type\":\"ListItem\",\"position\":1,\"name\":\"Hem\",\"item\":\"https:\/\/babylove.se\/no\/\"},{\"@type\":\"ListItem\",\"position\":2,\"name\":\"Butik\",\"item\":\"https:\/\/babylove.se\/no\/butik\/\"},{\"@type\":\"ListItem\",\"position\":3,\"name\":\"That`s Mine sengesett sprinkelseng \/ junior, Mouse flower\"}]},{\"@type\":\"WebSite\",\"@id\":\"https:\/\/babylove.se\/no\/#website\",\"url\":\"https:\/\/babylove.se\/no\/\",\"name\":\"Babylove Norska\",\"description\":\"\",\"potentialAction\":[{\"@type\":\"SearchAction\",\"target\":{\"@type\":\"EntryPoint\",\"urlTemplate\":\"https:\/\/babylove.se\/no\/?s={search_term_string}\"},\"query-input\":{\"@type\":\"PropertyValueSpecification\",\"valueRequired\":true,\"valueName\":\"search_term_string\"}}],\"inLanguage\":\"nb-NO\"}]}<\/script>\n<meta property=\"product:brand\" content=\"That\u00b4s Mine\" \/>\n<meta property=\"product:price:amount\" content=\"699.00\" \/>\n<meta property=\"product:price:currency\" content=\"SEK\" \/>\n<meta property=\"og:availability\" content=\"out of stock\" \/>\n<meta property=\"product:availability\" content=\"out of stock\" \/>\n<meta property=\"product:retailer_item_id\" content=\"BD185\" \/>\n<meta property=\"product:condition\" content=\"new\" \/>\n<!-- \/ Yoast SEO Premium plugin. -->","yoast_head_json":{"title":"That`s Mine sengesett sprinkelseng \/ junior, Mouse flower - Babylove Norska","robots":{"index":"noindex","follow":"follow","max-snippet":"max-snippet:-1","max-image-preview":"max-image-preview:large","max-video-preview":"max-video-preview:-1"},"og_locale":"nb_NO","og_type":"article","og_title":"That`s Mine sengesett sprinkelseng \/ junior, Mouse flower","og_description":"Overraskende vakre barnesenget\u00f8y av organisk bomull gir det beste til ditt barn. Sengesettet best\u00e5r av et putevar og et dynetrekk laget av myk, organisk og sertifisert bomull. Dynetrekket har et superfint m\u00f8nster.&nbsp; M\u00e5l: &nbsp;1x putevar 55&#215;35 cm og 1x dynetrekk 100&#215;130 cm. Materiale: 100 % organisk bomull Designer: That`s Mine Obs. Pute og dyne er [&hellip;]","og_url":"https:\/\/babylove.se\/no\/produkt\/det-er-mitt-paslakan-sprinkelseng-junior-mus-blomst\/","og_site_name":"Babylove Norska","article_modified_time":"2026-04-08T10:43:56+00:00","og_image":[{"width":1080,"height":1080,"url":"https:\/\/babylove.se\/no\/wp-content\/uploads\/sites\/3\/2025\/07\/619e30190b51e.jpeg","type":"image\/jpeg"}],"twitter_card":"summary_large_image","twitter_misc":{"Price":"699,00&nbsp;&#107;&#114;","Availability":"Out of stock"},"schema":{"@context":"https:\/\/schema.org","@graph":[{"@type":"WebPage","@id":"https:\/\/babylove.se\/no\/produkt\/det-er-mitt-paslakan-sprinkelseng-junior-mus-blomst\/","url":"https:\/\/babylove.se\/no\/produkt\/det-er-mitt-paslakan-sprinkelseng-junior-mus-blomst\/","name":"That`s Mine sengesett sprinkelseng \/ junior, Mouse flower - Babylove Norska","isPartOf":{"@id":"https:\/\/babylove.se\/no\/#website"},"primaryImageOfPage":{"@id":"https:\/\/babylove.se\/no\/produkt\/det-er-mitt-paslakan-sprinkelseng-junior-mus-blomst\/#primaryimage"},"image":{"@id":"https:\/\/babylove.se\/no\/produkt\/det-er-mitt-paslakan-sprinkelseng-junior-mus-blomst\/#primaryimage"},"thumbnailUrl":"https:\/\/babylove.se\/no\/wp-content\/uploads\/sites\/3\/2025\/07\/619e30190b51e.jpeg","datePublished":"2025-07-18T23:09:51+00:00","dateModified":"2026-04-08T10:43:56+00:00","breadcrumb":{"@id":"https:\/\/babylove.se\/no\/produkt\/det-er-mitt-paslakan-sprinkelseng-junior-mus-blomst\/#breadcrumb"},"inLanguage":"nb-NO","potentialAction":[{"@type":"ReadAction","target":["https:\/\/babylove.se\/no\/produkt\/det-er-mitt-paslakan-sprinkelseng-junior-mus-blomst\/"]}]},{"@type":"ImageObject","inLanguage":"nb-NO","@id":"https:\/\/babylove.se\/no\/produkt\/det-er-mitt-paslakan-sprinkelseng-junior-mus-blomst\/#primaryimage","url":"https:\/\/babylove.se\/no\/wp-content\/uploads\/sites\/3\/2025\/07\/619e30190b51e.jpeg","contentUrl":"https:\/\/babylove.se\/no\/wp-content\/uploads\/sites\/3\/2025\/07\/619e30190b51e.jpeg","width":1080,"height":1080},{"@type":"BreadcrumbList","@id":"https:\/\/babylove.se\/no\/produkt\/det-er-mitt-paslakan-sprinkelseng-junior-mus-blomst\/#breadcrumb","itemListElement":[{"@type":"ListItem","position":1,"name":"Hem","item":"https:\/\/babylove.se\/no\/"},{"@type":"ListItem","position":2,"name":"Butik","item":"https:\/\/babylove.se\/no\/butik\/"},{"@type":"ListItem","position":3,"name":"That`s Mine sengesett sprinkelseng \/ junior, Mouse flower"}]},{"@type":"WebSite","@id":"https:\/\/babylove.se\/no\/#website","url":"https:\/\/babylove.se\/no\/","name":"Babylove Norska","description":"","potentialAction":[{"@type":"SearchAction","target":{"@type":"EntryPoint","urlTemplate":"https:\/\/babylove.se\/no\/?s={search_term_string}"},"query-input":{"@type":"PropertyValueSpecification","valueRequired":true,"valueName":"search_term_string"}}],"inLanguage":"nb-NO"}]},"product_brand":"That\u00b4s Mine","product_price_amount":"699.00","product_price_currency":"SEK","og_availability":"out of stock","product_availability":"out of stock","product_retailer_item_id":"BD185","product_condition":"new"},"_links":{"self":[{"href":"https:\/\/babylove.se\/no\/wp-json\/wp\/v2\/product\/30240","targetHints":{"allow":["GET"]}}],"collection":[{"href":"https:\/\/babylove.se\/no\/wp-json\/wp\/v2\/product"}],"about":[{"href":"https:\/\/babylove.se\/no\/wp-json\/wp\/v2\/types\/product"}],"replies":[{"embeddable":true,"href":"https:\/\/babylove.se\/no\/wp-json\/wp\/v2\/comments?post=30240"}],"wp:featuredmedia":[{"embeddable":true,"href":"https:\/\/babylove.se\/no\/wp-json\/wp\/v2\/media\/30242"}],"wp:attachment":[{"href":"https:\/\/babylove.se\/no\/wp-json\/wp\/v2\/media?parent=30240"}],"wp:term":[{"taxonomy":"product_brand","embeddable":true,"href":"https:\/\/babylove.se\/no\/wp-json\/wp\/v2\/product_brand?post=30240"},{"taxonomy":"product_cat","embeddable":true,"href":"https:\/\/babylove.se\/no\/wp-json\/wp\/v2\/product_cat?post=30240"},{"taxonomy":"product_tag","embeddable":true,"href":"https:\/\/babylove.se\/no\/wp-json\/wp\/v2\/product_tag?post=30240"}],"curies":[{"name":"wp","href":"https:\/\/api.w.org\/{rel}","templated":true}]}}