{"id":30247,"date":"2025-07-19T00:09:51","date_gmt":"2025-07-18T23:09:51","guid":{"rendered":"https:\/\/babylove.se\/produkt\/liewood-heidi-spegel-i-silikon-teddy-dark-rose\/"},"modified":"2026-04-08T11:43:59","modified_gmt":"2026-04-08T10:43:59","slug":"liewood-heidi-speil-i-silikon-bamse-mork-rosa","status":"publish","type":"product","link":"https:\/\/babylove.se\/no\/produkt\/liewood-heidi-speil-i-silikon-bamse-mork-rosa\/","title":{"rendered":"Liewood, Heidi speil i silikon bamse, Dark rose"},"content":{"rendered":"<p>Et barnespeil i form av en teddybj\u00f8rn, perfekt for ditt barneroms innredning. Et speil med skandinavisk f\u00f8lelse for barnerommet i herlige materialer. Barnespeilet er laget av silikon og akryl, som skaper en stilren f\u00f8lelse. Speilet er ikke laget for \u00e5 leke med, men for \u00e5 henge p\u00e5 veggen som en fin dekorasjon. <\/p>\n<p>Barnespeilet er produsert av det danske popul\u00e6re selskapet Liewood, som har forgyllt massevis av barnerom de siste \u00e5rene. <\/p>\n<p><strong>Materiale<\/strong>: Ramme: 100 % silikon. Speil: 100 % akryl.<br \/>\n<strong>M\u00e5l<\/strong>: 17,5x16x5 cm <\/p>\n<p>Designer: <a href=\"https:\/\/babylove.se\/varumarken\/liewood\">Liewood<\/a><\/p>\n","protected":false},"excerpt":{"rendered":"<p>Et barnespeil i form av en teddybj\u00f8rn, perfekt for ditt barneroms innredning. Et speil med skandinavisk f\u00f8lelse for barnerommet i herlige materialer. Barnespeilet er laget av silikon og akryl, som skaper en stilren f\u00f8lelse. Speilet er ikke laget for \u00e5 leke med, men for \u00e5 henge p\u00e5 veggen som en fin dekorasjon. Barnespeilet er produsert [&hellip;]<\/p>\n","protected":false},"featured_media":30249,"comment_status":"closed","ping_status":"closed","template":"","meta":{"_acf_changed":false},"product_brand":[282],"product_cat":[102,283],"product_tag":[],"class_list":{"0":"post-30247","1":"product","2":"type-product","3":"status-publish","4":"has-post-thumbnail","6":"product_brand-liewood","7":"product_cat-barnspeil","8":"product_cat-liewood","10":"first","11":"outofstock","12":"taxable","13":"shipping-taxable","14":"purchasable","15":"product-type-simple"},"acf":[],"yoast_head":"<!-- This site is optimized with the Yoast SEO Premium plugin v25.8 (Yoast SEO v27.2) - https:\/\/yoast.com\/product\/yoast-seo-premium-wordpress\/ -->\n<title>Liewood, Heidi speil i silikon bamse, Dark rose - Babylove Norska<\/title>\n<meta name=\"robots\" content=\"noindex, follow, max-snippet:-1, max-image-preview:large, max-video-preview:-1\" \/>\n<meta property=\"og:locale\" content=\"nb_NO\" \/>\n<meta property=\"og:type\" content=\"article\" \/>\n<meta property=\"og:title\" content=\"Liewood, Heidi speil i silikon bamse, Dark rose\" \/>\n<meta property=\"og:description\" content=\"Et barnespeil i form av en teddybj\u00f8rn, perfekt for ditt barneroms innredning. Et speil med skandinavisk f\u00f8lelse for barnerommet i herlige materialer. Barnespeilet er laget av silikon og akryl, som skaper en stilren f\u00f8lelse. Speilet er ikke laget for \u00e5 leke med, men for \u00e5 henge p\u00e5 veggen som en fin dekorasjon. Barnespeilet er produsert [&hellip;]\" \/>\n<meta property=\"og:url\" content=\"https:\/\/babylove.se\/no\/produkt\/liewood-heidi-speil-i-silikon-bamse-mork-rosa\/\" \/>\n<meta property=\"og:site_name\" content=\"Babylove Norska\" \/>\n<meta property=\"article:modified_time\" content=\"2026-04-08T10:43:59+00:00\" \/>\n<meta property=\"og:image\" content=\"https:\/\/babylove.se\/no\/wp-content\/uploads\/sites\/3\/2025\/07\/619e30a13ea4e.jpeg\" \/>\n\t<meta property=\"og:image:width\" content=\"1024\" \/>\n\t<meta property=\"og:image:height\" content=\"1024\" \/>\n\t<meta property=\"og:image:type\" content=\"image\/jpeg\" \/>\n<meta name=\"twitter:card\" content=\"summary_large_image\" \/>\n<meta name=\"twitter:label1\" content=\"Price\" \/>\n\t<meta name=\"twitter:data1\" content=\"199,00&nbsp;&#107;&#114;\" \/>\n\t<meta name=\"twitter:label2\" content=\"Availability\" \/>\n\t<meta name=\"twitter:data2\" content=\"Out of stock\" \/>\n<script type=\"application\/ld+json\" class=\"yoast-schema-graph\">{\"@context\":\"https:\/\/schema.org\",\"@graph\":[{\"@type\":\"WebPage\",\"@id\":\"https:\/\/babylove.se\/no\/produkt\/liewood-heidi-speil-i-silikon-bamse-mork-rosa\/\",\"url\":\"https:\/\/babylove.se\/no\/produkt\/liewood-heidi-speil-i-silikon-bamse-mork-rosa\/\",\"name\":\"Liewood, Heidi speil i silikon bamse, Dark rose - Babylove Norska\",\"isPartOf\":{\"@id\":\"https:\/\/babylove.se\/no\/#website\"},\"primaryImageOfPage\":{\"@id\":\"https:\/\/babylove.se\/no\/produkt\/liewood-heidi-speil-i-silikon-bamse-mork-rosa\/#primaryimage\"},\"image\":{\"@id\":\"https:\/\/babylove.se\/no\/produkt\/liewood-heidi-speil-i-silikon-bamse-mork-rosa\/#primaryimage\"},\"thumbnailUrl\":\"https:\/\/babylove.se\/no\/wp-content\/uploads\/sites\/3\/2025\/07\/619e30a13ea4e.jpeg\",\"datePublished\":\"2025-07-18T23:09:51+00:00\",\"dateModified\":\"2026-04-08T10:43:59+00:00\",\"breadcrumb\":{\"@id\":\"https:\/\/babylove.se\/no\/produkt\/liewood-heidi-speil-i-silikon-bamse-mork-rosa\/#breadcrumb\"},\"inLanguage\":\"nb-NO\",\"potentialAction\":[{\"@type\":\"ReadAction\",\"target\":[\"https:\/\/babylove.se\/no\/produkt\/liewood-heidi-speil-i-silikon-bamse-mork-rosa\/\"]}]},{\"@type\":\"ImageObject\",\"inLanguage\":\"nb-NO\",\"@id\":\"https:\/\/babylove.se\/no\/produkt\/liewood-heidi-speil-i-silikon-bamse-mork-rosa\/#primaryimage\",\"url\":\"https:\/\/babylove.se\/no\/wp-content\/uploads\/sites\/3\/2025\/07\/619e30a13ea4e.jpeg\",\"contentUrl\":\"https:\/\/babylove.se\/no\/wp-content\/uploads\/sites\/3\/2025\/07\/619e30a13ea4e.jpeg\",\"width\":1024,\"height\":1024},{\"@type\":\"BreadcrumbList\",\"@id\":\"https:\/\/babylove.se\/no\/produkt\/liewood-heidi-speil-i-silikon-bamse-mork-rosa\/#breadcrumb\",\"itemListElement\":[{\"@type\":\"ListItem\",\"position\":1,\"name\":\"Hem\",\"item\":\"https:\/\/babylove.se\/no\/\"},{\"@type\":\"ListItem\",\"position\":2,\"name\":\"Butik\",\"item\":\"https:\/\/babylove.se\/no\/butik\/\"},{\"@type\":\"ListItem\",\"position\":3,\"name\":\"Liewood, Heidi speil i silikon bamse, Dark rose\"}]},{\"@type\":\"WebSite\",\"@id\":\"https:\/\/babylove.se\/no\/#website\",\"url\":\"https:\/\/babylove.se\/no\/\",\"name\":\"Babylove Norska\",\"description\":\"\",\"potentialAction\":[{\"@type\":\"SearchAction\",\"target\":{\"@type\":\"EntryPoint\",\"urlTemplate\":\"https:\/\/babylove.se\/no\/?s={search_term_string}\"},\"query-input\":{\"@type\":\"PropertyValueSpecification\",\"valueRequired\":true,\"valueName\":\"search_term_string\"}}],\"inLanguage\":\"nb-NO\"}]}<\/script>\n<meta property=\"product:brand\" content=\"Liewood\" \/>\n<meta property=\"product:price:amount\" content=\"199.00\" \/>\n<meta property=\"product:price:currency\" content=\"SEK\" \/>\n<meta property=\"og:availability\" content=\"out of stock\" \/>\n<meta property=\"product:availability\" content=\"out of stock\" \/>\n<meta property=\"product:retailer_item_id\" content=\"LW129952250\" \/>\n<meta property=\"product:condition\" content=\"new\" \/>\n<!-- \/ Yoast SEO Premium plugin. -->","yoast_head_json":{"title":"Liewood, Heidi speil i silikon bamse, Dark rose - Babylove Norska","robots":{"index":"noindex","follow":"follow","max-snippet":"max-snippet:-1","max-image-preview":"max-image-preview:large","max-video-preview":"max-video-preview:-1"},"og_locale":"nb_NO","og_type":"article","og_title":"Liewood, Heidi speil i silikon bamse, Dark rose","og_description":"Et barnespeil i form av en teddybj\u00f8rn, perfekt for ditt barneroms innredning. Et speil med skandinavisk f\u00f8lelse for barnerommet i herlige materialer. Barnespeilet er laget av silikon og akryl, som skaper en stilren f\u00f8lelse. Speilet er ikke laget for \u00e5 leke med, men for \u00e5 henge p\u00e5 veggen som en fin dekorasjon. Barnespeilet er produsert [&hellip;]","og_url":"https:\/\/babylove.se\/no\/produkt\/liewood-heidi-speil-i-silikon-bamse-mork-rosa\/","og_site_name":"Babylove Norska","article_modified_time":"2026-04-08T10:43:59+00:00","og_image":[{"width":1024,"height":1024,"url":"https:\/\/babylove.se\/no\/wp-content\/uploads\/sites\/3\/2025\/07\/619e30a13ea4e.jpeg","type":"image\/jpeg"}],"twitter_card":"summary_large_image","twitter_misc":{"Price":"199,00&nbsp;&#107;&#114;","Availability":"Out of stock"},"schema":{"@context":"https:\/\/schema.org","@graph":[{"@type":"WebPage","@id":"https:\/\/babylove.se\/no\/produkt\/liewood-heidi-speil-i-silikon-bamse-mork-rosa\/","url":"https:\/\/babylove.se\/no\/produkt\/liewood-heidi-speil-i-silikon-bamse-mork-rosa\/","name":"Liewood, Heidi speil i silikon bamse, Dark rose - Babylove Norska","isPartOf":{"@id":"https:\/\/babylove.se\/no\/#website"},"primaryImageOfPage":{"@id":"https:\/\/babylove.se\/no\/produkt\/liewood-heidi-speil-i-silikon-bamse-mork-rosa\/#primaryimage"},"image":{"@id":"https:\/\/babylove.se\/no\/produkt\/liewood-heidi-speil-i-silikon-bamse-mork-rosa\/#primaryimage"},"thumbnailUrl":"https:\/\/babylove.se\/no\/wp-content\/uploads\/sites\/3\/2025\/07\/619e30a13ea4e.jpeg","datePublished":"2025-07-18T23:09:51+00:00","dateModified":"2026-04-08T10:43:59+00:00","breadcrumb":{"@id":"https:\/\/babylove.se\/no\/produkt\/liewood-heidi-speil-i-silikon-bamse-mork-rosa\/#breadcrumb"},"inLanguage":"nb-NO","potentialAction":[{"@type":"ReadAction","target":["https:\/\/babylove.se\/no\/produkt\/liewood-heidi-speil-i-silikon-bamse-mork-rosa\/"]}]},{"@type":"ImageObject","inLanguage":"nb-NO","@id":"https:\/\/babylove.se\/no\/produkt\/liewood-heidi-speil-i-silikon-bamse-mork-rosa\/#primaryimage","url":"https:\/\/babylove.se\/no\/wp-content\/uploads\/sites\/3\/2025\/07\/619e30a13ea4e.jpeg","contentUrl":"https:\/\/babylove.se\/no\/wp-content\/uploads\/sites\/3\/2025\/07\/619e30a13ea4e.jpeg","width":1024,"height":1024},{"@type":"BreadcrumbList","@id":"https:\/\/babylove.se\/no\/produkt\/liewood-heidi-speil-i-silikon-bamse-mork-rosa\/#breadcrumb","itemListElement":[{"@type":"ListItem","position":1,"name":"Hem","item":"https:\/\/babylove.se\/no\/"},{"@type":"ListItem","position":2,"name":"Butik","item":"https:\/\/babylove.se\/no\/butik\/"},{"@type":"ListItem","position":3,"name":"Liewood, Heidi speil i silikon bamse, Dark rose"}]},{"@type":"WebSite","@id":"https:\/\/babylove.se\/no\/#website","url":"https:\/\/babylove.se\/no\/","name":"Babylove Norska","description":"","potentialAction":[{"@type":"SearchAction","target":{"@type":"EntryPoint","urlTemplate":"https:\/\/babylove.se\/no\/?s={search_term_string}"},"query-input":{"@type":"PropertyValueSpecification","valueRequired":true,"valueName":"search_term_string"}}],"inLanguage":"nb-NO"}]},"product_brand":"Liewood","product_price_amount":"199.00","product_price_currency":"SEK","og_availability":"out of stock","product_availability":"out of stock","product_retailer_item_id":"LW129952250","product_condition":"new"},"_links":{"self":[{"href":"https:\/\/babylove.se\/no\/wp-json\/wp\/v2\/product\/30247","targetHints":{"allow":["GET"]}}],"collection":[{"href":"https:\/\/babylove.se\/no\/wp-json\/wp\/v2\/product"}],"about":[{"href":"https:\/\/babylove.se\/no\/wp-json\/wp\/v2\/types\/product"}],"replies":[{"embeddable":true,"href":"https:\/\/babylove.se\/no\/wp-json\/wp\/v2\/comments?post=30247"}],"wp:featuredmedia":[{"embeddable":true,"href":"https:\/\/babylove.se\/no\/wp-json\/wp\/v2\/media\/30249"}],"wp:attachment":[{"href":"https:\/\/babylove.se\/no\/wp-json\/wp\/v2\/media?parent=30247"}],"wp:term":[{"taxonomy":"product_brand","embeddable":true,"href":"https:\/\/babylove.se\/no\/wp-json\/wp\/v2\/product_brand?post=30247"},{"taxonomy":"product_cat","embeddable":true,"href":"https:\/\/babylove.se\/no\/wp-json\/wp\/v2\/product_cat?post=30247"},{"taxonomy":"product_tag","embeddable":true,"href":"https:\/\/babylove.se\/no\/wp-json\/wp\/v2\/product_tag?post=30247"}],"curies":[{"name":"wp","href":"https:\/\/api.w.org\/{rel}","templated":true}]}}