{"id":30322,"date":"2025-07-19T00:10:39","date_gmt":"2025-07-18T23:10:39","guid":{"rendered":"https:\/\/babylove.se\/produkt\/maileg-slott-med-kok\/"},"modified":"2026-04-08T11:44:45","modified_gmt":"2026-04-08T10:44:45","slug":"maileg-slott-med-kjokken","status":"publish","type":"product","link":"https:\/\/babylove.se\/no\/produkt\/maileg-slott-med-kjokken\/","title":{"rendered":"Maileg, Slott med kj\u00f8kken"},"content":{"rendered":"<p>Et tidl\u00f8st og fantastisk slott fra danske Maileg som ditt barn kommer til \u00e5 elske fra f\u00f8rste \u00f8yeblikk. Dukkehuset best\u00e5r av tre etasjer hvor den nederste etasjen er utstyrt med et lite kj\u00f8kken og \u00f8verste etasjen har en romantisk balkong. Dette slottet vil, i tillegg til \u00e5 bli ditt barns favoritt, bidra til en vakker barnerominnredning. <\/p>\n<p>Husk \u00e5 komplettere med Maileg kaniner, mus eller innredning. <\/p>\n<p><strong>M\u00e5l<\/strong>: 62 x 24 cm <\/p>\n<p><strong>Material<\/strong>: FSC hardpapp <\/p>\n<p>Designer: <a href=\"https:\/\/babylove.se\/varumarken\/maileg\">Maileg<\/a> <\/p>\n<p>Obs! kaniner, mus, m\u00f8bler eller tilbeh\u00f8r f\u00f8lger ikke med.<\/p>\n","protected":false},"excerpt":{"rendered":"<p>Et tidl\u00f8st og fantastisk slott fra danske Maileg som ditt barn kommer til \u00e5 elske fra f\u00f8rste \u00f8yeblikk. Dukkehuset best\u00e5r av tre etasjer hvor den nederste etasjen er utstyrt med et lite kj\u00f8kken og \u00f8verste etasjen har en romantisk balkong. Dette slottet vil, i tillegg til \u00e5 bli ditt barns favoritt, bidra til en vakker [&hellip;]<\/p>\n","protected":false},"featured_media":30324,"comment_status":"closed","ping_status":"closed","template":"","meta":{"_acf_changed":false},"product_brand":[662],"product_cat":[89,68,663],"product_tag":[],"class_list":{"0":"post-30322","1":"product","2":"type-product","3":"status-publish","4":"has-post-thumbnail","6":"product_brand-maileg","7":"product_cat-dukkehus","8":"product_cat-leker","9":"product_cat-maileg","11":"first","12":"outofstock","13":"taxable","14":"shipping-taxable","15":"purchasable","16":"product-type-simple"},"acf":[],"yoast_head":"<!-- This site is optimized with the Yoast SEO Premium plugin v25.8 (Yoast SEO v27.2) - https:\/\/yoast.com\/product\/yoast-seo-premium-wordpress\/ -->\n<title>Maileg, Slott med kj\u00f8kken - Babylove Norska<\/title>\n<meta name=\"robots\" content=\"noindex, follow, max-snippet:-1, max-image-preview:large, max-video-preview:-1\" \/>\n<meta property=\"og:locale\" content=\"nb_NO\" \/>\n<meta property=\"og:type\" content=\"article\" \/>\n<meta property=\"og:title\" content=\"Maileg, Slott med kj\u00f8kken\" \/>\n<meta property=\"og:description\" content=\"Et tidl\u00f8st og fantastisk slott fra danske Maileg som ditt barn kommer til \u00e5 elske fra f\u00f8rste \u00f8yeblikk. Dukkehuset best\u00e5r av tre etasjer hvor den nederste etasjen er utstyrt med et lite kj\u00f8kken og \u00f8verste etasjen har en romantisk balkong. Dette slottet vil, i tillegg til \u00e5 bli ditt barns favoritt, bidra til en vakker [&hellip;]\" \/>\n<meta property=\"og:url\" content=\"https:\/\/babylove.se\/no\/produkt\/maileg-slott-med-kjokken\/\" \/>\n<meta property=\"og:site_name\" content=\"Babylove Norska\" \/>\n<meta property=\"article:modified_time\" content=\"2026-04-08T10:44:45+00:00\" \/>\n<meta property=\"og:image\" content=\"https:\/\/babylove.se\/no\/wp-content\/uploads\/sites\/3\/2025\/07\/619f850ccc170.png\" \/>\n\t<meta property=\"og:image:width\" content=\"651\" \/>\n\t<meta property=\"og:image:height\" content=\"543\" \/>\n\t<meta property=\"og:image:type\" content=\"image\/png\" \/>\n<meta name=\"twitter:card\" content=\"summary_large_image\" \/>\n<meta name=\"twitter:label1\" content=\"Price\" \/>\n\t<meta name=\"twitter:data1\" content=\"749,00&nbsp;&#107;&#114;\" \/>\n\t<meta name=\"twitter:label2\" content=\"Availability\" \/>\n\t<meta name=\"twitter:data2\" content=\"Out of stock\" \/>\n<script type=\"application\/ld+json\" class=\"yoast-schema-graph\">{\"@context\":\"https:\/\/schema.org\",\"@graph\":[{\"@type\":\"WebPage\",\"@id\":\"https:\/\/babylove.se\/no\/produkt\/maileg-slott-med-kjokken\/\",\"url\":\"https:\/\/babylove.se\/no\/produkt\/maileg-slott-med-kjokken\/\",\"name\":\"Maileg, Slott med kj\u00f8kken - Babylove Norska\",\"isPartOf\":{\"@id\":\"https:\/\/babylove.se\/no\/#website\"},\"primaryImageOfPage\":{\"@id\":\"https:\/\/babylove.se\/no\/produkt\/maileg-slott-med-kjokken\/#primaryimage\"},\"image\":{\"@id\":\"https:\/\/babylove.se\/no\/produkt\/maileg-slott-med-kjokken\/#primaryimage\"},\"thumbnailUrl\":\"https:\/\/babylove.se\/no\/wp-content\/uploads\/sites\/3\/2025\/07\/619f850ccc170.png\",\"datePublished\":\"2025-07-18T23:10:39+00:00\",\"dateModified\":\"2026-04-08T10:44:45+00:00\",\"breadcrumb\":{\"@id\":\"https:\/\/babylove.se\/no\/produkt\/maileg-slott-med-kjokken\/#breadcrumb\"},\"inLanguage\":\"nb-NO\",\"potentialAction\":[{\"@type\":\"ReadAction\",\"target\":[\"https:\/\/babylove.se\/no\/produkt\/maileg-slott-med-kjokken\/\"]}]},{\"@type\":\"ImageObject\",\"inLanguage\":\"nb-NO\",\"@id\":\"https:\/\/babylove.se\/no\/produkt\/maileg-slott-med-kjokken\/#primaryimage\",\"url\":\"https:\/\/babylove.se\/no\/wp-content\/uploads\/sites\/3\/2025\/07\/619f850ccc170.png\",\"contentUrl\":\"https:\/\/babylove.se\/no\/wp-content\/uploads\/sites\/3\/2025\/07\/619f850ccc170.png\",\"width\":651,\"height\":543},{\"@type\":\"BreadcrumbList\",\"@id\":\"https:\/\/babylove.se\/no\/produkt\/maileg-slott-med-kjokken\/#breadcrumb\",\"itemListElement\":[{\"@type\":\"ListItem\",\"position\":1,\"name\":\"Hem\",\"item\":\"https:\/\/babylove.se\/no\/\"},{\"@type\":\"ListItem\",\"position\":2,\"name\":\"Butik\",\"item\":\"https:\/\/babylove.se\/no\/butik\/\"},{\"@type\":\"ListItem\",\"position\":3,\"name\":\"Maileg, Slott med kj\u00f8kken\"}]},{\"@type\":\"WebSite\",\"@id\":\"https:\/\/babylove.se\/no\/#website\",\"url\":\"https:\/\/babylove.se\/no\/\",\"name\":\"Babylove Norska\",\"description\":\"\",\"potentialAction\":[{\"@type\":\"SearchAction\",\"target\":{\"@type\":\"EntryPoint\",\"urlTemplate\":\"https:\/\/babylove.se\/no\/?s={search_term_string}\"},\"query-input\":{\"@type\":\"PropertyValueSpecification\",\"valueRequired\":true,\"valueName\":\"search_term_string\"}}],\"inLanguage\":\"nb-NO\"}]}<\/script>\n<meta property=\"product:brand\" content=\"Maileg\" \/>\n<meta property=\"product:price:amount\" content=\"749.00\" \/>\n<meta property=\"product:price:currency\" content=\"SEK\" \/>\n<meta property=\"og:availability\" content=\"out of stock\" \/>\n<meta property=\"product:availability\" content=\"out of stock\" \/>\n<meta property=\"product:retailer_item_id\" content=\"11-1200-00\" \/>\n<meta property=\"product:condition\" content=\"new\" \/>\n<!-- \/ Yoast SEO Premium plugin. -->","yoast_head_json":{"title":"Maileg, Slott med kj\u00f8kken - Babylove Norska","robots":{"index":"noindex","follow":"follow","max-snippet":"max-snippet:-1","max-image-preview":"max-image-preview:large","max-video-preview":"max-video-preview:-1"},"og_locale":"nb_NO","og_type":"article","og_title":"Maileg, Slott med kj\u00f8kken","og_description":"Et tidl\u00f8st og fantastisk slott fra danske Maileg som ditt barn kommer til \u00e5 elske fra f\u00f8rste \u00f8yeblikk. Dukkehuset best\u00e5r av tre etasjer hvor den nederste etasjen er utstyrt med et lite kj\u00f8kken og \u00f8verste etasjen har en romantisk balkong. Dette slottet vil, i tillegg til \u00e5 bli ditt barns favoritt, bidra til en vakker [&hellip;]","og_url":"https:\/\/babylove.se\/no\/produkt\/maileg-slott-med-kjokken\/","og_site_name":"Babylove Norska","article_modified_time":"2026-04-08T10:44:45+00:00","og_image":[{"width":651,"height":543,"url":"https:\/\/babylove.se\/no\/wp-content\/uploads\/sites\/3\/2025\/07\/619f850ccc170.png","type":"image\/png"}],"twitter_card":"summary_large_image","twitter_misc":{"Price":"749,00&nbsp;&#107;&#114;","Availability":"Out of stock"},"schema":{"@context":"https:\/\/schema.org","@graph":[{"@type":"WebPage","@id":"https:\/\/babylove.se\/no\/produkt\/maileg-slott-med-kjokken\/","url":"https:\/\/babylove.se\/no\/produkt\/maileg-slott-med-kjokken\/","name":"Maileg, Slott med kj\u00f8kken - Babylove Norska","isPartOf":{"@id":"https:\/\/babylove.se\/no\/#website"},"primaryImageOfPage":{"@id":"https:\/\/babylove.se\/no\/produkt\/maileg-slott-med-kjokken\/#primaryimage"},"image":{"@id":"https:\/\/babylove.se\/no\/produkt\/maileg-slott-med-kjokken\/#primaryimage"},"thumbnailUrl":"https:\/\/babylove.se\/no\/wp-content\/uploads\/sites\/3\/2025\/07\/619f850ccc170.png","datePublished":"2025-07-18T23:10:39+00:00","dateModified":"2026-04-08T10:44:45+00:00","breadcrumb":{"@id":"https:\/\/babylove.se\/no\/produkt\/maileg-slott-med-kjokken\/#breadcrumb"},"inLanguage":"nb-NO","potentialAction":[{"@type":"ReadAction","target":["https:\/\/babylove.se\/no\/produkt\/maileg-slott-med-kjokken\/"]}]},{"@type":"ImageObject","inLanguage":"nb-NO","@id":"https:\/\/babylove.se\/no\/produkt\/maileg-slott-med-kjokken\/#primaryimage","url":"https:\/\/babylove.se\/no\/wp-content\/uploads\/sites\/3\/2025\/07\/619f850ccc170.png","contentUrl":"https:\/\/babylove.se\/no\/wp-content\/uploads\/sites\/3\/2025\/07\/619f850ccc170.png","width":651,"height":543},{"@type":"BreadcrumbList","@id":"https:\/\/babylove.se\/no\/produkt\/maileg-slott-med-kjokken\/#breadcrumb","itemListElement":[{"@type":"ListItem","position":1,"name":"Hem","item":"https:\/\/babylove.se\/no\/"},{"@type":"ListItem","position":2,"name":"Butik","item":"https:\/\/babylove.se\/no\/butik\/"},{"@type":"ListItem","position":3,"name":"Maileg, Slott med kj\u00f8kken"}]},{"@type":"WebSite","@id":"https:\/\/babylove.se\/no\/#website","url":"https:\/\/babylove.se\/no\/","name":"Babylove Norska","description":"","potentialAction":[{"@type":"SearchAction","target":{"@type":"EntryPoint","urlTemplate":"https:\/\/babylove.se\/no\/?s={search_term_string}"},"query-input":{"@type":"PropertyValueSpecification","valueRequired":true,"valueName":"search_term_string"}}],"inLanguage":"nb-NO"}]},"product_brand":"Maileg","product_price_amount":"749.00","product_price_currency":"SEK","og_availability":"out of stock","product_availability":"out of stock","product_retailer_item_id":"11-1200-00","product_condition":"new"},"_links":{"self":[{"href":"https:\/\/babylove.se\/no\/wp-json\/wp\/v2\/product\/30322","targetHints":{"allow":["GET"]}}],"collection":[{"href":"https:\/\/babylove.se\/no\/wp-json\/wp\/v2\/product"}],"about":[{"href":"https:\/\/babylove.se\/no\/wp-json\/wp\/v2\/types\/product"}],"replies":[{"embeddable":true,"href":"https:\/\/babylove.se\/no\/wp-json\/wp\/v2\/comments?post=30322"}],"wp:featuredmedia":[{"embeddable":true,"href":"https:\/\/babylove.se\/no\/wp-json\/wp\/v2\/media\/30324"}],"wp:attachment":[{"href":"https:\/\/babylove.se\/no\/wp-json\/wp\/v2\/media?parent=30322"}],"wp:term":[{"taxonomy":"product_brand","embeddable":true,"href":"https:\/\/babylove.se\/no\/wp-json\/wp\/v2\/product_brand?post=30322"},{"taxonomy":"product_cat","embeddable":true,"href":"https:\/\/babylove.se\/no\/wp-json\/wp\/v2\/product_cat?post=30322"},{"taxonomy":"product_tag","embeddable":true,"href":"https:\/\/babylove.se\/no\/wp-json\/wp\/v2\/product_tag?post=30322"}],"curies":[{"name":"wp","href":"https:\/\/api.w.org\/{rel}","templated":true}]}}