{"id":30356,"date":"2025-07-19T00:11:06","date_gmt":"2025-07-18T23:11:06","guid":{"rendered":"https:\/\/babylove.se\/produkt\/liewood-lai-haklapp-classic-dot-creme-de-la-creme\/"},"modified":"2026-04-08T11:45:05","modified_gmt":"2026-04-08T10:45:05","slug":"liewood-lai-haklapp-classic-dot-creme-de-la-creme","status":"publish","type":"product","link":"https:\/\/babylove.se\/no\/produkt\/liewood-lai-haklapp-classic-dot-creme-de-la-creme\/","title":{"rendered":"Liewood, Lai smekke, Classic dot creme de la creme"},"content":{"rendered":"<p>En fin og meget praktisk smekke fra det danske selskapet Liewood som gj\u00f8r m\u00e5ltidet til en behagelig stund for b\u00e5de deg og ditt barn. Forh\u00e5pentligvis blir den ogs\u00e5 noe mindre s\u00f8lete og du kan enkelt vaske smekken i maskin etterp\u00e5. \\n \\nMatch den gjerne med andre fine produkter fra samme kolleksjon. \\n \\n<strong>Materiale<\/strong>: 100 % resirkulert OEKO TEX-polyester. Maskinvask 30 grader. \\n \\n<strong>M\u00e5l<\/strong>: 30 cm x 26 cm \\n \\nDesigner: <a href=\"https:\/\/babylove.se\/varumarken\/liewood\"><u>Liewood<\/u><\/a><\/p>\n","protected":false},"excerpt":{"rendered":"<p>En fin og meget praktisk smekke fra det danske selskapet Liewood som gj\u00f8r m\u00e5ltidet til en behagelig stund for b\u00e5de deg og ditt barn. Forh\u00e5pentligvis blir den ogs\u00e5 noe mindre s\u00f8lete og du kan enkelt vaske smekken i maskin etterp\u00e5. \\n \\nMatch den gjerne med andre fine produkter fra samme kolleksjon. \\n \\nMateriale: 100 % [&hellip;]<\/p>\n","protected":false},"featured_media":30358,"comment_status":"closed","ping_status":"closed","template":"","meta":{"_acf_changed":false},"product_brand":[282],"product_cat":[283,206],"product_tag":[],"class_list":{"0":"post-30356","1":"product","2":"type-product","3":"status-publish","4":"has-post-thumbnail","6":"product_brand-liewood","7":"product_cat-liewood","8":"product_cat-smekker","10":"first","11":"outofstock","12":"taxable","13":"shipping-taxable","14":"purchasable","15":"product-type-simple"},"acf":[],"yoast_head":"<!-- This site is optimized with the Yoast SEO Premium plugin v25.8 (Yoast SEO v27.2) - https:\/\/yoast.com\/product\/yoast-seo-premium-wordpress\/ -->\n<title>Liewood, Lai smekke, Classic dot creme de la creme - Babylove Norska<\/title>\n<meta name=\"robots\" content=\"noindex, follow, max-snippet:-1, max-image-preview:large, max-video-preview:-1\" \/>\n<meta property=\"og:locale\" content=\"nb_NO\" \/>\n<meta property=\"og:type\" content=\"article\" \/>\n<meta property=\"og:title\" content=\"Liewood, Lai smekke, Classic dot creme de la creme\" \/>\n<meta property=\"og:description\" content=\"En fin og meget praktisk smekke fra det danske selskapet Liewood som gj\u00f8r m\u00e5ltidet til en behagelig stund for b\u00e5de deg og ditt barn. Forh\u00e5pentligvis blir den ogs\u00e5 noe mindre s\u00f8lete og du kan enkelt vaske smekken i maskin etterp\u00e5. n nMatch den gjerne med andre fine produkter fra samme kolleksjon. n nMateriale: 100 % [&hellip;]\" \/>\n<meta property=\"og:url\" content=\"https:\/\/babylove.se\/no\/produkt\/liewood-lai-haklapp-classic-dot-creme-de-la-creme\/\" \/>\n<meta property=\"og:site_name\" content=\"Babylove Norska\" \/>\n<meta property=\"article:modified_time\" content=\"2026-04-08T10:45:05+00:00\" \/>\n<meta property=\"og:image\" content=\"https:\/\/babylove.se\/no\/wp-content\/uploads\/sites\/3\/2025\/07\/61a77270ecf4f.jpeg\" \/>\n\t<meta property=\"og:image:width\" content=\"800\" \/>\n\t<meta property=\"og:image:height\" content=\"800\" \/>\n\t<meta property=\"og:image:type\" content=\"image\/jpeg\" \/>\n<meta name=\"twitter:card\" content=\"summary_large_image\" \/>\n<meta name=\"twitter:label1\" content=\"Price\" \/>\n\t<meta name=\"twitter:data1\" content=\"139,00&nbsp;&#107;&#114;\" \/>\n\t<meta name=\"twitter:label2\" content=\"Availability\" \/>\n\t<meta name=\"twitter:data2\" content=\"Out of stock\" \/>\n<script type=\"application\/ld+json\" class=\"yoast-schema-graph\">{\"@context\":\"https:\/\/schema.org\",\"@graph\":[{\"@type\":\"WebPage\",\"@id\":\"https:\/\/babylove.se\/no\/produkt\/liewood-lai-haklapp-classic-dot-creme-de-la-creme\/\",\"url\":\"https:\/\/babylove.se\/no\/produkt\/liewood-lai-haklapp-classic-dot-creme-de-la-creme\/\",\"name\":\"Liewood, Lai smekke, Classic dot creme de la creme - Babylove Norska\",\"isPartOf\":{\"@id\":\"https:\/\/babylove.se\/no\/#website\"},\"primaryImageOfPage\":{\"@id\":\"https:\/\/babylove.se\/no\/produkt\/liewood-lai-haklapp-classic-dot-creme-de-la-creme\/#primaryimage\"},\"image\":{\"@id\":\"https:\/\/babylove.se\/no\/produkt\/liewood-lai-haklapp-classic-dot-creme-de-la-creme\/#primaryimage\"},\"thumbnailUrl\":\"https:\/\/babylove.se\/no\/wp-content\/uploads\/sites\/3\/2025\/07\/61a77270ecf4f.jpeg\",\"datePublished\":\"2025-07-18T23:11:06+00:00\",\"dateModified\":\"2026-04-08T10:45:05+00:00\",\"breadcrumb\":{\"@id\":\"https:\/\/babylove.se\/no\/produkt\/liewood-lai-haklapp-classic-dot-creme-de-la-creme\/#breadcrumb\"},\"inLanguage\":\"nb-NO\",\"potentialAction\":[{\"@type\":\"ReadAction\",\"target\":[\"https:\/\/babylove.se\/no\/produkt\/liewood-lai-haklapp-classic-dot-creme-de-la-creme\/\"]}]},{\"@type\":\"ImageObject\",\"inLanguage\":\"nb-NO\",\"@id\":\"https:\/\/babylove.se\/no\/produkt\/liewood-lai-haklapp-classic-dot-creme-de-la-creme\/#primaryimage\",\"url\":\"https:\/\/babylove.se\/no\/wp-content\/uploads\/sites\/3\/2025\/07\/61a77270ecf4f.jpeg\",\"contentUrl\":\"https:\/\/babylove.se\/no\/wp-content\/uploads\/sites\/3\/2025\/07\/61a77270ecf4f.jpeg\",\"width\":800,\"height\":800},{\"@type\":\"BreadcrumbList\",\"@id\":\"https:\/\/babylove.se\/no\/produkt\/liewood-lai-haklapp-classic-dot-creme-de-la-creme\/#breadcrumb\",\"itemListElement\":[{\"@type\":\"ListItem\",\"position\":1,\"name\":\"Hem\",\"item\":\"https:\/\/babylove.se\/no\/\"},{\"@type\":\"ListItem\",\"position\":2,\"name\":\"Butik\",\"item\":\"https:\/\/babylove.se\/no\/butik\/\"},{\"@type\":\"ListItem\",\"position\":3,\"name\":\"Liewood, Lai smekke, Classic dot creme de la creme\"}]},{\"@type\":\"WebSite\",\"@id\":\"https:\/\/babylove.se\/no\/#website\",\"url\":\"https:\/\/babylove.se\/no\/\",\"name\":\"Babylove Norska\",\"description\":\"\",\"potentialAction\":[{\"@type\":\"SearchAction\",\"target\":{\"@type\":\"EntryPoint\",\"urlTemplate\":\"https:\/\/babylove.se\/no\/?s={search_term_string}\"},\"query-input\":{\"@type\":\"PropertyValueSpecification\",\"valueRequired\":true,\"valueName\":\"search_term_string\"}}],\"inLanguage\":\"nb-NO\"}]}<\/script>\n<meta property=\"product:brand\" content=\"Liewood\" \/>\n<meta property=\"product:price:amount\" content=\"139.00\" \/>\n<meta property=\"product:price:currency\" content=\"SEK\" \/>\n<meta property=\"og:availability\" content=\"out of stock\" \/>\n<meta property=\"product:availability\" content=\"out of stock\" \/>\n<meta property=\"product:retailer_item_id\" content=\"LW123580044\" \/>\n<meta property=\"product:condition\" content=\"new\" \/>\n<!-- \/ Yoast SEO Premium plugin. -->","yoast_head_json":{"title":"Liewood, Lai smekke, Classic dot creme de la creme - Babylove Norska","robots":{"index":"noindex","follow":"follow","max-snippet":"max-snippet:-1","max-image-preview":"max-image-preview:large","max-video-preview":"max-video-preview:-1"},"og_locale":"nb_NO","og_type":"article","og_title":"Liewood, Lai smekke, Classic dot creme de la creme","og_description":"En fin og meget praktisk smekke fra det danske selskapet Liewood som gj\u00f8r m\u00e5ltidet til en behagelig stund for b\u00e5de deg og ditt barn. Forh\u00e5pentligvis blir den ogs\u00e5 noe mindre s\u00f8lete og du kan enkelt vaske smekken i maskin etterp\u00e5. n nMatch den gjerne med andre fine produkter fra samme kolleksjon. n nMateriale: 100 % [&hellip;]","og_url":"https:\/\/babylove.se\/no\/produkt\/liewood-lai-haklapp-classic-dot-creme-de-la-creme\/","og_site_name":"Babylove Norska","article_modified_time":"2026-04-08T10:45:05+00:00","og_image":[{"width":800,"height":800,"url":"https:\/\/babylove.se\/no\/wp-content\/uploads\/sites\/3\/2025\/07\/61a77270ecf4f.jpeg","type":"image\/jpeg"}],"twitter_card":"summary_large_image","twitter_misc":{"Price":"139,00&nbsp;&#107;&#114;","Availability":"Out of stock"},"schema":{"@context":"https:\/\/schema.org","@graph":[{"@type":"WebPage","@id":"https:\/\/babylove.se\/no\/produkt\/liewood-lai-haklapp-classic-dot-creme-de-la-creme\/","url":"https:\/\/babylove.se\/no\/produkt\/liewood-lai-haklapp-classic-dot-creme-de-la-creme\/","name":"Liewood, Lai smekke, Classic dot creme de la creme - Babylove Norska","isPartOf":{"@id":"https:\/\/babylove.se\/no\/#website"},"primaryImageOfPage":{"@id":"https:\/\/babylove.se\/no\/produkt\/liewood-lai-haklapp-classic-dot-creme-de-la-creme\/#primaryimage"},"image":{"@id":"https:\/\/babylove.se\/no\/produkt\/liewood-lai-haklapp-classic-dot-creme-de-la-creme\/#primaryimage"},"thumbnailUrl":"https:\/\/babylove.se\/no\/wp-content\/uploads\/sites\/3\/2025\/07\/61a77270ecf4f.jpeg","datePublished":"2025-07-18T23:11:06+00:00","dateModified":"2026-04-08T10:45:05+00:00","breadcrumb":{"@id":"https:\/\/babylove.se\/no\/produkt\/liewood-lai-haklapp-classic-dot-creme-de-la-creme\/#breadcrumb"},"inLanguage":"nb-NO","potentialAction":[{"@type":"ReadAction","target":["https:\/\/babylove.se\/no\/produkt\/liewood-lai-haklapp-classic-dot-creme-de-la-creme\/"]}]},{"@type":"ImageObject","inLanguage":"nb-NO","@id":"https:\/\/babylove.se\/no\/produkt\/liewood-lai-haklapp-classic-dot-creme-de-la-creme\/#primaryimage","url":"https:\/\/babylove.se\/no\/wp-content\/uploads\/sites\/3\/2025\/07\/61a77270ecf4f.jpeg","contentUrl":"https:\/\/babylove.se\/no\/wp-content\/uploads\/sites\/3\/2025\/07\/61a77270ecf4f.jpeg","width":800,"height":800},{"@type":"BreadcrumbList","@id":"https:\/\/babylove.se\/no\/produkt\/liewood-lai-haklapp-classic-dot-creme-de-la-creme\/#breadcrumb","itemListElement":[{"@type":"ListItem","position":1,"name":"Hem","item":"https:\/\/babylove.se\/no\/"},{"@type":"ListItem","position":2,"name":"Butik","item":"https:\/\/babylove.se\/no\/butik\/"},{"@type":"ListItem","position":3,"name":"Liewood, Lai smekke, Classic dot creme de la creme"}]},{"@type":"WebSite","@id":"https:\/\/babylove.se\/no\/#website","url":"https:\/\/babylove.se\/no\/","name":"Babylove Norska","description":"","potentialAction":[{"@type":"SearchAction","target":{"@type":"EntryPoint","urlTemplate":"https:\/\/babylove.se\/no\/?s={search_term_string}"},"query-input":{"@type":"PropertyValueSpecification","valueRequired":true,"valueName":"search_term_string"}}],"inLanguage":"nb-NO"}]},"product_brand":"Liewood","product_price_amount":"139.00","product_price_currency":"SEK","og_availability":"out of stock","product_availability":"out of stock","product_retailer_item_id":"LW123580044","product_condition":"new"},"_links":{"self":[{"href":"https:\/\/babylove.se\/no\/wp-json\/wp\/v2\/product\/30356","targetHints":{"allow":["GET"]}}],"collection":[{"href":"https:\/\/babylove.se\/no\/wp-json\/wp\/v2\/product"}],"about":[{"href":"https:\/\/babylove.se\/no\/wp-json\/wp\/v2\/types\/product"}],"replies":[{"embeddable":true,"href":"https:\/\/babylove.se\/no\/wp-json\/wp\/v2\/comments?post=30356"}],"wp:featuredmedia":[{"embeddable":true,"href":"https:\/\/babylove.se\/no\/wp-json\/wp\/v2\/media\/30358"}],"wp:attachment":[{"href":"https:\/\/babylove.se\/no\/wp-json\/wp\/v2\/media?parent=30356"}],"wp:term":[{"taxonomy":"product_brand","embeddable":true,"href":"https:\/\/babylove.se\/no\/wp-json\/wp\/v2\/product_brand?post=30356"},{"taxonomy":"product_cat","embeddable":true,"href":"https:\/\/babylove.se\/no\/wp-json\/wp\/v2\/product_cat?post=30356"},{"taxonomy":"product_tag","embeddable":true,"href":"https:\/\/babylove.se\/no\/wp-json\/wp\/v2\/product_tag?post=30356"}],"curies":[{"name":"wp","href":"https:\/\/api.w.org\/{rel}","templated":true}]}}