{"id":3040,"date":"2025-07-18T20:12:52","date_gmt":"2025-07-18T19:12:52","guid":{"rendered":"https:\/\/babylove.se\/produkt\/vagghangare-i-metall-till-barnrummet-mint-hjort\/"},"modified":"2026-04-08T07:56:25","modified_gmt":"2026-04-08T06:56:25","slug":"vegghengerere-i-metall-til-barnerommet-mint-hjort","status":"publish","type":"product","link":"https:\/\/babylove.se\/no\/produkt\/vegghengerere-i-metall-til-barnerommet-mint-hjort\/","title":{"rendered":"Vegghenger i metall til barnerommet, mint hjort"},"content":{"rendered":"<p>En vakker enkelkrok i form av en hjort <span>som b\u00e5de du og ditt barn kommer til \u00e5 elske<\/span>.&nbsp;<\/p>\n<p>Kroken fungerer ogs\u00e5 som kleshenger og blir en fin detalj i ditt barneroms innredning. Du kan selvf\u00f8lgelig bruke den ogs\u00e5 p\u00e5 badet eller hvorfor ikke som en egen krok i gangen for ditt barn. Du kan enkelt bestemme h\u00f8yden selv, slik at den passer st\u00f8rrelsen p\u00e5 ditt barn og det selv henge opp eller ta ned ting fra kroken uten problemer.<\/p>\n<p>Produktet er helt laget i st\u00e5l og dekket med en fin farge.<\/p>\n<p><strong>St\u00f8rrelse:&nbsp;<\/strong>Bredde 8,5 cm , H\u00f8yde 14 cm<strong>&nbsp;<\/strong><\/p>\n","protected":false},"excerpt":{"rendered":"<p>En vakker enkelkrok i form av en hjort som b\u00e5de du og ditt barn kommer til \u00e5 elske.&nbsp; Kroken fungerer ogs\u00e5 som kleshenger og blir en fin detalj i ditt barneroms innredning. Du kan selvf\u00f8lgelig bruke den ogs\u00e5 p\u00e5 badet eller hvorfor ikke som en egen krok i gangen for ditt barn. Du kan enkelt [&hellip;]<\/p>\n","protected":false},"featured_media":3042,"comment_status":"closed","ping_status":"open","template":"","meta":{"_acf_changed":false},"product_brand":[22],"product_cat":[90,185,94],"product_tag":[],"class_list":{"0":"post-3040","1":"product","2":"type-product","3":"status-publish","4":"has-post-thumbnail","6":"product_brand-babylove","7":"product_cat-dyr","8":"product_cat-skog","9":"product_cat-vegghengeere","11":"first","12":"instock","13":"taxable","14":"shipping-taxable","15":"purchasable","16":"product-type-simple"},"acf":[],"yoast_head":"<!-- This site is optimized with the Yoast SEO Premium plugin v25.8 (Yoast SEO v27.2) - https:\/\/yoast.com\/product\/yoast-seo-premium-wordpress\/ -->\n<title>Vegghenger i metall til barnerommet, mint hjort - Babylove Norska<\/title>\n<meta name=\"description\" content=\"En fin v\u00e4ggh\u00e4ngare till barnummet i metal. Perfekt f\u00f6r att h\u00e4nga favoritplagget p\u00e5. Perfekt som en liten g\u00e5va - K\u00f6p den h\u00e4r - Skickas inom 24 timmar !\" \/>\n<meta name=\"robots\" content=\"noindex, follow, max-snippet:-1, max-image-preview:large, max-video-preview:-1\" \/>\n<meta property=\"og:locale\" content=\"nb_NO\" \/>\n<meta property=\"og:type\" content=\"article\" \/>\n<meta property=\"og:title\" content=\"Vegghenger i metall til barnerommet, mint hjort\" \/>\n<meta property=\"og:description\" content=\"En fin v\u00e4ggh\u00e4ngare till barnummet i metal. Perfekt f\u00f6r att h\u00e4nga favoritplagget p\u00e5. Perfekt som en liten g\u00e5va - K\u00f6p den h\u00e4r - Skickas inom 24 timmar !\" \/>\n<meta property=\"og:url\" content=\"https:\/\/babylove.se\/no\/produkt\/vegghengerere-i-metall-til-barnerommet-mint-hjort\/\" \/>\n<meta property=\"og:site_name\" content=\"Babylove Norska\" \/>\n<meta property=\"article:modified_time\" content=\"2026-04-08T06:56:25+00:00\" \/>\n<meta property=\"og:image\" content=\"https:\/\/babylove.se\/no\/wp-content\/uploads\/sites\/3\/2025\/07\/58ede6ffd9746.jpeg\" \/>\n\t<meta property=\"og:image:width\" content=\"562\" \/>\n\t<meta property=\"og:image:height\" content=\"750\" \/>\n\t<meta property=\"og:image:type\" content=\"image\/jpeg\" \/>\n<meta name=\"twitter:card\" content=\"summary_large_image\" \/>\n<meta name=\"twitter:label1\" content=\"Price\" \/>\n\t<meta name=\"twitter:data1\" content=\"99,00&nbsp;&#107;&#114;\" \/>\n\t<meta name=\"twitter:label2\" content=\"Availability\" \/>\n\t<meta name=\"twitter:data2\" content=\"In stock\" \/>\n<script type=\"application\/ld+json\" class=\"yoast-schema-graph\">{\"@context\":\"https:\/\/schema.org\",\"@graph\":[{\"@type\":\"WebPage\",\"@id\":\"https:\/\/babylove.se\/no\/produkt\/vegghengerere-i-metall-til-barnerommet-mint-hjort\/\",\"url\":\"https:\/\/babylove.se\/no\/produkt\/vegghengerere-i-metall-til-barnerommet-mint-hjort\/\",\"name\":\"Vegghenger i metall til barnerommet, mint hjort - Babylove Norska\",\"isPartOf\":{\"@id\":\"https:\/\/babylove.se\/no\/#website\"},\"primaryImageOfPage\":{\"@id\":\"https:\/\/babylove.se\/no\/produkt\/vegghengerere-i-metall-til-barnerommet-mint-hjort\/#primaryimage\"},\"image\":{\"@id\":\"https:\/\/babylove.se\/no\/produkt\/vegghengerere-i-metall-til-barnerommet-mint-hjort\/#primaryimage\"},\"thumbnailUrl\":\"https:\/\/babylove.se\/no\/wp-content\/uploads\/sites\/3\/2025\/07\/58ede6ffd9746.jpeg\",\"datePublished\":\"2025-07-18T19:12:52+00:00\",\"dateModified\":\"2026-04-08T06:56:25+00:00\",\"description\":\"En fin v\u00e4ggh\u00e4ngare till barnummet i metal. Perfekt f\u00f6r att h\u00e4nga favoritplagget p\u00e5. Perfekt som en liten g\u00e5va - K\u00f6p den h\u00e4r - Skickas inom 24 timmar !\",\"breadcrumb\":{\"@id\":\"https:\/\/babylove.se\/no\/produkt\/vegghengerere-i-metall-til-barnerommet-mint-hjort\/#breadcrumb\"},\"inLanguage\":\"nb-NO\",\"potentialAction\":[{\"@type\":\"ReadAction\",\"target\":[\"https:\/\/babylove.se\/no\/produkt\/vegghengerere-i-metall-til-barnerommet-mint-hjort\/\"]}]},{\"@type\":\"ImageObject\",\"inLanguage\":\"nb-NO\",\"@id\":\"https:\/\/babylove.se\/no\/produkt\/vegghengerere-i-metall-til-barnerommet-mint-hjort\/#primaryimage\",\"url\":\"https:\/\/babylove.se\/no\/wp-content\/uploads\/sites\/3\/2025\/07\/58ede6ffd9746.jpeg\",\"contentUrl\":\"https:\/\/babylove.se\/no\/wp-content\/uploads\/sites\/3\/2025\/07\/58ede6ffd9746.jpeg\",\"width\":562,\"height\":750},{\"@type\":\"BreadcrumbList\",\"@id\":\"https:\/\/babylove.se\/no\/produkt\/vegghengerere-i-metall-til-barnerommet-mint-hjort\/#breadcrumb\",\"itemListElement\":[{\"@type\":\"ListItem\",\"position\":1,\"name\":\"Hem\",\"item\":\"https:\/\/babylove.se\/no\/\"},{\"@type\":\"ListItem\",\"position\":2,\"name\":\"Butik\",\"item\":\"https:\/\/babylove.se\/no\/butik\/\"},{\"@type\":\"ListItem\",\"position\":3,\"name\":\"Vegghenger i metall til barnerommet, mint hjort\"}]},{\"@type\":\"WebSite\",\"@id\":\"https:\/\/babylove.se\/no\/#website\",\"url\":\"https:\/\/babylove.se\/no\/\",\"name\":\"Babylove Norska\",\"description\":\"\",\"potentialAction\":[{\"@type\":\"SearchAction\",\"target\":{\"@type\":\"EntryPoint\",\"urlTemplate\":\"https:\/\/babylove.se\/no\/?s={search_term_string}\"},\"query-input\":{\"@type\":\"PropertyValueSpecification\",\"valueRequired\":true,\"valueName\":\"search_term_string\"}}],\"inLanguage\":\"nb-NO\"}]}<\/script>\n<meta property=\"product:brand\" content=\"Babylove\" \/>\n<meta property=\"product:price:amount\" content=\"99.00\" \/>\n<meta property=\"product:price:currency\" content=\"SEK\" \/>\n<meta property=\"og:availability\" content=\"instock\" \/>\n<meta property=\"product:availability\" content=\"instock\" \/>\n<meta property=\"product:retailer_item_id\" content=\"MET00004998\" \/>\n<meta property=\"product:condition\" content=\"new\" \/>\n<!-- \/ Yoast SEO Premium plugin. -->","yoast_head_json":{"title":"Vegghenger i metall til barnerommet, mint hjort - Babylove Norska","description":"En fin v\u00e4ggh\u00e4ngare till barnummet i metal. Perfekt f\u00f6r att h\u00e4nga favoritplagget p\u00e5. Perfekt som en liten g\u00e5va - K\u00f6p den h\u00e4r - Skickas inom 24 timmar !","robots":{"index":"noindex","follow":"follow","max-snippet":"max-snippet:-1","max-image-preview":"max-image-preview:large","max-video-preview":"max-video-preview:-1"},"og_locale":"nb_NO","og_type":"article","og_title":"Vegghenger i metall til barnerommet, mint hjort","og_description":"En fin v\u00e4ggh\u00e4ngare till barnummet i metal. Perfekt f\u00f6r att h\u00e4nga favoritplagget p\u00e5. Perfekt som en liten g\u00e5va - K\u00f6p den h\u00e4r - Skickas inom 24 timmar !","og_url":"https:\/\/babylove.se\/no\/produkt\/vegghengerere-i-metall-til-barnerommet-mint-hjort\/","og_site_name":"Babylove Norska","article_modified_time":"2026-04-08T06:56:25+00:00","og_image":[{"width":562,"height":750,"url":"https:\/\/babylove.se\/no\/wp-content\/uploads\/sites\/3\/2025\/07\/58ede6ffd9746.jpeg","type":"image\/jpeg"}],"twitter_card":"summary_large_image","twitter_misc":{"Price":"99,00&nbsp;&#107;&#114;","Availability":"In stock"},"schema":{"@context":"https:\/\/schema.org","@graph":[{"@type":"WebPage","@id":"https:\/\/babylove.se\/no\/produkt\/vegghengerere-i-metall-til-barnerommet-mint-hjort\/","url":"https:\/\/babylove.se\/no\/produkt\/vegghengerere-i-metall-til-barnerommet-mint-hjort\/","name":"Vegghenger i metall til barnerommet, mint hjort - Babylove Norska","isPartOf":{"@id":"https:\/\/babylove.se\/no\/#website"},"primaryImageOfPage":{"@id":"https:\/\/babylove.se\/no\/produkt\/vegghengerere-i-metall-til-barnerommet-mint-hjort\/#primaryimage"},"image":{"@id":"https:\/\/babylove.se\/no\/produkt\/vegghengerere-i-metall-til-barnerommet-mint-hjort\/#primaryimage"},"thumbnailUrl":"https:\/\/babylove.se\/no\/wp-content\/uploads\/sites\/3\/2025\/07\/58ede6ffd9746.jpeg","datePublished":"2025-07-18T19:12:52+00:00","dateModified":"2026-04-08T06:56:25+00:00","description":"En fin v\u00e4ggh\u00e4ngare till barnummet i metal. Perfekt f\u00f6r att h\u00e4nga favoritplagget p\u00e5. Perfekt som en liten g\u00e5va - K\u00f6p den h\u00e4r - Skickas inom 24 timmar !","breadcrumb":{"@id":"https:\/\/babylove.se\/no\/produkt\/vegghengerere-i-metall-til-barnerommet-mint-hjort\/#breadcrumb"},"inLanguage":"nb-NO","potentialAction":[{"@type":"ReadAction","target":["https:\/\/babylove.se\/no\/produkt\/vegghengerere-i-metall-til-barnerommet-mint-hjort\/"]}]},{"@type":"ImageObject","inLanguage":"nb-NO","@id":"https:\/\/babylove.se\/no\/produkt\/vegghengerere-i-metall-til-barnerommet-mint-hjort\/#primaryimage","url":"https:\/\/babylove.se\/no\/wp-content\/uploads\/sites\/3\/2025\/07\/58ede6ffd9746.jpeg","contentUrl":"https:\/\/babylove.se\/no\/wp-content\/uploads\/sites\/3\/2025\/07\/58ede6ffd9746.jpeg","width":562,"height":750},{"@type":"BreadcrumbList","@id":"https:\/\/babylove.se\/no\/produkt\/vegghengerere-i-metall-til-barnerommet-mint-hjort\/#breadcrumb","itemListElement":[{"@type":"ListItem","position":1,"name":"Hem","item":"https:\/\/babylove.se\/no\/"},{"@type":"ListItem","position":2,"name":"Butik","item":"https:\/\/babylove.se\/no\/butik\/"},{"@type":"ListItem","position":3,"name":"Vegghenger i metall til barnerommet, mint hjort"}]},{"@type":"WebSite","@id":"https:\/\/babylove.se\/no\/#website","url":"https:\/\/babylove.se\/no\/","name":"Babylove Norska","description":"","potentialAction":[{"@type":"SearchAction","target":{"@type":"EntryPoint","urlTemplate":"https:\/\/babylove.se\/no\/?s={search_term_string}"},"query-input":{"@type":"PropertyValueSpecification","valueRequired":true,"valueName":"search_term_string"}}],"inLanguage":"nb-NO"}]},"product_brand":"Babylove","product_price_amount":"99.00","product_price_currency":"SEK","og_availability":"instock","product_availability":"instock","product_retailer_item_id":"MET00004998","product_condition":"new"},"_links":{"self":[{"href":"https:\/\/babylove.se\/no\/wp-json\/wp\/v2\/product\/3040","targetHints":{"allow":["GET"]}}],"collection":[{"href":"https:\/\/babylove.se\/no\/wp-json\/wp\/v2\/product"}],"about":[{"href":"https:\/\/babylove.se\/no\/wp-json\/wp\/v2\/types\/product"}],"replies":[{"embeddable":true,"href":"https:\/\/babylove.se\/no\/wp-json\/wp\/v2\/comments?post=3040"}],"wp:featuredmedia":[{"embeddable":true,"href":"https:\/\/babylove.se\/no\/wp-json\/wp\/v2\/media\/3042"}],"wp:attachment":[{"href":"https:\/\/babylove.se\/no\/wp-json\/wp\/v2\/media?parent=3040"}],"wp:term":[{"taxonomy":"product_brand","embeddable":true,"href":"https:\/\/babylove.se\/no\/wp-json\/wp\/v2\/product_brand?post=3040"},{"taxonomy":"product_cat","embeddable":true,"href":"https:\/\/babylove.se\/no\/wp-json\/wp\/v2\/product_cat?post=3040"},{"taxonomy":"product_tag","embeddable":true,"href":"https:\/\/babylove.se\/no\/wp-json\/wp\/v2\/product_tag?post=3040"}],"curies":[{"name":"wp","href":"https:\/\/api.w.org\/{rel}","templated":true}]}}