{"id":30409,"date":"2025-07-19T00:11:31","date_gmt":"2025-07-18T23:11:31","guid":{"rendered":"https:\/\/babylove.se\/produkt\/liewood-snuttefilt-hannah-rabbit-blue-fog-2-pack\/"},"modified":"2026-04-08T11:45:37","modified_gmt":"2026-04-08T10:45:37","slug":"liewood-snuteteppe-hannah-rabbit-blue-fog-2-pack","status":"publish","type":"product","link":"https:\/\/babylove.se\/no\/produkt\/liewood-snuteteppe-hannah-rabbit-blue-fog-2-pack\/","title":{"rendered":"Liewood koseklut Hannah Rabbit Blue fog- 2 pack"},"content":{"rendered":"<p>Et mykt og s\u00f8tt lite teppe fra det danske selskapet Liewood som du vil kunne bruke til de fleste situasjoner. Bruk det som koseklut, eller hvorfor ikke p\u00e5 skulderen din n\u00e5r du skal f\u00e5 babyen til \u00e5 rape etter maten. Kommer i en 2-pakke i valgt farge, s\u00e5 du har alltid en tilgjengelig. Et meget popul\u00e6rt og verdsatt koseklut. <\/p>\n<p><strong>M\u00e5l:<\/strong> 70 x 70 cm (2 stk.) <\/p>\n<p><strong>Materiale<\/strong>: 100 % organisk bomull <\/p>\n<p>Designer: <a href=\"https:\/\/babylove.se\/varumarken\/liewood\"><u>Liewood<\/u><\/a><\/p>\n","protected":false},"excerpt":{"rendered":"<p>Et mykt og s\u00f8tt lite teppe fra det danske selskapet Liewood som du vil kunne bruke til de fleste situasjoner. Bruk det som koseklut, eller hvorfor ikke p\u00e5 skulderen din n\u00e5r du skal f\u00e5 babyen til \u00e5 rape etter maten. Kommer i en 2-pakke i valgt farge, s\u00e5 du har alltid en tilgjengelig. Et meget [&hellip;]<\/p>\n","protected":false},"featured_media":30411,"comment_status":"closed","ping_status":"closed","template":"","meta":{"_acf_changed":false},"product_brand":[282],"product_cat":[283,49],"product_tag":[],"class_list":{"0":"post-30409","1":"product","2":"type-product","3":"status-publish","4":"has-post-thumbnail","6":"product_brand-liewood","7":"product_cat-liewood","8":"product_cat-snutetepper","10":"first","11":"outofstock","12":"taxable","13":"shipping-taxable","14":"purchasable","15":"product-type-simple"},"acf":[],"yoast_head":"<!-- This site is optimized with the Yoast SEO Premium plugin v25.8 (Yoast SEO v27.2) - https:\/\/yoast.com\/product\/yoast-seo-premium-wordpress\/ -->\n<title>Liewood koseklut Hannah Rabbit Blue fog- 2 pack - Babylove Norska<\/title>\n<meta name=\"robots\" content=\"noindex, follow, max-snippet:-1, max-image-preview:large, max-video-preview:-1\" \/>\n<meta property=\"og:locale\" content=\"nb_NO\" \/>\n<meta property=\"og:type\" content=\"article\" \/>\n<meta property=\"og:title\" content=\"Liewood koseklut Hannah Rabbit Blue fog- 2 pack\" \/>\n<meta property=\"og:description\" content=\"Et mykt og s\u00f8tt lite teppe fra det danske selskapet Liewood som du vil kunne bruke til de fleste situasjoner. Bruk det som koseklut, eller hvorfor ikke p\u00e5 skulderen din n\u00e5r du skal f\u00e5 babyen til \u00e5 rape etter maten. Kommer i en 2-pakke i valgt farge, s\u00e5 du har alltid en tilgjengelig. Et meget [&hellip;]\" \/>\n<meta property=\"og:url\" content=\"https:\/\/babylove.se\/no\/produkt\/liewood-snuteteppe-hannah-rabbit-blue-fog-2-pack\/\" \/>\n<meta property=\"og:site_name\" content=\"Babylove Norska\" \/>\n<meta property=\"article:modified_time\" content=\"2026-04-08T10:45:37+00:00\" \/>\n<meta property=\"og:image\" content=\"https:\/\/babylove.se\/no\/wp-content\/uploads\/sites\/3\/2025\/07\/61a8cd0368ce6.jpeg\" \/>\n\t<meta property=\"og:image:width\" content=\"1024\" \/>\n\t<meta property=\"og:image:height\" content=\"1024\" \/>\n\t<meta property=\"og:image:type\" content=\"image\/jpeg\" \/>\n<meta name=\"twitter:card\" content=\"summary_large_image\" \/>\n<meta name=\"twitter:label1\" content=\"Price\" \/>\n\t<meta name=\"twitter:data1\" content=\"169,00&nbsp;&#107;&#114;\" \/>\n\t<meta name=\"twitter:label2\" content=\"Availability\" \/>\n\t<meta name=\"twitter:data2\" content=\"Out of stock\" \/>\n<script type=\"application\/ld+json\" class=\"yoast-schema-graph\">{\"@context\":\"https:\/\/schema.org\",\"@graph\":[{\"@type\":\"WebPage\",\"@id\":\"https:\/\/babylove.se\/no\/produkt\/liewood-snuteteppe-hannah-rabbit-blue-fog-2-pack\/\",\"url\":\"https:\/\/babylove.se\/no\/produkt\/liewood-snuteteppe-hannah-rabbit-blue-fog-2-pack\/\",\"name\":\"Liewood koseklut Hannah Rabbit Blue fog- 2 pack - Babylove Norska\",\"isPartOf\":{\"@id\":\"https:\/\/babylove.se\/no\/#website\"},\"primaryImageOfPage\":{\"@id\":\"https:\/\/babylove.se\/no\/produkt\/liewood-snuteteppe-hannah-rabbit-blue-fog-2-pack\/#primaryimage\"},\"image\":{\"@id\":\"https:\/\/babylove.se\/no\/produkt\/liewood-snuteteppe-hannah-rabbit-blue-fog-2-pack\/#primaryimage\"},\"thumbnailUrl\":\"https:\/\/babylove.se\/no\/wp-content\/uploads\/sites\/3\/2025\/07\/61a8cd0368ce6.jpeg\",\"datePublished\":\"2025-07-18T23:11:31+00:00\",\"dateModified\":\"2026-04-08T10:45:37+00:00\",\"breadcrumb\":{\"@id\":\"https:\/\/babylove.se\/no\/produkt\/liewood-snuteteppe-hannah-rabbit-blue-fog-2-pack\/#breadcrumb\"},\"inLanguage\":\"nb-NO\",\"potentialAction\":[{\"@type\":\"ReadAction\",\"target\":[\"https:\/\/babylove.se\/no\/produkt\/liewood-snuteteppe-hannah-rabbit-blue-fog-2-pack\/\"]}]},{\"@type\":\"ImageObject\",\"inLanguage\":\"nb-NO\",\"@id\":\"https:\/\/babylove.se\/no\/produkt\/liewood-snuteteppe-hannah-rabbit-blue-fog-2-pack\/#primaryimage\",\"url\":\"https:\/\/babylove.se\/no\/wp-content\/uploads\/sites\/3\/2025\/07\/61a8cd0368ce6.jpeg\",\"contentUrl\":\"https:\/\/babylove.se\/no\/wp-content\/uploads\/sites\/3\/2025\/07\/61a8cd0368ce6.jpeg\",\"width\":1024,\"height\":1024},{\"@type\":\"BreadcrumbList\",\"@id\":\"https:\/\/babylove.se\/no\/produkt\/liewood-snuteteppe-hannah-rabbit-blue-fog-2-pack\/#breadcrumb\",\"itemListElement\":[{\"@type\":\"ListItem\",\"position\":1,\"name\":\"Hem\",\"item\":\"https:\/\/babylove.se\/no\/\"},{\"@type\":\"ListItem\",\"position\":2,\"name\":\"Butik\",\"item\":\"https:\/\/babylove.se\/no\/butik\/\"},{\"@type\":\"ListItem\",\"position\":3,\"name\":\"Liewood koseklut Hannah Rabbit Blue fog- 2 pack\"}]},{\"@type\":\"WebSite\",\"@id\":\"https:\/\/babylove.se\/no\/#website\",\"url\":\"https:\/\/babylove.se\/no\/\",\"name\":\"Babylove Norska\",\"description\":\"\",\"potentialAction\":[{\"@type\":\"SearchAction\",\"target\":{\"@type\":\"EntryPoint\",\"urlTemplate\":\"https:\/\/babylove.se\/no\/?s={search_term_string}\"},\"query-input\":{\"@type\":\"PropertyValueSpecification\",\"valueRequired\":true,\"valueName\":\"search_term_string\"}}],\"inLanguage\":\"nb-NO\"}]}<\/script>\n<meta property=\"product:brand\" content=\"Liewood\" \/>\n<meta property=\"product:price:amount\" content=\"169.00\" \/>\n<meta property=\"product:price:currency\" content=\"SEK\" \/>\n<meta property=\"og:availability\" content=\"out of stock\" \/>\n<meta property=\"product:availability\" content=\"out of stock\" \/>\n<meta property=\"product:retailer_item_id\" content=\"LW123769562\" \/>\n<meta property=\"product:condition\" content=\"new\" \/>\n<!-- \/ Yoast SEO Premium plugin. -->","yoast_head_json":{"title":"Liewood koseklut Hannah Rabbit Blue fog- 2 pack - Babylove Norska","robots":{"index":"noindex","follow":"follow","max-snippet":"max-snippet:-1","max-image-preview":"max-image-preview:large","max-video-preview":"max-video-preview:-1"},"og_locale":"nb_NO","og_type":"article","og_title":"Liewood koseklut Hannah Rabbit Blue fog- 2 pack","og_description":"Et mykt og s\u00f8tt lite teppe fra det danske selskapet Liewood som du vil kunne bruke til de fleste situasjoner. Bruk det som koseklut, eller hvorfor ikke p\u00e5 skulderen din n\u00e5r du skal f\u00e5 babyen til \u00e5 rape etter maten. Kommer i en 2-pakke i valgt farge, s\u00e5 du har alltid en tilgjengelig. Et meget [&hellip;]","og_url":"https:\/\/babylove.se\/no\/produkt\/liewood-snuteteppe-hannah-rabbit-blue-fog-2-pack\/","og_site_name":"Babylove Norska","article_modified_time":"2026-04-08T10:45:37+00:00","og_image":[{"width":1024,"height":1024,"url":"https:\/\/babylove.se\/no\/wp-content\/uploads\/sites\/3\/2025\/07\/61a8cd0368ce6.jpeg","type":"image\/jpeg"}],"twitter_card":"summary_large_image","twitter_misc":{"Price":"169,00&nbsp;&#107;&#114;","Availability":"Out of stock"},"schema":{"@context":"https:\/\/schema.org","@graph":[{"@type":"WebPage","@id":"https:\/\/babylove.se\/no\/produkt\/liewood-snuteteppe-hannah-rabbit-blue-fog-2-pack\/","url":"https:\/\/babylove.se\/no\/produkt\/liewood-snuteteppe-hannah-rabbit-blue-fog-2-pack\/","name":"Liewood koseklut Hannah Rabbit Blue fog- 2 pack - Babylove Norska","isPartOf":{"@id":"https:\/\/babylove.se\/no\/#website"},"primaryImageOfPage":{"@id":"https:\/\/babylove.se\/no\/produkt\/liewood-snuteteppe-hannah-rabbit-blue-fog-2-pack\/#primaryimage"},"image":{"@id":"https:\/\/babylove.se\/no\/produkt\/liewood-snuteteppe-hannah-rabbit-blue-fog-2-pack\/#primaryimage"},"thumbnailUrl":"https:\/\/babylove.se\/no\/wp-content\/uploads\/sites\/3\/2025\/07\/61a8cd0368ce6.jpeg","datePublished":"2025-07-18T23:11:31+00:00","dateModified":"2026-04-08T10:45:37+00:00","breadcrumb":{"@id":"https:\/\/babylove.se\/no\/produkt\/liewood-snuteteppe-hannah-rabbit-blue-fog-2-pack\/#breadcrumb"},"inLanguage":"nb-NO","potentialAction":[{"@type":"ReadAction","target":["https:\/\/babylove.se\/no\/produkt\/liewood-snuteteppe-hannah-rabbit-blue-fog-2-pack\/"]}]},{"@type":"ImageObject","inLanguage":"nb-NO","@id":"https:\/\/babylove.se\/no\/produkt\/liewood-snuteteppe-hannah-rabbit-blue-fog-2-pack\/#primaryimage","url":"https:\/\/babylove.se\/no\/wp-content\/uploads\/sites\/3\/2025\/07\/61a8cd0368ce6.jpeg","contentUrl":"https:\/\/babylove.se\/no\/wp-content\/uploads\/sites\/3\/2025\/07\/61a8cd0368ce6.jpeg","width":1024,"height":1024},{"@type":"BreadcrumbList","@id":"https:\/\/babylove.se\/no\/produkt\/liewood-snuteteppe-hannah-rabbit-blue-fog-2-pack\/#breadcrumb","itemListElement":[{"@type":"ListItem","position":1,"name":"Hem","item":"https:\/\/babylove.se\/no\/"},{"@type":"ListItem","position":2,"name":"Butik","item":"https:\/\/babylove.se\/no\/butik\/"},{"@type":"ListItem","position":3,"name":"Liewood koseklut Hannah Rabbit Blue fog- 2 pack"}]},{"@type":"WebSite","@id":"https:\/\/babylove.se\/no\/#website","url":"https:\/\/babylove.se\/no\/","name":"Babylove Norska","description":"","potentialAction":[{"@type":"SearchAction","target":{"@type":"EntryPoint","urlTemplate":"https:\/\/babylove.se\/no\/?s={search_term_string}"},"query-input":{"@type":"PropertyValueSpecification","valueRequired":true,"valueName":"search_term_string"}}],"inLanguage":"nb-NO"}]},"product_brand":"Liewood","product_price_amount":"169.00","product_price_currency":"SEK","og_availability":"out of stock","product_availability":"out of stock","product_retailer_item_id":"LW123769562","product_condition":"new"},"_links":{"self":[{"href":"https:\/\/babylove.se\/no\/wp-json\/wp\/v2\/product\/30409","targetHints":{"allow":["GET"]}}],"collection":[{"href":"https:\/\/babylove.se\/no\/wp-json\/wp\/v2\/product"}],"about":[{"href":"https:\/\/babylove.se\/no\/wp-json\/wp\/v2\/types\/product"}],"replies":[{"embeddable":true,"href":"https:\/\/babylove.se\/no\/wp-json\/wp\/v2\/comments?post=30409"}],"wp:featuredmedia":[{"embeddable":true,"href":"https:\/\/babylove.se\/no\/wp-json\/wp\/v2\/media\/30411"}],"wp:attachment":[{"href":"https:\/\/babylove.se\/no\/wp-json\/wp\/v2\/media?parent=30409"}],"wp:term":[{"taxonomy":"product_brand","embeddable":true,"href":"https:\/\/babylove.se\/no\/wp-json\/wp\/v2\/product_brand?post=30409"},{"taxonomy":"product_cat","embeddable":true,"href":"https:\/\/babylove.se\/no\/wp-json\/wp\/v2\/product_cat?post=30409"},{"taxonomy":"product_tag","embeddable":true,"href":"https:\/\/babylove.se\/no\/wp-json\/wp\/v2\/product_tag?post=30409"}],"curies":[{"name":"wp","href":"https:\/\/api.w.org\/{rel}","templated":true}]}}