{"id":30494,"date":"2025-07-19T00:12:17","date_gmt":"2025-07-18T23:12:17","guid":{"rendered":"https:\/\/babylove.se\/produkt\/liewood-4-pack-silikon-snack-skal-iggy-whale-blue-multi-mix\/"},"modified":"2026-04-08T11:46:17","modified_gmt":"2026-04-08T10:46:17","slug":"liewood-4-pack-silikon-snack-skal-iggy-whale-blue-multi-mix","status":"publish","type":"product","link":"https:\/\/babylove.se\/no\/produkt\/liewood-4-pack-silikon-snack-skal-iggy-whale-blue-multi-mix\/","title":{"rendered":"Liewood, 4-pack silikon snack sk\u00e5l, Iggy Whale Blue multi mix"},"content":{"rendered":"<p>En praktisk og fin milj\u00f8vennlig matsk\u00e5l fra Liewood, med sine popul\u00e6re barneprodukter vil vel alle ha? Da er et 4-pack enda bedre, s\u00e5 du har flere barnesk\u00e5ler hjemme hele uken. Silikon er fri fra BPA og er et smart og praktisk materialvalg. Disse smarte sk\u00e5lene for barn vil lette matm\u00e5ltidet. Barnet ditt vil s\u00f8le mindre og ha det moro n\u00e5r det spiser, optimalt for et barns m\u00e5ltid. Selvf\u00f8lgelig er Liewoods patenterte vakre dyremotiver inspirasjon til disse fine sk\u00e5lene. \\n \\n<strong>M\u00e5l:<\/strong> \u00d811,5  H\u00f8yde 4,5 cm \\n<strong>Materiale<\/strong>: 100% silikon \\n \\nVaskeanvisning: Oppvaskmaskin opp til 65 grader ? Kan brukes i ovn ? Kan brukes i mikrob\u00f8lgeovn ? Frysebestandig ned til -20 grader \\n \\nDesigner: <a href=\"https:\/\/babylove.se\/varumarken\/liewood\"><u>Liewood<\/u><\/a><\/p>\n","protected":false},"excerpt":{"rendered":"<p>En praktisk og fin milj\u00f8vennlig matsk\u00e5l fra Liewood, med sine popul\u00e6re barneprodukter vil vel alle ha? Da er et 4-pack enda bedre, s\u00e5 du har flere barnesk\u00e5ler hjemme hele uken. Silikon er fri fra BPA og er et smart og praktisk materialvalg. Disse smarte sk\u00e5lene for barn vil lette matm\u00e5ltidet. Barnet ditt vil s\u00f8le mindre [&hellip;]<\/p>\n","protected":false},"featured_media":30496,"comment_status":"closed","ping_status":"closed","template":"","meta":{"_acf_changed":false},"product_brand":[282],"product_cat":[92,70,283],"product_tag":[],"class_list":{"0":"post-30494","1":"product","2":"type-product","3":"status-publish","4":"has-post-thumbnail","6":"product_brand-liewood","7":"product_cat-barnbestikk-matsett","8":"product_cat-gaver","9":"product_cat-liewood","11":"first","12":"outofstock","13":"taxable","14":"shipping-taxable","15":"purchasable","16":"product-type-simple"},"acf":[],"yoast_head":"<!-- This site is optimized with the Yoast SEO Premium plugin v25.8 (Yoast SEO v27.2) - https:\/\/yoast.com\/product\/yoast-seo-premium-wordpress\/ -->\n<title>Liewood, 4 - pack sk\u00e5lar f\u00f6r barn - K\u00f6p den h\u00e4r<\/title>\n<meta name=\"description\" content=\"Detta smarta set av 4 - sk\u00e5lar med vackra djurmotiv f\u00f6r barn kommer underl\u00e4tta matstunden. Skickas inom 24 timmar ! Fakturabetalning\" \/>\n<meta name=\"robots\" content=\"noindex, follow, max-snippet:-1, max-image-preview:large, max-video-preview:-1\" \/>\n<meta property=\"og:locale\" content=\"nb_NO\" \/>\n<meta property=\"og:type\" content=\"article\" \/>\n<meta property=\"og:title\" content=\"Liewood, 4-pack silikon snack sk\u00e5l, Iggy Whale Blue multi mix\" \/>\n<meta property=\"og:description\" content=\"Detta smarta set av 4 - sk\u00e5lar med vackra djurmotiv f\u00f6r barn kommer underl\u00e4tta matstunden. Skickas inom 24 timmar ! Fakturabetalning\" \/>\n<meta property=\"og:url\" content=\"https:\/\/babylove.se\/no\/produkt\/liewood-4-pack-silikon-snack-skal-iggy-whale-blue-multi-mix\/\" \/>\n<meta property=\"og:site_name\" content=\"Babylove Norska\" \/>\n<meta property=\"article:modified_time\" content=\"2026-04-08T10:46:17+00:00\" \/>\n<meta property=\"og:image\" content=\"https:\/\/babylove.se\/no\/wp-content\/uploads\/sites\/3\/2025\/07\/61af6f3d8a0a9.jpeg\" \/>\n\t<meta property=\"og:image:width\" content=\"768\" \/>\n\t<meta property=\"og:image:height\" content=\"768\" \/>\n\t<meta property=\"og:image:type\" content=\"image\/jpeg\" \/>\n<meta name=\"twitter:card\" content=\"summary_large_image\" \/>\n<meta name=\"twitter:label1\" content=\"Price\" \/>\n\t<meta name=\"twitter:data1\" content=\"349,00&nbsp;&#107;&#114;\" \/>\n\t<meta name=\"twitter:label2\" content=\"Availability\" \/>\n\t<meta name=\"twitter:data2\" content=\"Out of stock\" \/>\n<script type=\"application\/ld+json\" class=\"yoast-schema-graph\">{\"@context\":\"https:\/\/schema.org\",\"@graph\":[{\"@type\":\"WebPage\",\"@id\":\"https:\/\/babylove.se\/no\/produkt\/liewood-4-pack-silikon-snack-skal-iggy-whale-blue-multi-mix\/\",\"url\":\"https:\/\/babylove.se\/no\/produkt\/liewood-4-pack-silikon-snack-skal-iggy-whale-blue-multi-mix\/\",\"name\":\"Liewood, 4 - pack sk\u00e5lar f\u00f6r barn - K\u00f6p den h\u00e4r\",\"isPartOf\":{\"@id\":\"https:\/\/babylove.se\/no\/#website\"},\"primaryImageOfPage\":{\"@id\":\"https:\/\/babylove.se\/no\/produkt\/liewood-4-pack-silikon-snack-skal-iggy-whale-blue-multi-mix\/#primaryimage\"},\"image\":{\"@id\":\"https:\/\/babylove.se\/no\/produkt\/liewood-4-pack-silikon-snack-skal-iggy-whale-blue-multi-mix\/#primaryimage\"},\"thumbnailUrl\":\"https:\/\/babylove.se\/no\/wp-content\/uploads\/sites\/3\/2025\/07\/61af6f3d8a0a9.jpeg\",\"datePublished\":\"2025-07-18T23:12:17+00:00\",\"dateModified\":\"2026-04-08T10:46:17+00:00\",\"description\":\"Detta smarta set av 4 - sk\u00e5lar med vackra djurmotiv f\u00f6r barn kommer underl\u00e4tta matstunden. Skickas inom 24 timmar ! Fakturabetalning\",\"breadcrumb\":{\"@id\":\"https:\/\/babylove.se\/no\/produkt\/liewood-4-pack-silikon-snack-skal-iggy-whale-blue-multi-mix\/#breadcrumb\"},\"inLanguage\":\"nb-NO\",\"potentialAction\":[{\"@type\":\"ReadAction\",\"target\":[\"https:\/\/babylove.se\/no\/produkt\/liewood-4-pack-silikon-snack-skal-iggy-whale-blue-multi-mix\/\"]}]},{\"@type\":\"ImageObject\",\"inLanguage\":\"nb-NO\",\"@id\":\"https:\/\/babylove.se\/no\/produkt\/liewood-4-pack-silikon-snack-skal-iggy-whale-blue-multi-mix\/#primaryimage\",\"url\":\"https:\/\/babylove.se\/no\/wp-content\/uploads\/sites\/3\/2025\/07\/61af6f3d8a0a9.jpeg\",\"contentUrl\":\"https:\/\/babylove.se\/no\/wp-content\/uploads\/sites\/3\/2025\/07\/61af6f3d8a0a9.jpeg\",\"width\":768,\"height\":768},{\"@type\":\"BreadcrumbList\",\"@id\":\"https:\/\/babylove.se\/no\/produkt\/liewood-4-pack-silikon-snack-skal-iggy-whale-blue-multi-mix\/#breadcrumb\",\"itemListElement\":[{\"@type\":\"ListItem\",\"position\":1,\"name\":\"Hem\",\"item\":\"https:\/\/babylove.se\/no\/\"},{\"@type\":\"ListItem\",\"position\":2,\"name\":\"Butik\",\"item\":\"https:\/\/babylove.se\/no\/butik\/\"},{\"@type\":\"ListItem\",\"position\":3,\"name\":\"Liewood, 4-pack silikon snack sk\u00e5l, Iggy Whale Blue multi mix\"}]},{\"@type\":\"WebSite\",\"@id\":\"https:\/\/babylove.se\/no\/#website\",\"url\":\"https:\/\/babylove.se\/no\/\",\"name\":\"Babylove Norska\",\"description\":\"\",\"potentialAction\":[{\"@type\":\"SearchAction\",\"target\":{\"@type\":\"EntryPoint\",\"urlTemplate\":\"https:\/\/babylove.se\/no\/?s={search_term_string}\"},\"query-input\":{\"@type\":\"PropertyValueSpecification\",\"valueRequired\":true,\"valueName\":\"search_term_string\"}}],\"inLanguage\":\"nb-NO\"}]}<\/script>\n<meta property=\"product:brand\" content=\"Liewood\" \/>\n<meta property=\"product:price:amount\" content=\"349.00\" \/>\n<meta property=\"product:price:currency\" content=\"SEK\" \/>\n<meta property=\"og:availability\" content=\"out of stock\" \/>\n<meta property=\"product:availability\" content=\"out of stock\" \/>\n<meta property=\"product:retailer_item_id\" content=\"LW147717131\" \/>\n<meta property=\"product:condition\" content=\"new\" \/>\n<!-- \/ Yoast SEO Premium plugin. -->","yoast_head_json":{"title":"Liewood, 4 - pack sk\u00e5lar f\u00f6r barn - K\u00f6p den h\u00e4r","description":"Detta smarta set av 4 - sk\u00e5lar med vackra djurmotiv f\u00f6r barn kommer underl\u00e4tta matstunden. Skickas inom 24 timmar ! Fakturabetalning","robots":{"index":"noindex","follow":"follow","max-snippet":"max-snippet:-1","max-image-preview":"max-image-preview:large","max-video-preview":"max-video-preview:-1"},"og_locale":"nb_NO","og_type":"article","og_title":"Liewood, 4-pack silikon snack sk\u00e5l, Iggy Whale Blue multi mix","og_description":"Detta smarta set av 4 - sk\u00e5lar med vackra djurmotiv f\u00f6r barn kommer underl\u00e4tta matstunden. Skickas inom 24 timmar ! Fakturabetalning","og_url":"https:\/\/babylove.se\/no\/produkt\/liewood-4-pack-silikon-snack-skal-iggy-whale-blue-multi-mix\/","og_site_name":"Babylove Norska","article_modified_time":"2026-04-08T10:46:17+00:00","og_image":[{"width":768,"height":768,"url":"https:\/\/babylove.se\/no\/wp-content\/uploads\/sites\/3\/2025\/07\/61af6f3d8a0a9.jpeg","type":"image\/jpeg"}],"twitter_card":"summary_large_image","twitter_misc":{"Price":"349,00&nbsp;&#107;&#114;","Availability":"Out of stock"},"schema":{"@context":"https:\/\/schema.org","@graph":[{"@type":"WebPage","@id":"https:\/\/babylove.se\/no\/produkt\/liewood-4-pack-silikon-snack-skal-iggy-whale-blue-multi-mix\/","url":"https:\/\/babylove.se\/no\/produkt\/liewood-4-pack-silikon-snack-skal-iggy-whale-blue-multi-mix\/","name":"Liewood, 4 - pack sk\u00e5lar f\u00f6r barn - K\u00f6p den h\u00e4r","isPartOf":{"@id":"https:\/\/babylove.se\/no\/#website"},"primaryImageOfPage":{"@id":"https:\/\/babylove.se\/no\/produkt\/liewood-4-pack-silikon-snack-skal-iggy-whale-blue-multi-mix\/#primaryimage"},"image":{"@id":"https:\/\/babylove.se\/no\/produkt\/liewood-4-pack-silikon-snack-skal-iggy-whale-blue-multi-mix\/#primaryimage"},"thumbnailUrl":"https:\/\/babylove.se\/no\/wp-content\/uploads\/sites\/3\/2025\/07\/61af6f3d8a0a9.jpeg","datePublished":"2025-07-18T23:12:17+00:00","dateModified":"2026-04-08T10:46:17+00:00","description":"Detta smarta set av 4 - sk\u00e5lar med vackra djurmotiv f\u00f6r barn kommer underl\u00e4tta matstunden. Skickas inom 24 timmar ! Fakturabetalning","breadcrumb":{"@id":"https:\/\/babylove.se\/no\/produkt\/liewood-4-pack-silikon-snack-skal-iggy-whale-blue-multi-mix\/#breadcrumb"},"inLanguage":"nb-NO","potentialAction":[{"@type":"ReadAction","target":["https:\/\/babylove.se\/no\/produkt\/liewood-4-pack-silikon-snack-skal-iggy-whale-blue-multi-mix\/"]}]},{"@type":"ImageObject","inLanguage":"nb-NO","@id":"https:\/\/babylove.se\/no\/produkt\/liewood-4-pack-silikon-snack-skal-iggy-whale-blue-multi-mix\/#primaryimage","url":"https:\/\/babylove.se\/no\/wp-content\/uploads\/sites\/3\/2025\/07\/61af6f3d8a0a9.jpeg","contentUrl":"https:\/\/babylove.se\/no\/wp-content\/uploads\/sites\/3\/2025\/07\/61af6f3d8a0a9.jpeg","width":768,"height":768},{"@type":"BreadcrumbList","@id":"https:\/\/babylove.se\/no\/produkt\/liewood-4-pack-silikon-snack-skal-iggy-whale-blue-multi-mix\/#breadcrumb","itemListElement":[{"@type":"ListItem","position":1,"name":"Hem","item":"https:\/\/babylove.se\/no\/"},{"@type":"ListItem","position":2,"name":"Butik","item":"https:\/\/babylove.se\/no\/butik\/"},{"@type":"ListItem","position":3,"name":"Liewood, 4-pack silikon snack sk\u00e5l, Iggy Whale Blue multi mix"}]},{"@type":"WebSite","@id":"https:\/\/babylove.se\/no\/#website","url":"https:\/\/babylove.se\/no\/","name":"Babylove Norska","description":"","potentialAction":[{"@type":"SearchAction","target":{"@type":"EntryPoint","urlTemplate":"https:\/\/babylove.se\/no\/?s={search_term_string}"},"query-input":{"@type":"PropertyValueSpecification","valueRequired":true,"valueName":"search_term_string"}}],"inLanguage":"nb-NO"}]},"product_brand":"Liewood","product_price_amount":"349.00","product_price_currency":"SEK","og_availability":"out of stock","product_availability":"out of stock","product_retailer_item_id":"LW147717131","product_condition":"new"},"_links":{"self":[{"href":"https:\/\/babylove.se\/no\/wp-json\/wp\/v2\/product\/30494","targetHints":{"allow":["GET"]}}],"collection":[{"href":"https:\/\/babylove.se\/no\/wp-json\/wp\/v2\/product"}],"about":[{"href":"https:\/\/babylove.se\/no\/wp-json\/wp\/v2\/types\/product"}],"replies":[{"embeddable":true,"href":"https:\/\/babylove.se\/no\/wp-json\/wp\/v2\/comments?post=30494"}],"wp:featuredmedia":[{"embeddable":true,"href":"https:\/\/babylove.se\/no\/wp-json\/wp\/v2\/media\/30496"}],"wp:attachment":[{"href":"https:\/\/babylove.se\/no\/wp-json\/wp\/v2\/media?parent=30494"}],"wp:term":[{"taxonomy":"product_brand","embeddable":true,"href":"https:\/\/babylove.se\/no\/wp-json\/wp\/v2\/product_brand?post=30494"},{"taxonomy":"product_cat","embeddable":true,"href":"https:\/\/babylove.se\/no\/wp-json\/wp\/v2\/product_cat?post=30494"},{"taxonomy":"product_tag","embeddable":true,"href":"https:\/\/babylove.se\/no\/wp-json\/wp\/v2\/product_tag?post=30494"}],"curies":[{"name":"wp","href":"https:\/\/api.w.org\/{rel}","templated":true}]}}