{"id":3050,"date":"2025-07-18T20:12:52","date_gmt":"2025-07-18T19:12:52","guid":{"rendered":"https:\/\/babylove.se\/produkt\/simple-bunny-kanin-spegel-silver-barnspegel-till-barnrummet\/"},"modified":"2026-05-11T12:58:19","modified_gmt":"2026-05-11T11:58:19","slug":"enkel-kanin-kaninspeil-solv-barnespeil-til-barnerommet","status":"publish","type":"product","link":"https:\/\/babylove.se\/no\/produkt\/enkel-kanin-kaninspeil-solv-barnespeil-til-barnerommet\/","title":{"rendered":"Simple Bunny speil, Barnespeil til barnerommet"},"content":{"rendered":"<p>Superfint speil i form av en kanin laget av slitesterkt akryl. &nbsp;En fantastisk dekorasjon til barnerommet og en fin innredningsdetalj som du kommer til \u00e5 elske. Enkelt \u00e5 henge opp p\u00e5 veggen ved hjelp av metallkroken som f\u00f8lger med.<\/p>\n<p>Dette lette speilet er b\u00e5de smidig og trygt i barnerommet.&nbsp;<\/p>\n<p><strong>M\u00e5l<\/strong>: H\u00f8yde 41 cm og bredde 24 cm.<\/p>\n<p><strong>Materiale<\/strong>: 100 % Akryl<\/p>\n<p>Produsert i EU.<\/p>\n<p><\/p>\n","protected":false},"excerpt":{"rendered":"<p>Superfint speil i form av en kanin laget av slitesterkt akryl. &nbsp;En fantastisk dekorasjon til barnerommet og en fin innredningsdetalj som du kommer til \u00e5 elske. Enkelt \u00e5 henge opp p\u00e5 veggen ved hjelp av metallkroken som f\u00f8lger med. Dette lette speilet er b\u00e5de smidig og trygt i barnerommet.&nbsp; M\u00e5l: H\u00f8yde 41 cm og bredde [&hellip;]<\/p>\n","protected":false},"featured_media":3052,"comment_status":"closed","ping_status":"open","template":"","meta":{"_acf_changed":false},"product_brand":[22],"product_cat":[84,102,103,90],"product_tag":[],"class_list":{"0":"post-3050","1":"product","2":"type-product","3":"status-publish","4":"has-post-thumbnail","6":"product_brand-babylove","7":"product_cat-babylove","8":"product_cat-barnspeil","9":"product_cat-barnspeil-fra-149-kr-babylove","10":"product_cat-dyr","12":"first","13":"outofstock","14":"taxable","15":"shipping-taxable","16":"purchasable","17":"product-type-simple"},"acf":[],"yoast_head":"<!-- This site is optimized with the Yoast SEO Premium plugin v25.8 (Yoast SEO v27.2) - https:\/\/yoast.com\/product\/yoast-seo-premium-wordpress\/ -->\n<title>K\u00f6p Kanin Spegel silver - Prisv\u00e4rd barnspegel - babylove.se<\/title>\n<meta name=\"description\" content=\"En vacker dekortation i barnrummet &gt; Perfekt som en g\u00e5va &gt; K\u00f6p den h\u00e4r &gt; Skickas inom 24h &gt; V\u00e4llkomen till Babylove\" \/>\n<meta name=\"robots\" content=\"noindex, follow, max-snippet:-1, max-image-preview:large, max-video-preview:-1\" \/>\n<meta property=\"og:locale\" content=\"nb_NO\" \/>\n<meta property=\"og:type\" content=\"article\" \/>\n<meta property=\"og:title\" content=\"Simple Bunny speil, Barnespeil til barnerommet\" \/>\n<meta property=\"og:description\" content=\"En vacker dekortation i barnrummet &gt; Perfekt som en g\u00e5va &gt; K\u00f6p den h\u00e4r &gt; Skickas inom 24h &gt; V\u00e4llkomen till Babylove\" \/>\n<meta property=\"og:url\" content=\"https:\/\/babylove.se\/no\/produkt\/enkel-kanin-kaninspeil-solv-barnespeil-til-barnerommet\/\" \/>\n<meta property=\"og:site_name\" content=\"Babylove Norska\" \/>\n<meta property=\"article:modified_time\" content=\"2026-05-11T11:58:19+00:00\" \/>\n<meta property=\"og:image\" content=\"https:\/\/babylove.se\/no\/wp-content\/uploads\/sites\/3\/2025\/07\/5d64340561955.jpeg\" \/>\n\t<meta property=\"og:image:width\" content=\"750\" \/>\n\t<meta property=\"og:image:height\" content=\"750\" \/>\n\t<meta property=\"og:image:type\" content=\"image\/jpeg\" \/>\n<meta name=\"twitter:card\" content=\"summary_large_image\" \/>\n<meta name=\"twitter:label1\" content=\"Price\" \/>\n\t<meta name=\"twitter:data1\" content=\"489,00&nbsp;&#107;&#114;\" \/>\n\t<meta name=\"twitter:label2\" content=\"Availability\" \/>\n\t<meta name=\"twitter:data2\" content=\"Out of stock\" \/>\n<script type=\"application\/ld+json\" class=\"yoast-schema-graph\">{\"@context\":\"https:\/\/schema.org\",\"@graph\":[{\"@type\":\"WebPage\",\"@id\":\"https:\/\/babylove.se\/no\/produkt\/enkel-kanin-kaninspeil-solv-barnespeil-til-barnerommet\/\",\"url\":\"https:\/\/babylove.se\/no\/produkt\/enkel-kanin-kaninspeil-solv-barnespeil-til-barnerommet\/\",\"name\":\"K\u00f6p Kanin Spegel silver - Prisv\u00e4rd barnspegel - babylove.se\",\"isPartOf\":{\"@id\":\"https:\/\/babylove.se\/no\/#website\"},\"primaryImageOfPage\":{\"@id\":\"https:\/\/babylove.se\/no\/produkt\/enkel-kanin-kaninspeil-solv-barnespeil-til-barnerommet\/#primaryimage\"},\"image\":{\"@id\":\"https:\/\/babylove.se\/no\/produkt\/enkel-kanin-kaninspeil-solv-barnespeil-til-barnerommet\/#primaryimage\"},\"thumbnailUrl\":\"https:\/\/babylove.se\/no\/wp-content\/uploads\/sites\/3\/2025\/07\/5d64340561955.jpeg\",\"datePublished\":\"2025-07-18T19:12:52+00:00\",\"dateModified\":\"2026-05-11T11:58:19+00:00\",\"description\":\"En vacker dekortation i barnrummet > Perfekt som en g\u00e5va > K\u00f6p den h\u00e4r > Skickas inom 24h > V\u00e4llkomen till Babylove\",\"breadcrumb\":{\"@id\":\"https:\/\/babylove.se\/no\/produkt\/enkel-kanin-kaninspeil-solv-barnespeil-til-barnerommet\/#breadcrumb\"},\"inLanguage\":\"nb-NO\",\"potentialAction\":[{\"@type\":\"ReadAction\",\"target\":[\"https:\/\/babylove.se\/no\/produkt\/enkel-kanin-kaninspeil-solv-barnespeil-til-barnerommet\/\"]}]},{\"@type\":\"ImageObject\",\"inLanguage\":\"nb-NO\",\"@id\":\"https:\/\/babylove.se\/no\/produkt\/enkel-kanin-kaninspeil-solv-barnespeil-til-barnerommet\/#primaryimage\",\"url\":\"https:\/\/babylove.se\/no\/wp-content\/uploads\/sites\/3\/2025\/07\/5d64340561955.jpeg\",\"contentUrl\":\"https:\/\/babylove.se\/no\/wp-content\/uploads\/sites\/3\/2025\/07\/5d64340561955.jpeg\",\"width\":750,\"height\":750},{\"@type\":\"BreadcrumbList\",\"@id\":\"https:\/\/babylove.se\/no\/produkt\/enkel-kanin-kaninspeil-solv-barnespeil-til-barnerommet\/#breadcrumb\",\"itemListElement\":[{\"@type\":\"ListItem\",\"position\":1,\"name\":\"Hem\",\"item\":\"https:\/\/babylove.se\/no\/\"},{\"@type\":\"ListItem\",\"position\":2,\"name\":\"Butik\",\"item\":\"https:\/\/babylove.se\/no\/butik\/\"},{\"@type\":\"ListItem\",\"position\":3,\"name\":\"Simple Bunny speil, Barnespeil til barnerommet\"}]},{\"@type\":\"WebSite\",\"@id\":\"https:\/\/babylove.se\/no\/#website\",\"url\":\"https:\/\/babylove.se\/no\/\",\"name\":\"Babylove Norska\",\"description\":\"\",\"potentialAction\":[{\"@type\":\"SearchAction\",\"target\":{\"@type\":\"EntryPoint\",\"urlTemplate\":\"https:\/\/babylove.se\/no\/?s={search_term_string}\"},\"query-input\":{\"@type\":\"PropertyValueSpecification\",\"valueRequired\":true,\"valueName\":\"search_term_string\"}}],\"inLanguage\":\"nb-NO\"}]}<\/script>\n<meta property=\"product:brand\" content=\"Babylove\" \/>\n<meta property=\"product:price:amount\" content=\"489.00\" \/>\n<meta property=\"product:price:currency\" content=\"NOK\" \/>\n<meta property=\"og:availability\" content=\"out of stock\" \/>\n<meta property=\"product:availability\" content=\"out of stock\" \/>\n<meta property=\"product:retailer_item_id\" content=\"SPE00009982\" \/>\n<meta property=\"product:condition\" content=\"new\" \/>\n<!-- \/ Yoast SEO Premium plugin. -->","yoast_head_json":{"title":"K\u00f6p Kanin Spegel silver - Prisv\u00e4rd barnspegel - babylove.se","description":"En vacker dekortation i barnrummet > Perfekt som en g\u00e5va > K\u00f6p den h\u00e4r > Skickas inom 24h > V\u00e4llkomen till Babylove","robots":{"index":"noindex","follow":"follow","max-snippet":"max-snippet:-1","max-image-preview":"max-image-preview:large","max-video-preview":"max-video-preview:-1"},"og_locale":"nb_NO","og_type":"article","og_title":"Simple Bunny speil, Barnespeil til barnerommet","og_description":"En vacker dekortation i barnrummet > Perfekt som en g\u00e5va > K\u00f6p den h\u00e4r > Skickas inom 24h > V\u00e4llkomen till Babylove","og_url":"https:\/\/babylove.se\/no\/produkt\/enkel-kanin-kaninspeil-solv-barnespeil-til-barnerommet\/","og_site_name":"Babylove Norska","article_modified_time":"2026-05-11T11:58:19+00:00","og_image":[{"width":750,"height":750,"url":"https:\/\/babylove.se\/no\/wp-content\/uploads\/sites\/3\/2025\/07\/5d64340561955.jpeg","type":"image\/jpeg"}],"twitter_card":"summary_large_image","twitter_misc":{"Price":"489,00&nbsp;&#107;&#114;","Availability":"Out of stock"},"schema":{"@context":"https:\/\/schema.org","@graph":[{"@type":"WebPage","@id":"https:\/\/babylove.se\/no\/produkt\/enkel-kanin-kaninspeil-solv-barnespeil-til-barnerommet\/","url":"https:\/\/babylove.se\/no\/produkt\/enkel-kanin-kaninspeil-solv-barnespeil-til-barnerommet\/","name":"K\u00f6p Kanin Spegel silver - Prisv\u00e4rd barnspegel - babylove.se","isPartOf":{"@id":"https:\/\/babylove.se\/no\/#website"},"primaryImageOfPage":{"@id":"https:\/\/babylove.se\/no\/produkt\/enkel-kanin-kaninspeil-solv-barnespeil-til-barnerommet\/#primaryimage"},"image":{"@id":"https:\/\/babylove.se\/no\/produkt\/enkel-kanin-kaninspeil-solv-barnespeil-til-barnerommet\/#primaryimage"},"thumbnailUrl":"https:\/\/babylove.se\/no\/wp-content\/uploads\/sites\/3\/2025\/07\/5d64340561955.jpeg","datePublished":"2025-07-18T19:12:52+00:00","dateModified":"2026-05-11T11:58:19+00:00","description":"En vacker dekortation i barnrummet > Perfekt som en g\u00e5va > K\u00f6p den h\u00e4r > Skickas inom 24h > V\u00e4llkomen till Babylove","breadcrumb":{"@id":"https:\/\/babylove.se\/no\/produkt\/enkel-kanin-kaninspeil-solv-barnespeil-til-barnerommet\/#breadcrumb"},"inLanguage":"nb-NO","potentialAction":[{"@type":"ReadAction","target":["https:\/\/babylove.se\/no\/produkt\/enkel-kanin-kaninspeil-solv-barnespeil-til-barnerommet\/"]}]},{"@type":"ImageObject","inLanguage":"nb-NO","@id":"https:\/\/babylove.se\/no\/produkt\/enkel-kanin-kaninspeil-solv-barnespeil-til-barnerommet\/#primaryimage","url":"https:\/\/babylove.se\/no\/wp-content\/uploads\/sites\/3\/2025\/07\/5d64340561955.jpeg","contentUrl":"https:\/\/babylove.se\/no\/wp-content\/uploads\/sites\/3\/2025\/07\/5d64340561955.jpeg","width":750,"height":750},{"@type":"BreadcrumbList","@id":"https:\/\/babylove.se\/no\/produkt\/enkel-kanin-kaninspeil-solv-barnespeil-til-barnerommet\/#breadcrumb","itemListElement":[{"@type":"ListItem","position":1,"name":"Hem","item":"https:\/\/babylove.se\/no\/"},{"@type":"ListItem","position":2,"name":"Butik","item":"https:\/\/babylove.se\/no\/butik\/"},{"@type":"ListItem","position":3,"name":"Simple Bunny speil, Barnespeil til barnerommet"}]},{"@type":"WebSite","@id":"https:\/\/babylove.se\/no\/#website","url":"https:\/\/babylove.se\/no\/","name":"Babylove Norska","description":"","potentialAction":[{"@type":"SearchAction","target":{"@type":"EntryPoint","urlTemplate":"https:\/\/babylove.se\/no\/?s={search_term_string}"},"query-input":{"@type":"PropertyValueSpecification","valueRequired":true,"valueName":"search_term_string"}}],"inLanguage":"nb-NO"}]},"product_brand":"Babylove","product_price_amount":"489.00","product_price_currency":"NOK","og_availability":"out of stock","product_availability":"out of stock","product_retailer_item_id":"SPE00009982","product_condition":"new"},"_links":{"self":[{"href":"https:\/\/babylove.se\/no\/wp-json\/wp\/v2\/product\/3050","targetHints":{"allow":["GET"]}}],"collection":[{"href":"https:\/\/babylove.se\/no\/wp-json\/wp\/v2\/product"}],"about":[{"href":"https:\/\/babylove.se\/no\/wp-json\/wp\/v2\/types\/product"}],"replies":[{"embeddable":true,"href":"https:\/\/babylove.se\/no\/wp-json\/wp\/v2\/comments?post=3050"}],"wp:featuredmedia":[{"embeddable":true,"href":"https:\/\/babylove.se\/no\/wp-json\/wp\/v2\/media\/3052"}],"wp:attachment":[{"href":"https:\/\/babylove.se\/no\/wp-json\/wp\/v2\/media?parent=3050"}],"wp:term":[{"taxonomy":"product_brand","embeddable":true,"href":"https:\/\/babylove.se\/no\/wp-json\/wp\/v2\/product_brand?post=3050"},{"taxonomy":"product_cat","embeddable":true,"href":"https:\/\/babylove.se\/no\/wp-json\/wp\/v2\/product_cat?post=3050"},{"taxonomy":"product_tag","embeddable":true,"href":"https:\/\/babylove.se\/no\/wp-json\/wp\/v2\/product_tag?post=3050"}],"curies":[{"name":"wp","href":"https:\/\/api.w.org\/{rel}","templated":true}]}}