{"id":30551,"date":"2025-07-19T00:12:58","date_gmt":"2025-07-18T23:12:58","guid":{"rendered":"https:\/\/babylove.se\/produkt\/barnsang-alex-duo-med-stodbrada-olika-storlekar\/"},"modified":"2026-04-08T11:46:28","modified_gmt":"2026-04-08T10:46:28","slug":"barnesang-alex-duo-med-stottebrett-ulike-storrelser","status":"publish","type":"product","link":"https:\/\/babylove.se\/no\/produkt\/barnesang-alex-duo-med-stottebrett-ulike-storrelser\/","title":{"rendered":"Barneseng Alex Duo med st\u00f8ttebrett (forskjellige st\u00f8rrelser)"},"content":{"rendered":"<p>Vi \u00f8nsker velkommen til en av v\u00e5re nyheter; ALEX duo BARNESENG! <\/p>\n<p>Denne fantastiske juniorsengen er helt h\u00e5ndlaget med stor lidenskap<em>, <\/em>av h\u00f8ykvalitets limt tre.<br \/>\nLimt tre har fordelen, sammenlignet med massivt tre, at de ikke sprekker og at det ikke finnes noen kvister som p\u00e5virker utseendet. <\/p>\n<p>En stabil og vakker seng av h\u00f8y kvalitet! <\/p>\n<p><strong>Tilvalg<\/strong>: <\/p>\n<ul>\n<li> Uten ben (1cm)<\/li>\n<li> Ekstra benh\u00f8yde &#8211; 19 cm. (standard h\u00f8yde er 10 cm)<\/li>\n<\/ul>\n<p>Madrass f\u00f8lger ikke med, men ta gjerne en titt i v\u00e5rt store madrassutvalg. Vi anbefaler en skummadrass med tykkelse p\u00e5 ca 10-12 cm. <\/p>\n<p>Sengen kan f\u00e5s i flere m\u00e5l, se nedenfor for mer info. <\/p>\n<p><strong>Info:<\/strong> <\/p>\n<ul>\n<li>M\u00e5lene er oppgitt i madrassst\u00f8rrelse. Legg til 9 cm p\u00e5 bredde+lengde for total dimensjon p\u00e5 sengens m\u00e5l.<\/li>\n<li>H\u00f8yde p\u00e5 rekkverk er 25 cm. 5 cm mellom spilene.<\/li>\n<li>Avtakbare st\u00f8ttebord<\/li>\n<li>Sengen finnes ogs\u00e5 i en variant med oppbevaringsboks<\/li>\n<li>H\u00f8yde : 46,5 cm (hvis man velger 10 cm ben), 35 cm (hvis man velger 1 cm ben), 56 cm (hvis man velger 19 cm ben)<\/li>\n<li>Farge: velg mellom natur (ubehandlet), lakkert, hvit og gr\u00e5<\/li>\n<li>Maksvekt. 100 kg<\/li>\n<li>Inngang monteres p\u00e5 valgfri side.<\/li>\n<\/ul>\n<p><em><em><em><em><em><em>Sengen leveres umontert og b\u00f8r settes sammen i rommet den skal brukes i.<\/em><\/em><\/em><\/em><\/em><\/em><\/p>\n","protected":false},"excerpt":{"rendered":"<p>Vi \u00f8nsker velkommen til en av v\u00e5re nyheter; ALEX duo BARNESENG! Denne fantastiske juniorsengen er helt h\u00e5ndlaget med stor lidenskap, av h\u00f8ykvalitets limt tre. Limt tre har fordelen, sammenlignet med massivt tre, at de ikke sprekker og at det ikke finnes noen kvister som p\u00e5virker utseendet. En stabil og vakker seng av h\u00f8y kvalitet! Tilvalg: [&hellip;]<\/p>\n","protected":false},"featured_media":30553,"comment_status":"open","ping_status":"closed","template":"","meta":{"_acf_changed":false},"product_brand":[600],"product_cat":[602,372,269,601,40],"product_tag":[1689],"class_list":{"0":"post-30551","1":"product","2":"type-product","3":"status-publish","4":"has-post-thumbnail","6":"product_brand-luletto","7":"product_cat-babylove-lul","8":"product_cat-barnesenger","9":"product_cat-juniorsenger","10":"product_cat-baby","11":"product_cat-soverom-barn","12":"product_tag-bestillingsvaror","13":"pa_farg-gra","14":"pa_farg-vit","15":"pa_farg-lackad","16":"pa_farg-natur","17":"pa_storlek-100x190-cm-b109-l199","18":"pa_storlek-100x200-cm-b109-l209-h45","19":"pa_storlek-60x120-cm-b69-l129","20":"pa_storlek-70x140-cm-b79-l149","21":"pa_storlek-80x140-cm-b89-l149","22":"pa_storlek-80x160-cm-b89-l169","23":"pa_storlek-80x180-cm-b89-l189","24":"pa_storlek-80x190-cm-b89-l199","25":"pa_storlek-90x140-cm-b99-l149","26":"pa_storlek-90x160-cm-b99-l169","27":"pa_storlek-90x180-cm-b99-l189","28":"pa_storlek-90x190-cm-b99-l199","29":"pa_storlek-90x200-cm-b99-l209-h45","31":"first","32":"instock","33":"taxable","34":"shipping-taxable","35":"purchasable","36":"product-type-variable"},"acf":[],"yoast_head":"<!-- This site is optimized with the Yoast SEO Premium plugin v25.8 (Yoast SEO v27.2) - https:\/\/yoast.com\/product\/yoast-seo-premium-wordpress\/ -->\n<title>Barneseng Alex Duo med st\u00f8ttebrett (forskjellige st\u00f8rrelser) - Babylove Norska<\/title>\n<meta name=\"robots\" content=\"noindex, follow, max-snippet:-1, max-image-preview:large, max-video-preview:-1\" \/>\n<meta property=\"og:locale\" content=\"nb_NO\" \/>\n<meta property=\"og:type\" content=\"article\" \/>\n<meta property=\"og:title\" content=\"Barneseng Alex Duo med st\u00f8ttebrett (forskjellige st\u00f8rrelser)\" \/>\n<meta property=\"og:description\" content=\"Vi \u00f8nsker velkommen til en av v\u00e5re nyheter; ALEX duo BARNESENG! Denne fantastiske juniorsengen er helt h\u00e5ndlaget med stor lidenskap, av h\u00f8ykvalitets limt tre. Limt tre har fordelen, sammenlignet med massivt tre, at de ikke sprekker og at det ikke finnes noen kvister som p\u00e5virker utseendet. En stabil og vakker seng av h\u00f8y kvalitet! Tilvalg: [&hellip;]\" \/>\n<meta property=\"og:url\" content=\"https:\/\/babylove.se\/no\/produkt\/barnesang-alex-duo-med-stottebrett-ulike-storrelser\/\" \/>\n<meta property=\"og:site_name\" content=\"Babylove Norska\" \/>\n<meta property=\"article:modified_time\" content=\"2026-04-08T10:46:28+00:00\" \/>\n<meta property=\"og:image\" content=\"https:\/\/babylove.se\/no\/wp-content\/uploads\/sites\/3\/2025\/07\/61b0c60783bb0.png\" \/>\n\t<meta property=\"og:image:width\" content=\"800\" \/>\n\t<meta property=\"og:image:height\" content=\"800\" \/>\n\t<meta property=\"og:image:type\" content=\"image\/png\" \/>\n<meta name=\"twitter:card\" content=\"summary_large_image\" \/>\n<meta name=\"twitter:label1\" content=\"Availability\" \/>\n\t<meta name=\"twitter:data1\" content=\"In stock\" \/>\n<script type=\"application\/ld+json\" class=\"yoast-schema-graph\">{\"@context\":\"https:\/\/schema.org\",\"@graph\":[{\"@type\":\"WebPage\",\"@id\":\"https:\/\/babylove.se\/no\/produkt\/barnesang-alex-duo-med-stottebrett-ulike-storrelser\/\",\"url\":\"https:\/\/babylove.se\/no\/produkt\/barnesang-alex-duo-med-stottebrett-ulike-storrelser\/\",\"name\":\"Barneseng Alex Duo med st\u00f8ttebrett (forskjellige st\u00f8rrelser) - Babylove Norska\",\"isPartOf\":{\"@id\":\"https:\/\/babylove.se\/no\/#website\"},\"primaryImageOfPage\":{\"@id\":\"https:\/\/babylove.se\/no\/produkt\/barnesang-alex-duo-med-stottebrett-ulike-storrelser\/#primaryimage\"},\"image\":{\"@id\":\"https:\/\/babylove.se\/no\/produkt\/barnesang-alex-duo-med-stottebrett-ulike-storrelser\/#primaryimage\"},\"thumbnailUrl\":\"https:\/\/babylove.se\/no\/wp-content\/uploads\/sites\/3\/2025\/07\/61b0c60783bb0.png\",\"datePublished\":\"2025-07-18T23:12:58+00:00\",\"dateModified\":\"2026-04-08T10:46:28+00:00\",\"breadcrumb\":{\"@id\":\"https:\/\/babylove.se\/no\/produkt\/barnesang-alex-duo-med-stottebrett-ulike-storrelser\/#breadcrumb\"},\"inLanguage\":\"nb-NO\",\"potentialAction\":[{\"@type\":\"ReadAction\",\"target\":[\"https:\/\/babylove.se\/no\/produkt\/barnesang-alex-duo-med-stottebrett-ulike-storrelser\/\"]}]},{\"@type\":\"ImageObject\",\"inLanguage\":\"nb-NO\",\"@id\":\"https:\/\/babylove.se\/no\/produkt\/barnesang-alex-duo-med-stottebrett-ulike-storrelser\/#primaryimage\",\"url\":\"https:\/\/babylove.se\/no\/wp-content\/uploads\/sites\/3\/2025\/07\/61b0c60783bb0.png\",\"contentUrl\":\"https:\/\/babylove.se\/no\/wp-content\/uploads\/sites\/3\/2025\/07\/61b0c60783bb0.png\",\"width\":800,\"height\":800},{\"@type\":\"BreadcrumbList\",\"@id\":\"https:\/\/babylove.se\/no\/produkt\/barnesang-alex-duo-med-stottebrett-ulike-storrelser\/#breadcrumb\",\"itemListElement\":[{\"@type\":\"ListItem\",\"position\":1,\"name\":\"Hem\",\"item\":\"https:\/\/babylove.se\/no\/\"},{\"@type\":\"ListItem\",\"position\":2,\"name\":\"Butik\",\"item\":\"https:\/\/babylove.se\/no\/butik\/\"},{\"@type\":\"ListItem\",\"position\":3,\"name\":\"Barneseng Alex Duo med st\u00f8ttebrett (forskjellige st\u00f8rrelser)\"}]},{\"@type\":\"WebSite\",\"@id\":\"https:\/\/babylove.se\/no\/#website\",\"url\":\"https:\/\/babylove.se\/no\/\",\"name\":\"Babylove Norska\",\"description\":\"\",\"potentialAction\":[{\"@type\":\"SearchAction\",\"target\":{\"@type\":\"EntryPoint\",\"urlTemplate\":\"https:\/\/babylove.se\/no\/?s={search_term_string}\"},\"query-input\":{\"@type\":\"PropertyValueSpecification\",\"valueRequired\":true,\"valueName\":\"search_term_string\"}}],\"inLanguage\":\"nb-NO\"}]}<\/script>\n<meta property=\"product:brand\" content=\"Luletto\" \/>\n<meta property=\"og:availability\" content=\"instock\" \/>\n<meta property=\"product:availability\" content=\"instock\" \/>\n<meta property=\"product:retailer_item_id\" content=\"60x120-cm-natur-Barns\u00e4ng-Alex-Duo\" \/>\n<meta property=\"product:condition\" content=\"new\" \/>\n<!-- \/ Yoast SEO Premium plugin. -->","yoast_head_json":{"title":"Barneseng Alex Duo med st\u00f8ttebrett (forskjellige st\u00f8rrelser) - Babylove Norska","robots":{"index":"noindex","follow":"follow","max-snippet":"max-snippet:-1","max-image-preview":"max-image-preview:large","max-video-preview":"max-video-preview:-1"},"og_locale":"nb_NO","og_type":"article","og_title":"Barneseng Alex Duo med st\u00f8ttebrett (forskjellige st\u00f8rrelser)","og_description":"Vi \u00f8nsker velkommen til en av v\u00e5re nyheter; ALEX duo BARNESENG! Denne fantastiske juniorsengen er helt h\u00e5ndlaget med stor lidenskap, av h\u00f8ykvalitets limt tre. Limt tre har fordelen, sammenlignet med massivt tre, at de ikke sprekker og at det ikke finnes noen kvister som p\u00e5virker utseendet. En stabil og vakker seng av h\u00f8y kvalitet! Tilvalg: [&hellip;]","og_url":"https:\/\/babylove.se\/no\/produkt\/barnesang-alex-duo-med-stottebrett-ulike-storrelser\/","og_site_name":"Babylove Norska","article_modified_time":"2026-04-08T10:46:28+00:00","og_image":[{"width":800,"height":800,"url":"https:\/\/babylove.se\/no\/wp-content\/uploads\/sites\/3\/2025\/07\/61b0c60783bb0.png","type":"image\/png"}],"twitter_card":"summary_large_image","twitter_misc":{"Availability":"In stock"},"schema":{"@context":"https:\/\/schema.org","@graph":[{"@type":"WebPage","@id":"https:\/\/babylove.se\/no\/produkt\/barnesang-alex-duo-med-stottebrett-ulike-storrelser\/","url":"https:\/\/babylove.se\/no\/produkt\/barnesang-alex-duo-med-stottebrett-ulike-storrelser\/","name":"Barneseng Alex Duo med st\u00f8ttebrett (forskjellige st\u00f8rrelser) - Babylove Norska","isPartOf":{"@id":"https:\/\/babylove.se\/no\/#website"},"primaryImageOfPage":{"@id":"https:\/\/babylove.se\/no\/produkt\/barnesang-alex-duo-med-stottebrett-ulike-storrelser\/#primaryimage"},"image":{"@id":"https:\/\/babylove.se\/no\/produkt\/barnesang-alex-duo-med-stottebrett-ulike-storrelser\/#primaryimage"},"thumbnailUrl":"https:\/\/babylove.se\/no\/wp-content\/uploads\/sites\/3\/2025\/07\/61b0c60783bb0.png","datePublished":"2025-07-18T23:12:58+00:00","dateModified":"2026-04-08T10:46:28+00:00","breadcrumb":{"@id":"https:\/\/babylove.se\/no\/produkt\/barnesang-alex-duo-med-stottebrett-ulike-storrelser\/#breadcrumb"},"inLanguage":"nb-NO","potentialAction":[{"@type":"ReadAction","target":["https:\/\/babylove.se\/no\/produkt\/barnesang-alex-duo-med-stottebrett-ulike-storrelser\/"]}]},{"@type":"ImageObject","inLanguage":"nb-NO","@id":"https:\/\/babylove.se\/no\/produkt\/barnesang-alex-duo-med-stottebrett-ulike-storrelser\/#primaryimage","url":"https:\/\/babylove.se\/no\/wp-content\/uploads\/sites\/3\/2025\/07\/61b0c60783bb0.png","contentUrl":"https:\/\/babylove.se\/no\/wp-content\/uploads\/sites\/3\/2025\/07\/61b0c60783bb0.png","width":800,"height":800},{"@type":"BreadcrumbList","@id":"https:\/\/babylove.se\/no\/produkt\/barnesang-alex-duo-med-stottebrett-ulike-storrelser\/#breadcrumb","itemListElement":[{"@type":"ListItem","position":1,"name":"Hem","item":"https:\/\/babylove.se\/no\/"},{"@type":"ListItem","position":2,"name":"Butik","item":"https:\/\/babylove.se\/no\/butik\/"},{"@type":"ListItem","position":3,"name":"Barneseng Alex Duo med st\u00f8ttebrett (forskjellige st\u00f8rrelser)"}]},{"@type":"WebSite","@id":"https:\/\/babylove.se\/no\/#website","url":"https:\/\/babylove.se\/no\/","name":"Babylove Norska","description":"","potentialAction":[{"@type":"SearchAction","target":{"@type":"EntryPoint","urlTemplate":"https:\/\/babylove.se\/no\/?s={search_term_string}"},"query-input":{"@type":"PropertyValueSpecification","valueRequired":true,"valueName":"search_term_string"}}],"inLanguage":"nb-NO"}]},"product_brand":"Luletto","og_availability":"instock","product_availability":"instock","product_retailer_item_id":"60x120-cm-natur-Barns\u00e4ng-Alex-Duo","product_condition":"new"},"_links":{"self":[{"href":"https:\/\/babylove.se\/no\/wp-json\/wp\/v2\/product\/30551","targetHints":{"allow":["GET"]}}],"collection":[{"href":"https:\/\/babylove.se\/no\/wp-json\/wp\/v2\/product"}],"about":[{"href":"https:\/\/babylove.se\/no\/wp-json\/wp\/v2\/types\/product"}],"replies":[{"embeddable":true,"href":"https:\/\/babylove.se\/no\/wp-json\/wp\/v2\/comments?post=30551"}],"wp:featuredmedia":[{"embeddable":true,"href":"https:\/\/babylove.se\/no\/wp-json\/wp\/v2\/media\/30553"}],"wp:attachment":[{"href":"https:\/\/babylove.se\/no\/wp-json\/wp\/v2\/media?parent=30551"}],"wp:term":[{"taxonomy":"product_brand","embeddable":true,"href":"https:\/\/babylove.se\/no\/wp-json\/wp\/v2\/product_brand?post=30551"},{"taxonomy":"product_cat","embeddable":true,"href":"https:\/\/babylove.se\/no\/wp-json\/wp\/v2\/product_cat?post=30551"},{"taxonomy":"product_tag","embeddable":true,"href":"https:\/\/babylove.se\/no\/wp-json\/wp\/v2\/product_tag?post=30551"}],"curies":[{"name":"wp","href":"https:\/\/api.w.org\/{rel}","templated":true}]}}