{"id":30637,"date":"2025-07-19T00:13:54","date_gmt":"2025-07-18T23:13:54","guid":{"rendered":"https:\/\/babylove.se\/produkt\/skummadrass-sleepy-100x200\/"},"modified":"2026-04-08T11:46:45","modified_gmt":"2026-04-08T10:46:45","slug":"skummadrass-sleepy-100x200","status":"publish","type":"product","link":"https:\/\/babylove.se\/no\/produkt\/skummadrass-sleepy-100x200\/","title":{"rendered":"Skummadrass Sleepy 100&#215;200"},"content":{"rendered":"<p>En komfortabel og behagelig skummadrass som passer til familieseng eller til barneseng. &nbsp;<\/p>\n<p>Denne barnemadrassen er dobbeltsidig og har dessuten et avtakbart overtrekk som gj\u00f8r at du enkelt kan vaske den og holde den frisk.<\/p>\n<p>Madrassen er semi-myk, laget for \u00e5 passe barn og garanterer en god s\u00f8vn.<\/p>\n<p>M\u00e5l:<\/p>\n<ul>\n<li>tykkelse 12-13 cm<\/li>\n<li>bredde 100 cm<\/li>\n<li>lengde 200 cm<\/li>\n<\/ul>\n<p>Madrassen passer senger med sengem\u00e5l 100&#215;200 cm.<\/p>\n<p><u>Materiale<\/u>: polyuretanskum 25 kg\/m\u00b3<\/p>\n<p>Vasker\u00e5d: Overtrekk maskinvaskes ved 30\u00b0 C&nbsp;<\/p>\n<p><strong>Obs!&nbsp;<\/strong><em>Da madrassen er en spesiallaget vare, gjelder ikke angrerett.&nbsp;<\/em><\/p>\n<p><em>Dette er en barnemadrass og er laget og tilpasset for de minste. Madrassen skal ikke brukes eller testes av voksne.<\/em><\/p>\n<p><em><em>Det kan forekomme fargevariasjoner p\u00e5 skuminnlegget hvilket skyldes at naturbaserte ingredienser kan variere i farge.<\/em><\/em><\/p>\n","protected":false},"excerpt":{"rendered":"<p>En komfortabel og behagelig skummadrass som passer til familieseng eller til barneseng. &nbsp; Denne barnemadrassen er dobbeltsidig og har dessuten et avtakbart overtrekk som gj\u00f8r at du enkelt kan vaske den og holde den frisk. Madrassen er semi-myk, laget for \u00e5 passe barn og garanterer en god s\u00f8vn. M\u00e5l: tykkelse 12-13 cm bredde 100 cm [&hellip;]<\/p>\n","protected":false},"featured_media":30639,"comment_status":"closed","ping_status":"open","template":"","meta":{"_acf_changed":false},"product_brand":[378],"product_cat":[377,590],"product_tag":[1689],"class_list":{"0":"post-30637","1":"product","2":"type-product","3":"status-publish","4":"has-post-thumbnail","6":"product_brand-fdm","7":"product_cat-barnmadrasser","8":"product_cat-fdm","9":"product_tag-bestillingsvaror","11":"first","12":"instock","13":"taxable","14":"shipping-taxable","15":"purchasable","16":"product-type-simple"},"acf":[],"yoast_head":"<!-- This site is optimized with the Yoast SEO Premium plugin v25.8 (Yoast SEO v27.2) - https:\/\/yoast.com\/product\/yoast-seo-premium-wordpress\/ -->\n<title>Skummadrass Sleepy 100x200 - Babylove Norska<\/title>\n<meta name=\"robots\" content=\"noindex, follow, max-snippet:-1, max-image-preview:large, max-video-preview:-1\" \/>\n<meta property=\"og:locale\" content=\"nb_NO\" \/>\n<meta property=\"og:type\" content=\"article\" \/>\n<meta property=\"og:title\" content=\"Skummadrass Sleepy 100x200\" \/>\n<meta property=\"og:description\" content=\"En komfortabel og behagelig skummadrass som passer til familieseng eller til barneseng. &nbsp; Denne barnemadrassen er dobbeltsidig og har dessuten et avtakbart overtrekk som gj\u00f8r at du enkelt kan vaske den og holde den frisk. Madrassen er semi-myk, laget for \u00e5 passe barn og garanterer en god s\u00f8vn. M\u00e5l: tykkelse 12-13 cm bredde 100 cm [&hellip;]\" \/>\n<meta property=\"og:url\" content=\"https:\/\/babylove.se\/no\/produkt\/skummadrass-sleepy-100x200\/\" \/>\n<meta property=\"og:site_name\" content=\"Babylove Norska\" \/>\n<meta property=\"article:modified_time\" content=\"2026-04-08T10:46:45+00:00\" \/>\n<meta property=\"og:image\" content=\"https:\/\/babylove.se\/no\/wp-content\/uploads\/sites\/3\/2025\/07\/61b332bd25159.jpeg\" \/>\n\t<meta property=\"og:image:width\" content=\"1200\" \/>\n\t<meta property=\"og:image:height\" content=\"900\" \/>\n\t<meta property=\"og:image:type\" content=\"image\/jpeg\" \/>\n<meta name=\"twitter:card\" content=\"summary_large_image\" \/>\n<meta name=\"twitter:label1\" content=\"Price\" \/>\n\t<meta name=\"twitter:data1\" content=\"2 099,00&nbsp;&#107;&#114;\" \/>\n\t<meta name=\"twitter:label2\" content=\"Availability\" \/>\n\t<meta name=\"twitter:data2\" content=\"In stock\" \/>\n<script type=\"application\/ld+json\" class=\"yoast-schema-graph\">{\"@context\":\"https:\/\/schema.org\",\"@graph\":[{\"@type\":\"WebPage\",\"@id\":\"https:\/\/babylove.se\/no\/produkt\/skummadrass-sleepy-100x200\/\",\"url\":\"https:\/\/babylove.se\/no\/produkt\/skummadrass-sleepy-100x200\/\",\"name\":\"Skummadrass Sleepy 100x200 - Babylove Norska\",\"isPartOf\":{\"@id\":\"https:\/\/babylove.se\/no\/#website\"},\"primaryImageOfPage\":{\"@id\":\"https:\/\/babylove.se\/no\/produkt\/skummadrass-sleepy-100x200\/#primaryimage\"},\"image\":{\"@id\":\"https:\/\/babylove.se\/no\/produkt\/skummadrass-sleepy-100x200\/#primaryimage\"},\"thumbnailUrl\":\"https:\/\/babylove.se\/no\/wp-content\/uploads\/sites\/3\/2025\/07\/61b332bd25159.jpeg\",\"datePublished\":\"2025-07-18T23:13:54+00:00\",\"dateModified\":\"2026-04-08T10:46:45+00:00\",\"breadcrumb\":{\"@id\":\"https:\/\/babylove.se\/no\/produkt\/skummadrass-sleepy-100x200\/#breadcrumb\"},\"inLanguage\":\"nb-NO\",\"potentialAction\":[{\"@type\":\"ReadAction\",\"target\":[\"https:\/\/babylove.se\/no\/produkt\/skummadrass-sleepy-100x200\/\"]}]},{\"@type\":\"ImageObject\",\"inLanguage\":\"nb-NO\",\"@id\":\"https:\/\/babylove.se\/no\/produkt\/skummadrass-sleepy-100x200\/#primaryimage\",\"url\":\"https:\/\/babylove.se\/no\/wp-content\/uploads\/sites\/3\/2025\/07\/61b332bd25159.jpeg\",\"contentUrl\":\"https:\/\/babylove.se\/no\/wp-content\/uploads\/sites\/3\/2025\/07\/61b332bd25159.jpeg\",\"width\":1200,\"height\":900},{\"@type\":\"BreadcrumbList\",\"@id\":\"https:\/\/babylove.se\/no\/produkt\/skummadrass-sleepy-100x200\/#breadcrumb\",\"itemListElement\":[{\"@type\":\"ListItem\",\"position\":1,\"name\":\"Hem\",\"item\":\"https:\/\/babylove.se\/no\/\"},{\"@type\":\"ListItem\",\"position\":2,\"name\":\"Butik\",\"item\":\"https:\/\/babylove.se\/no\/butik\/\"},{\"@type\":\"ListItem\",\"position\":3,\"name\":\"Skummadrass Sleepy 100&#215;200\"}]},{\"@type\":\"WebSite\",\"@id\":\"https:\/\/babylove.se\/no\/#website\",\"url\":\"https:\/\/babylove.se\/no\/\",\"name\":\"Babylove Norska\",\"description\":\"\",\"potentialAction\":[{\"@type\":\"SearchAction\",\"target\":{\"@type\":\"EntryPoint\",\"urlTemplate\":\"https:\/\/babylove.se\/no\/?s={search_term_string}\"},\"query-input\":{\"@type\":\"PropertyValueSpecification\",\"valueRequired\":true,\"valueName\":\"search_term_string\"}}],\"inLanguage\":\"nb-NO\"}]}<\/script>\n<meta property=\"product:brand\" content=\"FDM\" \/>\n<meta property=\"product:price:amount\" content=\"2099.00\" \/>\n<meta property=\"product:price:currency\" content=\"SEK\" \/>\n<meta property=\"og:availability\" content=\"instock\" \/>\n<meta property=\"product:availability\" content=\"instock\" \/>\n<meta property=\"product:retailer_item_id\" content=\"Burgoss100x200\" \/>\n<meta property=\"product:condition\" content=\"new\" \/>\n<!-- \/ Yoast SEO Premium plugin. -->","yoast_head_json":{"title":"Skummadrass Sleepy 100x200 - Babylove Norska","robots":{"index":"noindex","follow":"follow","max-snippet":"max-snippet:-1","max-image-preview":"max-image-preview:large","max-video-preview":"max-video-preview:-1"},"og_locale":"nb_NO","og_type":"article","og_title":"Skummadrass Sleepy 100x200","og_description":"En komfortabel og behagelig skummadrass som passer til familieseng eller til barneseng. &nbsp; Denne barnemadrassen er dobbeltsidig og har dessuten et avtakbart overtrekk som gj\u00f8r at du enkelt kan vaske den og holde den frisk. Madrassen er semi-myk, laget for \u00e5 passe barn og garanterer en god s\u00f8vn. M\u00e5l: tykkelse 12-13 cm bredde 100 cm [&hellip;]","og_url":"https:\/\/babylove.se\/no\/produkt\/skummadrass-sleepy-100x200\/","og_site_name":"Babylove Norska","article_modified_time":"2026-04-08T10:46:45+00:00","og_image":[{"width":1200,"height":900,"url":"https:\/\/babylove.se\/no\/wp-content\/uploads\/sites\/3\/2025\/07\/61b332bd25159.jpeg","type":"image\/jpeg"}],"twitter_card":"summary_large_image","twitter_misc":{"Price":"2 099,00&nbsp;&#107;&#114;","Availability":"In stock"},"schema":{"@context":"https:\/\/schema.org","@graph":[{"@type":"WebPage","@id":"https:\/\/babylove.se\/no\/produkt\/skummadrass-sleepy-100x200\/","url":"https:\/\/babylove.se\/no\/produkt\/skummadrass-sleepy-100x200\/","name":"Skummadrass Sleepy 100x200 - Babylove Norska","isPartOf":{"@id":"https:\/\/babylove.se\/no\/#website"},"primaryImageOfPage":{"@id":"https:\/\/babylove.se\/no\/produkt\/skummadrass-sleepy-100x200\/#primaryimage"},"image":{"@id":"https:\/\/babylove.se\/no\/produkt\/skummadrass-sleepy-100x200\/#primaryimage"},"thumbnailUrl":"https:\/\/babylove.se\/no\/wp-content\/uploads\/sites\/3\/2025\/07\/61b332bd25159.jpeg","datePublished":"2025-07-18T23:13:54+00:00","dateModified":"2026-04-08T10:46:45+00:00","breadcrumb":{"@id":"https:\/\/babylove.se\/no\/produkt\/skummadrass-sleepy-100x200\/#breadcrumb"},"inLanguage":"nb-NO","potentialAction":[{"@type":"ReadAction","target":["https:\/\/babylove.se\/no\/produkt\/skummadrass-sleepy-100x200\/"]}]},{"@type":"ImageObject","inLanguage":"nb-NO","@id":"https:\/\/babylove.se\/no\/produkt\/skummadrass-sleepy-100x200\/#primaryimage","url":"https:\/\/babylove.se\/no\/wp-content\/uploads\/sites\/3\/2025\/07\/61b332bd25159.jpeg","contentUrl":"https:\/\/babylove.se\/no\/wp-content\/uploads\/sites\/3\/2025\/07\/61b332bd25159.jpeg","width":1200,"height":900},{"@type":"BreadcrumbList","@id":"https:\/\/babylove.se\/no\/produkt\/skummadrass-sleepy-100x200\/#breadcrumb","itemListElement":[{"@type":"ListItem","position":1,"name":"Hem","item":"https:\/\/babylove.se\/no\/"},{"@type":"ListItem","position":2,"name":"Butik","item":"https:\/\/babylove.se\/no\/butik\/"},{"@type":"ListItem","position":3,"name":"Skummadrass Sleepy 100&#215;200"}]},{"@type":"WebSite","@id":"https:\/\/babylove.se\/no\/#website","url":"https:\/\/babylove.se\/no\/","name":"Babylove Norska","description":"","potentialAction":[{"@type":"SearchAction","target":{"@type":"EntryPoint","urlTemplate":"https:\/\/babylove.se\/no\/?s={search_term_string}"},"query-input":{"@type":"PropertyValueSpecification","valueRequired":true,"valueName":"search_term_string"}}],"inLanguage":"nb-NO"}]},"product_brand":"FDM","product_price_amount":"2099.00","product_price_currency":"SEK","og_availability":"instock","product_availability":"instock","product_retailer_item_id":"Burgoss100x200","product_condition":"new"},"_links":{"self":[{"href":"https:\/\/babylove.se\/no\/wp-json\/wp\/v2\/product\/30637","targetHints":{"allow":["GET"]}}],"collection":[{"href":"https:\/\/babylove.se\/no\/wp-json\/wp\/v2\/product"}],"about":[{"href":"https:\/\/babylove.se\/no\/wp-json\/wp\/v2\/types\/product"}],"replies":[{"embeddable":true,"href":"https:\/\/babylove.se\/no\/wp-json\/wp\/v2\/comments?post=30637"}],"wp:featuredmedia":[{"embeddable":true,"href":"https:\/\/babylove.se\/no\/wp-json\/wp\/v2\/media\/30639"}],"wp:attachment":[{"href":"https:\/\/babylove.se\/no\/wp-json\/wp\/v2\/media?parent=30637"}],"wp:term":[{"taxonomy":"product_brand","embeddable":true,"href":"https:\/\/babylove.se\/no\/wp-json\/wp\/v2\/product_brand?post=30637"},{"taxonomy":"product_cat","embeddable":true,"href":"https:\/\/babylove.se\/no\/wp-json\/wp\/v2\/product_cat?post=30637"},{"taxonomy":"product_tag","embeddable":true,"href":"https:\/\/babylove.se\/no\/wp-json\/wp\/v2\/product_tag?post=30637"}],"curies":[{"name":"wp","href":"https:\/\/api.w.org\/{rel}","templated":true}]}}