{"id":30668,"date":"2025-07-19T00:14:16","date_gmt":"2025-07-18T23:14:16","guid":{"rendered":"https:\/\/babylove.se\/produkt\/mrs-mighetto-barnbok-sixten-den-vanlige-nyckelmastaren-3-6-ar\/"},"modified":"2026-04-08T11:47:00","modified_gmt":"2026-04-08T10:47:00","slug":"mrs-mighetto-barnebok-sixten-den-vanlige-nokkelmesteren-3-6-ar","status":"publish","type":"product","link":"https:\/\/babylove.se\/no\/produkt\/mrs-mighetto-barnebok-sixten-den-vanlige-nokkelmesteren-3-6-ar\/","title":{"rendered":"Mrs Mighetto, barnebok Sixten den vennlige n\u00f8kkelmesteren 3-6 \u00e5r"},"content":{"rendered":"<p>Sixten er den vennlige n\u00f8kkelmesteren som har gaven til \u00e5 trylle frem n\u00f8kler fra sin magiske hatt. I denne fantastiske boken f\u00e5r vi f\u00f8lge n\u00e5r Sixten hjelper den strenge dronningen som leter etter en verdifull skatt. <\/p>\n<p>Egner seg best for barn i alderen 3-6 \u00e5r. <\/p>\n<p>Antall sider: 32 av poetiske tekster p\u00e5 rim og akvarellmalerier. <\/p>\n<p>Designer: <a href=\"https:\/\/babylove.se\/varumarken\/mrs-mighetto\">Mrs Mighetto<\/a> <\/p>\n<p>&#8220;<em>Sixten hadde mottatt det aller fineste av kuvert,<\/em><br \/>\n<em>hans hjelp ble etterspurt ved hoffet,<\/em><br \/>\n<em>umiddelbart om det ikke var til for mye besv\u00e6r.<\/em> <\/p>\n<p><em>Av alle gaver var n\u00f8kkelmestring den som var hans,<\/em><br \/>\n<em>f\u00e5 opp umulige l\u00e5ser og trylle frem n\u00f8kler man ikke trodde fantes.<\/em> <\/p>\n<p><em>Fra sin magiske hatt l\u00f8ftet Sixten opp en eske og sa:<\/em><br \/>\n<em>\u00abMin oppgave er \u00e5 overbevise hennes H\u00f8yhet om at denne her er like bra\u00bb.<\/em> <\/p>\n<p><em>\u00abMitt indre taler h\u00f8yere n\u00e5 n\u00e5r det er alvor,<\/em><br \/>\n<em>n\u00e5r jeg lytter skikkelig finnes allerede alle svar<\/em><em><em>.<\/em>&#8220;<\/em><\/p>\n","protected":false},"excerpt":{"rendered":"<p>Sixten er den vennlige n\u00f8kkelmesteren som har gaven til \u00e5 trylle frem n\u00f8kler fra sin magiske hatt. I denne fantastiske boken f\u00e5r vi f\u00f8lge n\u00e5r Sixten hjelper den strenge dronningen som leter etter en verdifull skatt. Egner seg best for barn i alderen 3-6 \u00e5r. Antall sider: 32 av poetiske tekster p\u00e5 rim og akvarellmalerier. [&hellip;]<\/p>\n","protected":false},"featured_media":30670,"comment_status":"closed","ping_status":"closed","template":"","meta":{"_acf_changed":false},"product_brand":[974],"product_cat":[977,975],"product_tag":[1709],"class_list":{"0":"post-30668","1":"product","2":"type-product","3":"status-publish","4":"has-post-thumbnail","6":"product_brand-mrs-mighetto","7":"product_cat-barneboker","8":"product_cat-mrs-mighetto","9":"product_tag-utforsalg","11":"first","12":"outofstock","13":"taxable","14":"shipping-taxable","15":"purchasable","16":"product-type-simple"},"acf":[],"yoast_head":"<!-- This site is optimized with the Yoast SEO Premium plugin v25.8 (Yoast SEO v27.2) - https:\/\/yoast.com\/product\/yoast-seo-premium-wordpress\/ -->\n<title>Mrs Mighetto, barnebok Sixten den vennlige n\u00f8kkelmesteren 3-6 \u00e5r - Babylove Norska<\/title>\n<meta name=\"robots\" content=\"noindex, follow, max-snippet:-1, max-image-preview:large, max-video-preview:-1\" \/>\n<meta property=\"og:locale\" content=\"nb_NO\" \/>\n<meta property=\"og:type\" content=\"article\" \/>\n<meta property=\"og:title\" content=\"Mrs Mighetto, barnebok Sixten den vennlige n\u00f8kkelmesteren 3-6 \u00e5r\" \/>\n<meta property=\"og:description\" content=\"Sixten er den vennlige n\u00f8kkelmesteren som har gaven til \u00e5 trylle frem n\u00f8kler fra sin magiske hatt. I denne fantastiske boken f\u00e5r vi f\u00f8lge n\u00e5r Sixten hjelper den strenge dronningen som leter etter en verdifull skatt. Egner seg best for barn i alderen 3-6 \u00e5r. Antall sider: 32 av poetiske tekster p\u00e5 rim og akvarellmalerier. [&hellip;]\" \/>\n<meta property=\"og:url\" content=\"https:\/\/babylove.se\/no\/produkt\/mrs-mighetto-barnebok-sixten-den-vanlige-nokkelmesteren-3-6-ar\/\" \/>\n<meta property=\"og:site_name\" content=\"Babylove Norska\" \/>\n<meta property=\"article:modified_time\" content=\"2026-04-08T10:47:00+00:00\" \/>\n<meta property=\"og:image\" content=\"https:\/\/babylove.se\/no\/wp-content\/uploads\/sites\/3\/2025\/07\/61bc8e3021114.jpeg\" \/>\n\t<meta property=\"og:image:width\" content=\"600\" \/>\n\t<meta property=\"og:image:height\" content=\"900\" \/>\n\t<meta property=\"og:image:type\" content=\"image\/jpeg\" \/>\n<meta name=\"twitter:card\" content=\"summary_large_image\" \/>\n<meta name=\"twitter:label1\" content=\"Price\" \/>\n\t<meta name=\"twitter:data1\" content=\"249,00&nbsp;&#107;&#114;\" \/>\n\t<meta name=\"twitter:label2\" content=\"Availability\" \/>\n\t<meta name=\"twitter:data2\" content=\"Out of stock\" \/>\n<script type=\"application\/ld+json\" class=\"yoast-schema-graph\">{\"@context\":\"https:\/\/schema.org\",\"@graph\":[{\"@type\":\"WebPage\",\"@id\":\"https:\/\/babylove.se\/no\/produkt\/mrs-mighetto-barnebok-sixten-den-vanlige-nokkelmesteren-3-6-ar\/\",\"url\":\"https:\/\/babylove.se\/no\/produkt\/mrs-mighetto-barnebok-sixten-den-vanlige-nokkelmesteren-3-6-ar\/\",\"name\":\"Mrs Mighetto, barnebok Sixten den vennlige n\u00f8kkelmesteren 3-6 \u00e5r - Babylove Norska\",\"isPartOf\":{\"@id\":\"https:\/\/babylove.se\/no\/#website\"},\"primaryImageOfPage\":{\"@id\":\"https:\/\/babylove.se\/no\/produkt\/mrs-mighetto-barnebok-sixten-den-vanlige-nokkelmesteren-3-6-ar\/#primaryimage\"},\"image\":{\"@id\":\"https:\/\/babylove.se\/no\/produkt\/mrs-mighetto-barnebok-sixten-den-vanlige-nokkelmesteren-3-6-ar\/#primaryimage\"},\"thumbnailUrl\":\"https:\/\/babylove.se\/no\/wp-content\/uploads\/sites\/3\/2025\/07\/61bc8e3021114.jpeg\",\"datePublished\":\"2025-07-18T23:14:16+00:00\",\"dateModified\":\"2026-04-08T10:47:00+00:00\",\"breadcrumb\":{\"@id\":\"https:\/\/babylove.se\/no\/produkt\/mrs-mighetto-barnebok-sixten-den-vanlige-nokkelmesteren-3-6-ar\/#breadcrumb\"},\"inLanguage\":\"nb-NO\",\"potentialAction\":[{\"@type\":\"ReadAction\",\"target\":[\"https:\/\/babylove.se\/no\/produkt\/mrs-mighetto-barnebok-sixten-den-vanlige-nokkelmesteren-3-6-ar\/\"]}]},{\"@type\":\"ImageObject\",\"inLanguage\":\"nb-NO\",\"@id\":\"https:\/\/babylove.se\/no\/produkt\/mrs-mighetto-barnebok-sixten-den-vanlige-nokkelmesteren-3-6-ar\/#primaryimage\",\"url\":\"https:\/\/babylove.se\/no\/wp-content\/uploads\/sites\/3\/2025\/07\/61bc8e3021114.jpeg\",\"contentUrl\":\"https:\/\/babylove.se\/no\/wp-content\/uploads\/sites\/3\/2025\/07\/61bc8e3021114.jpeg\",\"width\":600,\"height\":900},{\"@type\":\"BreadcrumbList\",\"@id\":\"https:\/\/babylove.se\/no\/produkt\/mrs-mighetto-barnebok-sixten-den-vanlige-nokkelmesteren-3-6-ar\/#breadcrumb\",\"itemListElement\":[{\"@type\":\"ListItem\",\"position\":1,\"name\":\"Hem\",\"item\":\"https:\/\/babylove.se\/no\/\"},{\"@type\":\"ListItem\",\"position\":2,\"name\":\"Butik\",\"item\":\"https:\/\/babylove.se\/no\/butik\/\"},{\"@type\":\"ListItem\",\"position\":3,\"name\":\"Mrs Mighetto, barnebok Sixten den vennlige n\u00f8kkelmesteren 3-6 \u00e5r\"}]},{\"@type\":\"WebSite\",\"@id\":\"https:\/\/babylove.se\/no\/#website\",\"url\":\"https:\/\/babylove.se\/no\/\",\"name\":\"Babylove Norska\",\"description\":\"\",\"potentialAction\":[{\"@type\":\"SearchAction\",\"target\":{\"@type\":\"EntryPoint\",\"urlTemplate\":\"https:\/\/babylove.se\/no\/?s={search_term_string}\"},\"query-input\":{\"@type\":\"PropertyValueSpecification\",\"valueRequired\":true,\"valueName\":\"search_term_string\"}}],\"inLanguage\":\"nb-NO\"}]}<\/script>\n<meta property=\"product:brand\" content=\"Mrs Mighetto\" \/>\n<meta property=\"product:price:amount\" content=\"249.00\" \/>\n<meta property=\"product:price:currency\" content=\"SEK\" \/>\n<meta property=\"og:availability\" content=\"out of stock\" \/>\n<meta property=\"product:availability\" content=\"out of stock\" \/>\n<meta property=\"product:retailer_item_id\" content=\"BK-SIXTEN-SV\" \/>\n<meta property=\"product:condition\" content=\"new\" \/>\n<!-- \/ Yoast SEO Premium plugin. -->","yoast_head_json":{"title":"Mrs Mighetto, barnebok Sixten den vennlige n\u00f8kkelmesteren 3-6 \u00e5r - Babylove Norska","robots":{"index":"noindex","follow":"follow","max-snippet":"max-snippet:-1","max-image-preview":"max-image-preview:large","max-video-preview":"max-video-preview:-1"},"og_locale":"nb_NO","og_type":"article","og_title":"Mrs Mighetto, barnebok Sixten den vennlige n\u00f8kkelmesteren 3-6 \u00e5r","og_description":"Sixten er den vennlige n\u00f8kkelmesteren som har gaven til \u00e5 trylle frem n\u00f8kler fra sin magiske hatt. I denne fantastiske boken f\u00e5r vi f\u00f8lge n\u00e5r Sixten hjelper den strenge dronningen som leter etter en verdifull skatt. Egner seg best for barn i alderen 3-6 \u00e5r. Antall sider: 32 av poetiske tekster p\u00e5 rim og akvarellmalerier. [&hellip;]","og_url":"https:\/\/babylove.se\/no\/produkt\/mrs-mighetto-barnebok-sixten-den-vanlige-nokkelmesteren-3-6-ar\/","og_site_name":"Babylove Norska","article_modified_time":"2026-04-08T10:47:00+00:00","og_image":[{"width":600,"height":900,"url":"https:\/\/babylove.se\/no\/wp-content\/uploads\/sites\/3\/2025\/07\/61bc8e3021114.jpeg","type":"image\/jpeg"}],"twitter_card":"summary_large_image","twitter_misc":{"Price":"249,00&nbsp;&#107;&#114;","Availability":"Out of stock"},"schema":{"@context":"https:\/\/schema.org","@graph":[{"@type":"WebPage","@id":"https:\/\/babylove.se\/no\/produkt\/mrs-mighetto-barnebok-sixten-den-vanlige-nokkelmesteren-3-6-ar\/","url":"https:\/\/babylove.se\/no\/produkt\/mrs-mighetto-barnebok-sixten-den-vanlige-nokkelmesteren-3-6-ar\/","name":"Mrs Mighetto, barnebok Sixten den vennlige n\u00f8kkelmesteren 3-6 \u00e5r - Babylove Norska","isPartOf":{"@id":"https:\/\/babylove.se\/no\/#website"},"primaryImageOfPage":{"@id":"https:\/\/babylove.se\/no\/produkt\/mrs-mighetto-barnebok-sixten-den-vanlige-nokkelmesteren-3-6-ar\/#primaryimage"},"image":{"@id":"https:\/\/babylove.se\/no\/produkt\/mrs-mighetto-barnebok-sixten-den-vanlige-nokkelmesteren-3-6-ar\/#primaryimage"},"thumbnailUrl":"https:\/\/babylove.se\/no\/wp-content\/uploads\/sites\/3\/2025\/07\/61bc8e3021114.jpeg","datePublished":"2025-07-18T23:14:16+00:00","dateModified":"2026-04-08T10:47:00+00:00","breadcrumb":{"@id":"https:\/\/babylove.se\/no\/produkt\/mrs-mighetto-barnebok-sixten-den-vanlige-nokkelmesteren-3-6-ar\/#breadcrumb"},"inLanguage":"nb-NO","potentialAction":[{"@type":"ReadAction","target":["https:\/\/babylove.se\/no\/produkt\/mrs-mighetto-barnebok-sixten-den-vanlige-nokkelmesteren-3-6-ar\/"]}]},{"@type":"ImageObject","inLanguage":"nb-NO","@id":"https:\/\/babylove.se\/no\/produkt\/mrs-mighetto-barnebok-sixten-den-vanlige-nokkelmesteren-3-6-ar\/#primaryimage","url":"https:\/\/babylove.se\/no\/wp-content\/uploads\/sites\/3\/2025\/07\/61bc8e3021114.jpeg","contentUrl":"https:\/\/babylove.se\/no\/wp-content\/uploads\/sites\/3\/2025\/07\/61bc8e3021114.jpeg","width":600,"height":900},{"@type":"BreadcrumbList","@id":"https:\/\/babylove.se\/no\/produkt\/mrs-mighetto-barnebok-sixten-den-vanlige-nokkelmesteren-3-6-ar\/#breadcrumb","itemListElement":[{"@type":"ListItem","position":1,"name":"Hem","item":"https:\/\/babylove.se\/no\/"},{"@type":"ListItem","position":2,"name":"Butik","item":"https:\/\/babylove.se\/no\/butik\/"},{"@type":"ListItem","position":3,"name":"Mrs Mighetto, barnebok Sixten den vennlige n\u00f8kkelmesteren 3-6 \u00e5r"}]},{"@type":"WebSite","@id":"https:\/\/babylove.se\/no\/#website","url":"https:\/\/babylove.se\/no\/","name":"Babylove Norska","description":"","potentialAction":[{"@type":"SearchAction","target":{"@type":"EntryPoint","urlTemplate":"https:\/\/babylove.se\/no\/?s={search_term_string}"},"query-input":{"@type":"PropertyValueSpecification","valueRequired":true,"valueName":"search_term_string"}}],"inLanguage":"nb-NO"}]},"product_brand":"Mrs Mighetto","product_price_amount":"249.00","product_price_currency":"SEK","og_availability":"out of stock","product_availability":"out of stock","product_retailer_item_id":"BK-SIXTEN-SV","product_condition":"new"},"_links":{"self":[{"href":"https:\/\/babylove.se\/no\/wp-json\/wp\/v2\/product\/30668","targetHints":{"allow":["GET"]}}],"collection":[{"href":"https:\/\/babylove.se\/no\/wp-json\/wp\/v2\/product"}],"about":[{"href":"https:\/\/babylove.se\/no\/wp-json\/wp\/v2\/types\/product"}],"replies":[{"embeddable":true,"href":"https:\/\/babylove.se\/no\/wp-json\/wp\/v2\/comments?post=30668"}],"wp:featuredmedia":[{"embeddable":true,"href":"https:\/\/babylove.se\/no\/wp-json\/wp\/v2\/media\/30670"}],"wp:attachment":[{"href":"https:\/\/babylove.se\/no\/wp-json\/wp\/v2\/media?parent=30668"}],"wp:term":[{"taxonomy":"product_brand","embeddable":true,"href":"https:\/\/babylove.se\/no\/wp-json\/wp\/v2\/product_brand?post=30668"},{"taxonomy":"product_cat","embeddable":true,"href":"https:\/\/babylove.se\/no\/wp-json\/wp\/v2\/product_cat?post=30668"},{"taxonomy":"product_tag","embeddable":true,"href":"https:\/\/babylove.se\/no\/wp-json\/wp\/v2\/product_tag?post=30668"}],"curies":[{"name":"wp","href":"https:\/\/api.w.org\/{rel}","templated":true}]}}