{"id":3072,"date":"2025-07-18T20:13:07","date_gmt":"2025-07-18T19:13:07","guid":{"rendered":"https:\/\/babylove.se\/produkt\/hjarta-spegel-barnspegel-till-barnrummet\/"},"modified":"2026-04-08T07:56:42","modified_gmt":"2026-04-08T06:56:42","slug":"hjerte-speil-barnespeil-til-barnerommet","status":"publish","type":"product","link":"https:\/\/babylove.se\/no\/produkt\/hjerte-speil-barnespeil-til-barnerommet\/","title":{"rendered":"Hjerte Speil, Barnespeil til barnerommet"},"content":{"rendered":"<p>Superfint speil i form av et hjerte laget i solid akryl. &nbsp;En fantastisk dekorasjon til barnerommet og en fin interi\u00f8rdetalj som du kommer til \u00e5 elske. Enkelt \u00e5 henge opp p\u00e5 veggen ved hjelp av metallkroken som f\u00f8lger med.<\/p>\n<p>Dette lettvektsspeilet er b\u00e5de smidig og trygt i barnerommet.&nbsp;<\/p>\n<p><strong>M\u00e5l<\/strong>: 33,5 cm x 26 cm.&nbsp;<\/p>\n<p><strong>Materiale<\/strong>: 100 % Akryl<\/p>\n<p>Produsert i EU.<\/p>\n","protected":false},"excerpt":{"rendered":"<p>Superfint speil i form av et hjerte laget i solid akryl. &nbsp;En fantastisk dekorasjon til barnerommet og en fin interi\u00f8rdetalj som du kommer til \u00e5 elske. Enkelt \u00e5 henge opp p\u00e5 veggen ved hjelp av metallkroken som f\u00f8lger med. Dette lettvektsspeilet er b\u00e5de smidig og trygt i barnerommet.&nbsp; M\u00e5l: 33,5 cm x 26 cm.&nbsp; Materiale: [&hellip;]<\/p>\n","protected":false},"featured_media":3074,"comment_status":"closed","ping_status":"open","template":"","meta":{"_acf_changed":false},"product_brand":[22],"product_cat":[84,102],"product_tag":[],"class_list":{"0":"post-3072","1":"product","2":"type-product","3":"status-publish","4":"has-post-thumbnail","6":"product_brand-babylove","7":"product_cat-babylove","8":"product_cat-barnspeil","10":"first","11":"outofstock","12":"taxable","13":"shipping-taxable","14":"purchasable","15":"product-type-simple"},"acf":[],"yoast_head":"<!-- This site is optimized with the Yoast SEO Premium plugin v25.8 (Yoast SEO v27.2) - https:\/\/yoast.com\/product\/yoast-seo-premium-wordpress\/ -->\n<title>Hjerte Speil, Barnespeil til barnerommet - Babylove Norska<\/title>\n<meta name=\"description\" content=\"En fin inredningsdetalj &gt; Enkel att h\u00e4nga upp - 14 dagars \u00f6ppet k\u00f6p &gt; skickas inom 24h V\u00e4llkomen till Babylove.se\" \/>\n<meta name=\"robots\" content=\"noindex, follow, max-snippet:-1, max-image-preview:large, max-video-preview:-1\" \/>\n<meta property=\"og:locale\" content=\"nb_NO\" \/>\n<meta property=\"og:type\" content=\"article\" \/>\n<meta property=\"og:title\" content=\"Hjerte Speil, Barnespeil til barnerommet\" \/>\n<meta property=\"og:description\" content=\"En fin inredningsdetalj &gt; Enkel att h\u00e4nga upp - 14 dagars \u00f6ppet k\u00f6p &gt; skickas inom 24h V\u00e4llkomen till Babylove.se\" \/>\n<meta property=\"og:url\" content=\"https:\/\/babylove.se\/no\/produkt\/hjerte-speil-barnespeil-til-barnerommet\/\" \/>\n<meta property=\"og:site_name\" content=\"Babylove Norska\" \/>\n<meta property=\"article:modified_time\" content=\"2026-04-08T06:56:42+00:00\" \/>\n<meta property=\"og:image\" content=\"https:\/\/babylove.se\/no\/wp-content\/uploads\/sites\/3\/2025\/07\/58f5f43078cb7.jpeg\" \/>\n\t<meta property=\"og:image:width\" content=\"640\" \/>\n\t<meta property=\"og:image:height\" content=\"640\" \/>\n\t<meta property=\"og:image:type\" content=\"image\/jpeg\" \/>\n<meta name=\"twitter:card\" content=\"summary_large_image\" \/>\n<meta name=\"twitter:label1\" content=\"Price\" \/>\n\t<meta name=\"twitter:data1\" content=\"299,00&nbsp;&#107;&#114;\" \/>\n\t<meta name=\"twitter:label2\" content=\"Availability\" \/>\n\t<meta name=\"twitter:data2\" content=\"Out of stock\" \/>\n<script type=\"application\/ld+json\" class=\"yoast-schema-graph\">{\"@context\":\"https:\/\/schema.org\",\"@graph\":[{\"@type\":\"WebPage\",\"@id\":\"https:\/\/babylove.se\/no\/produkt\/hjerte-speil-barnespeil-til-barnerommet\/\",\"url\":\"https:\/\/babylove.se\/no\/produkt\/hjerte-speil-barnespeil-til-barnerommet\/\",\"name\":\"Hjerte Speil, Barnespeil til barnerommet - Babylove Norska\",\"isPartOf\":{\"@id\":\"https:\/\/babylove.se\/no\/#website\"},\"primaryImageOfPage\":{\"@id\":\"https:\/\/babylove.se\/no\/produkt\/hjerte-speil-barnespeil-til-barnerommet\/#primaryimage\"},\"image\":{\"@id\":\"https:\/\/babylove.se\/no\/produkt\/hjerte-speil-barnespeil-til-barnerommet\/#primaryimage\"},\"thumbnailUrl\":\"https:\/\/babylove.se\/no\/wp-content\/uploads\/sites\/3\/2025\/07\/58f5f43078cb7.jpeg\",\"datePublished\":\"2025-07-18T19:13:07+00:00\",\"dateModified\":\"2026-04-08T06:56:42+00:00\",\"description\":\"En fin inredningsdetalj > Enkel att h\u00e4nga upp - 14 dagars \u00f6ppet k\u00f6p > skickas inom 24h V\u00e4llkomen till Babylove.se\",\"breadcrumb\":{\"@id\":\"https:\/\/babylove.se\/no\/produkt\/hjerte-speil-barnespeil-til-barnerommet\/#breadcrumb\"},\"inLanguage\":\"nb-NO\",\"potentialAction\":[{\"@type\":\"ReadAction\",\"target\":[\"https:\/\/babylove.se\/no\/produkt\/hjerte-speil-barnespeil-til-barnerommet\/\"]}]},{\"@type\":\"ImageObject\",\"inLanguage\":\"nb-NO\",\"@id\":\"https:\/\/babylove.se\/no\/produkt\/hjerte-speil-barnespeil-til-barnerommet\/#primaryimage\",\"url\":\"https:\/\/babylove.se\/no\/wp-content\/uploads\/sites\/3\/2025\/07\/58f5f43078cb7.jpeg\",\"contentUrl\":\"https:\/\/babylove.se\/no\/wp-content\/uploads\/sites\/3\/2025\/07\/58f5f43078cb7.jpeg\",\"width\":640,\"height\":640},{\"@type\":\"BreadcrumbList\",\"@id\":\"https:\/\/babylove.se\/no\/produkt\/hjerte-speil-barnespeil-til-barnerommet\/#breadcrumb\",\"itemListElement\":[{\"@type\":\"ListItem\",\"position\":1,\"name\":\"Hem\",\"item\":\"https:\/\/babylove.se\/no\/\"},{\"@type\":\"ListItem\",\"position\":2,\"name\":\"Butik\",\"item\":\"https:\/\/babylove.se\/no\/butik\/\"},{\"@type\":\"ListItem\",\"position\":3,\"name\":\"Hjerte Speil, Barnespeil til barnerommet\"}]},{\"@type\":\"WebSite\",\"@id\":\"https:\/\/babylove.se\/no\/#website\",\"url\":\"https:\/\/babylove.se\/no\/\",\"name\":\"Babylove Norska\",\"description\":\"\",\"potentialAction\":[{\"@type\":\"SearchAction\",\"target\":{\"@type\":\"EntryPoint\",\"urlTemplate\":\"https:\/\/babylove.se\/no\/?s={search_term_string}\"},\"query-input\":{\"@type\":\"PropertyValueSpecification\",\"valueRequired\":true,\"valueName\":\"search_term_string\"}}],\"inLanguage\":\"nb-NO\"}]}<\/script>\n<meta property=\"product:brand\" content=\"Babylove\" \/>\n<meta property=\"product:price:amount\" content=\"299.00\" \/>\n<meta property=\"product:price:currency\" content=\"SEK\" \/>\n<meta property=\"og:availability\" content=\"out of stock\" \/>\n<meta property=\"product:availability\" content=\"out of stock\" \/>\n<meta property=\"product:retailer_item_id\" content=\"SimpleHeart\" \/>\n<meta property=\"product:condition\" content=\"new\" \/>\n<!-- \/ Yoast SEO Premium plugin. -->","yoast_head_json":{"title":"Hjerte Speil, Barnespeil til barnerommet - Babylove Norska","description":"En fin inredningsdetalj > Enkel att h\u00e4nga upp - 14 dagars \u00f6ppet k\u00f6p > skickas inom 24h V\u00e4llkomen till Babylove.se","robots":{"index":"noindex","follow":"follow","max-snippet":"max-snippet:-1","max-image-preview":"max-image-preview:large","max-video-preview":"max-video-preview:-1"},"og_locale":"nb_NO","og_type":"article","og_title":"Hjerte Speil, Barnespeil til barnerommet","og_description":"En fin inredningsdetalj > Enkel att h\u00e4nga upp - 14 dagars \u00f6ppet k\u00f6p > skickas inom 24h V\u00e4llkomen till Babylove.se","og_url":"https:\/\/babylove.se\/no\/produkt\/hjerte-speil-barnespeil-til-barnerommet\/","og_site_name":"Babylove Norska","article_modified_time":"2026-04-08T06:56:42+00:00","og_image":[{"width":640,"height":640,"url":"https:\/\/babylove.se\/no\/wp-content\/uploads\/sites\/3\/2025\/07\/58f5f43078cb7.jpeg","type":"image\/jpeg"}],"twitter_card":"summary_large_image","twitter_misc":{"Price":"299,00&nbsp;&#107;&#114;","Availability":"Out of stock"},"schema":{"@context":"https:\/\/schema.org","@graph":[{"@type":"WebPage","@id":"https:\/\/babylove.se\/no\/produkt\/hjerte-speil-barnespeil-til-barnerommet\/","url":"https:\/\/babylove.se\/no\/produkt\/hjerte-speil-barnespeil-til-barnerommet\/","name":"Hjerte Speil, Barnespeil til barnerommet - Babylove Norska","isPartOf":{"@id":"https:\/\/babylove.se\/no\/#website"},"primaryImageOfPage":{"@id":"https:\/\/babylove.se\/no\/produkt\/hjerte-speil-barnespeil-til-barnerommet\/#primaryimage"},"image":{"@id":"https:\/\/babylove.se\/no\/produkt\/hjerte-speil-barnespeil-til-barnerommet\/#primaryimage"},"thumbnailUrl":"https:\/\/babylove.se\/no\/wp-content\/uploads\/sites\/3\/2025\/07\/58f5f43078cb7.jpeg","datePublished":"2025-07-18T19:13:07+00:00","dateModified":"2026-04-08T06:56:42+00:00","description":"En fin inredningsdetalj > Enkel att h\u00e4nga upp - 14 dagars \u00f6ppet k\u00f6p > skickas inom 24h V\u00e4llkomen till Babylove.se","breadcrumb":{"@id":"https:\/\/babylove.se\/no\/produkt\/hjerte-speil-barnespeil-til-barnerommet\/#breadcrumb"},"inLanguage":"nb-NO","potentialAction":[{"@type":"ReadAction","target":["https:\/\/babylove.se\/no\/produkt\/hjerte-speil-barnespeil-til-barnerommet\/"]}]},{"@type":"ImageObject","inLanguage":"nb-NO","@id":"https:\/\/babylove.se\/no\/produkt\/hjerte-speil-barnespeil-til-barnerommet\/#primaryimage","url":"https:\/\/babylove.se\/no\/wp-content\/uploads\/sites\/3\/2025\/07\/58f5f43078cb7.jpeg","contentUrl":"https:\/\/babylove.se\/no\/wp-content\/uploads\/sites\/3\/2025\/07\/58f5f43078cb7.jpeg","width":640,"height":640},{"@type":"BreadcrumbList","@id":"https:\/\/babylove.se\/no\/produkt\/hjerte-speil-barnespeil-til-barnerommet\/#breadcrumb","itemListElement":[{"@type":"ListItem","position":1,"name":"Hem","item":"https:\/\/babylove.se\/no\/"},{"@type":"ListItem","position":2,"name":"Butik","item":"https:\/\/babylove.se\/no\/butik\/"},{"@type":"ListItem","position":3,"name":"Hjerte Speil, Barnespeil til barnerommet"}]},{"@type":"WebSite","@id":"https:\/\/babylove.se\/no\/#website","url":"https:\/\/babylove.se\/no\/","name":"Babylove Norska","description":"","potentialAction":[{"@type":"SearchAction","target":{"@type":"EntryPoint","urlTemplate":"https:\/\/babylove.se\/no\/?s={search_term_string}"},"query-input":{"@type":"PropertyValueSpecification","valueRequired":true,"valueName":"search_term_string"}}],"inLanguage":"nb-NO"}]},"product_brand":"Babylove","product_price_amount":"299.00","product_price_currency":"SEK","og_availability":"out of stock","product_availability":"out of stock","product_retailer_item_id":"SimpleHeart","product_condition":"new"},"_links":{"self":[{"href":"https:\/\/babylove.se\/no\/wp-json\/wp\/v2\/product\/3072","targetHints":{"allow":["GET"]}}],"collection":[{"href":"https:\/\/babylove.se\/no\/wp-json\/wp\/v2\/product"}],"about":[{"href":"https:\/\/babylove.se\/no\/wp-json\/wp\/v2\/types\/product"}],"replies":[{"embeddable":true,"href":"https:\/\/babylove.se\/no\/wp-json\/wp\/v2\/comments?post=3072"}],"wp:featuredmedia":[{"embeddable":true,"href":"https:\/\/babylove.se\/no\/wp-json\/wp\/v2\/media\/3074"}],"wp:attachment":[{"href":"https:\/\/babylove.se\/no\/wp-json\/wp\/v2\/media?parent=3072"}],"wp:term":[{"taxonomy":"product_brand","embeddable":true,"href":"https:\/\/babylove.se\/no\/wp-json\/wp\/v2\/product_brand?post=3072"},{"taxonomy":"product_cat","embeddable":true,"href":"https:\/\/babylove.se\/no\/wp-json\/wp\/v2\/product_cat?post=3072"},{"taxonomy":"product_tag","embeddable":true,"href":"https:\/\/babylove.se\/no\/wp-json\/wp\/v2\/product_tag?post=3072"}],"curies":[{"name":"wp","href":"https:\/\/api.w.org\/{rel}","templated":true}]}}