{"id":30720,"date":"2025-07-19T00:14:47","date_gmt":"2025-07-18T23:14:47","guid":{"rendered":"https:\/\/babylove.se\/produkt\/mrs-mighetto-poster-avas-dragon\/"},"modified":"2026-04-08T11:47:22","modified_gmt":"2026-04-08T10:47:22","slug":"mrs-mighetto-plakat-avas-drage","status":"publish","type":"product","link":"https:\/\/babylove.se\/no\/produkt\/mrs-mighetto-plakat-avas-drage\/","title":{"rendered":"Mrs Mighetto, plakat Ava&#8217;s dragon"},"content":{"rendered":"<p>Fantastisk vakker plakat av svenske Mrs Mighetto. Med denne plakaten kan du enkelt skape en unik f\u00f8lelse i barneromsinnredningen din og barnet ditt kommer til \u00e5 elske de eventyrliknende motivene. <\/p>\n<p>Trykket er laget p\u00e5 et meget h\u00f8ykvalitets 170g matt papir. <\/p>\n<p><strong>M\u00e5l<\/strong>: Finnes i to st\u00f8rrelser <\/p>\n<ul type=\"disc\">\n<li>30&#215;40 cm<\/li>\n<li>50&#215;70 cm<\/li>\n<\/ul>\n<p>Designer: <a href=\"https:\/\/babylove.se\/varumarken\/mrs-mighetto\">Mrs Mighetto<\/a> <\/p>\n<p>&#8220;<em>Ava ble f\u00f8dt med et f\u00f8dselsmerke som s\u00e5 ut som et anker. Da hun senere fikk en halskjede som forestilte et anker forsto hun at dette var av betydning. Med sitt anker kaller hun p\u00e5 nyf\u00f8dte drager og er den eneste som kan l\u00e6re dem \u00e5 sv\u00f8mme og \u00e5 fly.<\/em><em>&#8220;<\/em><\/p>\n","protected":false},"excerpt":{"rendered":"<p>Fantastisk vakker plakat av svenske Mrs Mighetto. Med denne plakaten kan du enkelt skape en unik f\u00f8lelse i barneromsinnredningen din og barnet ditt kommer til \u00e5 elske de eventyrliknende motivene. Trykket er laget p\u00e5 et meget h\u00f8ykvalitets 170g matt papir. M\u00e5l: Finnes i to st\u00f8rrelser 30&#215;40 cm 50&#215;70 cm Designer: Mrs Mighetto &#8220;Ava ble f\u00f8dt [&hellip;]<\/p>\n","protected":false},"featured_media":30722,"comment_status":"open","ping_status":"closed","template":"","meta":{"_acf_changed":false},"product_brand":[974],"product_cat":[975,255],"product_tag":[1709],"class_list":{"0":"post-30720","1":"product","2":"type-product","3":"status-publish","4":"has-post-thumbnail","6":"product_brand-mrs-mighetto","7":"product_cat-mrs-mighetto","8":"product_cat-plakater","9":"product_tag-utforsalg","10":"pa_storlek-30x40-cm","11":"pa_storlek-50x70-cm","13":"first","14":"instock","15":"taxable","16":"shipping-taxable","17":"purchasable","18":"product-type-variable"},"acf":[],"yoast_head":"<!-- This site is optimized with the Yoast SEO Premium plugin v25.8 (Yoast SEO v27.2) - https:\/\/yoast.com\/product\/yoast-seo-premium-wordpress\/ -->\n<title>Mrs Mighetto, plakat Ava&#039;s dragon - Babylove Norska<\/title>\n<meta name=\"robots\" content=\"noindex, follow, max-snippet:-1, max-image-preview:large, max-video-preview:-1\" \/>\n<meta property=\"og:locale\" content=\"nb_NO\" \/>\n<meta property=\"og:type\" content=\"article\" \/>\n<meta property=\"og:title\" content=\"Mrs Mighetto, plakat Ava&#039;s dragon\" \/>\n<meta property=\"og:description\" content=\"Fantastisk vakker plakat av svenske Mrs Mighetto. Med denne plakaten kan du enkelt skape en unik f\u00f8lelse i barneromsinnredningen din og barnet ditt kommer til \u00e5 elske de eventyrliknende motivene. Trykket er laget p\u00e5 et meget h\u00f8ykvalitets 170g matt papir. M\u00e5l: Finnes i to st\u00f8rrelser 30&#215;40 cm 50&#215;70 cm Designer: Mrs Mighetto &#8220;Ava ble f\u00f8dt [&hellip;]\" \/>\n<meta property=\"og:url\" content=\"https:\/\/babylove.se\/no\/produkt\/mrs-mighetto-plakat-avas-drage\/\" \/>\n<meta property=\"og:site_name\" content=\"Babylove Norska\" \/>\n<meta property=\"article:modified_time\" content=\"2026-04-08T10:47:22+00:00\" \/>\n<meta property=\"og:image\" content=\"https:\/\/babylove.se\/no\/wp-content\/uploads\/sites\/3\/2025\/07\/61bc9e186c2cf.jpeg\" \/>\n\t<meta property=\"og:image:width\" content=\"540\" \/>\n\t<meta property=\"og:image:height\" content=\"810\" \/>\n\t<meta property=\"og:image:type\" content=\"image\/jpeg\" \/>\n<meta name=\"twitter:card\" content=\"summary_large_image\" \/>\n<meta name=\"twitter:label1\" content=\"Availability\" \/>\n\t<meta name=\"twitter:data1\" content=\"In stock\" \/>\n<script type=\"application\/ld+json\" class=\"yoast-schema-graph\">{\"@context\":\"https:\/\/schema.org\",\"@graph\":[{\"@type\":\"WebPage\",\"@id\":\"https:\/\/babylove.se\/no\/produkt\/mrs-mighetto-plakat-avas-drage\/\",\"url\":\"https:\/\/babylove.se\/no\/produkt\/mrs-mighetto-plakat-avas-drage\/\",\"name\":\"Mrs Mighetto, plakat Ava's dragon - Babylove Norska\",\"isPartOf\":{\"@id\":\"https:\/\/babylove.se\/no\/#website\"},\"primaryImageOfPage\":{\"@id\":\"https:\/\/babylove.se\/no\/produkt\/mrs-mighetto-plakat-avas-drage\/#primaryimage\"},\"image\":{\"@id\":\"https:\/\/babylove.se\/no\/produkt\/mrs-mighetto-plakat-avas-drage\/#primaryimage\"},\"thumbnailUrl\":\"https:\/\/babylove.se\/no\/wp-content\/uploads\/sites\/3\/2025\/07\/61bc9e186c2cf.jpeg\",\"datePublished\":\"2025-07-18T23:14:47+00:00\",\"dateModified\":\"2026-04-08T10:47:22+00:00\",\"breadcrumb\":{\"@id\":\"https:\/\/babylove.se\/no\/produkt\/mrs-mighetto-plakat-avas-drage\/#breadcrumb\"},\"inLanguage\":\"nb-NO\",\"potentialAction\":[{\"@type\":\"ReadAction\",\"target\":[\"https:\/\/babylove.se\/no\/produkt\/mrs-mighetto-plakat-avas-drage\/\"]}]},{\"@type\":\"ImageObject\",\"inLanguage\":\"nb-NO\",\"@id\":\"https:\/\/babylove.se\/no\/produkt\/mrs-mighetto-plakat-avas-drage\/#primaryimage\",\"url\":\"https:\/\/babylove.se\/no\/wp-content\/uploads\/sites\/3\/2025\/07\/61bc9e186c2cf.jpeg\",\"contentUrl\":\"https:\/\/babylove.se\/no\/wp-content\/uploads\/sites\/3\/2025\/07\/61bc9e186c2cf.jpeg\",\"width\":540,\"height\":810},{\"@type\":\"BreadcrumbList\",\"@id\":\"https:\/\/babylove.se\/no\/produkt\/mrs-mighetto-plakat-avas-drage\/#breadcrumb\",\"itemListElement\":[{\"@type\":\"ListItem\",\"position\":1,\"name\":\"Hem\",\"item\":\"https:\/\/babylove.se\/no\/\"},{\"@type\":\"ListItem\",\"position\":2,\"name\":\"Butik\",\"item\":\"https:\/\/babylove.se\/no\/butik\/\"},{\"@type\":\"ListItem\",\"position\":3,\"name\":\"Mrs Mighetto, plakat Ava&#8217;s dragon\"}]},{\"@type\":\"WebSite\",\"@id\":\"https:\/\/babylove.se\/no\/#website\",\"url\":\"https:\/\/babylove.se\/no\/\",\"name\":\"Babylove Norska\",\"description\":\"\",\"potentialAction\":[{\"@type\":\"SearchAction\",\"target\":{\"@type\":\"EntryPoint\",\"urlTemplate\":\"https:\/\/babylove.se\/no\/?s={search_term_string}\"},\"query-input\":{\"@type\":\"PropertyValueSpecification\",\"valueRequired\":true,\"valueName\":\"search_term_string\"}}],\"inLanguage\":\"nb-NO\"}]}<\/script>\n<meta property=\"product:brand\" content=\"Mrs Mighetto\" \/>\n<meta property=\"og:availability\" content=\"instock\" \/>\n<meta property=\"product:availability\" content=\"instock\" \/>\n<meta property=\"product:retailer_item_id\" content=\"PO-AVA\" \/>\n<meta property=\"product:condition\" content=\"new\" \/>\n<!-- \/ Yoast SEO Premium plugin. -->","yoast_head_json":{"title":"Mrs Mighetto, plakat Ava's dragon - Babylove Norska","robots":{"index":"noindex","follow":"follow","max-snippet":"max-snippet:-1","max-image-preview":"max-image-preview:large","max-video-preview":"max-video-preview:-1"},"og_locale":"nb_NO","og_type":"article","og_title":"Mrs Mighetto, plakat Ava's dragon","og_description":"Fantastisk vakker plakat av svenske Mrs Mighetto. Med denne plakaten kan du enkelt skape en unik f\u00f8lelse i barneromsinnredningen din og barnet ditt kommer til \u00e5 elske de eventyrliknende motivene. Trykket er laget p\u00e5 et meget h\u00f8ykvalitets 170g matt papir. M\u00e5l: Finnes i to st\u00f8rrelser 30&#215;40 cm 50&#215;70 cm Designer: Mrs Mighetto &#8220;Ava ble f\u00f8dt [&hellip;]","og_url":"https:\/\/babylove.se\/no\/produkt\/mrs-mighetto-plakat-avas-drage\/","og_site_name":"Babylove Norska","article_modified_time":"2026-04-08T10:47:22+00:00","og_image":[{"width":540,"height":810,"url":"https:\/\/babylove.se\/no\/wp-content\/uploads\/sites\/3\/2025\/07\/61bc9e186c2cf.jpeg","type":"image\/jpeg"}],"twitter_card":"summary_large_image","twitter_misc":{"Availability":"In stock"},"schema":{"@context":"https:\/\/schema.org","@graph":[{"@type":"WebPage","@id":"https:\/\/babylove.se\/no\/produkt\/mrs-mighetto-plakat-avas-drage\/","url":"https:\/\/babylove.se\/no\/produkt\/mrs-mighetto-plakat-avas-drage\/","name":"Mrs Mighetto, plakat Ava's dragon - Babylove Norska","isPartOf":{"@id":"https:\/\/babylove.se\/no\/#website"},"primaryImageOfPage":{"@id":"https:\/\/babylove.se\/no\/produkt\/mrs-mighetto-plakat-avas-drage\/#primaryimage"},"image":{"@id":"https:\/\/babylove.se\/no\/produkt\/mrs-mighetto-plakat-avas-drage\/#primaryimage"},"thumbnailUrl":"https:\/\/babylove.se\/no\/wp-content\/uploads\/sites\/3\/2025\/07\/61bc9e186c2cf.jpeg","datePublished":"2025-07-18T23:14:47+00:00","dateModified":"2026-04-08T10:47:22+00:00","breadcrumb":{"@id":"https:\/\/babylove.se\/no\/produkt\/mrs-mighetto-plakat-avas-drage\/#breadcrumb"},"inLanguage":"nb-NO","potentialAction":[{"@type":"ReadAction","target":["https:\/\/babylove.se\/no\/produkt\/mrs-mighetto-plakat-avas-drage\/"]}]},{"@type":"ImageObject","inLanguage":"nb-NO","@id":"https:\/\/babylove.se\/no\/produkt\/mrs-mighetto-plakat-avas-drage\/#primaryimage","url":"https:\/\/babylove.se\/no\/wp-content\/uploads\/sites\/3\/2025\/07\/61bc9e186c2cf.jpeg","contentUrl":"https:\/\/babylove.se\/no\/wp-content\/uploads\/sites\/3\/2025\/07\/61bc9e186c2cf.jpeg","width":540,"height":810},{"@type":"BreadcrumbList","@id":"https:\/\/babylove.se\/no\/produkt\/mrs-mighetto-plakat-avas-drage\/#breadcrumb","itemListElement":[{"@type":"ListItem","position":1,"name":"Hem","item":"https:\/\/babylove.se\/no\/"},{"@type":"ListItem","position":2,"name":"Butik","item":"https:\/\/babylove.se\/no\/butik\/"},{"@type":"ListItem","position":3,"name":"Mrs Mighetto, plakat Ava&#8217;s dragon"}]},{"@type":"WebSite","@id":"https:\/\/babylove.se\/no\/#website","url":"https:\/\/babylove.se\/no\/","name":"Babylove Norska","description":"","potentialAction":[{"@type":"SearchAction","target":{"@type":"EntryPoint","urlTemplate":"https:\/\/babylove.se\/no\/?s={search_term_string}"},"query-input":{"@type":"PropertyValueSpecification","valueRequired":true,"valueName":"search_term_string"}}],"inLanguage":"nb-NO"}]},"product_brand":"Mrs Mighetto","og_availability":"instock","product_availability":"instock","product_retailer_item_id":"PO-AVA","product_condition":"new"},"_links":{"self":[{"href":"https:\/\/babylove.se\/no\/wp-json\/wp\/v2\/product\/30720","targetHints":{"allow":["GET"]}}],"collection":[{"href":"https:\/\/babylove.se\/no\/wp-json\/wp\/v2\/product"}],"about":[{"href":"https:\/\/babylove.se\/no\/wp-json\/wp\/v2\/types\/product"}],"replies":[{"embeddable":true,"href":"https:\/\/babylove.se\/no\/wp-json\/wp\/v2\/comments?post=30720"}],"wp:featuredmedia":[{"embeddable":true,"href":"https:\/\/babylove.se\/no\/wp-json\/wp\/v2\/media\/30722"}],"wp:attachment":[{"href":"https:\/\/babylove.se\/no\/wp-json\/wp\/v2\/media?parent=30720"}],"wp:term":[{"taxonomy":"product_brand","embeddable":true,"href":"https:\/\/babylove.se\/no\/wp-json\/wp\/v2\/product_brand?post=30720"},{"taxonomy":"product_cat","embeddable":true,"href":"https:\/\/babylove.se\/no\/wp-json\/wp\/v2\/product_cat?post=30720"},{"taxonomy":"product_tag","embeddable":true,"href":"https:\/\/babylove.se\/no\/wp-json\/wp\/v2\/product_tag?post=30720"}],"curies":[{"name":"wp","href":"https:\/\/api.w.org\/{rel}","templated":true}]}}