{"id":30833,"date":"2025-07-19T00:15:46","date_gmt":"2025-07-18T23:15:46","guid":{"rendered":"https:\/\/babylove.se\/produkt\/liewood-buck-kassaapparat-blue-fog-multi-mix\/"},"modified":"2026-04-08T11:48:20","modified_gmt":"2026-04-08T10:48:20","slug":"liewood-buck-kasseapparat-blue-fog-multi-mix","status":"publish","type":"product","link":"https:\/\/babylove.se\/no\/produkt\/liewood-buck-kasseapparat-blue-fog-multi-mix\/","title":{"rendered":"Liewood, Buck kasseapparat, Blue fog multi mix"},"content":{"rendered":"<p>En fin kassaapparat laget av tre vil gi masse glede og lek til barnet ditt som i tillegg vil f\u00e5 trene mattekunnskapene sine p\u00e5 kj\u00f8pet. N\u00e5r som helst kan de \u00e5pne en liten kiosk eller en butikk og la foreldrene eller kosedyrene handle av dem. <\/p>\n<p>Kassaapparatet har trykkbare knapper, uttrekkbar skuff og myntrom. Det f\u00f8lger ogs\u00e5 med ti tall 0-9, fire mynter og et kredittkort som kan dras i kassaapparatet. <\/p>\n<p>Passer utmerket som bursdagsaktivitet! <\/p>\n<p><strong>Materia<\/strong><strong>l<\/strong>: 100% tre <\/p>\n<p><strong>M\u00e5l<\/strong>: 24 x 20 x 21 cm <\/p>\n<p>Designer:<a href=\"https:\/\/babylove.se\/varumarken\/liewood\"> Liewood<\/a><\/p>\n","protected":false},"excerpt":{"rendered":"<p>En fin kassaapparat laget av tre vil gi masse glede og lek til barnet ditt som i tillegg vil f\u00e5 trene mattekunnskapene sine p\u00e5 kj\u00f8pet. N\u00e5r som helst kan de \u00e5pne en liten kiosk eller en butikk og la foreldrene eller kosedyrene handle av dem. Kassaapparatet har trykkbare knapper, uttrekkbar skuff og myntrom. Det f\u00f8lger [&hellip;]<\/p>\n","protected":false},"featured_media":30835,"comment_status":"closed","ping_status":"closed","template":"","meta":{"_acf_changed":false},"product_brand":[282],"product_cat":[72,68,283,322,112],"product_tag":[],"class_list":{"0":"post-30833","1":"product","2":"type-product","3":"status-publish","4":"has-post-thumbnail","6":"product_brand-liewood","7":"product_cat-julegaver","8":"product_cat-leker","9":"product_cat-liewood","10":"product_cat-rollespill","11":"product_cat-treleker","13":"first","14":"outofstock","15":"taxable","16":"shipping-taxable","17":"purchasable","18":"product-type-simple"},"acf":[],"yoast_head":"<!-- This site is optimized with the Yoast SEO Premium plugin v25.8 (Yoast SEO v27.2) - https:\/\/yoast.com\/product\/yoast-seo-premium-wordpress\/ -->\n<title>Liewood, Buck kasseapparat, Blue fog multi mix - Babylove Norska<\/title>\n<meta name=\"robots\" content=\"noindex, follow, max-snippet:-1, max-image-preview:large, max-video-preview:-1\" \/>\n<meta property=\"og:locale\" content=\"nb_NO\" \/>\n<meta property=\"og:type\" content=\"article\" \/>\n<meta property=\"og:title\" content=\"Liewood, Buck kasseapparat, Blue fog multi mix\" \/>\n<meta property=\"og:description\" content=\"En fin kassaapparat laget av tre vil gi masse glede og lek til barnet ditt som i tillegg vil f\u00e5 trene mattekunnskapene sine p\u00e5 kj\u00f8pet. N\u00e5r som helst kan de \u00e5pne en liten kiosk eller en butikk og la foreldrene eller kosedyrene handle av dem. Kassaapparatet har trykkbare knapper, uttrekkbar skuff og myntrom. Det f\u00f8lger [&hellip;]\" \/>\n<meta property=\"og:url\" content=\"https:\/\/babylove.se\/no\/produkt\/liewood-buck-kasseapparat-blue-fog-multi-mix\/\" \/>\n<meta property=\"og:site_name\" content=\"Babylove Norska\" \/>\n<meta property=\"article:modified_time\" content=\"2026-04-08T10:48:20+00:00\" \/>\n<meta property=\"og:image\" content=\"https:\/\/babylove.se\/no\/wp-content\/uploads\/sites\/3\/2025\/07\/61c2f7e5150d2.jpeg\" \/>\n\t<meta property=\"og:image:width\" content=\"800\" \/>\n\t<meta property=\"og:image:height\" content=\"800\" \/>\n\t<meta property=\"og:image:type\" content=\"image\/jpeg\" \/>\n<meta name=\"twitter:card\" content=\"summary_large_image\" \/>\n<meta name=\"twitter:label1\" content=\"Price\" \/>\n\t<meta name=\"twitter:data1\" content=\"649,00&nbsp;&#107;&#114;\" \/>\n\t<meta name=\"twitter:label2\" content=\"Availability\" \/>\n\t<meta name=\"twitter:data2\" content=\"Out of stock\" \/>\n<script type=\"application\/ld+json\" class=\"yoast-schema-graph\">{\"@context\":\"https:\/\/schema.org\",\"@graph\":[{\"@type\":\"WebPage\",\"@id\":\"https:\/\/babylove.se\/no\/produkt\/liewood-buck-kasseapparat-blue-fog-multi-mix\/\",\"url\":\"https:\/\/babylove.se\/no\/produkt\/liewood-buck-kasseapparat-blue-fog-multi-mix\/\",\"name\":\"Liewood, Buck kasseapparat, Blue fog multi mix - Babylove Norska\",\"isPartOf\":{\"@id\":\"https:\/\/babylove.se\/no\/#website\"},\"primaryImageOfPage\":{\"@id\":\"https:\/\/babylove.se\/no\/produkt\/liewood-buck-kasseapparat-blue-fog-multi-mix\/#primaryimage\"},\"image\":{\"@id\":\"https:\/\/babylove.se\/no\/produkt\/liewood-buck-kasseapparat-blue-fog-multi-mix\/#primaryimage\"},\"thumbnailUrl\":\"https:\/\/babylove.se\/no\/wp-content\/uploads\/sites\/3\/2025\/07\/61c2f7e5150d2.jpeg\",\"datePublished\":\"2025-07-18T23:15:46+00:00\",\"dateModified\":\"2026-04-08T10:48:20+00:00\",\"breadcrumb\":{\"@id\":\"https:\/\/babylove.se\/no\/produkt\/liewood-buck-kasseapparat-blue-fog-multi-mix\/#breadcrumb\"},\"inLanguage\":\"nb-NO\",\"potentialAction\":[{\"@type\":\"ReadAction\",\"target\":[\"https:\/\/babylove.se\/no\/produkt\/liewood-buck-kasseapparat-blue-fog-multi-mix\/\"]}]},{\"@type\":\"ImageObject\",\"inLanguage\":\"nb-NO\",\"@id\":\"https:\/\/babylove.se\/no\/produkt\/liewood-buck-kasseapparat-blue-fog-multi-mix\/#primaryimage\",\"url\":\"https:\/\/babylove.se\/no\/wp-content\/uploads\/sites\/3\/2025\/07\/61c2f7e5150d2.jpeg\",\"contentUrl\":\"https:\/\/babylove.se\/no\/wp-content\/uploads\/sites\/3\/2025\/07\/61c2f7e5150d2.jpeg\",\"width\":800,\"height\":800},{\"@type\":\"BreadcrumbList\",\"@id\":\"https:\/\/babylove.se\/no\/produkt\/liewood-buck-kasseapparat-blue-fog-multi-mix\/#breadcrumb\",\"itemListElement\":[{\"@type\":\"ListItem\",\"position\":1,\"name\":\"Hem\",\"item\":\"https:\/\/babylove.se\/no\/\"},{\"@type\":\"ListItem\",\"position\":2,\"name\":\"Butik\",\"item\":\"https:\/\/babylove.se\/no\/butik\/\"},{\"@type\":\"ListItem\",\"position\":3,\"name\":\"Liewood, Buck kasseapparat, Blue fog multi mix\"}]},{\"@type\":\"WebSite\",\"@id\":\"https:\/\/babylove.se\/no\/#website\",\"url\":\"https:\/\/babylove.se\/no\/\",\"name\":\"Babylove Norska\",\"description\":\"\",\"potentialAction\":[{\"@type\":\"SearchAction\",\"target\":{\"@type\":\"EntryPoint\",\"urlTemplate\":\"https:\/\/babylove.se\/no\/?s={search_term_string}\"},\"query-input\":{\"@type\":\"PropertyValueSpecification\",\"valueRequired\":true,\"valueName\":\"search_term_string\"}}],\"inLanguage\":\"nb-NO\"}]}<\/script>\n<meta property=\"product:brand\" content=\"Liewood\" \/>\n<meta property=\"product:price:amount\" content=\"649.00\" \/>\n<meta property=\"product:price:currency\" content=\"SEK\" \/>\n<meta property=\"og:availability\" content=\"out of stock\" \/>\n<meta property=\"product:availability\" content=\"out of stock\" \/>\n<meta property=\"product:retailer_item_id\" content=\"LW143876944\" \/>\n<meta property=\"product:condition\" content=\"new\" \/>\n<!-- \/ Yoast SEO Premium plugin. -->","yoast_head_json":{"title":"Liewood, Buck kasseapparat, Blue fog multi mix - Babylove Norska","robots":{"index":"noindex","follow":"follow","max-snippet":"max-snippet:-1","max-image-preview":"max-image-preview:large","max-video-preview":"max-video-preview:-1"},"og_locale":"nb_NO","og_type":"article","og_title":"Liewood, Buck kasseapparat, Blue fog multi mix","og_description":"En fin kassaapparat laget av tre vil gi masse glede og lek til barnet ditt som i tillegg vil f\u00e5 trene mattekunnskapene sine p\u00e5 kj\u00f8pet. N\u00e5r som helst kan de \u00e5pne en liten kiosk eller en butikk og la foreldrene eller kosedyrene handle av dem. Kassaapparatet har trykkbare knapper, uttrekkbar skuff og myntrom. Det f\u00f8lger [&hellip;]","og_url":"https:\/\/babylove.se\/no\/produkt\/liewood-buck-kasseapparat-blue-fog-multi-mix\/","og_site_name":"Babylove Norska","article_modified_time":"2026-04-08T10:48:20+00:00","og_image":[{"width":800,"height":800,"url":"https:\/\/babylove.se\/no\/wp-content\/uploads\/sites\/3\/2025\/07\/61c2f7e5150d2.jpeg","type":"image\/jpeg"}],"twitter_card":"summary_large_image","twitter_misc":{"Price":"649,00&nbsp;&#107;&#114;","Availability":"Out of stock"},"schema":{"@context":"https:\/\/schema.org","@graph":[{"@type":"WebPage","@id":"https:\/\/babylove.se\/no\/produkt\/liewood-buck-kasseapparat-blue-fog-multi-mix\/","url":"https:\/\/babylove.se\/no\/produkt\/liewood-buck-kasseapparat-blue-fog-multi-mix\/","name":"Liewood, Buck kasseapparat, Blue fog multi mix - Babylove Norska","isPartOf":{"@id":"https:\/\/babylove.se\/no\/#website"},"primaryImageOfPage":{"@id":"https:\/\/babylove.se\/no\/produkt\/liewood-buck-kasseapparat-blue-fog-multi-mix\/#primaryimage"},"image":{"@id":"https:\/\/babylove.se\/no\/produkt\/liewood-buck-kasseapparat-blue-fog-multi-mix\/#primaryimage"},"thumbnailUrl":"https:\/\/babylove.se\/no\/wp-content\/uploads\/sites\/3\/2025\/07\/61c2f7e5150d2.jpeg","datePublished":"2025-07-18T23:15:46+00:00","dateModified":"2026-04-08T10:48:20+00:00","breadcrumb":{"@id":"https:\/\/babylove.se\/no\/produkt\/liewood-buck-kasseapparat-blue-fog-multi-mix\/#breadcrumb"},"inLanguage":"nb-NO","potentialAction":[{"@type":"ReadAction","target":["https:\/\/babylove.se\/no\/produkt\/liewood-buck-kasseapparat-blue-fog-multi-mix\/"]}]},{"@type":"ImageObject","inLanguage":"nb-NO","@id":"https:\/\/babylove.se\/no\/produkt\/liewood-buck-kasseapparat-blue-fog-multi-mix\/#primaryimage","url":"https:\/\/babylove.se\/no\/wp-content\/uploads\/sites\/3\/2025\/07\/61c2f7e5150d2.jpeg","contentUrl":"https:\/\/babylove.se\/no\/wp-content\/uploads\/sites\/3\/2025\/07\/61c2f7e5150d2.jpeg","width":800,"height":800},{"@type":"BreadcrumbList","@id":"https:\/\/babylove.se\/no\/produkt\/liewood-buck-kasseapparat-blue-fog-multi-mix\/#breadcrumb","itemListElement":[{"@type":"ListItem","position":1,"name":"Hem","item":"https:\/\/babylove.se\/no\/"},{"@type":"ListItem","position":2,"name":"Butik","item":"https:\/\/babylove.se\/no\/butik\/"},{"@type":"ListItem","position":3,"name":"Liewood, Buck kasseapparat, Blue fog multi mix"}]},{"@type":"WebSite","@id":"https:\/\/babylove.se\/no\/#website","url":"https:\/\/babylove.se\/no\/","name":"Babylove Norska","description":"","potentialAction":[{"@type":"SearchAction","target":{"@type":"EntryPoint","urlTemplate":"https:\/\/babylove.se\/no\/?s={search_term_string}"},"query-input":{"@type":"PropertyValueSpecification","valueRequired":true,"valueName":"search_term_string"}}],"inLanguage":"nb-NO"}]},"product_brand":"Liewood","product_price_amount":"649.00","product_price_currency":"SEK","og_availability":"out of stock","product_availability":"out of stock","product_retailer_item_id":"LW143876944","product_condition":"new"},"_links":{"self":[{"href":"https:\/\/babylove.se\/no\/wp-json\/wp\/v2\/product\/30833","targetHints":{"allow":["GET"]}}],"collection":[{"href":"https:\/\/babylove.se\/no\/wp-json\/wp\/v2\/product"}],"about":[{"href":"https:\/\/babylove.se\/no\/wp-json\/wp\/v2\/types\/product"}],"replies":[{"embeddable":true,"href":"https:\/\/babylove.se\/no\/wp-json\/wp\/v2\/comments?post=30833"}],"wp:featuredmedia":[{"embeddable":true,"href":"https:\/\/babylove.se\/no\/wp-json\/wp\/v2\/media\/30835"}],"wp:attachment":[{"href":"https:\/\/babylove.se\/no\/wp-json\/wp\/v2\/media?parent=30833"}],"wp:term":[{"taxonomy":"product_brand","embeddable":true,"href":"https:\/\/babylove.se\/no\/wp-json\/wp\/v2\/product_brand?post=30833"},{"taxonomy":"product_cat","embeddable":true,"href":"https:\/\/babylove.se\/no\/wp-json\/wp\/v2\/product_cat?post=30833"},{"taxonomy":"product_tag","embeddable":true,"href":"https:\/\/babylove.se\/no\/wp-json\/wp\/v2\/product_tag?post=30833"}],"curies":[{"name":"wp","href":"https:\/\/api.w.org\/{rel}","templated":true}]}}