{"id":31039,"date":"2025-07-19T00:19:09","date_gmt":"2025-07-18T23:19:09","guid":{"rendered":"https:\/\/babylove.se\/produkt\/personlig-staende-bokstav\/"},"modified":"2026-04-08T11:49:20","modified_gmt":"2026-04-08T10:49:20","slug":"personlig-staende-bokstav","status":"publish","type":"product","link":"https:\/\/babylove.se\/no\/produkt\/personlig-staende-bokstav\/","title":{"rendered":"Personlig st\u00e5ende bokstav"},"content":{"rendered":"<p>En fin og personlig dekorasjon i form av en bokstav av tre med valgfritt navn. Passer perfekt p\u00e5 barnerommet eller som en d\u00e5psdekorasjon.&nbsp;<\/p>\n<p><span>Bokstaven produseres i Sverige.&nbsp;<\/span><\/p>\n<p><span><strong>M\u00e5l<\/strong>: H\u00f8yde 20 cm. Bredden varierer avhengig av bokstav.<\/span><\/p>\n<p><strong>Tykkelse<\/strong>: 8 mm.&nbsp;<\/p>\n<p><span><strong>Materiale<\/strong>: Bj\u00f8rkefiner, malt med barnesikker farge.&nbsp;<\/span><\/p>\n<p>Finnes i fargene: aprikos, bl\u00e5 (lys), bl\u00e5 (m\u00f8rk), gammelrosa, gr\u00e5 (lys), gr\u00e5 (mellom), gr\u00e5 (m\u00f8rk), gr\u00f8nn (lys), gr\u00f8nn (m\u00f8rk), gul (lys), gul (m\u00f8rk), himmelsbl\u00e5, hot pink, jade, lilla (lys), lilla (m\u00f8rk), mullvarp, oransje, rosa (lys), rosa (m\u00f8rk), r\u00f8d, svart, hvit og natur (umalt tre).<\/p>\n<p><span>Designer: Pyssl<\/span><\/p>\n<p><em>OBS! Kontroller stavem\u00e5ten p\u00e5 \u00f8nsket navn!<\/em><\/p>\n","protected":false},"excerpt":{"rendered":"<p>En fin og personlig dekorasjon i form av en bokstav av tre med valgfritt navn. Passer perfekt p\u00e5 barnerommet eller som en d\u00e5psdekorasjon.&nbsp; Bokstaven produseres i Sverige.&nbsp; M\u00e5l: H\u00f8yde 20 cm. Bredden varierer avhengig av bokstav. Tykkelse: 8 mm.&nbsp; Materiale: Bj\u00f8rkefiner, malt med barnesikker farge.&nbsp; Finnes i fargene: aprikos, bl\u00e5 (lys), bl\u00e5 (m\u00f8rk), gammelrosa, gr\u00e5 [&hellip;]<\/p>\n","protected":false},"featured_media":31041,"comment_status":"closed","ping_status":"open","template":"","meta":{"_acf_changed":false},"product_brand":[778],"product_cat":[75,74,779,29],"product_tag":[1689],"class_list":{"0":"post-31039","1":"product","2":"type-product","3":"status-publish","4":"has-post-thumbnail","6":"product_brand-varberg-laser","7":"product_cat-julklappar-med-gravering-broderi","8":"product_cat-personlige-dapsgaver","9":"product_cat-vl","10":"product_cat-veggdekorasjoner","11":"product_tag-bestillingsvaror","13":"first","14":"instock","15":"taxable","16":"shipping-taxable","17":"purchasable","18":"product-type-simple"},"acf":[],"yoast_head":"<!-- This site is optimized with the Yoast SEO Premium plugin v25.8 (Yoast SEO v27.2) - https:\/\/yoast.com\/product\/yoast-seo-premium-wordpress\/ -->\n<title>Personlig st\u00e5ende bokstav - Babylove Norska<\/title>\n<meta name=\"robots\" content=\"noindex, follow, max-snippet:-1, max-image-preview:large, max-video-preview:-1\" \/>\n<meta property=\"og:locale\" content=\"nb_NO\" \/>\n<meta property=\"og:type\" content=\"article\" \/>\n<meta property=\"og:title\" content=\"Personlig st\u00e5ende bokstav\" \/>\n<meta property=\"og:description\" content=\"En fin og personlig dekorasjon i form av en bokstav av tre med valgfritt navn. Passer perfekt p\u00e5 barnerommet eller som en d\u00e5psdekorasjon.&nbsp; Bokstaven produseres i Sverige.&nbsp; M\u00e5l: H\u00f8yde 20 cm. Bredden varierer avhengig av bokstav. Tykkelse: 8 mm.&nbsp; Materiale: Bj\u00f8rkefiner, malt med barnesikker farge.&nbsp; Finnes i fargene: aprikos, bl\u00e5 (lys), bl\u00e5 (m\u00f8rk), gammelrosa, gr\u00e5 [&hellip;]\" \/>\n<meta property=\"og:url\" content=\"https:\/\/babylove.se\/no\/produkt\/personlig-staende-bokstav\/\" \/>\n<meta property=\"og:site_name\" content=\"Babylove Norska\" \/>\n<meta property=\"article:modified_time\" content=\"2026-04-08T10:49:20+00:00\" \/>\n<meta property=\"og:image\" content=\"https:\/\/babylove.se\/no\/wp-content\/uploads\/sites\/3\/2025\/07\/62628db2711e5.jpeg\" \/>\n\t<meta property=\"og:image:width\" content=\"756\" \/>\n\t<meta property=\"og:image:height\" content=\"756\" \/>\n\t<meta property=\"og:image:type\" content=\"image\/jpeg\" \/>\n<meta name=\"twitter:card\" content=\"summary_large_image\" \/>\n<meta name=\"twitter:label1\" content=\"Price\" \/>\n\t<meta name=\"twitter:data1\" content=\"369,00&nbsp;&#107;&#114;\" \/>\n\t<meta name=\"twitter:label2\" content=\"Availability\" \/>\n\t<meta name=\"twitter:data2\" content=\"In stock\" \/>\n<script type=\"application\/ld+json\" class=\"yoast-schema-graph\">{\"@context\":\"https:\/\/schema.org\",\"@graph\":[{\"@type\":\"WebPage\",\"@id\":\"https:\/\/babylove.se\/no\/produkt\/personlig-staende-bokstav\/\",\"url\":\"https:\/\/babylove.se\/no\/produkt\/personlig-staende-bokstav\/\",\"name\":\"Personlig st\u00e5ende bokstav - Babylove Norska\",\"isPartOf\":{\"@id\":\"https:\/\/babylove.se\/no\/#website\"},\"primaryImageOfPage\":{\"@id\":\"https:\/\/babylove.se\/no\/produkt\/personlig-staende-bokstav\/#primaryimage\"},\"image\":{\"@id\":\"https:\/\/babylove.se\/no\/produkt\/personlig-staende-bokstav\/#primaryimage\"},\"thumbnailUrl\":\"https:\/\/babylove.se\/no\/wp-content\/uploads\/sites\/3\/2025\/07\/62628db2711e5.jpeg\",\"datePublished\":\"2025-07-18T23:19:09+00:00\",\"dateModified\":\"2026-04-08T10:49:20+00:00\",\"breadcrumb\":{\"@id\":\"https:\/\/babylove.se\/no\/produkt\/personlig-staende-bokstav\/#breadcrumb\"},\"inLanguage\":\"nb-NO\",\"potentialAction\":[{\"@type\":\"ReadAction\",\"target\":[\"https:\/\/babylove.se\/no\/produkt\/personlig-staende-bokstav\/\"]}]},{\"@type\":\"ImageObject\",\"inLanguage\":\"nb-NO\",\"@id\":\"https:\/\/babylove.se\/no\/produkt\/personlig-staende-bokstav\/#primaryimage\",\"url\":\"https:\/\/babylove.se\/no\/wp-content\/uploads\/sites\/3\/2025\/07\/62628db2711e5.jpeg\",\"contentUrl\":\"https:\/\/babylove.se\/no\/wp-content\/uploads\/sites\/3\/2025\/07\/62628db2711e5.jpeg\",\"width\":756,\"height\":756},{\"@type\":\"BreadcrumbList\",\"@id\":\"https:\/\/babylove.se\/no\/produkt\/personlig-staende-bokstav\/#breadcrumb\",\"itemListElement\":[{\"@type\":\"ListItem\",\"position\":1,\"name\":\"Hem\",\"item\":\"https:\/\/babylove.se\/no\/\"},{\"@type\":\"ListItem\",\"position\":2,\"name\":\"Butik\",\"item\":\"https:\/\/babylove.se\/no\/butik\/\"},{\"@type\":\"ListItem\",\"position\":3,\"name\":\"Personlig st\u00e5ende bokstav\"}]},{\"@type\":\"WebSite\",\"@id\":\"https:\/\/babylove.se\/no\/#website\",\"url\":\"https:\/\/babylove.se\/no\/\",\"name\":\"Babylove Norska\",\"description\":\"\",\"potentialAction\":[{\"@type\":\"SearchAction\",\"target\":{\"@type\":\"EntryPoint\",\"urlTemplate\":\"https:\/\/babylove.se\/no\/?s={search_term_string}\"},\"query-input\":{\"@type\":\"PropertyValueSpecification\",\"valueRequired\":true,\"valueName\":\"search_term_string\"}}],\"inLanguage\":\"nb-NO\"}]}<\/script>\n<meta property=\"product:brand\" content=\"Varberg Laser\" \/>\n<meta property=\"product:price:amount\" content=\"369.00\" \/>\n<meta property=\"product:price:currency\" content=\"SEK\" \/>\n<meta property=\"og:availability\" content=\"instock\" \/>\n<meta property=\"product:availability\" content=\"instock\" \/>\n<meta property=\"product:retailer_item_id\" content=\"10135\" \/>\n<meta property=\"product:condition\" content=\"new\" \/>\n<!-- \/ Yoast SEO Premium plugin. -->","yoast_head_json":{"title":"Personlig st\u00e5ende bokstav - Babylove Norska","robots":{"index":"noindex","follow":"follow","max-snippet":"max-snippet:-1","max-image-preview":"max-image-preview:large","max-video-preview":"max-video-preview:-1"},"og_locale":"nb_NO","og_type":"article","og_title":"Personlig st\u00e5ende bokstav","og_description":"En fin og personlig dekorasjon i form av en bokstav av tre med valgfritt navn. Passer perfekt p\u00e5 barnerommet eller som en d\u00e5psdekorasjon.&nbsp; Bokstaven produseres i Sverige.&nbsp; M\u00e5l: H\u00f8yde 20 cm. Bredden varierer avhengig av bokstav. Tykkelse: 8 mm.&nbsp; Materiale: Bj\u00f8rkefiner, malt med barnesikker farge.&nbsp; Finnes i fargene: aprikos, bl\u00e5 (lys), bl\u00e5 (m\u00f8rk), gammelrosa, gr\u00e5 [&hellip;]","og_url":"https:\/\/babylove.se\/no\/produkt\/personlig-staende-bokstav\/","og_site_name":"Babylove Norska","article_modified_time":"2026-04-08T10:49:20+00:00","og_image":[{"width":756,"height":756,"url":"https:\/\/babylove.se\/no\/wp-content\/uploads\/sites\/3\/2025\/07\/62628db2711e5.jpeg","type":"image\/jpeg"}],"twitter_card":"summary_large_image","twitter_misc":{"Price":"369,00&nbsp;&#107;&#114;","Availability":"In stock"},"schema":{"@context":"https:\/\/schema.org","@graph":[{"@type":"WebPage","@id":"https:\/\/babylove.se\/no\/produkt\/personlig-staende-bokstav\/","url":"https:\/\/babylove.se\/no\/produkt\/personlig-staende-bokstav\/","name":"Personlig st\u00e5ende bokstav - Babylove Norska","isPartOf":{"@id":"https:\/\/babylove.se\/no\/#website"},"primaryImageOfPage":{"@id":"https:\/\/babylove.se\/no\/produkt\/personlig-staende-bokstav\/#primaryimage"},"image":{"@id":"https:\/\/babylove.se\/no\/produkt\/personlig-staende-bokstav\/#primaryimage"},"thumbnailUrl":"https:\/\/babylove.se\/no\/wp-content\/uploads\/sites\/3\/2025\/07\/62628db2711e5.jpeg","datePublished":"2025-07-18T23:19:09+00:00","dateModified":"2026-04-08T10:49:20+00:00","breadcrumb":{"@id":"https:\/\/babylove.se\/no\/produkt\/personlig-staende-bokstav\/#breadcrumb"},"inLanguage":"nb-NO","potentialAction":[{"@type":"ReadAction","target":["https:\/\/babylove.se\/no\/produkt\/personlig-staende-bokstav\/"]}]},{"@type":"ImageObject","inLanguage":"nb-NO","@id":"https:\/\/babylove.se\/no\/produkt\/personlig-staende-bokstav\/#primaryimage","url":"https:\/\/babylove.se\/no\/wp-content\/uploads\/sites\/3\/2025\/07\/62628db2711e5.jpeg","contentUrl":"https:\/\/babylove.se\/no\/wp-content\/uploads\/sites\/3\/2025\/07\/62628db2711e5.jpeg","width":756,"height":756},{"@type":"BreadcrumbList","@id":"https:\/\/babylove.se\/no\/produkt\/personlig-staende-bokstav\/#breadcrumb","itemListElement":[{"@type":"ListItem","position":1,"name":"Hem","item":"https:\/\/babylove.se\/no\/"},{"@type":"ListItem","position":2,"name":"Butik","item":"https:\/\/babylove.se\/no\/butik\/"},{"@type":"ListItem","position":3,"name":"Personlig st\u00e5ende bokstav"}]},{"@type":"WebSite","@id":"https:\/\/babylove.se\/no\/#website","url":"https:\/\/babylove.se\/no\/","name":"Babylove Norska","description":"","potentialAction":[{"@type":"SearchAction","target":{"@type":"EntryPoint","urlTemplate":"https:\/\/babylove.se\/no\/?s={search_term_string}"},"query-input":{"@type":"PropertyValueSpecification","valueRequired":true,"valueName":"search_term_string"}}],"inLanguage":"nb-NO"}]},"product_brand":"Varberg Laser","product_price_amount":"369.00","product_price_currency":"SEK","og_availability":"instock","product_availability":"instock","product_retailer_item_id":"10135","product_condition":"new"},"_links":{"self":[{"href":"https:\/\/babylove.se\/no\/wp-json\/wp\/v2\/product\/31039","targetHints":{"allow":["GET"]}}],"collection":[{"href":"https:\/\/babylove.se\/no\/wp-json\/wp\/v2\/product"}],"about":[{"href":"https:\/\/babylove.se\/no\/wp-json\/wp\/v2\/types\/product"}],"replies":[{"embeddable":true,"href":"https:\/\/babylove.se\/no\/wp-json\/wp\/v2\/comments?post=31039"}],"wp:featuredmedia":[{"embeddable":true,"href":"https:\/\/babylove.se\/no\/wp-json\/wp\/v2\/media\/31041"}],"wp:attachment":[{"href":"https:\/\/babylove.se\/no\/wp-json\/wp\/v2\/media?parent=31039"}],"wp:term":[{"taxonomy":"product_brand","embeddable":true,"href":"https:\/\/babylove.se\/no\/wp-json\/wp\/v2\/product_brand?post=31039"},{"taxonomy":"product_cat","embeddable":true,"href":"https:\/\/babylove.se\/no\/wp-json\/wp\/v2\/product_cat?post=31039"},{"taxonomy":"product_tag","embeddable":true,"href":"https:\/\/babylove.se\/no\/wp-json\/wp\/v2\/product_tag?post=31039"}],"curies":[{"name":"wp","href":"https:\/\/api.w.org\/{rel}","templated":true}]}}