{"id":31047,"date":"2025-07-19T00:19:09","date_gmt":"2025-07-18T23:19:09","guid":{"rendered":"https:\/\/babylove.se\/produkt\/personlig-sportskylt\/"},"modified":"2026-04-08T11:49:23","modified_gmt":"2026-04-08T10:49:23","slug":"personlig-sportsskilt","status":"publish","type":"product","link":"https:\/\/babylove.se\/no\/produkt\/personlig-sportsskilt\/","title":{"rendered":"Personlig sportsskilt"},"content":{"rendered":"<p>En fin og personlig dekorasjon i form av et personlig sportsskilt av tre med valgfritt navn. Passer perfekt p\u00e5 barnerommet eller som en gave.&nbsp;<\/p>\n<p><span>Bokstaven produseres i Sverige &nbsp;og kan henges p\u00e5 veggen ved hjelp av hengemasse.<\/span><\/p>\n<p>Finnes i fargene: R\u00f8d, oransje, aprikos, vanilje, gul, gr\u00f8nn (lys), aquamarine, gr\u00f8nn (m\u00f8rk), himmelsbl\u00e5, turkis, bl\u00e5, bl\u00e5 (m\u00f8rk), lilla (m\u00f8rk), lilla (lys), rosa (m\u00f8rk), rosa, gammelrosa, hvit, brun (lys), brun (m\u00f8rk), gr\u00e5 (lys), gr\u00e5, gr\u00e5 (m\u00f8rk), svart og naturell poppel.<\/p>\n<p><span><strong>M\u00e5l<\/strong>: cirka 20 x 20 cm<\/span><\/p>\n<p><span><strong>Tykkelse<\/strong>: 4 mm<\/span><\/p>\n<p><span><strong>Materiale<\/strong>: Bj\u00f8rkefiner, malt med barnesikker farge&nbsp;<\/span><\/p>\n<p><span>Designer: Pyssl<\/span><\/p>\n<p><em>OBS! Kontroller stavem\u00e5ten p\u00e5 \u00f8nsket navn!<\/em><\/p>\n","protected":false},"excerpt":{"rendered":"<p>En fin og personlig dekorasjon i form av et personlig sportsskilt av tre med valgfritt navn. Passer perfekt p\u00e5 barnerommet eller som en gave.&nbsp; Bokstaven produseres i Sverige &nbsp;og kan henges p\u00e5 veggen ved hjelp av hengemasse. Finnes i fargene: R\u00f8d, oransje, aprikos, vanilje, gul, gr\u00f8nn (lys), aquamarine, gr\u00f8nn (m\u00f8rk), himmelsbl\u00e5, turkis, bl\u00e5, bl\u00e5 (m\u00f8rk), [&hellip;]<\/p>\n","protected":false},"featured_media":31049,"comment_status":"closed","ping_status":"open","template":"","meta":{"_acf_changed":false},"product_brand":[778],"product_cat":[75,74,779,29],"product_tag":[1689],"class_list":{"0":"post-31047","1":"product","2":"type-product","3":"status-publish","4":"has-post-thumbnail","6":"product_brand-varberg-laser","7":"product_cat-julklappar-med-gravering-broderi","8":"product_cat-personlige-dapsgaver","9":"product_cat-vl","10":"product_cat-veggdekorasjoner","11":"product_tag-bestillingsvaror","13":"first","14":"instock","15":"taxable","16":"shipping-taxable","17":"purchasable","18":"product-type-simple"},"acf":[],"yoast_head":"<!-- This site is optimized with the Yoast SEO Premium plugin v25.8 (Yoast SEO v27.2) - https:\/\/yoast.com\/product\/yoast-seo-premium-wordpress\/ -->\n<title>Personlig sportsskilt - Babylove Norska<\/title>\n<meta name=\"robots\" content=\"noindex, follow, max-snippet:-1, max-image-preview:large, max-video-preview:-1\" \/>\n<meta property=\"og:locale\" content=\"nb_NO\" \/>\n<meta property=\"og:type\" content=\"article\" \/>\n<meta property=\"og:title\" content=\"Personlig sportsskilt\" \/>\n<meta property=\"og:description\" content=\"En fin og personlig dekorasjon i form av et personlig sportsskilt av tre med valgfritt navn. Passer perfekt p\u00e5 barnerommet eller som en gave.&nbsp; Bokstaven produseres i Sverige &nbsp;og kan henges p\u00e5 veggen ved hjelp av hengemasse. Finnes i fargene: R\u00f8d, oransje, aprikos, vanilje, gul, gr\u00f8nn (lys), aquamarine, gr\u00f8nn (m\u00f8rk), himmelsbl\u00e5, turkis, bl\u00e5, bl\u00e5 (m\u00f8rk), [&hellip;]\" \/>\n<meta property=\"og:url\" content=\"https:\/\/babylove.se\/no\/produkt\/personlig-sportsskilt\/\" \/>\n<meta property=\"og:site_name\" content=\"Babylove Norska\" \/>\n<meta property=\"article:modified_time\" content=\"2026-04-08T10:49:23+00:00\" \/>\n<meta property=\"og:image\" content=\"https:\/\/babylove.se\/no\/wp-content\/uploads\/sites\/3\/2025\/07\/61d4b1a5d5e30.jpeg\" \/>\n\t<meta property=\"og:image:width\" content=\"2048\" \/>\n\t<meta property=\"og:image:height\" content=\"2048\" \/>\n\t<meta property=\"og:image:type\" content=\"image\/jpeg\" \/>\n<meta name=\"twitter:card\" content=\"summary_large_image\" \/>\n<meta name=\"twitter:label1\" content=\"Price\" \/>\n\t<meta name=\"twitter:data1\" content=\"299,00&nbsp;&#107;&#114;\" \/>\n\t<meta name=\"twitter:label2\" content=\"Availability\" \/>\n\t<meta name=\"twitter:data2\" content=\"In stock\" \/>\n<script type=\"application\/ld+json\" class=\"yoast-schema-graph\">{\"@context\":\"https:\/\/schema.org\",\"@graph\":[{\"@type\":\"WebPage\",\"@id\":\"https:\/\/babylove.se\/no\/produkt\/personlig-sportsskilt\/\",\"url\":\"https:\/\/babylove.se\/no\/produkt\/personlig-sportsskilt\/\",\"name\":\"Personlig sportsskilt - Babylove Norska\",\"isPartOf\":{\"@id\":\"https:\/\/babylove.se\/no\/#website\"},\"primaryImageOfPage\":{\"@id\":\"https:\/\/babylove.se\/no\/produkt\/personlig-sportsskilt\/#primaryimage\"},\"image\":{\"@id\":\"https:\/\/babylove.se\/no\/produkt\/personlig-sportsskilt\/#primaryimage\"},\"thumbnailUrl\":\"https:\/\/babylove.se\/no\/wp-content\/uploads\/sites\/3\/2025\/07\/61d4b1a5d5e30.jpeg\",\"datePublished\":\"2025-07-18T23:19:09+00:00\",\"dateModified\":\"2026-04-08T10:49:23+00:00\",\"breadcrumb\":{\"@id\":\"https:\/\/babylove.se\/no\/produkt\/personlig-sportsskilt\/#breadcrumb\"},\"inLanguage\":\"nb-NO\",\"potentialAction\":[{\"@type\":\"ReadAction\",\"target\":[\"https:\/\/babylove.se\/no\/produkt\/personlig-sportsskilt\/\"]}]},{\"@type\":\"ImageObject\",\"inLanguage\":\"nb-NO\",\"@id\":\"https:\/\/babylove.se\/no\/produkt\/personlig-sportsskilt\/#primaryimage\",\"url\":\"https:\/\/babylove.se\/no\/wp-content\/uploads\/sites\/3\/2025\/07\/61d4b1a5d5e30.jpeg\",\"contentUrl\":\"https:\/\/babylove.se\/no\/wp-content\/uploads\/sites\/3\/2025\/07\/61d4b1a5d5e30.jpeg\",\"width\":2048,\"height\":2048},{\"@type\":\"BreadcrumbList\",\"@id\":\"https:\/\/babylove.se\/no\/produkt\/personlig-sportsskilt\/#breadcrumb\",\"itemListElement\":[{\"@type\":\"ListItem\",\"position\":1,\"name\":\"Hem\",\"item\":\"https:\/\/babylove.se\/no\/\"},{\"@type\":\"ListItem\",\"position\":2,\"name\":\"Butik\",\"item\":\"https:\/\/babylove.se\/no\/butik\/\"},{\"@type\":\"ListItem\",\"position\":3,\"name\":\"Personlig sportsskilt\"}]},{\"@type\":\"WebSite\",\"@id\":\"https:\/\/babylove.se\/no\/#website\",\"url\":\"https:\/\/babylove.se\/no\/\",\"name\":\"Babylove Norska\",\"description\":\"\",\"potentialAction\":[{\"@type\":\"SearchAction\",\"target\":{\"@type\":\"EntryPoint\",\"urlTemplate\":\"https:\/\/babylove.se\/no\/?s={search_term_string}\"},\"query-input\":{\"@type\":\"PropertyValueSpecification\",\"valueRequired\":true,\"valueName\":\"search_term_string\"}}],\"inLanguage\":\"nb-NO\"}]}<\/script>\n<meta property=\"product:brand\" content=\"Varberg Laser\" \/>\n<meta property=\"product:price:amount\" content=\"299.00\" \/>\n<meta property=\"product:price:currency\" content=\"SEK\" \/>\n<meta property=\"og:availability\" content=\"instock\" \/>\n<meta property=\"product:availability\" content=\"instock\" \/>\n<meta property=\"product:retailer_item_id\" content=\"10133\" \/>\n<meta property=\"product:condition\" content=\"new\" \/>\n<!-- \/ Yoast SEO Premium plugin. -->","yoast_head_json":{"title":"Personlig sportsskilt - Babylove Norska","robots":{"index":"noindex","follow":"follow","max-snippet":"max-snippet:-1","max-image-preview":"max-image-preview:large","max-video-preview":"max-video-preview:-1"},"og_locale":"nb_NO","og_type":"article","og_title":"Personlig sportsskilt","og_description":"En fin og personlig dekorasjon i form av et personlig sportsskilt av tre med valgfritt navn. Passer perfekt p\u00e5 barnerommet eller som en gave.&nbsp; Bokstaven produseres i Sverige &nbsp;og kan henges p\u00e5 veggen ved hjelp av hengemasse. Finnes i fargene: R\u00f8d, oransje, aprikos, vanilje, gul, gr\u00f8nn (lys), aquamarine, gr\u00f8nn (m\u00f8rk), himmelsbl\u00e5, turkis, bl\u00e5, bl\u00e5 (m\u00f8rk), [&hellip;]","og_url":"https:\/\/babylove.se\/no\/produkt\/personlig-sportsskilt\/","og_site_name":"Babylove Norska","article_modified_time":"2026-04-08T10:49:23+00:00","og_image":[{"width":2048,"height":2048,"url":"https:\/\/babylove.se\/no\/wp-content\/uploads\/sites\/3\/2025\/07\/61d4b1a5d5e30.jpeg","type":"image\/jpeg"}],"twitter_card":"summary_large_image","twitter_misc":{"Price":"299,00&nbsp;&#107;&#114;","Availability":"In stock"},"schema":{"@context":"https:\/\/schema.org","@graph":[{"@type":"WebPage","@id":"https:\/\/babylove.se\/no\/produkt\/personlig-sportsskilt\/","url":"https:\/\/babylove.se\/no\/produkt\/personlig-sportsskilt\/","name":"Personlig sportsskilt - Babylove Norska","isPartOf":{"@id":"https:\/\/babylove.se\/no\/#website"},"primaryImageOfPage":{"@id":"https:\/\/babylove.se\/no\/produkt\/personlig-sportsskilt\/#primaryimage"},"image":{"@id":"https:\/\/babylove.se\/no\/produkt\/personlig-sportsskilt\/#primaryimage"},"thumbnailUrl":"https:\/\/babylove.se\/no\/wp-content\/uploads\/sites\/3\/2025\/07\/61d4b1a5d5e30.jpeg","datePublished":"2025-07-18T23:19:09+00:00","dateModified":"2026-04-08T10:49:23+00:00","breadcrumb":{"@id":"https:\/\/babylove.se\/no\/produkt\/personlig-sportsskilt\/#breadcrumb"},"inLanguage":"nb-NO","potentialAction":[{"@type":"ReadAction","target":["https:\/\/babylove.se\/no\/produkt\/personlig-sportsskilt\/"]}]},{"@type":"ImageObject","inLanguage":"nb-NO","@id":"https:\/\/babylove.se\/no\/produkt\/personlig-sportsskilt\/#primaryimage","url":"https:\/\/babylove.se\/no\/wp-content\/uploads\/sites\/3\/2025\/07\/61d4b1a5d5e30.jpeg","contentUrl":"https:\/\/babylove.se\/no\/wp-content\/uploads\/sites\/3\/2025\/07\/61d4b1a5d5e30.jpeg","width":2048,"height":2048},{"@type":"BreadcrumbList","@id":"https:\/\/babylove.se\/no\/produkt\/personlig-sportsskilt\/#breadcrumb","itemListElement":[{"@type":"ListItem","position":1,"name":"Hem","item":"https:\/\/babylove.se\/no\/"},{"@type":"ListItem","position":2,"name":"Butik","item":"https:\/\/babylove.se\/no\/butik\/"},{"@type":"ListItem","position":3,"name":"Personlig sportsskilt"}]},{"@type":"WebSite","@id":"https:\/\/babylove.se\/no\/#website","url":"https:\/\/babylove.se\/no\/","name":"Babylove Norska","description":"","potentialAction":[{"@type":"SearchAction","target":{"@type":"EntryPoint","urlTemplate":"https:\/\/babylove.se\/no\/?s={search_term_string}"},"query-input":{"@type":"PropertyValueSpecification","valueRequired":true,"valueName":"search_term_string"}}],"inLanguage":"nb-NO"}]},"product_brand":"Varberg Laser","product_price_amount":"299.00","product_price_currency":"SEK","og_availability":"instock","product_availability":"instock","product_retailer_item_id":"10133","product_condition":"new"},"_links":{"self":[{"href":"https:\/\/babylove.se\/no\/wp-json\/wp\/v2\/product\/31047","targetHints":{"allow":["GET"]}}],"collection":[{"href":"https:\/\/babylove.se\/no\/wp-json\/wp\/v2\/product"}],"about":[{"href":"https:\/\/babylove.se\/no\/wp-json\/wp\/v2\/types\/product"}],"replies":[{"embeddable":true,"href":"https:\/\/babylove.se\/no\/wp-json\/wp\/v2\/comments?post=31047"}],"wp:featuredmedia":[{"embeddable":true,"href":"https:\/\/babylove.se\/no\/wp-json\/wp\/v2\/media\/31049"}],"wp:attachment":[{"href":"https:\/\/babylove.se\/no\/wp-json\/wp\/v2\/media?parent=31047"}],"wp:term":[{"taxonomy":"product_brand","embeddable":true,"href":"https:\/\/babylove.se\/no\/wp-json\/wp\/v2\/product_brand?post=31047"},{"taxonomy":"product_cat","embeddable":true,"href":"https:\/\/babylove.se\/no\/wp-json\/wp\/v2\/product_cat?post=31047"},{"taxonomy":"product_tag","embeddable":true,"href":"https:\/\/babylove.se\/no\/wp-json\/wp\/v2\/product_tag?post=31047"}],"curies":[{"name":"wp","href":"https:\/\/api.w.org\/{rel}","templated":true}]}}