{"id":31124,"date":"2025-07-19T00:20:05","date_gmt":"2025-07-18T23:20:05","guid":{"rendered":"https:\/\/babylove.se\/produkt\/ljusslinga-baby-set-cottonlove\/"},"modified":"2026-04-08T11:50:08","modified_gmt":"2026-04-08T10:50:08","slug":"lysslynge-baby-sett-cottonlove","status":"publish","type":"product","link":"https:\/\/babylove.se\/no\/produkt\/lysslynge-baby-sett-cottonlove\/","title":{"rendered":"Lysslynge Baby sett, Cottonlove"},"content":{"rendered":"<p>En meget vakker lysslynge med totalt 20 eller 35 baller. Den perfekte belysningen for barnerommets innredning.&nbsp;<\/p>\n<p>Lampene gir et behagelig og stemningsfullt lys og har mange bruksomr\u00e5der, alt fra nattlampe til dekorasjon ved fest. Du kan for eksempel legge lysslyngen rundt et speil, eller i en stor glassvase og du har enkelt skapt deg noe unikt. Bare fantasien setter grenser og du har masse muligheter med disse lysballene n\u00e5r det gjelder \u00e5 innrede barnerommet. Denne lysslyngen best\u00e5r av totalt 20 eller 35 baller som finnes i utallige fargekombinasjoner og nyanser samt LED-lamper.<\/p>\n<p><strong>Info:<\/strong><\/p>\n<ul type=\"disc\">\n<li>Sett med 20 baller: 416 cm totalt, og 150 cm fra kontakten frem til f\u00f8rste lampen.<\/li>\n<li>Sett med 35 baller: 476 cm totalt og 150 cm fra kontakten frem til f\u00f8rste lampen.<\/li>\n<li>14 cm mellom hver lampe.<\/li>\n<li>LED-lampene kan skiftes ut ved behov.<\/li>\n<li>CE-godkjent.<\/li>\n<\/ul>\n<p><strong>Hver ball<\/strong>: \u00d8 6-7 cm&nbsp;<\/p>\n<p>Designer: <a href=\"https:\/\/babylove.se\/varumarken\/cottonlove\"><u>Cottonlove<\/u><\/a><\/p>\n","protected":false},"excerpt":{"rendered":"<p>En meget vakker lysslynge med totalt 20 eller 35 baller. Den perfekte belysningen for barnerommets innredning.&nbsp; Lampene gir et behagelig og stemningsfullt lys og har mange bruksomr\u00e5der, alt fra nattlampe til dekorasjon ved fest. Du kan for eksempel legge lysslyngen rundt et speil, eller i en stor glassvase og du har enkelt skapt deg noe [&hellip;]<\/p>\n","protected":false},"featured_media":31126,"comment_status":"closed","ping_status":"open","template":"","meta":{"_acf_changed":false},"product_brand":[164],"product_cat":[165,168,166,25,31],"product_tag":[],"class_list":{"0":"post-31124","1":"product","2":"type-product","3":"status-publish","4":"has-post-thumbnail","6":"product_brand-cottonlove","7":"product_cat-cottonlove","8":"product_cat-fine-lampeslynger-til-barnerommet-fra-249-kr","9":"product_cat-lyskuler","10":"product_cat-ikke-bare-jenter","11":"product_cat-lamper","12":"pa_storlek-20-ljusbollar","13":"pa_storlek-35-ljusbollar","15":"first","16":"outofstock","17":"taxable","18":"shipping-taxable","19":"purchasable","20":"product-type-variable"},"acf":[],"yoast_head":"<!-- This site is optimized with the Yoast SEO Premium plugin v25.8 (Yoast SEO v27.2) - https:\/\/yoast.com\/product\/yoast-seo-premium-wordpress\/ -->\n<title>Lysslynge Baby sett, Cottonlove - Babylove Norska<\/title>\n<meta name=\"robots\" content=\"noindex, follow, max-snippet:-1, max-image-preview:large, max-video-preview:-1\" \/>\n<meta property=\"og:locale\" content=\"nb_NO\" \/>\n<meta property=\"og:type\" content=\"article\" \/>\n<meta property=\"og:title\" content=\"Lysslynge Baby sett, Cottonlove\" \/>\n<meta property=\"og:description\" content=\"En meget vakker lysslynge med totalt 20 eller 35 baller. Den perfekte belysningen for barnerommets innredning.&nbsp; Lampene gir et behagelig og stemningsfullt lys og har mange bruksomr\u00e5der, alt fra nattlampe til dekorasjon ved fest. Du kan for eksempel legge lysslyngen rundt et speil, eller i en stor glassvase og du har enkelt skapt deg noe [&hellip;]\" \/>\n<meta property=\"og:url\" content=\"https:\/\/babylove.se\/no\/produkt\/lysslynge-baby-sett-cottonlove\/\" \/>\n<meta property=\"og:site_name\" content=\"Babylove Norska\" \/>\n<meta property=\"article:modified_time\" content=\"2026-04-08T10:50:08+00:00\" \/>\n<meta property=\"og:image\" content=\"https:\/\/babylove.se\/no\/wp-content\/uploads\/sites\/3\/2025\/07\/61e025ec3aa71.jpeg\" \/>\n\t<meta property=\"og:image:width\" content=\"480\" \/>\n\t<meta property=\"og:image:height\" content=\"694\" \/>\n\t<meta property=\"og:image:type\" content=\"image\/jpeg\" \/>\n<meta name=\"twitter:card\" content=\"summary_large_image\" \/>\n<meta name=\"twitter:label1\" content=\"Availability\" \/>\n\t<meta name=\"twitter:data1\" content=\"Out of stock\" \/>\n<script type=\"application\/ld+json\" class=\"yoast-schema-graph\">{\"@context\":\"https:\/\/schema.org\",\"@graph\":[{\"@type\":\"WebPage\",\"@id\":\"https:\/\/babylove.se\/no\/produkt\/lysslynge-baby-sett-cottonlove\/\",\"url\":\"https:\/\/babylove.se\/no\/produkt\/lysslynge-baby-sett-cottonlove\/\",\"name\":\"Lysslynge Baby sett, Cottonlove - Babylove Norska\",\"isPartOf\":{\"@id\":\"https:\/\/babylove.se\/no\/#website\"},\"primaryImageOfPage\":{\"@id\":\"https:\/\/babylove.se\/no\/produkt\/lysslynge-baby-sett-cottonlove\/#primaryimage\"},\"image\":{\"@id\":\"https:\/\/babylove.se\/no\/produkt\/lysslynge-baby-sett-cottonlove\/#primaryimage\"},\"thumbnailUrl\":\"https:\/\/babylove.se\/no\/wp-content\/uploads\/sites\/3\/2025\/07\/61e025ec3aa71.jpeg\",\"datePublished\":\"2025-07-18T23:20:05+00:00\",\"dateModified\":\"2026-04-08T10:50:08+00:00\",\"breadcrumb\":{\"@id\":\"https:\/\/babylove.se\/no\/produkt\/lysslynge-baby-sett-cottonlove\/#breadcrumb\"},\"inLanguage\":\"nb-NO\",\"potentialAction\":[{\"@type\":\"ReadAction\",\"target\":[\"https:\/\/babylove.se\/no\/produkt\/lysslynge-baby-sett-cottonlove\/\"]}]},{\"@type\":\"ImageObject\",\"inLanguage\":\"nb-NO\",\"@id\":\"https:\/\/babylove.se\/no\/produkt\/lysslynge-baby-sett-cottonlove\/#primaryimage\",\"url\":\"https:\/\/babylove.se\/no\/wp-content\/uploads\/sites\/3\/2025\/07\/61e025ec3aa71.jpeg\",\"contentUrl\":\"https:\/\/babylove.se\/no\/wp-content\/uploads\/sites\/3\/2025\/07\/61e025ec3aa71.jpeg\",\"width\":480,\"height\":694},{\"@type\":\"BreadcrumbList\",\"@id\":\"https:\/\/babylove.se\/no\/produkt\/lysslynge-baby-sett-cottonlove\/#breadcrumb\",\"itemListElement\":[{\"@type\":\"ListItem\",\"position\":1,\"name\":\"Hem\",\"item\":\"https:\/\/babylove.se\/no\/\"},{\"@type\":\"ListItem\",\"position\":2,\"name\":\"Butik\",\"item\":\"https:\/\/babylove.se\/no\/butik\/\"},{\"@type\":\"ListItem\",\"position\":3,\"name\":\"Lysslynge Baby sett, Cottonlove\"}]},{\"@type\":\"WebSite\",\"@id\":\"https:\/\/babylove.se\/no\/#website\",\"url\":\"https:\/\/babylove.se\/no\/\",\"name\":\"Babylove Norska\",\"description\":\"\",\"potentialAction\":[{\"@type\":\"SearchAction\",\"target\":{\"@type\":\"EntryPoint\",\"urlTemplate\":\"https:\/\/babylove.se\/no\/?s={search_term_string}\"},\"query-input\":{\"@type\":\"PropertyValueSpecification\",\"valueRequired\":true,\"valueName\":\"search_term_string\"}}],\"inLanguage\":\"nb-NO\"}]}<\/script>\n<meta property=\"product:brand\" content=\"Cottonlove\" \/>\n<meta property=\"og:availability\" content=\"out of stock\" \/>\n<meta property=\"product:availability\" content=\"out of stock\" \/>\n<meta property=\"product:retailer_item_id\" content=\"CBLBASE20\" \/>\n<meta property=\"product:condition\" content=\"new\" \/>\n<!-- \/ Yoast SEO Premium plugin. -->","yoast_head_json":{"title":"Lysslynge Baby sett, Cottonlove - Babylove Norska","robots":{"index":"noindex","follow":"follow","max-snippet":"max-snippet:-1","max-image-preview":"max-image-preview:large","max-video-preview":"max-video-preview:-1"},"og_locale":"nb_NO","og_type":"article","og_title":"Lysslynge Baby sett, Cottonlove","og_description":"En meget vakker lysslynge med totalt 20 eller 35 baller. Den perfekte belysningen for barnerommets innredning.&nbsp; Lampene gir et behagelig og stemningsfullt lys og har mange bruksomr\u00e5der, alt fra nattlampe til dekorasjon ved fest. Du kan for eksempel legge lysslyngen rundt et speil, eller i en stor glassvase og du har enkelt skapt deg noe [&hellip;]","og_url":"https:\/\/babylove.se\/no\/produkt\/lysslynge-baby-sett-cottonlove\/","og_site_name":"Babylove Norska","article_modified_time":"2026-04-08T10:50:08+00:00","og_image":[{"width":480,"height":694,"url":"https:\/\/babylove.se\/no\/wp-content\/uploads\/sites\/3\/2025\/07\/61e025ec3aa71.jpeg","type":"image\/jpeg"}],"twitter_card":"summary_large_image","twitter_misc":{"Availability":"Out of stock"},"schema":{"@context":"https:\/\/schema.org","@graph":[{"@type":"WebPage","@id":"https:\/\/babylove.se\/no\/produkt\/lysslynge-baby-sett-cottonlove\/","url":"https:\/\/babylove.se\/no\/produkt\/lysslynge-baby-sett-cottonlove\/","name":"Lysslynge Baby sett, Cottonlove - Babylove Norska","isPartOf":{"@id":"https:\/\/babylove.se\/no\/#website"},"primaryImageOfPage":{"@id":"https:\/\/babylove.se\/no\/produkt\/lysslynge-baby-sett-cottonlove\/#primaryimage"},"image":{"@id":"https:\/\/babylove.se\/no\/produkt\/lysslynge-baby-sett-cottonlove\/#primaryimage"},"thumbnailUrl":"https:\/\/babylove.se\/no\/wp-content\/uploads\/sites\/3\/2025\/07\/61e025ec3aa71.jpeg","datePublished":"2025-07-18T23:20:05+00:00","dateModified":"2026-04-08T10:50:08+00:00","breadcrumb":{"@id":"https:\/\/babylove.se\/no\/produkt\/lysslynge-baby-sett-cottonlove\/#breadcrumb"},"inLanguage":"nb-NO","potentialAction":[{"@type":"ReadAction","target":["https:\/\/babylove.se\/no\/produkt\/lysslynge-baby-sett-cottonlove\/"]}]},{"@type":"ImageObject","inLanguage":"nb-NO","@id":"https:\/\/babylove.se\/no\/produkt\/lysslynge-baby-sett-cottonlove\/#primaryimage","url":"https:\/\/babylove.se\/no\/wp-content\/uploads\/sites\/3\/2025\/07\/61e025ec3aa71.jpeg","contentUrl":"https:\/\/babylove.se\/no\/wp-content\/uploads\/sites\/3\/2025\/07\/61e025ec3aa71.jpeg","width":480,"height":694},{"@type":"BreadcrumbList","@id":"https:\/\/babylove.se\/no\/produkt\/lysslynge-baby-sett-cottonlove\/#breadcrumb","itemListElement":[{"@type":"ListItem","position":1,"name":"Hem","item":"https:\/\/babylove.se\/no\/"},{"@type":"ListItem","position":2,"name":"Butik","item":"https:\/\/babylove.se\/no\/butik\/"},{"@type":"ListItem","position":3,"name":"Lysslynge Baby sett, Cottonlove"}]},{"@type":"WebSite","@id":"https:\/\/babylove.se\/no\/#website","url":"https:\/\/babylove.se\/no\/","name":"Babylove Norska","description":"","potentialAction":[{"@type":"SearchAction","target":{"@type":"EntryPoint","urlTemplate":"https:\/\/babylove.se\/no\/?s={search_term_string}"},"query-input":{"@type":"PropertyValueSpecification","valueRequired":true,"valueName":"search_term_string"}}],"inLanguage":"nb-NO"}]},"product_brand":"Cottonlove","og_availability":"out of stock","product_availability":"out of stock","product_retailer_item_id":"CBLBASE20","product_condition":"new"},"_links":{"self":[{"href":"https:\/\/babylove.se\/no\/wp-json\/wp\/v2\/product\/31124","targetHints":{"allow":["GET"]}}],"collection":[{"href":"https:\/\/babylove.se\/no\/wp-json\/wp\/v2\/product"}],"about":[{"href":"https:\/\/babylove.se\/no\/wp-json\/wp\/v2\/types\/product"}],"replies":[{"embeddable":true,"href":"https:\/\/babylove.se\/no\/wp-json\/wp\/v2\/comments?post=31124"}],"wp:featuredmedia":[{"embeddable":true,"href":"https:\/\/babylove.se\/no\/wp-json\/wp\/v2\/media\/31126"}],"wp:attachment":[{"href":"https:\/\/babylove.se\/no\/wp-json\/wp\/v2\/media?parent=31124"}],"wp:term":[{"taxonomy":"product_brand","embeddable":true,"href":"https:\/\/babylove.se\/no\/wp-json\/wp\/v2\/product_brand?post=31124"},{"taxonomy":"product_cat","embeddable":true,"href":"https:\/\/babylove.se\/no\/wp-json\/wp\/v2\/product_cat?post=31124"},{"taxonomy":"product_tag","embeddable":true,"href":"https:\/\/babylove.se\/no\/wp-json\/wp\/v2\/product_tag?post=31124"}],"curies":[{"name":"wp","href":"https:\/\/api.w.org\/{rel}","templated":true}]}}