{"id":31135,"date":"2025-07-19T00:20:05","date_gmt":"2025-07-18T23:20:05","guid":{"rendered":"https:\/\/babylove.se\/produkt\/ljusslinga-sea-breeze-cottonlove\/"},"modified":"2026-04-08T11:50:14","modified_gmt":"2026-04-08T10:50:14","slug":"lyslenkje-sea-breeze-cottonlove","status":"publish","type":"product","link":"https:\/\/babylove.se\/no\/produkt\/lyslenkje-sea-breeze-cottonlove\/","title":{"rendered":"Lysslynge Sea breeze, Cottonlove"},"content":{"rendered":"<p>En meget vakker lysslynge med totalt 20 eller 35 kuler. Den perfekte lyssetningen for ditt barneroms innredning. <\/p>\n<p>Lampene gir et behagelig og stemningsfullt lys og har flere bruksomr\u00e5der, alt fra nattlampe til dekorasjon ved fest. Du kan for eksempel legge lysslyngen rundt et speil, eller i en stor glassvase og du har enkelt skapt deg noe unikt. Bare fantasien setter grenser og du har masse muligheter med disse lyskullene n\u00e5r det kommer til \u00e5 innrede barnerommet. Denne lysslyngen best\u00e5r av totalt 20 eller 35 kuler som finnes i utallige fargekombinasjoner og nyanser samt LED-lamper. <\/p>\n<p><strong>Info:<\/strong> <\/p>\n<ul type=\"disc\">\n<li>Sett med 20 kuler: 416 cm total, og 150 cm fra kontakten fram til f\u00f8rste lampen.<\/li>\n<li>Sett med 35 kuler: 476 cm total og 150 cm fra kontakten fram til f\u00f8rste lampen.<\/li>\n<li>14 cm mellom hver lampe.<\/li>\n<li>LED-lampene kan byttes ut ved behov.<\/li>\n<li>CE-godkjent.<\/li>\n<\/ul>\n<p><strong>Hver kule<\/strong>: \u00d8 6-7 cm <\/p>\n<p>Designer: <a href=\"https:\/\/babylove.se\/varumarken\/cottonlove\"><u>Cottonlove<\/u><\/a><\/p>\n","protected":false},"excerpt":{"rendered":"<p>En meget vakker lysslynge med totalt 20 eller 35 kuler. Den perfekte lyssetningen for ditt barneroms innredning. Lampene gir et behagelig og stemningsfullt lys og har flere bruksomr\u00e5der, alt fra nattlampe til dekorasjon ved fest. Du kan for eksempel legge lysslyngen rundt et speil, eller i en stor glassvase og du har enkelt skapt deg [&hellip;]<\/p>\n","protected":false},"featured_media":31137,"comment_status":"open","ping_status":"closed","template":"","meta":{"_acf_changed":false},"product_brand":[164],"product_cat":[165,168,166,25,31],"product_tag":[],"class_list":{"0":"post-31135","1":"product","2":"type-product","3":"status-publish","4":"has-post-thumbnail","6":"product_brand-cottonlove","7":"product_cat-cottonlove","8":"product_cat-fine-lampeslynger-til-barnerommet-fra-249-kr","9":"product_cat-lyskuler","10":"product_cat-ikke-bare-jenter","11":"product_cat-lamper","12":"pa_storlek-20-ljusbollar","13":"pa_storlek-35-ljusbollar","15":"first","16":"instock","17":"taxable","18":"shipping-taxable","19":"purchasable","20":"product-type-variable"},"acf":[],"yoast_head":"<!-- This site is optimized with the Yoast SEO Premium plugin v25.8 (Yoast SEO v27.2) - https:\/\/yoast.com\/product\/yoast-seo-premium-wordpress\/ -->\n<title>Lysslynge Sea breeze, Cottonlove - Babylove Norska<\/title>\n<meta name=\"robots\" content=\"noindex, follow, max-snippet:-1, max-image-preview:large, max-video-preview:-1\" \/>\n<meta property=\"og:locale\" content=\"nb_NO\" \/>\n<meta property=\"og:type\" content=\"article\" \/>\n<meta property=\"og:title\" content=\"Lysslynge Sea breeze, Cottonlove\" \/>\n<meta property=\"og:description\" content=\"En meget vakker lysslynge med totalt 20 eller 35 kuler. Den perfekte lyssetningen for ditt barneroms innredning. Lampene gir et behagelig og stemningsfullt lys og har flere bruksomr\u00e5der, alt fra nattlampe til dekorasjon ved fest. Du kan for eksempel legge lysslyngen rundt et speil, eller i en stor glassvase og du har enkelt skapt deg [&hellip;]\" \/>\n<meta property=\"og:url\" content=\"https:\/\/babylove.se\/no\/produkt\/lyslenkje-sea-breeze-cottonlove\/\" \/>\n<meta property=\"og:site_name\" content=\"Babylove Norska\" \/>\n<meta property=\"article:modified_time\" content=\"2026-04-08T10:50:14+00:00\" \/>\n<meta property=\"og:image\" content=\"https:\/\/babylove.se\/no\/wp-content\/uploads\/sites\/3\/2025\/07\/61e02779eab07.jpeg\" \/>\n\t<meta property=\"og:image:width\" content=\"480\" \/>\n\t<meta property=\"og:image:height\" content=\"723\" \/>\n\t<meta property=\"og:image:type\" content=\"image\/jpeg\" \/>\n<meta name=\"twitter:card\" content=\"summary_large_image\" \/>\n<meta name=\"twitter:label1\" content=\"Availability\" \/>\n\t<meta name=\"twitter:data1\" content=\"In stock\" \/>\n<script type=\"application\/ld+json\" class=\"yoast-schema-graph\">{\"@context\":\"https:\/\/schema.org\",\"@graph\":[{\"@type\":\"WebPage\",\"@id\":\"https:\/\/babylove.se\/no\/produkt\/lyslenkje-sea-breeze-cottonlove\/\",\"url\":\"https:\/\/babylove.se\/no\/produkt\/lyslenkje-sea-breeze-cottonlove\/\",\"name\":\"Lysslynge Sea breeze, Cottonlove - Babylove Norska\",\"isPartOf\":{\"@id\":\"https:\/\/babylove.se\/no\/#website\"},\"primaryImageOfPage\":{\"@id\":\"https:\/\/babylove.se\/no\/produkt\/lyslenkje-sea-breeze-cottonlove\/#primaryimage\"},\"image\":{\"@id\":\"https:\/\/babylove.se\/no\/produkt\/lyslenkje-sea-breeze-cottonlove\/#primaryimage\"},\"thumbnailUrl\":\"https:\/\/babylove.se\/no\/wp-content\/uploads\/sites\/3\/2025\/07\/61e02779eab07.jpeg\",\"datePublished\":\"2025-07-18T23:20:05+00:00\",\"dateModified\":\"2026-04-08T10:50:14+00:00\",\"breadcrumb\":{\"@id\":\"https:\/\/babylove.se\/no\/produkt\/lyslenkje-sea-breeze-cottonlove\/#breadcrumb\"},\"inLanguage\":\"nb-NO\",\"potentialAction\":[{\"@type\":\"ReadAction\",\"target\":[\"https:\/\/babylove.se\/no\/produkt\/lyslenkje-sea-breeze-cottonlove\/\"]}]},{\"@type\":\"ImageObject\",\"inLanguage\":\"nb-NO\",\"@id\":\"https:\/\/babylove.se\/no\/produkt\/lyslenkje-sea-breeze-cottonlove\/#primaryimage\",\"url\":\"https:\/\/babylove.se\/no\/wp-content\/uploads\/sites\/3\/2025\/07\/61e02779eab07.jpeg\",\"contentUrl\":\"https:\/\/babylove.se\/no\/wp-content\/uploads\/sites\/3\/2025\/07\/61e02779eab07.jpeg\",\"width\":480,\"height\":723},{\"@type\":\"BreadcrumbList\",\"@id\":\"https:\/\/babylove.se\/no\/produkt\/lyslenkje-sea-breeze-cottonlove\/#breadcrumb\",\"itemListElement\":[{\"@type\":\"ListItem\",\"position\":1,\"name\":\"Hem\",\"item\":\"https:\/\/babylove.se\/no\/\"},{\"@type\":\"ListItem\",\"position\":2,\"name\":\"Butik\",\"item\":\"https:\/\/babylove.se\/no\/butik\/\"},{\"@type\":\"ListItem\",\"position\":3,\"name\":\"Lysslynge Sea breeze, Cottonlove\"}]},{\"@type\":\"WebSite\",\"@id\":\"https:\/\/babylove.se\/no\/#website\",\"url\":\"https:\/\/babylove.se\/no\/\",\"name\":\"Babylove Norska\",\"description\":\"\",\"potentialAction\":[{\"@type\":\"SearchAction\",\"target\":{\"@type\":\"EntryPoint\",\"urlTemplate\":\"https:\/\/babylove.se\/no\/?s={search_term_string}\"},\"query-input\":{\"@type\":\"PropertyValueSpecification\",\"valueRequired\":true,\"valueName\":\"search_term_string\"}}],\"inLanguage\":\"nb-NO\"}]}<\/script>\n<meta property=\"product:brand\" content=\"Cottonlove\" \/>\n<meta property=\"og:availability\" content=\"instock\" \/>\n<meta property=\"product:availability\" content=\"instock\" \/>\n<meta property=\"product:retailer_item_id\" content=\"COT00020\" \/>\n<meta property=\"product:condition\" content=\"new\" \/>\n<!-- \/ Yoast SEO Premium plugin. -->","yoast_head_json":{"title":"Lysslynge Sea breeze, Cottonlove - Babylove Norska","robots":{"index":"noindex","follow":"follow","max-snippet":"max-snippet:-1","max-image-preview":"max-image-preview:large","max-video-preview":"max-video-preview:-1"},"og_locale":"nb_NO","og_type":"article","og_title":"Lysslynge Sea breeze, Cottonlove","og_description":"En meget vakker lysslynge med totalt 20 eller 35 kuler. Den perfekte lyssetningen for ditt barneroms innredning. Lampene gir et behagelig og stemningsfullt lys og har flere bruksomr\u00e5der, alt fra nattlampe til dekorasjon ved fest. Du kan for eksempel legge lysslyngen rundt et speil, eller i en stor glassvase og du har enkelt skapt deg [&hellip;]","og_url":"https:\/\/babylove.se\/no\/produkt\/lyslenkje-sea-breeze-cottonlove\/","og_site_name":"Babylove Norska","article_modified_time":"2026-04-08T10:50:14+00:00","og_image":[{"width":480,"height":723,"url":"https:\/\/babylove.se\/no\/wp-content\/uploads\/sites\/3\/2025\/07\/61e02779eab07.jpeg","type":"image\/jpeg"}],"twitter_card":"summary_large_image","twitter_misc":{"Availability":"In stock"},"schema":{"@context":"https:\/\/schema.org","@graph":[{"@type":"WebPage","@id":"https:\/\/babylove.se\/no\/produkt\/lyslenkje-sea-breeze-cottonlove\/","url":"https:\/\/babylove.se\/no\/produkt\/lyslenkje-sea-breeze-cottonlove\/","name":"Lysslynge Sea breeze, Cottonlove - Babylove Norska","isPartOf":{"@id":"https:\/\/babylove.se\/no\/#website"},"primaryImageOfPage":{"@id":"https:\/\/babylove.se\/no\/produkt\/lyslenkje-sea-breeze-cottonlove\/#primaryimage"},"image":{"@id":"https:\/\/babylove.se\/no\/produkt\/lyslenkje-sea-breeze-cottonlove\/#primaryimage"},"thumbnailUrl":"https:\/\/babylove.se\/no\/wp-content\/uploads\/sites\/3\/2025\/07\/61e02779eab07.jpeg","datePublished":"2025-07-18T23:20:05+00:00","dateModified":"2026-04-08T10:50:14+00:00","breadcrumb":{"@id":"https:\/\/babylove.se\/no\/produkt\/lyslenkje-sea-breeze-cottonlove\/#breadcrumb"},"inLanguage":"nb-NO","potentialAction":[{"@type":"ReadAction","target":["https:\/\/babylove.se\/no\/produkt\/lyslenkje-sea-breeze-cottonlove\/"]}]},{"@type":"ImageObject","inLanguage":"nb-NO","@id":"https:\/\/babylove.se\/no\/produkt\/lyslenkje-sea-breeze-cottonlove\/#primaryimage","url":"https:\/\/babylove.se\/no\/wp-content\/uploads\/sites\/3\/2025\/07\/61e02779eab07.jpeg","contentUrl":"https:\/\/babylove.se\/no\/wp-content\/uploads\/sites\/3\/2025\/07\/61e02779eab07.jpeg","width":480,"height":723},{"@type":"BreadcrumbList","@id":"https:\/\/babylove.se\/no\/produkt\/lyslenkje-sea-breeze-cottonlove\/#breadcrumb","itemListElement":[{"@type":"ListItem","position":1,"name":"Hem","item":"https:\/\/babylove.se\/no\/"},{"@type":"ListItem","position":2,"name":"Butik","item":"https:\/\/babylove.se\/no\/butik\/"},{"@type":"ListItem","position":3,"name":"Lysslynge Sea breeze, Cottonlove"}]},{"@type":"WebSite","@id":"https:\/\/babylove.se\/no\/#website","url":"https:\/\/babylove.se\/no\/","name":"Babylove Norska","description":"","potentialAction":[{"@type":"SearchAction","target":{"@type":"EntryPoint","urlTemplate":"https:\/\/babylove.se\/no\/?s={search_term_string}"},"query-input":{"@type":"PropertyValueSpecification","valueRequired":true,"valueName":"search_term_string"}}],"inLanguage":"nb-NO"}]},"product_brand":"Cottonlove","og_availability":"instock","product_availability":"instock","product_retailer_item_id":"COT00020","product_condition":"new"},"_links":{"self":[{"href":"https:\/\/babylove.se\/no\/wp-json\/wp\/v2\/product\/31135","targetHints":{"allow":["GET"]}}],"collection":[{"href":"https:\/\/babylove.se\/no\/wp-json\/wp\/v2\/product"}],"about":[{"href":"https:\/\/babylove.se\/no\/wp-json\/wp\/v2\/types\/product"}],"replies":[{"embeddable":true,"href":"https:\/\/babylove.se\/no\/wp-json\/wp\/v2\/comments?post=31135"}],"wp:featuredmedia":[{"embeddable":true,"href":"https:\/\/babylove.se\/no\/wp-json\/wp\/v2\/media\/31137"}],"wp:attachment":[{"href":"https:\/\/babylove.se\/no\/wp-json\/wp\/v2\/media?parent=31135"}],"wp:term":[{"taxonomy":"product_brand","embeddable":true,"href":"https:\/\/babylove.se\/no\/wp-json\/wp\/v2\/product_brand?post=31135"},{"taxonomy":"product_cat","embeddable":true,"href":"https:\/\/babylove.se\/no\/wp-json\/wp\/v2\/product_cat?post=31135"},{"taxonomy":"product_tag","embeddable":true,"href":"https:\/\/babylove.se\/no\/wp-json\/wp\/v2\/product_tag?post=31135"}],"curies":[{"name":"wp","href":"https:\/\/api.w.org\/{rel}","templated":true}]}}