{"id":31143,"date":"2025-07-19T00:20:05","date_gmt":"2025-07-18T23:20:05","guid":{"rendered":"https:\/\/babylove.se\/produkt\/vit-byra-med-skotbord\/"},"modified":"2026-04-08T11:50:17","modified_gmt":"2026-04-08T10:50:17","slug":"hvit-kommode-med-skohylle","status":"publish","type":"product","link":"https:\/\/babylove.se\/no\/produkt\/hvit-kommode-med-skohylle\/","title":{"rendered":"Hvit kommode med stellebord"},"content":{"rendered":"<p>En stabil, h\u00e5ndlaget kommode med stellebordsdel og to praktiske skap samt to hyller.<\/p>\n<p>N\u00e5r stellebordet ikke lenger trengs, kan det enkelt monteres av og igjen st\u00e5r en fantastisk kommode med utmerket oppbevaring.<\/p>\n<p>Praktisk og pent n\u00e5r det er som best!<\/p>\n<p>M\u00e5l:<\/p>\n<p>Med stellebordsdel montert:<\/p>\n<ul>\n<li>Bredde: 120 cm<\/li>\n<li>H\u00f8yde: 100 cm<\/li>\n<li>Dybde: 77 cm<\/li>\n<li>Stellebordsdel: 85 cm x 75 cm&nbsp;<\/li>\n<\/ul>\n<p>Materiale: MDF<\/p>\n","protected":false},"excerpt":{"rendered":"<p>En stabil, h\u00e5ndlaget kommode med stellebordsdel og to praktiske skap samt to hyller. N\u00e5r stellebordet ikke lenger trengs, kan det enkelt monteres av og igjen st\u00e5r en fantastisk kommode med utmerket oppbevaring. Praktisk og pent n\u00e5r det er som best! M\u00e5l: Med stellebordsdel montert: Bredde: 120 cm H\u00f8yde: 100 cm Dybde: 77 cm Stellebordsdel: 85 [&hellip;]<\/p>\n","protected":false},"featured_media":31145,"comment_status":"closed","ping_status":"open","template":"","meta":{"_acf_changed":false},"product_brand":[671],"product_cat":[595,672,367],"product_tag":[1689],"class_list":{"0":"post-31143","1":"product","2":"type-product","3":"status-publish","4":"has-post-thumbnail","6":"product_brand-homestyle4u","7":"product_cat-garderobe","8":"product_cat-hm","9":"product_cat-byra","10":"product_tag-bestillingsvaror","12":"first","13":"instock","14":"taxable","15":"shipping-taxable","16":"purchasable","17":"product-type-simple"},"acf":[],"yoast_head":"<!-- This site is optimized with the Yoast SEO Premium plugin v25.8 (Yoast SEO v27.2) - https:\/\/yoast.com\/product\/yoast-seo-premium-wordpress\/ -->\n<title>Hvit kommode med stellebord - Babylove Norska<\/title>\n<meta name=\"robots\" content=\"noindex, follow, max-snippet:-1, max-image-preview:large, max-video-preview:-1\" \/>\n<meta property=\"og:locale\" content=\"nb_NO\" \/>\n<meta property=\"og:type\" content=\"article\" \/>\n<meta property=\"og:title\" content=\"Hvit kommode med stellebord\" \/>\n<meta property=\"og:description\" content=\"En stabil, h\u00e5ndlaget kommode med stellebordsdel og to praktiske skap samt to hyller. N\u00e5r stellebordet ikke lenger trengs, kan det enkelt monteres av og igjen st\u00e5r en fantastisk kommode med utmerket oppbevaring. Praktisk og pent n\u00e5r det er som best! M\u00e5l: Med stellebordsdel montert: Bredde: 120 cm H\u00f8yde: 100 cm Dybde: 77 cm Stellebordsdel: 85 [&hellip;]\" \/>\n<meta property=\"og:url\" content=\"https:\/\/babylove.se\/no\/produkt\/hvit-kommode-med-skohylle\/\" \/>\n<meta property=\"og:site_name\" content=\"Babylove Norska\" \/>\n<meta property=\"article:modified_time\" content=\"2026-04-08T10:50:17+00:00\" \/>\n<meta property=\"og:image\" content=\"https:\/\/babylove.se\/no\/wp-content\/uploads\/sites\/3\/2025\/07\/61e170c4cb62e.jpeg\" \/>\n\t<meta property=\"og:image:width\" content=\"1500\" \/>\n\t<meta property=\"og:image:height\" content=\"1500\" \/>\n\t<meta property=\"og:image:type\" content=\"image\/jpeg\" \/>\n<meta name=\"twitter:card\" content=\"summary_large_image\" \/>\n<meta name=\"twitter:label1\" content=\"Price\" \/>\n\t<meta name=\"twitter:data1\" content=\"4 999,00&nbsp;&#107;&#114;\" \/>\n\t<meta name=\"twitter:label2\" content=\"Availability\" \/>\n\t<meta name=\"twitter:data2\" content=\"In stock\" \/>\n<script type=\"application\/ld+json\" class=\"yoast-schema-graph\">{\"@context\":\"https:\/\/schema.org\",\"@graph\":[{\"@type\":\"WebPage\",\"@id\":\"https:\/\/babylove.se\/no\/produkt\/hvit-kommode-med-skohylle\/\",\"url\":\"https:\/\/babylove.se\/no\/produkt\/hvit-kommode-med-skohylle\/\",\"name\":\"Hvit kommode med stellebord - Babylove Norska\",\"isPartOf\":{\"@id\":\"https:\/\/babylove.se\/no\/#website\"},\"primaryImageOfPage\":{\"@id\":\"https:\/\/babylove.se\/no\/produkt\/hvit-kommode-med-skohylle\/#primaryimage\"},\"image\":{\"@id\":\"https:\/\/babylove.se\/no\/produkt\/hvit-kommode-med-skohylle\/#primaryimage\"},\"thumbnailUrl\":\"https:\/\/babylove.se\/no\/wp-content\/uploads\/sites\/3\/2025\/07\/61e170c4cb62e.jpeg\",\"datePublished\":\"2025-07-18T23:20:05+00:00\",\"dateModified\":\"2026-04-08T10:50:17+00:00\",\"breadcrumb\":{\"@id\":\"https:\/\/babylove.se\/no\/produkt\/hvit-kommode-med-skohylle\/#breadcrumb\"},\"inLanguage\":\"nb-NO\",\"potentialAction\":[{\"@type\":\"ReadAction\",\"target\":[\"https:\/\/babylove.se\/no\/produkt\/hvit-kommode-med-skohylle\/\"]}]},{\"@type\":\"ImageObject\",\"inLanguage\":\"nb-NO\",\"@id\":\"https:\/\/babylove.se\/no\/produkt\/hvit-kommode-med-skohylle\/#primaryimage\",\"url\":\"https:\/\/babylove.se\/no\/wp-content\/uploads\/sites\/3\/2025\/07\/61e170c4cb62e.jpeg\",\"contentUrl\":\"https:\/\/babylove.se\/no\/wp-content\/uploads\/sites\/3\/2025\/07\/61e170c4cb62e.jpeg\",\"width\":1500,\"height\":1500},{\"@type\":\"BreadcrumbList\",\"@id\":\"https:\/\/babylove.se\/no\/produkt\/hvit-kommode-med-skohylle\/#breadcrumb\",\"itemListElement\":[{\"@type\":\"ListItem\",\"position\":1,\"name\":\"Hem\",\"item\":\"https:\/\/babylove.se\/no\/\"},{\"@type\":\"ListItem\",\"position\":2,\"name\":\"Butik\",\"item\":\"https:\/\/babylove.se\/no\/butik\/\"},{\"@type\":\"ListItem\",\"position\":3,\"name\":\"Hvit kommode med stellebord\"}]},{\"@type\":\"WebSite\",\"@id\":\"https:\/\/babylove.se\/no\/#website\",\"url\":\"https:\/\/babylove.se\/no\/\",\"name\":\"Babylove Norska\",\"description\":\"\",\"potentialAction\":[{\"@type\":\"SearchAction\",\"target\":{\"@type\":\"EntryPoint\",\"urlTemplate\":\"https:\/\/babylove.se\/no\/?s={search_term_string}\"},\"query-input\":{\"@type\":\"PropertyValueSpecification\",\"valueRequired\":true,\"valueName\":\"search_term_string\"}}],\"inLanguage\":\"nb-NO\"}]}<\/script>\n<meta property=\"product:brand\" content=\"Homestyle4u\" \/>\n<meta property=\"product:price:amount\" content=\"4999.00\" \/>\n<meta property=\"product:price:currency\" content=\"SEK\" \/>\n<meta property=\"og:availability\" content=\"instock\" \/>\n<meta property=\"product:availability\" content=\"instock\" \/>\n<meta property=\"product:retailer_item_id\" content=\"2120\" \/>\n<meta property=\"product:condition\" content=\"new\" \/>\n<!-- \/ Yoast SEO Premium plugin. -->","yoast_head_json":{"title":"Hvit kommode med stellebord - Babylove Norska","robots":{"index":"noindex","follow":"follow","max-snippet":"max-snippet:-1","max-image-preview":"max-image-preview:large","max-video-preview":"max-video-preview:-1"},"og_locale":"nb_NO","og_type":"article","og_title":"Hvit kommode med stellebord","og_description":"En stabil, h\u00e5ndlaget kommode med stellebordsdel og to praktiske skap samt to hyller. N\u00e5r stellebordet ikke lenger trengs, kan det enkelt monteres av og igjen st\u00e5r en fantastisk kommode med utmerket oppbevaring. Praktisk og pent n\u00e5r det er som best! M\u00e5l: Med stellebordsdel montert: Bredde: 120 cm H\u00f8yde: 100 cm Dybde: 77 cm Stellebordsdel: 85 [&hellip;]","og_url":"https:\/\/babylove.se\/no\/produkt\/hvit-kommode-med-skohylle\/","og_site_name":"Babylove Norska","article_modified_time":"2026-04-08T10:50:17+00:00","og_image":[{"width":1500,"height":1500,"url":"https:\/\/babylove.se\/no\/wp-content\/uploads\/sites\/3\/2025\/07\/61e170c4cb62e.jpeg","type":"image\/jpeg"}],"twitter_card":"summary_large_image","twitter_misc":{"Price":"4 999,00&nbsp;&#107;&#114;","Availability":"In stock"},"schema":{"@context":"https:\/\/schema.org","@graph":[{"@type":"WebPage","@id":"https:\/\/babylove.se\/no\/produkt\/hvit-kommode-med-skohylle\/","url":"https:\/\/babylove.se\/no\/produkt\/hvit-kommode-med-skohylle\/","name":"Hvit kommode med stellebord - Babylove Norska","isPartOf":{"@id":"https:\/\/babylove.se\/no\/#website"},"primaryImageOfPage":{"@id":"https:\/\/babylove.se\/no\/produkt\/hvit-kommode-med-skohylle\/#primaryimage"},"image":{"@id":"https:\/\/babylove.se\/no\/produkt\/hvit-kommode-med-skohylle\/#primaryimage"},"thumbnailUrl":"https:\/\/babylove.se\/no\/wp-content\/uploads\/sites\/3\/2025\/07\/61e170c4cb62e.jpeg","datePublished":"2025-07-18T23:20:05+00:00","dateModified":"2026-04-08T10:50:17+00:00","breadcrumb":{"@id":"https:\/\/babylove.se\/no\/produkt\/hvit-kommode-med-skohylle\/#breadcrumb"},"inLanguage":"nb-NO","potentialAction":[{"@type":"ReadAction","target":["https:\/\/babylove.se\/no\/produkt\/hvit-kommode-med-skohylle\/"]}]},{"@type":"ImageObject","inLanguage":"nb-NO","@id":"https:\/\/babylove.se\/no\/produkt\/hvit-kommode-med-skohylle\/#primaryimage","url":"https:\/\/babylove.se\/no\/wp-content\/uploads\/sites\/3\/2025\/07\/61e170c4cb62e.jpeg","contentUrl":"https:\/\/babylove.se\/no\/wp-content\/uploads\/sites\/3\/2025\/07\/61e170c4cb62e.jpeg","width":1500,"height":1500},{"@type":"BreadcrumbList","@id":"https:\/\/babylove.se\/no\/produkt\/hvit-kommode-med-skohylle\/#breadcrumb","itemListElement":[{"@type":"ListItem","position":1,"name":"Hem","item":"https:\/\/babylove.se\/no\/"},{"@type":"ListItem","position":2,"name":"Butik","item":"https:\/\/babylove.se\/no\/butik\/"},{"@type":"ListItem","position":3,"name":"Hvit kommode med stellebord"}]},{"@type":"WebSite","@id":"https:\/\/babylove.se\/no\/#website","url":"https:\/\/babylove.se\/no\/","name":"Babylove Norska","description":"","potentialAction":[{"@type":"SearchAction","target":{"@type":"EntryPoint","urlTemplate":"https:\/\/babylove.se\/no\/?s={search_term_string}"},"query-input":{"@type":"PropertyValueSpecification","valueRequired":true,"valueName":"search_term_string"}}],"inLanguage":"nb-NO"}]},"product_brand":"Homestyle4u","product_price_amount":"4999.00","product_price_currency":"SEK","og_availability":"instock","product_availability":"instock","product_retailer_item_id":"2120","product_condition":"new"},"_links":{"self":[{"href":"https:\/\/babylove.se\/no\/wp-json\/wp\/v2\/product\/31143","targetHints":{"allow":["GET"]}}],"collection":[{"href":"https:\/\/babylove.se\/no\/wp-json\/wp\/v2\/product"}],"about":[{"href":"https:\/\/babylove.se\/no\/wp-json\/wp\/v2\/types\/product"}],"replies":[{"embeddable":true,"href":"https:\/\/babylove.se\/no\/wp-json\/wp\/v2\/comments?post=31143"}],"wp:featuredmedia":[{"embeddable":true,"href":"https:\/\/babylove.se\/no\/wp-json\/wp\/v2\/media\/31145"}],"wp:attachment":[{"href":"https:\/\/babylove.se\/no\/wp-json\/wp\/v2\/media?parent=31143"}],"wp:term":[{"taxonomy":"product_brand","embeddable":true,"href":"https:\/\/babylove.se\/no\/wp-json\/wp\/v2\/product_brand?post=31143"},{"taxonomy":"product_cat","embeddable":true,"href":"https:\/\/babylove.se\/no\/wp-json\/wp\/v2\/product_cat?post=31143"},{"taxonomy":"product_tag","embeddable":true,"href":"https:\/\/babylove.se\/no\/wp-json\/wp\/v2\/product_tag?post=31143"}],"curies":[{"name":"wp","href":"https:\/\/api.w.org\/{rel}","templated":true}]}}