{"id":31152,"date":"2025-07-19T00:20:05","date_gmt":"2025-07-18T23:20:05","guid":{"rendered":"https:\/\/babylove.se\/produkt\/jabadabado-aktivitetsvagn-teddy\/"},"modified":"2026-04-08T11:50:21","modified_gmt":"2026-04-08T10:50:21","slug":"jabadabado-aktivitetsvogn-bamse","status":"publish","type":"product","link":"https:\/\/babylove.se\/no\/produkt\/jabadabado-aktivitetsvogn-bamse\/","title":{"rendered":"JaBaDaBaDo, aktivitetsvogn bamse"},"content":{"rendered":"<p>Aktivitetsvogn med morsomme aktivitetsleker som hjelper de minste med \u00e5 utvikle sansene og motorikken!&nbsp;<\/p>\n<p>Vognen har en liten kuleram, en firkantet kloss med dyremotiv, 3 tannhjul og 6 fargerike stjerner som alle kan snurres p\u00e5. &nbsp;Utstyrt med hjul og h\u00e5ndtak slik at barnet enkelt kan kj\u00f8re vognen. P\u00e5 baksiden er det en smart oppbevaringsboks. Bedre leke enn det er vanskelig \u00e5 finne!<\/p>\n<p>Passer perfekt som en d\u00e5psgave eller bursdagspresang!<\/p>\n<p>Anbefales for barn som er 18 m\u00e5neder og oppover.&nbsp;<\/p>\n<p><strong>M\u00e5l<\/strong>: 33 x 29 x 47 cm<\/p>\n<p><strong>Materiale<\/strong>: Tre, metall, gummi.&nbsp;<\/p>\n<p>Designer: <a href=\"https:\/\/babylove.se\/varumarken\/jabadabado\"><u>JaBaDaBaDo<\/u><\/a><\/p>\n","protected":false},"excerpt":{"rendered":"<p>Aktivitetsvogn med morsomme aktivitetsleker som hjelper de minste med \u00e5 utvikle sansene og motorikken!&nbsp; Vognen har en liten kuleram, en firkantet kloss med dyremotiv, 3 tannhjul og 6 fargerike stjerner som alle kan snurres p\u00e5. &nbsp;Utstyrt med hjul og h\u00e5ndtak slik at barnet enkelt kan kj\u00f8re vognen. P\u00e5 baksiden er det en smart oppbevaringsboks. Bedre [&hellip;]<\/p>\n","protected":false},"featured_media":31154,"comment_status":"closed","ping_status":"open","template":"","meta":{"_acf_changed":false},"product_brand":[273],"product_cat":[274,72,68,204,112],"product_tag":[],"class_list":{"0":"post-31152","1":"product","2":"type-product","3":"status-publish","4":"has-post-thumbnail","6":"product_brand-jabadabado","7":"product_cat-jabadabado","8":"product_cat-julegaver","9":"product_cat-leker","10":"product_cat-motoriske-barnmobler","11":"product_cat-treleker","13":"first","14":"instock","15":"taxable","16":"shipping-taxable","17":"purchasable","18":"product-type-simple"},"acf":[],"yoast_head":"<!-- This site is optimized with the Yoast SEO Premium plugin v25.8 (Yoast SEO v27.2) - https:\/\/yoast.com\/product\/yoast-seo-premium-wordpress\/ -->\n<title>JaBaDaBaDo, aktivitetsvogn bamse - Babylove Norska<\/title>\n<meta name=\"robots\" content=\"noindex, follow, max-snippet:-1, max-image-preview:large, max-video-preview:-1\" \/>\n<meta property=\"og:locale\" content=\"nb_NO\" \/>\n<meta property=\"og:type\" content=\"article\" \/>\n<meta property=\"og:title\" content=\"JaBaDaBaDo, aktivitetsvogn bamse\" \/>\n<meta property=\"og:description\" content=\"Aktivitetsvogn med morsomme aktivitetsleker som hjelper de minste med \u00e5 utvikle sansene og motorikken!&nbsp; Vognen har en liten kuleram, en firkantet kloss med dyremotiv, 3 tannhjul og 6 fargerike stjerner som alle kan snurres p\u00e5. &nbsp;Utstyrt med hjul og h\u00e5ndtak slik at barnet enkelt kan kj\u00f8re vognen. P\u00e5 baksiden er det en smart oppbevaringsboks. Bedre [&hellip;]\" \/>\n<meta property=\"og:url\" content=\"https:\/\/babylove.se\/no\/produkt\/jabadabado-aktivitetsvogn-bamse\/\" \/>\n<meta property=\"og:site_name\" content=\"Babylove Norska\" \/>\n<meta property=\"article:modified_time\" content=\"2026-04-08T10:50:21+00:00\" \/>\n<meta property=\"og:image\" content=\"https:\/\/babylove.se\/no\/wp-content\/uploads\/sites\/3\/2025\/07\/61e1726099b88.jpeg\" \/>\n\t<meta property=\"og:image:width\" content=\"1200\" \/>\n\t<meta property=\"og:image:height\" content=\"1200\" \/>\n\t<meta property=\"og:image:type\" content=\"image\/jpeg\" \/>\n<meta name=\"twitter:card\" content=\"summary_large_image\" \/>\n<meta name=\"twitter:label1\" content=\"Price\" \/>\n\t<meta name=\"twitter:data1\" content=\"699,00&nbsp;&#107;&#114;\" \/>\n\t<meta name=\"twitter:label2\" content=\"Availability\" \/>\n\t<meta name=\"twitter:data2\" content=\"In stock\" \/>\n<script type=\"application\/ld+json\" class=\"yoast-schema-graph\">{\"@context\":\"https:\/\/schema.org\",\"@graph\":[{\"@type\":\"WebPage\",\"@id\":\"https:\/\/babylove.se\/no\/produkt\/jabadabado-aktivitetsvogn-bamse\/\",\"url\":\"https:\/\/babylove.se\/no\/produkt\/jabadabado-aktivitetsvogn-bamse\/\",\"name\":\"JaBaDaBaDo, aktivitetsvogn bamse - Babylove Norska\",\"isPartOf\":{\"@id\":\"https:\/\/babylove.se\/no\/#website\"},\"primaryImageOfPage\":{\"@id\":\"https:\/\/babylove.se\/no\/produkt\/jabadabado-aktivitetsvogn-bamse\/#primaryimage\"},\"image\":{\"@id\":\"https:\/\/babylove.se\/no\/produkt\/jabadabado-aktivitetsvogn-bamse\/#primaryimage\"},\"thumbnailUrl\":\"https:\/\/babylove.se\/no\/wp-content\/uploads\/sites\/3\/2025\/07\/61e1726099b88.jpeg\",\"datePublished\":\"2025-07-18T23:20:05+00:00\",\"dateModified\":\"2026-04-08T10:50:21+00:00\",\"breadcrumb\":{\"@id\":\"https:\/\/babylove.se\/no\/produkt\/jabadabado-aktivitetsvogn-bamse\/#breadcrumb\"},\"inLanguage\":\"nb-NO\",\"potentialAction\":[{\"@type\":\"ReadAction\",\"target\":[\"https:\/\/babylove.se\/no\/produkt\/jabadabado-aktivitetsvogn-bamse\/\"]}]},{\"@type\":\"ImageObject\",\"inLanguage\":\"nb-NO\",\"@id\":\"https:\/\/babylove.se\/no\/produkt\/jabadabado-aktivitetsvogn-bamse\/#primaryimage\",\"url\":\"https:\/\/babylove.se\/no\/wp-content\/uploads\/sites\/3\/2025\/07\/61e1726099b88.jpeg\",\"contentUrl\":\"https:\/\/babylove.se\/no\/wp-content\/uploads\/sites\/3\/2025\/07\/61e1726099b88.jpeg\",\"width\":1200,\"height\":1200},{\"@type\":\"BreadcrumbList\",\"@id\":\"https:\/\/babylove.se\/no\/produkt\/jabadabado-aktivitetsvogn-bamse\/#breadcrumb\",\"itemListElement\":[{\"@type\":\"ListItem\",\"position\":1,\"name\":\"Hem\",\"item\":\"https:\/\/babylove.se\/no\/\"},{\"@type\":\"ListItem\",\"position\":2,\"name\":\"Butik\",\"item\":\"https:\/\/babylove.se\/no\/butik\/\"},{\"@type\":\"ListItem\",\"position\":3,\"name\":\"JaBaDaBaDo, aktivitetsvogn bamse\"}]},{\"@type\":\"WebSite\",\"@id\":\"https:\/\/babylove.se\/no\/#website\",\"url\":\"https:\/\/babylove.se\/no\/\",\"name\":\"Babylove Norska\",\"description\":\"\",\"potentialAction\":[{\"@type\":\"SearchAction\",\"target\":{\"@type\":\"EntryPoint\",\"urlTemplate\":\"https:\/\/babylove.se\/no\/?s={search_term_string}\"},\"query-input\":{\"@type\":\"PropertyValueSpecification\",\"valueRequired\":true,\"valueName\":\"search_term_string\"}}],\"inLanguage\":\"nb-NO\"}]}<\/script>\n<meta property=\"product:brand\" content=\"JaBaDaBaDo\" \/>\n<meta property=\"product:price:amount\" content=\"699.00\" \/>\n<meta property=\"product:price:currency\" content=\"SEK\" \/>\n<meta property=\"og:availability\" content=\"instock\" \/>\n<meta property=\"product:availability\" content=\"instock\" \/>\n<meta property=\"product:retailer_item_id\" content=\"W7176\" \/>\n<meta property=\"product:condition\" content=\"new\" \/>\n<!-- \/ Yoast SEO Premium plugin. -->","yoast_head_json":{"title":"JaBaDaBaDo, aktivitetsvogn bamse - Babylove Norska","robots":{"index":"noindex","follow":"follow","max-snippet":"max-snippet:-1","max-image-preview":"max-image-preview:large","max-video-preview":"max-video-preview:-1"},"og_locale":"nb_NO","og_type":"article","og_title":"JaBaDaBaDo, aktivitetsvogn bamse","og_description":"Aktivitetsvogn med morsomme aktivitetsleker som hjelper de minste med \u00e5 utvikle sansene og motorikken!&nbsp; Vognen har en liten kuleram, en firkantet kloss med dyremotiv, 3 tannhjul og 6 fargerike stjerner som alle kan snurres p\u00e5. &nbsp;Utstyrt med hjul og h\u00e5ndtak slik at barnet enkelt kan kj\u00f8re vognen. P\u00e5 baksiden er det en smart oppbevaringsboks. Bedre [&hellip;]","og_url":"https:\/\/babylove.se\/no\/produkt\/jabadabado-aktivitetsvogn-bamse\/","og_site_name":"Babylove Norska","article_modified_time":"2026-04-08T10:50:21+00:00","og_image":[{"width":1200,"height":1200,"url":"https:\/\/babylove.se\/no\/wp-content\/uploads\/sites\/3\/2025\/07\/61e1726099b88.jpeg","type":"image\/jpeg"}],"twitter_card":"summary_large_image","twitter_misc":{"Price":"699,00&nbsp;&#107;&#114;","Availability":"In stock"},"schema":{"@context":"https:\/\/schema.org","@graph":[{"@type":"WebPage","@id":"https:\/\/babylove.se\/no\/produkt\/jabadabado-aktivitetsvogn-bamse\/","url":"https:\/\/babylove.se\/no\/produkt\/jabadabado-aktivitetsvogn-bamse\/","name":"JaBaDaBaDo, aktivitetsvogn bamse - Babylove Norska","isPartOf":{"@id":"https:\/\/babylove.se\/no\/#website"},"primaryImageOfPage":{"@id":"https:\/\/babylove.se\/no\/produkt\/jabadabado-aktivitetsvogn-bamse\/#primaryimage"},"image":{"@id":"https:\/\/babylove.se\/no\/produkt\/jabadabado-aktivitetsvogn-bamse\/#primaryimage"},"thumbnailUrl":"https:\/\/babylove.se\/no\/wp-content\/uploads\/sites\/3\/2025\/07\/61e1726099b88.jpeg","datePublished":"2025-07-18T23:20:05+00:00","dateModified":"2026-04-08T10:50:21+00:00","breadcrumb":{"@id":"https:\/\/babylove.se\/no\/produkt\/jabadabado-aktivitetsvogn-bamse\/#breadcrumb"},"inLanguage":"nb-NO","potentialAction":[{"@type":"ReadAction","target":["https:\/\/babylove.se\/no\/produkt\/jabadabado-aktivitetsvogn-bamse\/"]}]},{"@type":"ImageObject","inLanguage":"nb-NO","@id":"https:\/\/babylove.se\/no\/produkt\/jabadabado-aktivitetsvogn-bamse\/#primaryimage","url":"https:\/\/babylove.se\/no\/wp-content\/uploads\/sites\/3\/2025\/07\/61e1726099b88.jpeg","contentUrl":"https:\/\/babylove.se\/no\/wp-content\/uploads\/sites\/3\/2025\/07\/61e1726099b88.jpeg","width":1200,"height":1200},{"@type":"BreadcrumbList","@id":"https:\/\/babylove.se\/no\/produkt\/jabadabado-aktivitetsvogn-bamse\/#breadcrumb","itemListElement":[{"@type":"ListItem","position":1,"name":"Hem","item":"https:\/\/babylove.se\/no\/"},{"@type":"ListItem","position":2,"name":"Butik","item":"https:\/\/babylove.se\/no\/butik\/"},{"@type":"ListItem","position":3,"name":"JaBaDaBaDo, aktivitetsvogn bamse"}]},{"@type":"WebSite","@id":"https:\/\/babylove.se\/no\/#website","url":"https:\/\/babylove.se\/no\/","name":"Babylove Norska","description":"","potentialAction":[{"@type":"SearchAction","target":{"@type":"EntryPoint","urlTemplate":"https:\/\/babylove.se\/no\/?s={search_term_string}"},"query-input":{"@type":"PropertyValueSpecification","valueRequired":true,"valueName":"search_term_string"}}],"inLanguage":"nb-NO"}]},"product_brand":"JaBaDaBaDo","product_price_amount":"699.00","product_price_currency":"SEK","og_availability":"instock","product_availability":"instock","product_retailer_item_id":"W7176","product_condition":"new"},"_links":{"self":[{"href":"https:\/\/babylove.se\/no\/wp-json\/wp\/v2\/product\/31152","targetHints":{"allow":["GET"]}}],"collection":[{"href":"https:\/\/babylove.se\/no\/wp-json\/wp\/v2\/product"}],"about":[{"href":"https:\/\/babylove.se\/no\/wp-json\/wp\/v2\/types\/product"}],"replies":[{"embeddable":true,"href":"https:\/\/babylove.se\/no\/wp-json\/wp\/v2\/comments?post=31152"}],"wp:featuredmedia":[{"embeddable":true,"href":"https:\/\/babylove.se\/no\/wp-json\/wp\/v2\/media\/31154"}],"wp:attachment":[{"href":"https:\/\/babylove.se\/no\/wp-json\/wp\/v2\/media?parent=31152"}],"wp:term":[{"taxonomy":"product_brand","embeddable":true,"href":"https:\/\/babylove.se\/no\/wp-json\/wp\/v2\/product_brand?post=31152"},{"taxonomy":"product_cat","embeddable":true,"href":"https:\/\/babylove.se\/no\/wp-json\/wp\/v2\/product_cat?post=31152"},{"taxonomy":"product_tag","embeddable":true,"href":"https:\/\/babylove.se\/no\/wp-json\/wp\/v2\/product_tag?post=31152"}],"curies":[{"name":"wp","href":"https:\/\/api.w.org\/{rel}","templated":true}]}}