{"id":31221,"date":"2025-07-19T00:20:29","date_gmt":"2025-07-18T23:20:29","guid":{"rendered":"https:\/\/babylove.se\/produkt\/gramint-kanin-stor-docka-med-namn\/"},"modified":"2026-04-08T11:50:56","modified_gmt":"2026-04-08T10:50:56","slug":"gramint-kanin-stor-dukke-med-navn","status":"publish","type":"product","link":"https:\/\/babylove.se\/no\/produkt\/gramint-kanin-stor-dukke-med-navn\/","title":{"rendered":"Gr\u00e5\/mint kanin, stor dokke med navn"},"content":{"rendered":"<p>En stor og fantastisk vakker dukke som kommer til \u00e5 bli ditt barns favorittklemvenn i mange \u00e5r fremover. <\/p>\n<p>Barnets navn trykkes p\u00e5 dukken. Om man \u00f8nsker kan ogs\u00e5 et hjerte legges til etter barnets navn. Hjertet trykkes i samme farge som navnet. <\/p>\n<p><span style=\"background-color: initial; text-align: initial;\">Meget verdsatt og personlig bursdagsgave eller d\u00e5psgave! <\/span> <\/p>\n<p>Laget helt av myk og vakker plysj og produktet er CE-merket, og har en s\u00e5kalt EN71-1-2-3 sikkerhetsstandard for leker. <\/p>\n<p><strong>M\u00e5l<\/strong>: 50 cm<\/p>\n","protected":false},"excerpt":{"rendered":"<p>En stor og fantastisk vakker dukke som kommer til \u00e5 bli ditt barns favorittklemvenn i mange \u00e5r fremover. Barnets navn trykkes p\u00e5 dukken. Om man \u00f8nsker kan ogs\u00e5 et hjerte legges til etter barnets navn. Hjertet trykkes i samme farge som navnet. Meget verdsatt og personlig bursdagsgave eller d\u00e5psgave! Laget helt av myk og vakker [&hellip;]<\/p>\n","protected":false},"featured_media":31223,"comment_status":"closed","ping_status":"closed","template":"","meta":{"_acf_changed":false},"product_brand":[67],"product_cat":[69,70,90,72,75,25,68,74],"product_tag":[1689],"class_list":{"0":"post-31221","1":"product","2":"type-product","3":"status-publish","4":"has-post-thumbnail","6":"product_brand-metoodoll","7":"product_cat-dukker-tilbehoer","8":"product_cat-gaver","9":"product_cat-dyr","10":"product_cat-julegaver","11":"product_cat-julklappar-med-gravering-broderi","12":"product_cat-ikke-bare-jenter","13":"product_cat-leker","14":"product_cat-personlige-dapsgaver","15":"product_tag-bestillingsvaror","17":"first","18":"instock","19":"taxable","20":"shipping-taxable","21":"purchasable","22":"product-type-simple"},"acf":[],"yoast_head":"<!-- This site is optimized with the Yoast SEO Premium plugin v25.8 (Yoast SEO v27.2) - https:\/\/yoast.com\/product\/yoast-seo-premium-wordpress\/ -->\n<title>Gr\u00e5\/mint kanin docka med barnets namn - K\u00f6p direkt online<\/title>\n<meta name=\"description\" content=\"Den har vunnit b\u00e5de barnens och f\u00f6r\u00e4ldrarnas hj\u00e4rta, en docka som \u00e4r gjord i 100% bomull och polyester - Klarna faktura - Fri frakt \u00f6ver 999 kr\" \/>\n<meta name=\"robots\" content=\"noindex, follow, max-snippet:-1, max-image-preview:large, max-video-preview:-1\" \/>\n<meta property=\"og:locale\" content=\"nb_NO\" \/>\n<meta property=\"og:type\" content=\"article\" \/>\n<meta property=\"og:title\" content=\"Gr\u00e5\/mint kanin, stor dokke med navn\" \/>\n<meta property=\"og:description\" content=\"Den har vunnit b\u00e5de barnens och f\u00f6r\u00e4ldrarnas hj\u00e4rta, en docka som \u00e4r gjord i 100% bomull och polyester - Klarna faktura - Fri frakt \u00f6ver 999 kr\" \/>\n<meta property=\"og:url\" content=\"https:\/\/babylove.se\/no\/produkt\/gramint-kanin-stor-dukke-med-navn\/\" \/>\n<meta property=\"og:site_name\" content=\"Babylove Norska\" \/>\n<meta property=\"article:modified_time\" content=\"2026-04-08T10:50:56+00:00\" \/>\n<meta property=\"og:image\" content=\"https:\/\/babylove.se\/no\/wp-content\/uploads\/sites\/3\/2025\/07\/61e6ba0ebe3c6.jpeg\" \/>\n\t<meta property=\"og:image:width\" content=\"1080\" \/>\n\t<meta property=\"og:image:height\" content=\"1158\" \/>\n\t<meta property=\"og:image:type\" content=\"image\/jpeg\" \/>\n<meta name=\"twitter:card\" content=\"summary_large_image\" \/>\n<meta name=\"twitter:label1\" content=\"Price\" \/>\n\t<meta name=\"twitter:data1\" content=\"449,00&nbsp;&#107;&#114;\" \/>\n\t<meta name=\"twitter:label2\" content=\"Availability\" \/>\n\t<meta name=\"twitter:data2\" content=\"In stock\" \/>\n<script type=\"application\/ld+json\" class=\"yoast-schema-graph\">{\"@context\":\"https:\/\/schema.org\",\"@graph\":[{\"@type\":\"WebPage\",\"@id\":\"https:\/\/babylove.se\/no\/produkt\/gramint-kanin-stor-dukke-med-navn\/\",\"url\":\"https:\/\/babylove.se\/no\/produkt\/gramint-kanin-stor-dukke-med-navn\/\",\"name\":\"Gr\u00e5\/mint kanin docka med barnets namn - K\u00f6p direkt online\",\"isPartOf\":{\"@id\":\"https:\/\/babylove.se\/no\/#website\"},\"primaryImageOfPage\":{\"@id\":\"https:\/\/babylove.se\/no\/produkt\/gramint-kanin-stor-dukke-med-navn\/#primaryimage\"},\"image\":{\"@id\":\"https:\/\/babylove.se\/no\/produkt\/gramint-kanin-stor-dukke-med-navn\/#primaryimage\"},\"thumbnailUrl\":\"https:\/\/babylove.se\/no\/wp-content\/uploads\/sites\/3\/2025\/07\/61e6ba0ebe3c6.jpeg\",\"datePublished\":\"2025-07-18T23:20:29+00:00\",\"dateModified\":\"2026-04-08T10:50:56+00:00\",\"description\":\"Den har vunnit b\u00e5de barnens och f\u00f6r\u00e4ldrarnas hj\u00e4rta, en docka som \u00e4r gjord i 100% bomull och polyester - Klarna faktura - Fri frakt \u00f6ver 999 kr\",\"breadcrumb\":{\"@id\":\"https:\/\/babylove.se\/no\/produkt\/gramint-kanin-stor-dukke-med-navn\/#breadcrumb\"},\"inLanguage\":\"nb-NO\",\"potentialAction\":[{\"@type\":\"ReadAction\",\"target\":[\"https:\/\/babylove.se\/no\/produkt\/gramint-kanin-stor-dukke-med-navn\/\"]}]},{\"@type\":\"ImageObject\",\"inLanguage\":\"nb-NO\",\"@id\":\"https:\/\/babylove.se\/no\/produkt\/gramint-kanin-stor-dukke-med-navn\/#primaryimage\",\"url\":\"https:\/\/babylove.se\/no\/wp-content\/uploads\/sites\/3\/2025\/07\/61e6ba0ebe3c6.jpeg\",\"contentUrl\":\"https:\/\/babylove.se\/no\/wp-content\/uploads\/sites\/3\/2025\/07\/61e6ba0ebe3c6.jpeg\",\"width\":1080,\"height\":1158},{\"@type\":\"BreadcrumbList\",\"@id\":\"https:\/\/babylove.se\/no\/produkt\/gramint-kanin-stor-dukke-med-navn\/#breadcrumb\",\"itemListElement\":[{\"@type\":\"ListItem\",\"position\":1,\"name\":\"Hem\",\"item\":\"https:\/\/babylove.se\/no\/\"},{\"@type\":\"ListItem\",\"position\":2,\"name\":\"Butik\",\"item\":\"https:\/\/babylove.se\/no\/butik\/\"},{\"@type\":\"ListItem\",\"position\":3,\"name\":\"Gr\u00e5\/mint kanin, stor dokke med navn\"}]},{\"@type\":\"WebSite\",\"@id\":\"https:\/\/babylove.se\/no\/#website\",\"url\":\"https:\/\/babylove.se\/no\/\",\"name\":\"Babylove Norska\",\"description\":\"\",\"potentialAction\":[{\"@type\":\"SearchAction\",\"target\":{\"@type\":\"EntryPoint\",\"urlTemplate\":\"https:\/\/babylove.se\/no\/?s={search_term_string}\"},\"query-input\":{\"@type\":\"PropertyValueSpecification\",\"valueRequired\":true,\"valueName\":\"search_term_string\"}}],\"inLanguage\":\"nb-NO\"}]}<\/script>\n<meta property=\"product:brand\" content=\"metoodoll\" \/>\n<meta property=\"product:price:amount\" content=\"449.00\" \/>\n<meta property=\"product:price:currency\" content=\"SEK\" \/>\n<meta property=\"og:availability\" content=\"instock\" \/>\n<meta property=\"product:availability\" content=\"instock\" \/>\n<meta property=\"product:retailer_item_id\" content=\"6954124921489\" \/>\n<meta property=\"product:condition\" content=\"new\" \/>\n<!-- \/ Yoast SEO Premium plugin. -->","yoast_head_json":{"title":"Gr\u00e5\/mint kanin docka med barnets namn - K\u00f6p direkt online","description":"Den har vunnit b\u00e5de barnens och f\u00f6r\u00e4ldrarnas hj\u00e4rta, en docka som \u00e4r gjord i 100% bomull och polyester - Klarna faktura - Fri frakt \u00f6ver 999 kr","robots":{"index":"noindex","follow":"follow","max-snippet":"max-snippet:-1","max-image-preview":"max-image-preview:large","max-video-preview":"max-video-preview:-1"},"og_locale":"nb_NO","og_type":"article","og_title":"Gr\u00e5\/mint kanin, stor dokke med navn","og_description":"Den har vunnit b\u00e5de barnens och f\u00f6r\u00e4ldrarnas hj\u00e4rta, en docka som \u00e4r gjord i 100% bomull och polyester - Klarna faktura - Fri frakt \u00f6ver 999 kr","og_url":"https:\/\/babylove.se\/no\/produkt\/gramint-kanin-stor-dukke-med-navn\/","og_site_name":"Babylove Norska","article_modified_time":"2026-04-08T10:50:56+00:00","og_image":[{"width":1080,"height":1158,"url":"https:\/\/babylove.se\/no\/wp-content\/uploads\/sites\/3\/2025\/07\/61e6ba0ebe3c6.jpeg","type":"image\/jpeg"}],"twitter_card":"summary_large_image","twitter_misc":{"Price":"449,00&nbsp;&#107;&#114;","Availability":"In stock"},"schema":{"@context":"https:\/\/schema.org","@graph":[{"@type":"WebPage","@id":"https:\/\/babylove.se\/no\/produkt\/gramint-kanin-stor-dukke-med-navn\/","url":"https:\/\/babylove.se\/no\/produkt\/gramint-kanin-stor-dukke-med-navn\/","name":"Gr\u00e5\/mint kanin docka med barnets namn - K\u00f6p direkt online","isPartOf":{"@id":"https:\/\/babylove.se\/no\/#website"},"primaryImageOfPage":{"@id":"https:\/\/babylove.se\/no\/produkt\/gramint-kanin-stor-dukke-med-navn\/#primaryimage"},"image":{"@id":"https:\/\/babylove.se\/no\/produkt\/gramint-kanin-stor-dukke-med-navn\/#primaryimage"},"thumbnailUrl":"https:\/\/babylove.se\/no\/wp-content\/uploads\/sites\/3\/2025\/07\/61e6ba0ebe3c6.jpeg","datePublished":"2025-07-18T23:20:29+00:00","dateModified":"2026-04-08T10:50:56+00:00","description":"Den har vunnit b\u00e5de barnens och f\u00f6r\u00e4ldrarnas hj\u00e4rta, en docka som \u00e4r gjord i 100% bomull och polyester - Klarna faktura - Fri frakt \u00f6ver 999 kr","breadcrumb":{"@id":"https:\/\/babylove.se\/no\/produkt\/gramint-kanin-stor-dukke-med-navn\/#breadcrumb"},"inLanguage":"nb-NO","potentialAction":[{"@type":"ReadAction","target":["https:\/\/babylove.se\/no\/produkt\/gramint-kanin-stor-dukke-med-navn\/"]}]},{"@type":"ImageObject","inLanguage":"nb-NO","@id":"https:\/\/babylove.se\/no\/produkt\/gramint-kanin-stor-dukke-med-navn\/#primaryimage","url":"https:\/\/babylove.se\/no\/wp-content\/uploads\/sites\/3\/2025\/07\/61e6ba0ebe3c6.jpeg","contentUrl":"https:\/\/babylove.se\/no\/wp-content\/uploads\/sites\/3\/2025\/07\/61e6ba0ebe3c6.jpeg","width":1080,"height":1158},{"@type":"BreadcrumbList","@id":"https:\/\/babylove.se\/no\/produkt\/gramint-kanin-stor-dukke-med-navn\/#breadcrumb","itemListElement":[{"@type":"ListItem","position":1,"name":"Hem","item":"https:\/\/babylove.se\/no\/"},{"@type":"ListItem","position":2,"name":"Butik","item":"https:\/\/babylove.se\/no\/butik\/"},{"@type":"ListItem","position":3,"name":"Gr\u00e5\/mint kanin, stor dokke med navn"}]},{"@type":"WebSite","@id":"https:\/\/babylove.se\/no\/#website","url":"https:\/\/babylove.se\/no\/","name":"Babylove Norska","description":"","potentialAction":[{"@type":"SearchAction","target":{"@type":"EntryPoint","urlTemplate":"https:\/\/babylove.se\/no\/?s={search_term_string}"},"query-input":{"@type":"PropertyValueSpecification","valueRequired":true,"valueName":"search_term_string"}}],"inLanguage":"nb-NO"}]},"product_brand":"metoodoll","product_price_amount":"449.00","product_price_currency":"SEK","og_availability":"instock","product_availability":"instock","product_retailer_item_id":"6954124921489","product_condition":"new"},"_links":{"self":[{"href":"https:\/\/babylove.se\/no\/wp-json\/wp\/v2\/product\/31221","targetHints":{"allow":["GET"]}}],"collection":[{"href":"https:\/\/babylove.se\/no\/wp-json\/wp\/v2\/product"}],"about":[{"href":"https:\/\/babylove.se\/no\/wp-json\/wp\/v2\/types\/product"}],"replies":[{"embeddable":true,"href":"https:\/\/babylove.se\/no\/wp-json\/wp\/v2\/comments?post=31221"}],"wp:featuredmedia":[{"embeddable":true,"href":"https:\/\/babylove.se\/no\/wp-json\/wp\/v2\/media\/31223"}],"wp:attachment":[{"href":"https:\/\/babylove.se\/no\/wp-json\/wp\/v2\/media?parent=31221"}],"wp:term":[{"taxonomy":"product_brand","embeddable":true,"href":"https:\/\/babylove.se\/no\/wp-json\/wp\/v2\/product_brand?post=31221"},{"taxonomy":"product_cat","embeddable":true,"href":"https:\/\/babylove.se\/no\/wp-json\/wp\/v2\/product_cat?post=31221"},{"taxonomy":"product_tag","embeddable":true,"href":"https:\/\/babylove.se\/no\/wp-json\/wp\/v2\/product_tag?post=31221"}],"curies":[{"name":"wp","href":"https:\/\/api.w.org\/{rel}","templated":true}]}}