{"id":31269,"date":"2025-07-19T00:21:09","date_gmt":"2025-07-18T23:21:09","guid":{"rendered":"https:\/\/babylove.se\/produkt\/babylove-little-dusty-pink-rainbow-vaggklistermarke-12-st\/"},"modified":"2026-04-08T11:51:23","modified_gmt":"2026-04-08T10:51:23","slug":"babylove-little-dusty-pink-rainbow-veggklistremerke-12-stk","status":"publish","type":"product","link":"https:\/\/babylove.se\/no\/produkt\/babylove-little-dusty-pink-rainbow-veggklistremerke-12-stk\/","title":{"rendered":"Babylove, little dusty pink rainbow, veggklistremerke 12 stk"},"content":{"rendered":"<p>En fantastisk veggdekorasjon i form av sm\u00e5 regnbuer. Dette er en fantastisk m\u00e5te \u00e5 innrede barnerommet ditt p\u00e5, da veggklistremerket passer b\u00e5de ved sengen, ved skrivebordet eller p\u00e5 en tom helvegg i stedet for tapet.<\/p>\n<p>Siden hver bue settes opp separat ser veggklistremerkene fantastiske ut p\u00e5 b\u00e5de lyse og m\u00f8rke vegger! Materialet er spesielt utvalgt for \u00e5 v\u00e6re sterkt og gi en perfekt fargegjengivelse.<span style=\"background-color: initial; text-align: initial;\">&nbsp;<\/span><\/p>\n<p><span style=\"background-color: initial; text-align: initial;\">Hvert sett inneholder<\/span><span style=\"background-color: initial; text-align: initial;\">&nbsp;12 stk regnbuer. Det er bare fantasien din som setter grensen for hvordan du kombinerer dem!<\/span><\/p>\n<p><strong>M\u00e5l<\/strong>: 20 x 29 cm.<\/p>\n<p><em>OBS! S\u00f8rg for at overflaten er t\u00f8rr og avfettet f\u00f8r du setter opp veggklistremerket. Fungerer ikke p\u00e5 ujevne vegger\/overflater. Klistremerkene er heller ikke egnet for vegger med en grov overflate eller hvis de er malt med lateksfarger eller tapet. Veggklistremerkene m\u00e5 v\u00e6re flate og ofte ligge og rettes ut minst 24 timer etter man har tatt dem ut fra emballasjen f\u00f8r man kan sette dem opp p\u00e5 veggen.<\/em><\/p>\n<p>Designer: <a href=\"https:\/\/babylove.se\/varumarken\/babylove\">Babylove<\/a><\/p>\n","protected":false},"excerpt":{"rendered":"<p>En fantastisk veggdekorasjon i form av sm\u00e5 regnbuer. Dette er en fantastisk m\u00e5te \u00e5 innrede barnerommet ditt p\u00e5, da veggklistremerket passer b\u00e5de ved sengen, ved skrivebordet eller p\u00e5 en tom helvegg i stedet for tapet. Siden hver bue settes opp separat ser veggklistremerkene fantastiske ut p\u00e5 b\u00e5de lyse og m\u00f8rke vegger! Materialet er spesielt utvalgt [&hellip;]<\/p>\n","protected":false},"featured_media":31271,"comment_status":"closed","ping_status":"open","template":"","meta":{"_acf_changed":false},"product_brand":[],"product_cat":[84,248,72,48,24],"product_tag":[1709],"class_list":{"0":"post-31269","1":"product","2":"type-product","3":"status-publish","4":"has-post-thumbnail","6":"product_cat-babylove","7":"product_cat-regnbue","8":"product_cat-julegaver","9":"product_cat-startside","10":"product_cat-veggklistremerker","11":"product_tag-utforsalg","13":"first","14":"instock","15":"taxable","16":"shipping-taxable","17":"purchasable","18":"product-type-simple"},"acf":[],"yoast_head":"<!-- This site is optimized with the Yoast SEO Premium plugin v25.8 (Yoast SEO v27.2) - https:\/\/yoast.com\/product\/yoast-seo-premium-wordpress\/ -->\n<title>Babylove, little dusty pink rainbow, veggklistremerke 12 stk - Babylove Norska<\/title>\n<meta name=\"robots\" content=\"noindex, follow, max-snippet:-1, max-image-preview:large, max-video-preview:-1\" \/>\n<meta property=\"og:locale\" content=\"nb_NO\" \/>\n<meta property=\"og:type\" content=\"article\" \/>\n<meta property=\"og:title\" content=\"Babylove, little dusty pink rainbow, veggklistremerke 12 stk\" \/>\n<meta property=\"og:description\" content=\"En fantastisk veggdekorasjon i form av sm\u00e5 regnbuer. Dette er en fantastisk m\u00e5te \u00e5 innrede barnerommet ditt p\u00e5, da veggklistremerket passer b\u00e5de ved sengen, ved skrivebordet eller p\u00e5 en tom helvegg i stedet for tapet. Siden hver bue settes opp separat ser veggklistremerkene fantastiske ut p\u00e5 b\u00e5de lyse og m\u00f8rke vegger! Materialet er spesielt utvalgt [&hellip;]\" \/>\n<meta property=\"og:url\" content=\"https:\/\/babylove.se\/no\/produkt\/babylove-little-dusty-pink-rainbow-veggklistremerke-12-stk\/\" \/>\n<meta property=\"og:site_name\" content=\"Babylove Norska\" \/>\n<meta property=\"article:modified_time\" content=\"2026-04-08T10:51:23+00:00\" \/>\n<meta property=\"og:image\" content=\"https:\/\/babylove.se\/no\/wp-content\/uploads\/sites\/3\/2025\/07\/61e94a055a1af.jpeg\" \/>\n\t<meta property=\"og:image:width\" content=\"631\" \/>\n\t<meta property=\"og:image:height\" content=\"1000\" \/>\n\t<meta property=\"og:image:type\" content=\"image\/jpeg\" \/>\n<meta name=\"twitter:card\" content=\"summary_large_image\" \/>\n<meta name=\"twitter:label1\" content=\"Price\" \/>\n\t<meta name=\"twitter:data1\" content=\"239,20&nbsp;&#107;&#114;\" \/>\n\t<meta name=\"twitter:label2\" content=\"Availability\" \/>\n\t<meta name=\"twitter:data2\" content=\"In stock\" \/>\n<script type=\"application\/ld+json\" class=\"yoast-schema-graph\">{\"@context\":\"https:\/\/schema.org\",\"@graph\":[{\"@type\":\"WebPage\",\"@id\":\"https:\/\/babylove.se\/no\/produkt\/babylove-little-dusty-pink-rainbow-veggklistremerke-12-stk\/\",\"url\":\"https:\/\/babylove.se\/no\/produkt\/babylove-little-dusty-pink-rainbow-veggklistremerke-12-stk\/\",\"name\":\"Babylove, little dusty pink rainbow, veggklistremerke 12 stk - Babylove Norska\",\"isPartOf\":{\"@id\":\"https:\/\/babylove.se\/no\/#website\"},\"primaryImageOfPage\":{\"@id\":\"https:\/\/babylove.se\/no\/produkt\/babylove-little-dusty-pink-rainbow-veggklistremerke-12-stk\/#primaryimage\"},\"image\":{\"@id\":\"https:\/\/babylove.se\/no\/produkt\/babylove-little-dusty-pink-rainbow-veggklistremerke-12-stk\/#primaryimage\"},\"thumbnailUrl\":\"https:\/\/babylove.se\/no\/wp-content\/uploads\/sites\/3\/2025\/07\/61e94a055a1af.jpeg\",\"datePublished\":\"2025-07-18T23:21:09+00:00\",\"dateModified\":\"2026-04-08T10:51:23+00:00\",\"breadcrumb\":{\"@id\":\"https:\/\/babylove.se\/no\/produkt\/babylove-little-dusty-pink-rainbow-veggklistremerke-12-stk\/#breadcrumb\"},\"inLanguage\":\"nb-NO\",\"potentialAction\":[{\"@type\":\"ReadAction\",\"target\":[\"https:\/\/babylove.se\/no\/produkt\/babylove-little-dusty-pink-rainbow-veggklistremerke-12-stk\/\"]}]},{\"@type\":\"ImageObject\",\"inLanguage\":\"nb-NO\",\"@id\":\"https:\/\/babylove.se\/no\/produkt\/babylove-little-dusty-pink-rainbow-veggklistremerke-12-stk\/#primaryimage\",\"url\":\"https:\/\/babylove.se\/no\/wp-content\/uploads\/sites\/3\/2025\/07\/61e94a055a1af.jpeg\",\"contentUrl\":\"https:\/\/babylove.se\/no\/wp-content\/uploads\/sites\/3\/2025\/07\/61e94a055a1af.jpeg\",\"width\":631,\"height\":1000},{\"@type\":\"BreadcrumbList\",\"@id\":\"https:\/\/babylove.se\/no\/produkt\/babylove-little-dusty-pink-rainbow-veggklistremerke-12-stk\/#breadcrumb\",\"itemListElement\":[{\"@type\":\"ListItem\",\"position\":1,\"name\":\"Hem\",\"item\":\"https:\/\/babylove.se\/no\/\"},{\"@type\":\"ListItem\",\"position\":2,\"name\":\"Butik\",\"item\":\"https:\/\/babylove.se\/no\/butik\/\"},{\"@type\":\"ListItem\",\"position\":3,\"name\":\"Babylove, little dusty pink rainbow, veggklistremerke 12 stk\"}]},{\"@type\":\"WebSite\",\"@id\":\"https:\/\/babylove.se\/no\/#website\",\"url\":\"https:\/\/babylove.se\/no\/\",\"name\":\"Babylove Norska\",\"description\":\"\",\"potentialAction\":[{\"@type\":\"SearchAction\",\"target\":{\"@type\":\"EntryPoint\",\"urlTemplate\":\"https:\/\/babylove.se\/no\/?s={search_term_string}\"},\"query-input\":{\"@type\":\"PropertyValueSpecification\",\"valueRequired\":true,\"valueName\":\"search_term_string\"}}],\"inLanguage\":\"nb-NO\"}]}<\/script>\n<meta property=\"product:price:amount\" content=\"239.20\" \/>\n<meta property=\"product:price:currency\" content=\"SEK\" \/>\n<meta property=\"og:availability\" content=\"instock\" \/>\n<meta property=\"product:availability\" content=\"instock\" \/>\n<meta property=\"product:retailer_item_id\" content=\"DD00001940\" \/>\n<meta property=\"product:condition\" content=\"new\" \/>\n<!-- \/ Yoast SEO Premium plugin. -->","yoast_head_json":{"title":"Babylove, little dusty pink rainbow, veggklistremerke 12 stk - Babylove Norska","robots":{"index":"noindex","follow":"follow","max-snippet":"max-snippet:-1","max-image-preview":"max-image-preview:large","max-video-preview":"max-video-preview:-1"},"og_locale":"nb_NO","og_type":"article","og_title":"Babylove, little dusty pink rainbow, veggklistremerke 12 stk","og_description":"En fantastisk veggdekorasjon i form av sm\u00e5 regnbuer. Dette er en fantastisk m\u00e5te \u00e5 innrede barnerommet ditt p\u00e5, da veggklistremerket passer b\u00e5de ved sengen, ved skrivebordet eller p\u00e5 en tom helvegg i stedet for tapet. Siden hver bue settes opp separat ser veggklistremerkene fantastiske ut p\u00e5 b\u00e5de lyse og m\u00f8rke vegger! Materialet er spesielt utvalgt [&hellip;]","og_url":"https:\/\/babylove.se\/no\/produkt\/babylove-little-dusty-pink-rainbow-veggklistremerke-12-stk\/","og_site_name":"Babylove Norska","article_modified_time":"2026-04-08T10:51:23+00:00","og_image":[{"width":631,"height":1000,"url":"https:\/\/babylove.se\/no\/wp-content\/uploads\/sites\/3\/2025\/07\/61e94a055a1af.jpeg","type":"image\/jpeg"}],"twitter_card":"summary_large_image","twitter_misc":{"Price":"239,20&nbsp;&#107;&#114;","Availability":"In stock"},"schema":{"@context":"https:\/\/schema.org","@graph":[{"@type":"WebPage","@id":"https:\/\/babylove.se\/no\/produkt\/babylove-little-dusty-pink-rainbow-veggklistremerke-12-stk\/","url":"https:\/\/babylove.se\/no\/produkt\/babylove-little-dusty-pink-rainbow-veggklistremerke-12-stk\/","name":"Babylove, little dusty pink rainbow, veggklistremerke 12 stk - Babylove Norska","isPartOf":{"@id":"https:\/\/babylove.se\/no\/#website"},"primaryImageOfPage":{"@id":"https:\/\/babylove.se\/no\/produkt\/babylove-little-dusty-pink-rainbow-veggklistremerke-12-stk\/#primaryimage"},"image":{"@id":"https:\/\/babylove.se\/no\/produkt\/babylove-little-dusty-pink-rainbow-veggklistremerke-12-stk\/#primaryimage"},"thumbnailUrl":"https:\/\/babylove.se\/no\/wp-content\/uploads\/sites\/3\/2025\/07\/61e94a055a1af.jpeg","datePublished":"2025-07-18T23:21:09+00:00","dateModified":"2026-04-08T10:51:23+00:00","breadcrumb":{"@id":"https:\/\/babylove.se\/no\/produkt\/babylove-little-dusty-pink-rainbow-veggklistremerke-12-stk\/#breadcrumb"},"inLanguage":"nb-NO","potentialAction":[{"@type":"ReadAction","target":["https:\/\/babylove.se\/no\/produkt\/babylove-little-dusty-pink-rainbow-veggklistremerke-12-stk\/"]}]},{"@type":"ImageObject","inLanguage":"nb-NO","@id":"https:\/\/babylove.se\/no\/produkt\/babylove-little-dusty-pink-rainbow-veggklistremerke-12-stk\/#primaryimage","url":"https:\/\/babylove.se\/no\/wp-content\/uploads\/sites\/3\/2025\/07\/61e94a055a1af.jpeg","contentUrl":"https:\/\/babylove.se\/no\/wp-content\/uploads\/sites\/3\/2025\/07\/61e94a055a1af.jpeg","width":631,"height":1000},{"@type":"BreadcrumbList","@id":"https:\/\/babylove.se\/no\/produkt\/babylove-little-dusty-pink-rainbow-veggklistremerke-12-stk\/#breadcrumb","itemListElement":[{"@type":"ListItem","position":1,"name":"Hem","item":"https:\/\/babylove.se\/no\/"},{"@type":"ListItem","position":2,"name":"Butik","item":"https:\/\/babylove.se\/no\/butik\/"},{"@type":"ListItem","position":3,"name":"Babylove, little dusty pink rainbow, veggklistremerke 12 stk"}]},{"@type":"WebSite","@id":"https:\/\/babylove.se\/no\/#website","url":"https:\/\/babylove.se\/no\/","name":"Babylove Norska","description":"","potentialAction":[{"@type":"SearchAction","target":{"@type":"EntryPoint","urlTemplate":"https:\/\/babylove.se\/no\/?s={search_term_string}"},"query-input":{"@type":"PropertyValueSpecification","valueRequired":true,"valueName":"search_term_string"}}],"inLanguage":"nb-NO"}]},"product_price_amount":"239.20","product_price_currency":"SEK","og_availability":"instock","product_availability":"instock","product_retailer_item_id":"DD00001940","product_condition":"new"},"_links":{"self":[{"href":"https:\/\/babylove.se\/no\/wp-json\/wp\/v2\/product\/31269","targetHints":{"allow":["GET"]}}],"collection":[{"href":"https:\/\/babylove.se\/no\/wp-json\/wp\/v2\/product"}],"about":[{"href":"https:\/\/babylove.se\/no\/wp-json\/wp\/v2\/types\/product"}],"replies":[{"embeddable":true,"href":"https:\/\/babylove.se\/no\/wp-json\/wp\/v2\/comments?post=31269"}],"wp:featuredmedia":[{"embeddable":true,"href":"https:\/\/babylove.se\/no\/wp-json\/wp\/v2\/media\/31271"}],"wp:attachment":[{"href":"https:\/\/babylove.se\/no\/wp-json\/wp\/v2\/media?parent=31269"}],"wp:term":[{"taxonomy":"product_brand","embeddable":true,"href":"https:\/\/babylove.se\/no\/wp-json\/wp\/v2\/product_brand?post=31269"},{"taxonomy":"product_cat","embeddable":true,"href":"https:\/\/babylove.se\/no\/wp-json\/wp\/v2\/product_cat?post=31269"},{"taxonomy":"product_tag","embeddable":true,"href":"https:\/\/babylove.se\/no\/wp-json\/wp\/v2\/product_tag?post=31269"}],"curies":[{"name":"wp","href":"https:\/\/api.w.org\/{rel}","templated":true}]}}