{"id":31289,"date":"2025-07-19T00:21:43","date_gmt":"2025-07-18T23:21:43","guid":{"rendered":"https:\/\/babylove.se\/produkt\/babylove-beige-rainbow-regnbage-vaggklistermarke\/"},"modified":"2026-04-08T11:51:31","modified_gmt":"2026-04-08T10:51:31","slug":"babylove-beige-regnbue-regnbue-veggklistremerke","status":"publish","type":"product","link":"https:\/\/babylove.se\/no\/produkt\/babylove-beige-regnbue-regnbue-veggklistremerke\/","title":{"rendered":"Babylove, beige regnbue, regnbue veggklistremerke"},"content":{"rendered":"<p>En underbar veggdekorasjon i form av en regnbue. Dette er en fantastisk m\u00e5te \u00e5 innrede barnerommet ditt p\u00e5, da den passer like godt ved sengen som ved skrivebordet eller p\u00e5 en tom helvegg i stedet for tapet. \\n \\nVeggklistremerke er utformet for \u00e5 se underbare ut p\u00e5 b\u00e5de lyse og m\u00f8rke vegger. Materialet er spesielt utvalgt for \u00e5 v\u00e6re sterkt og gi en perfekt fargegjengivelse. \\n \\nM\u00e5l: Finnes i to st\u00f8rrelser: \\n<\/p>\n<ul> \\n \\t<\/p>\n<li><strong>M<\/strong>: h\u00f8yde 68 cm bredde 100 cm<\/li>\n<p> \\n \\t<\/p>\n<li><strong>L<\/strong>: h\u00f8yde 122 cm bredde 180 cm (kommer i to deler: venstre og h\u00f8yre)<\/li>\n<p> \\n<\/ul>\n<p> \\n<em>OBS! S\u00f8rg for at overflaten er t\u00f8rr og avfettet f\u00f8r du setter opp veggklistremerket. Fungerer ikke p\u00e5 ujevne vegger\/overflater. Klistremerkene er heller ikke egnet for vegger med en grov overflate eller hvis de er malt med lateksmaling eller tapetsterte. Veggklistremerkene m\u00e5 v\u00e6re flate og ofte ligge og rettes ut minst 24 timer etter man har tatt dem ut fra emballasjen f\u00f8r man kan sette dem opp p\u00e5 veggen.<\/em> \\n \\nDesigner: <a href=\"https:\/\/babylove.se\/varumarken\/babylove\">Babylove<\/a><\/p>\n","protected":false},"excerpt":{"rendered":"<p>En underbar veggdekorasjon i form av en regnbue. Dette er en fantastisk m\u00e5te \u00e5 innrede barnerommet ditt p\u00e5, da den passer like godt ved sengen som ved skrivebordet eller p\u00e5 en tom helvegg i stedet for tapet. \\n \\nVeggklistremerke er utformet for \u00e5 se underbare ut p\u00e5 b\u00e5de lyse og m\u00f8rke vegger. Materialet er spesielt [&hellip;]<\/p>\n","protected":false},"featured_media":31291,"comment_status":"open","ping_status":"closed","template":"","meta":{"_acf_changed":false},"product_brand":[],"product_cat":[84,248,72,24],"product_tag":[1709],"class_list":{"0":"post-31289","1":"product","2":"type-product","3":"status-publish","4":"has-post-thumbnail","6":"product_cat-babylove","7":"product_cat-regnbue","8":"product_cat-julegaver","9":"product_cat-veggklistremerker","10":"product_tag-utforsalg","11":"pa_storlek-l","12":"pa_storlek-m","14":"first","15":"instock","16":"taxable","17":"shipping-taxable","18":"purchasable","19":"product-type-variable"},"acf":[],"yoast_head":"<!-- This site is optimized with the Yoast SEO Premium plugin v25.8 (Yoast SEO v27.2) - https:\/\/yoast.com\/product\/yoast-seo-premium-wordpress\/ -->\n<title>Babylove, beige regnbue, regnbue veggklistremerke - Babylove Norska<\/title>\n<meta name=\"robots\" content=\"noindex, follow, max-snippet:-1, max-image-preview:large, max-video-preview:-1\" \/>\n<meta property=\"og:locale\" content=\"nb_NO\" \/>\n<meta property=\"og:type\" content=\"article\" \/>\n<meta property=\"og:title\" content=\"Babylove, beige regnbue, regnbue veggklistremerke\" \/>\n<meta property=\"og:description\" content=\"En underbar veggdekorasjon i form av en regnbue. Dette er en fantastisk m\u00e5te \u00e5 innrede barnerommet ditt p\u00e5, da den passer like godt ved sengen som ved skrivebordet eller p\u00e5 en tom helvegg i stedet for tapet. n nVeggklistremerke er utformet for \u00e5 se underbare ut p\u00e5 b\u00e5de lyse og m\u00f8rke vegger. Materialet er spesielt [&hellip;]\" \/>\n<meta property=\"og:url\" content=\"https:\/\/babylove.se\/no\/produkt\/babylove-beige-regnbue-regnbue-veggklistremerke\/\" \/>\n<meta property=\"og:site_name\" content=\"Babylove Norska\" \/>\n<meta property=\"article:modified_time\" content=\"2026-04-08T10:51:31+00:00\" \/>\n<meta property=\"og:image\" content=\"https:\/\/babylove.se\/no\/wp-content\/uploads\/sites\/3\/2025\/07\/61e956e715c01.jpeg\" \/>\n\t<meta property=\"og:image:width\" content=\"1300\" \/>\n\t<meta property=\"og:image:height\" content=\"917\" \/>\n\t<meta property=\"og:image:type\" content=\"image\/jpeg\" \/>\n<meta name=\"twitter:card\" content=\"summary_large_image\" \/>\n<meta name=\"twitter:label1\" content=\"Availability\" \/>\n\t<meta name=\"twitter:data1\" content=\"In stock\" \/>\n<script type=\"application\/ld+json\" class=\"yoast-schema-graph\">{\"@context\":\"https:\/\/schema.org\",\"@graph\":[{\"@type\":\"WebPage\",\"@id\":\"https:\/\/babylove.se\/no\/produkt\/babylove-beige-regnbue-regnbue-veggklistremerke\/\",\"url\":\"https:\/\/babylove.se\/no\/produkt\/babylove-beige-regnbue-regnbue-veggklistremerke\/\",\"name\":\"Babylove, beige regnbue, regnbue veggklistremerke - Babylove Norska\",\"isPartOf\":{\"@id\":\"https:\/\/babylove.se\/no\/#website\"},\"primaryImageOfPage\":{\"@id\":\"https:\/\/babylove.se\/no\/produkt\/babylove-beige-regnbue-regnbue-veggklistremerke\/#primaryimage\"},\"image\":{\"@id\":\"https:\/\/babylove.se\/no\/produkt\/babylove-beige-regnbue-regnbue-veggklistremerke\/#primaryimage\"},\"thumbnailUrl\":\"https:\/\/babylove.se\/no\/wp-content\/uploads\/sites\/3\/2025\/07\/61e956e715c01.jpeg\",\"datePublished\":\"2025-07-18T23:21:43+00:00\",\"dateModified\":\"2026-04-08T10:51:31+00:00\",\"breadcrumb\":{\"@id\":\"https:\/\/babylove.se\/no\/produkt\/babylove-beige-regnbue-regnbue-veggklistremerke\/#breadcrumb\"},\"inLanguage\":\"nb-NO\",\"potentialAction\":[{\"@type\":\"ReadAction\",\"target\":[\"https:\/\/babylove.se\/no\/produkt\/babylove-beige-regnbue-regnbue-veggklistremerke\/\"]}]},{\"@type\":\"ImageObject\",\"inLanguage\":\"nb-NO\",\"@id\":\"https:\/\/babylove.se\/no\/produkt\/babylove-beige-regnbue-regnbue-veggklistremerke\/#primaryimage\",\"url\":\"https:\/\/babylove.se\/no\/wp-content\/uploads\/sites\/3\/2025\/07\/61e956e715c01.jpeg\",\"contentUrl\":\"https:\/\/babylove.se\/no\/wp-content\/uploads\/sites\/3\/2025\/07\/61e956e715c01.jpeg\",\"width\":1300,\"height\":917},{\"@type\":\"BreadcrumbList\",\"@id\":\"https:\/\/babylove.se\/no\/produkt\/babylove-beige-regnbue-regnbue-veggklistremerke\/#breadcrumb\",\"itemListElement\":[{\"@type\":\"ListItem\",\"position\":1,\"name\":\"Hem\",\"item\":\"https:\/\/babylove.se\/no\/\"},{\"@type\":\"ListItem\",\"position\":2,\"name\":\"Butik\",\"item\":\"https:\/\/babylove.se\/no\/butik\/\"},{\"@type\":\"ListItem\",\"position\":3,\"name\":\"Babylove, beige regnbue, regnbue veggklistremerke\"}]},{\"@type\":\"WebSite\",\"@id\":\"https:\/\/babylove.se\/no\/#website\",\"url\":\"https:\/\/babylove.se\/no\/\",\"name\":\"Babylove Norska\",\"description\":\"\",\"potentialAction\":[{\"@type\":\"SearchAction\",\"target\":{\"@type\":\"EntryPoint\",\"urlTemplate\":\"https:\/\/babylove.se\/no\/?s={search_term_string}\"},\"query-input\":{\"@type\":\"PropertyValueSpecification\",\"valueRequired\":true,\"valueName\":\"search_term_string\"}}],\"inLanguage\":\"nb-NO\"}]}<\/script>\n<meta property=\"og:availability\" content=\"instock\" \/>\n<meta property=\"product:availability\" content=\"instock\" \/>\n<meta property=\"product:retailer_item_id\" content=\"DD_regnb\u00e5ge_v\u00e4ggklisterm\u00e4rke\" \/>\n<meta property=\"product:condition\" content=\"new\" \/>\n<!-- \/ Yoast SEO Premium plugin. -->","yoast_head_json":{"title":"Babylove, beige regnbue, regnbue veggklistremerke - Babylove Norska","robots":{"index":"noindex","follow":"follow","max-snippet":"max-snippet:-1","max-image-preview":"max-image-preview:large","max-video-preview":"max-video-preview:-1"},"og_locale":"nb_NO","og_type":"article","og_title":"Babylove, beige regnbue, regnbue veggklistremerke","og_description":"En underbar veggdekorasjon i form av en regnbue. Dette er en fantastisk m\u00e5te \u00e5 innrede barnerommet ditt p\u00e5, da den passer like godt ved sengen som ved skrivebordet eller p\u00e5 en tom helvegg i stedet for tapet. n nVeggklistremerke er utformet for \u00e5 se underbare ut p\u00e5 b\u00e5de lyse og m\u00f8rke vegger. Materialet er spesielt [&hellip;]","og_url":"https:\/\/babylove.se\/no\/produkt\/babylove-beige-regnbue-regnbue-veggklistremerke\/","og_site_name":"Babylove Norska","article_modified_time":"2026-04-08T10:51:31+00:00","og_image":[{"width":1300,"height":917,"url":"https:\/\/babylove.se\/no\/wp-content\/uploads\/sites\/3\/2025\/07\/61e956e715c01.jpeg","type":"image\/jpeg"}],"twitter_card":"summary_large_image","twitter_misc":{"Availability":"In stock"},"schema":{"@context":"https:\/\/schema.org","@graph":[{"@type":"WebPage","@id":"https:\/\/babylove.se\/no\/produkt\/babylove-beige-regnbue-regnbue-veggklistremerke\/","url":"https:\/\/babylove.se\/no\/produkt\/babylove-beige-regnbue-regnbue-veggklistremerke\/","name":"Babylove, beige regnbue, regnbue veggklistremerke - Babylove Norska","isPartOf":{"@id":"https:\/\/babylove.se\/no\/#website"},"primaryImageOfPage":{"@id":"https:\/\/babylove.se\/no\/produkt\/babylove-beige-regnbue-regnbue-veggklistremerke\/#primaryimage"},"image":{"@id":"https:\/\/babylove.se\/no\/produkt\/babylove-beige-regnbue-regnbue-veggklistremerke\/#primaryimage"},"thumbnailUrl":"https:\/\/babylove.se\/no\/wp-content\/uploads\/sites\/3\/2025\/07\/61e956e715c01.jpeg","datePublished":"2025-07-18T23:21:43+00:00","dateModified":"2026-04-08T10:51:31+00:00","breadcrumb":{"@id":"https:\/\/babylove.se\/no\/produkt\/babylove-beige-regnbue-regnbue-veggklistremerke\/#breadcrumb"},"inLanguage":"nb-NO","potentialAction":[{"@type":"ReadAction","target":["https:\/\/babylove.se\/no\/produkt\/babylove-beige-regnbue-regnbue-veggklistremerke\/"]}]},{"@type":"ImageObject","inLanguage":"nb-NO","@id":"https:\/\/babylove.se\/no\/produkt\/babylove-beige-regnbue-regnbue-veggklistremerke\/#primaryimage","url":"https:\/\/babylove.se\/no\/wp-content\/uploads\/sites\/3\/2025\/07\/61e956e715c01.jpeg","contentUrl":"https:\/\/babylove.se\/no\/wp-content\/uploads\/sites\/3\/2025\/07\/61e956e715c01.jpeg","width":1300,"height":917},{"@type":"BreadcrumbList","@id":"https:\/\/babylove.se\/no\/produkt\/babylove-beige-regnbue-regnbue-veggklistremerke\/#breadcrumb","itemListElement":[{"@type":"ListItem","position":1,"name":"Hem","item":"https:\/\/babylove.se\/no\/"},{"@type":"ListItem","position":2,"name":"Butik","item":"https:\/\/babylove.se\/no\/butik\/"},{"@type":"ListItem","position":3,"name":"Babylove, beige regnbue, regnbue veggklistremerke"}]},{"@type":"WebSite","@id":"https:\/\/babylove.se\/no\/#website","url":"https:\/\/babylove.se\/no\/","name":"Babylove Norska","description":"","potentialAction":[{"@type":"SearchAction","target":{"@type":"EntryPoint","urlTemplate":"https:\/\/babylove.se\/no\/?s={search_term_string}"},"query-input":{"@type":"PropertyValueSpecification","valueRequired":true,"valueName":"search_term_string"}}],"inLanguage":"nb-NO"}]},"og_availability":"instock","product_availability":"instock","product_retailer_item_id":"DD_regnb\u00e5ge_v\u00e4ggklisterm\u00e4rke","product_condition":"new"},"_links":{"self":[{"href":"https:\/\/babylove.se\/no\/wp-json\/wp\/v2\/product\/31289","targetHints":{"allow":["GET"]}}],"collection":[{"href":"https:\/\/babylove.se\/no\/wp-json\/wp\/v2\/product"}],"about":[{"href":"https:\/\/babylove.se\/no\/wp-json\/wp\/v2\/types\/product"}],"replies":[{"embeddable":true,"href":"https:\/\/babylove.se\/no\/wp-json\/wp\/v2\/comments?post=31289"}],"wp:featuredmedia":[{"embeddable":true,"href":"https:\/\/babylove.se\/no\/wp-json\/wp\/v2\/media\/31291"}],"wp:attachment":[{"href":"https:\/\/babylove.se\/no\/wp-json\/wp\/v2\/media?parent=31289"}],"wp:term":[{"taxonomy":"product_brand","embeddable":true,"href":"https:\/\/babylove.se\/no\/wp-json\/wp\/v2\/product_brand?post=31289"},{"taxonomy":"product_cat","embeddable":true,"href":"https:\/\/babylove.se\/no\/wp-json\/wp\/v2\/product_cat?post=31289"},{"taxonomy":"product_tag","embeddable":true,"href":"https:\/\/babylove.se\/no\/wp-json\/wp\/v2\/product_tag?post=31289"}],"curies":[{"name":"wp","href":"https:\/\/api.w.org\/{rel}","templated":true}]}}