{"id":31301,"date":"2025-07-19T00:21:43","date_gmt":"2025-07-18T23:21:43","guid":{"rendered":"https:\/\/babylove.se\/produkt\/kids-concept-vit-vagghylla-star\/"},"modified":"2026-04-08T11:51:34","modified_gmt":"2026-04-08T10:51:34","slug":"kids-concept-hvit-veggstjerne-star","status":"publish","type":"product","link":"https:\/\/babylove.se\/no\/produkt\/kids-concept-hvit-veggstjerne-star\/","title":{"rendered":"Kid`s Concept, hvit vegghylle Star"},"content":{"rendered":"<p>En meget praktisk og vakker hvit hylle i tre fra Kids Concept. Konstruert med 4 hylleplaner hvor du og ditt barn kan plassere alle sine favorittting eller hvorfor ikke sette favorittkosedyret p\u00e5 beste plass? Du henger enkelt opp denne hyllen p\u00e5 veggen.<\/p>\n<p>Match gjerne med andre m\u00f8bler fra samme serie!&nbsp;<\/p>\n<p><strong>M\u00e5l<\/strong>: 50 cm x 12 cm &nbsp;x 60 cm<\/p>\n<p><strong>Material<\/strong>: MDF<\/p>\n<p>Designer: <a href=\"https:\/\/babylove.se\/varumarken\/kids-concept\">Kids Concept&nbsp;<\/a><a href=\"https:\/\/babylove.se\/varumarken\/jabadabado\"><\/a><\/p>\n","protected":false},"excerpt":{"rendered":"<p>En meget praktisk og vakker hvit hylle i tre fra Kids Concept. Konstruert med 4 hylleplaner hvor du og ditt barn kan plassere alle sine favorittting eller hvorfor ikke sette favorittkosedyret p\u00e5 beste plass? Du henger enkelt opp denne hyllen p\u00e5 veggen. Match gjerne med andre m\u00f8bler fra samme serie!&nbsp; M\u00e5l: 50 cm x 12 [&hellip;]<\/p>\n","protected":false},"featured_media":31303,"comment_status":"closed","ping_status":"open","template":"","meta":{"_acf_changed":false},"product_brand":[320],"product_cat":[87,321,43,88],"product_tag":[],"class_list":{"0":"post-31301","1":"product","2":"type-product","3":"status-publish","4":"has-post-thumbnail","6":"product_brand-kids-concept","7":"product_cat-hyller","8":"product_cat-kids-concept","9":"product_cat-oppbevaringskurver","10":"product_cat-veggmylle-barnerom","12":"first","13":"instock","14":"taxable","15":"shipping-taxable","16":"purchasable","17":"product-type-simple"},"acf":[],"yoast_head":"<!-- This site is optimized with the Yoast SEO Premium plugin v25.8 (Yoast SEO v27.2) - https:\/\/yoast.com\/product\/yoast-seo-premium-wordpress\/ -->\n<title>Kid`s Concept, hvit vegghylle Star - Babylove Norska<\/title>\n<meta name=\"robots\" content=\"noindex, follow, max-snippet:-1, max-image-preview:large, max-video-preview:-1\" \/>\n<meta property=\"og:locale\" content=\"nb_NO\" \/>\n<meta property=\"og:type\" content=\"article\" \/>\n<meta property=\"og:title\" content=\"Kid`s Concept, hvit vegghylle Star\" \/>\n<meta property=\"og:description\" content=\"En meget praktisk og vakker hvit hylle i tre fra Kids Concept. Konstruert med 4 hylleplaner hvor du og ditt barn kan plassere alle sine favorittting eller hvorfor ikke sette favorittkosedyret p\u00e5 beste plass? Du henger enkelt opp denne hyllen p\u00e5 veggen. Match gjerne med andre m\u00f8bler fra samme serie!&nbsp; M\u00e5l: 50 cm x 12 [&hellip;]\" \/>\n<meta property=\"og:url\" content=\"https:\/\/babylove.se\/no\/produkt\/kids-concept-hvit-veggstjerne-star\/\" \/>\n<meta property=\"og:site_name\" content=\"Babylove Norska\" \/>\n<meta property=\"article:modified_time\" content=\"2026-04-08T10:51:34+00:00\" \/>\n<meta property=\"og:image\" content=\"https:\/\/babylove.se\/no\/wp-content\/uploads\/sites\/3\/2025\/07\/61e958fc1523e.jpeg\" \/>\n\t<meta property=\"og:image:width\" content=\"1220\" \/>\n\t<meta property=\"og:image:height\" content=\"916\" \/>\n\t<meta property=\"og:image:type\" content=\"image\/jpeg\" \/>\n<meta name=\"twitter:card\" content=\"summary_large_image\" \/>\n<meta name=\"twitter:label1\" content=\"Price\" \/>\n\t<meta name=\"twitter:data1\" content=\"799,00&nbsp;&#107;&#114;\" \/>\n\t<meta name=\"twitter:label2\" content=\"Availability\" \/>\n\t<meta name=\"twitter:data2\" content=\"In stock\" \/>\n<script type=\"application\/ld+json\" class=\"yoast-schema-graph\">{\"@context\":\"https:\/\/schema.org\",\"@graph\":[{\"@type\":\"WebPage\",\"@id\":\"https:\/\/babylove.se\/no\/produkt\/kids-concept-hvit-veggstjerne-star\/\",\"url\":\"https:\/\/babylove.se\/no\/produkt\/kids-concept-hvit-veggstjerne-star\/\",\"name\":\"Kid`s Concept, hvit vegghylle Star - Babylove Norska\",\"isPartOf\":{\"@id\":\"https:\/\/babylove.se\/no\/#website\"},\"primaryImageOfPage\":{\"@id\":\"https:\/\/babylove.se\/no\/produkt\/kids-concept-hvit-veggstjerne-star\/#primaryimage\"},\"image\":{\"@id\":\"https:\/\/babylove.se\/no\/produkt\/kids-concept-hvit-veggstjerne-star\/#primaryimage\"},\"thumbnailUrl\":\"https:\/\/babylove.se\/no\/wp-content\/uploads\/sites\/3\/2025\/07\/61e958fc1523e.jpeg\",\"datePublished\":\"2025-07-18T23:21:43+00:00\",\"dateModified\":\"2026-04-08T10:51:34+00:00\",\"breadcrumb\":{\"@id\":\"https:\/\/babylove.se\/no\/produkt\/kids-concept-hvit-veggstjerne-star\/#breadcrumb\"},\"inLanguage\":\"nb-NO\",\"potentialAction\":[{\"@type\":\"ReadAction\",\"target\":[\"https:\/\/babylove.se\/no\/produkt\/kids-concept-hvit-veggstjerne-star\/\"]}]},{\"@type\":\"ImageObject\",\"inLanguage\":\"nb-NO\",\"@id\":\"https:\/\/babylove.se\/no\/produkt\/kids-concept-hvit-veggstjerne-star\/#primaryimage\",\"url\":\"https:\/\/babylove.se\/no\/wp-content\/uploads\/sites\/3\/2025\/07\/61e958fc1523e.jpeg\",\"contentUrl\":\"https:\/\/babylove.se\/no\/wp-content\/uploads\/sites\/3\/2025\/07\/61e958fc1523e.jpeg\",\"width\":1220,\"height\":916},{\"@type\":\"BreadcrumbList\",\"@id\":\"https:\/\/babylove.se\/no\/produkt\/kids-concept-hvit-veggstjerne-star\/#breadcrumb\",\"itemListElement\":[{\"@type\":\"ListItem\",\"position\":1,\"name\":\"Hem\",\"item\":\"https:\/\/babylove.se\/no\/\"},{\"@type\":\"ListItem\",\"position\":2,\"name\":\"Butik\",\"item\":\"https:\/\/babylove.se\/no\/butik\/\"},{\"@type\":\"ListItem\",\"position\":3,\"name\":\"Kid`s Concept, hvit vegghylle Star\"}]},{\"@type\":\"WebSite\",\"@id\":\"https:\/\/babylove.se\/no\/#website\",\"url\":\"https:\/\/babylove.se\/no\/\",\"name\":\"Babylove Norska\",\"description\":\"\",\"potentialAction\":[{\"@type\":\"SearchAction\",\"target\":{\"@type\":\"EntryPoint\",\"urlTemplate\":\"https:\/\/babylove.se\/no\/?s={search_term_string}\"},\"query-input\":{\"@type\":\"PropertyValueSpecification\",\"valueRequired\":true,\"valueName\":\"search_term_string\"}}],\"inLanguage\":\"nb-NO\"}]}<\/script>\n<meta property=\"product:brand\" content=\"Kids Concept\" \/>\n<meta property=\"product:price:amount\" content=\"799.00\" \/>\n<meta property=\"product:price:currency\" content=\"SEK\" \/>\n<meta property=\"og:availability\" content=\"instock\" \/>\n<meta property=\"product:availability\" content=\"instock\" \/>\n<meta property=\"product:retailer_item_id\" content=\"1000327\" \/>\n<meta property=\"product:condition\" content=\"new\" \/>\n<!-- \/ Yoast SEO Premium plugin. -->","yoast_head_json":{"title":"Kid`s Concept, hvit vegghylle Star - Babylove Norska","robots":{"index":"noindex","follow":"follow","max-snippet":"max-snippet:-1","max-image-preview":"max-image-preview:large","max-video-preview":"max-video-preview:-1"},"og_locale":"nb_NO","og_type":"article","og_title":"Kid`s Concept, hvit vegghylle Star","og_description":"En meget praktisk og vakker hvit hylle i tre fra Kids Concept. Konstruert med 4 hylleplaner hvor du og ditt barn kan plassere alle sine favorittting eller hvorfor ikke sette favorittkosedyret p\u00e5 beste plass? Du henger enkelt opp denne hyllen p\u00e5 veggen. Match gjerne med andre m\u00f8bler fra samme serie!&nbsp; M\u00e5l: 50 cm x 12 [&hellip;]","og_url":"https:\/\/babylove.se\/no\/produkt\/kids-concept-hvit-veggstjerne-star\/","og_site_name":"Babylove Norska","article_modified_time":"2026-04-08T10:51:34+00:00","og_image":[{"width":1220,"height":916,"url":"https:\/\/babylove.se\/no\/wp-content\/uploads\/sites\/3\/2025\/07\/61e958fc1523e.jpeg","type":"image\/jpeg"}],"twitter_card":"summary_large_image","twitter_misc":{"Price":"799,00&nbsp;&#107;&#114;","Availability":"In stock"},"schema":{"@context":"https:\/\/schema.org","@graph":[{"@type":"WebPage","@id":"https:\/\/babylove.se\/no\/produkt\/kids-concept-hvit-veggstjerne-star\/","url":"https:\/\/babylove.se\/no\/produkt\/kids-concept-hvit-veggstjerne-star\/","name":"Kid`s Concept, hvit vegghylle Star - Babylove Norska","isPartOf":{"@id":"https:\/\/babylove.se\/no\/#website"},"primaryImageOfPage":{"@id":"https:\/\/babylove.se\/no\/produkt\/kids-concept-hvit-veggstjerne-star\/#primaryimage"},"image":{"@id":"https:\/\/babylove.se\/no\/produkt\/kids-concept-hvit-veggstjerne-star\/#primaryimage"},"thumbnailUrl":"https:\/\/babylove.se\/no\/wp-content\/uploads\/sites\/3\/2025\/07\/61e958fc1523e.jpeg","datePublished":"2025-07-18T23:21:43+00:00","dateModified":"2026-04-08T10:51:34+00:00","breadcrumb":{"@id":"https:\/\/babylove.se\/no\/produkt\/kids-concept-hvit-veggstjerne-star\/#breadcrumb"},"inLanguage":"nb-NO","potentialAction":[{"@type":"ReadAction","target":["https:\/\/babylove.se\/no\/produkt\/kids-concept-hvit-veggstjerne-star\/"]}]},{"@type":"ImageObject","inLanguage":"nb-NO","@id":"https:\/\/babylove.se\/no\/produkt\/kids-concept-hvit-veggstjerne-star\/#primaryimage","url":"https:\/\/babylove.se\/no\/wp-content\/uploads\/sites\/3\/2025\/07\/61e958fc1523e.jpeg","contentUrl":"https:\/\/babylove.se\/no\/wp-content\/uploads\/sites\/3\/2025\/07\/61e958fc1523e.jpeg","width":1220,"height":916},{"@type":"BreadcrumbList","@id":"https:\/\/babylove.se\/no\/produkt\/kids-concept-hvit-veggstjerne-star\/#breadcrumb","itemListElement":[{"@type":"ListItem","position":1,"name":"Hem","item":"https:\/\/babylove.se\/no\/"},{"@type":"ListItem","position":2,"name":"Butik","item":"https:\/\/babylove.se\/no\/butik\/"},{"@type":"ListItem","position":3,"name":"Kid`s Concept, hvit vegghylle Star"}]},{"@type":"WebSite","@id":"https:\/\/babylove.se\/no\/#website","url":"https:\/\/babylove.se\/no\/","name":"Babylove Norska","description":"","potentialAction":[{"@type":"SearchAction","target":{"@type":"EntryPoint","urlTemplate":"https:\/\/babylove.se\/no\/?s={search_term_string}"},"query-input":{"@type":"PropertyValueSpecification","valueRequired":true,"valueName":"search_term_string"}}],"inLanguage":"nb-NO"}]},"product_brand":"Kids Concept","product_price_amount":"799.00","product_price_currency":"SEK","og_availability":"instock","product_availability":"instock","product_retailer_item_id":"1000327","product_condition":"new"},"_links":{"self":[{"href":"https:\/\/babylove.se\/no\/wp-json\/wp\/v2\/product\/31301","targetHints":{"allow":["GET"]}}],"collection":[{"href":"https:\/\/babylove.se\/no\/wp-json\/wp\/v2\/product"}],"about":[{"href":"https:\/\/babylove.se\/no\/wp-json\/wp\/v2\/types\/product"}],"replies":[{"embeddable":true,"href":"https:\/\/babylove.se\/no\/wp-json\/wp\/v2\/comments?post=31301"}],"wp:featuredmedia":[{"embeddable":true,"href":"https:\/\/babylove.se\/no\/wp-json\/wp\/v2\/media\/31303"}],"wp:attachment":[{"href":"https:\/\/babylove.se\/no\/wp-json\/wp\/v2\/media?parent=31301"}],"wp:term":[{"taxonomy":"product_brand","embeddable":true,"href":"https:\/\/babylove.se\/no\/wp-json\/wp\/v2\/product_brand?post=31301"},{"taxonomy":"product_cat","embeddable":true,"href":"https:\/\/babylove.se\/no\/wp-json\/wp\/v2\/product_cat?post=31301"},{"taxonomy":"product_tag","embeddable":true,"href":"https:\/\/babylove.se\/no\/wp-json\/wp\/v2\/product_tag?post=31301"}],"curies":[{"name":"wp","href":"https:\/\/api.w.org\/{rel}","templated":true}]}}