{"id":31320,"date":"2025-07-19T00:21:43","date_gmt":"2025-07-18T23:21:43","guid":{"rendered":"https:\/\/babylove.se\/produkt\/kids-concept-soffa-med-forvaring-star-ljusgron\/"},"modified":"2026-04-08T11:51:43","modified_gmt":"2026-04-08T10:51:43","slug":"kids-concept-sofa-med-oppbevaring-star-lysgronn","status":"publish","type":"product","link":"https:\/\/babylove.se\/no\/produkt\/kids-concept-sofa-med-oppbevaring-star-lysgronn\/","title":{"rendered":"Kid`s Concept, sofa med oppbevaring, Star lysegr\u00f8nn"},"content":{"rendered":"<p>En smart kombinasjon av oppbevaring og benk fra svenske Kid`s Concept, helt tilpasset barnerommet. Et optimalt m\u00f8bel \u00e5 innrede med!<span lang=\"en\"><span title=\"Charakteryzuje si? r\u00f3wnie? du?? odporno?ci? na ?cieranie. \"><br \/><\/span><\/span><\/p>\n<p><span lang=\"en\"><span title=\"Przywi?zana jest w dw\u00f3ch miejscach do siedziska co uniemo?liwi jej zsuwanie si? przy otwieraniu kufra. \">Oppbevaringen under er romslig, og det f\u00e5r plass flere ting enn du tror, perfekt for \u00e5 hjelpe barnet \u00e5 holde orden p\u00e5 rommet sitt. Kombiner gjerne med andre m\u00f8bler fra samme serie!&nbsp;<\/span><\/span><\/p>\n<p><span lang=\"en\"><span title=\"Przywi?zana jest w dw\u00f3ch miejscach do siedziska co uniemo?liwi jej zsuwanie si? przy otwieraniu kufra. \">Rengj\u00f8res enkelt med fuktig klut.<span>&nbsp;<\/span><\/span><\/span><\/p>\n<p><strong>M\u00e5l<\/strong>: 85 x 34 x 50 cm. Sitteh\u00f8yde: 32 cm.<\/p>\n<p><strong>Materiale:<\/strong> MDF\/Furu<\/p>\n<p><span lang=\"en\"><span title=\"Przywi?zana jest w dw\u00f3ch miejscach do siedziska co uniemo?liwi jej zsuwanie si? przy otwieraniu kufra. \">Designer:&nbsp;<\/span><\/span><a href=\"https:\/\/babylove.se\/varumarken\/kids-concept\"><span lang=\"en\"><span title=\"Przywi?zana jest w dw\u00f3ch miejscach do siedziska co uniemo?liwi jej zsuwanie si? przy otwieraniu kufra. \">Kid`s Concept<\/span><\/span><\/a><a href=\"https:\/\/babylove.se\/varumarken\/jabadabado\"><\/a><\/p>\n","protected":false},"excerpt":{"rendered":"<p>En smart kombinasjon av oppbevaring og benk fra svenske Kid`s Concept, helt tilpasset barnerommet. Et optimalt m\u00f8bel \u00e5 innrede med! Oppbevaringen under er romslig, og det f\u00e5r plass flere ting enn du tror, perfekt for \u00e5 hjelpe barnet \u00e5 holde orden p\u00e5 rommet sitt. Kombiner gjerne med andre m\u00f8bler fra samme serie!&nbsp; Rengj\u00f8res enkelt med [&hellip;]<\/p>\n","protected":false},"featured_media":31322,"comment_status":"closed","ping_status":"open","template":"","meta":{"_acf_changed":false},"product_brand":[320],"product_cat":[321,814,43],"product_tag":[],"class_list":{"0":"post-31320","1":"product","2":"type-product","3":"status-publish","4":"has-post-thumbnail","6":"product_brand-kids-concept","7":"product_cat-kids-concept","8":"product_cat-oppbevaringsbenker","9":"product_cat-oppbevaringskurver","11":"first","12":"outofstock","13":"taxable","14":"shipping-taxable","15":"purchasable","16":"product-type-simple"},"acf":[],"yoast_head":"<!-- This site is optimized with the Yoast SEO Premium plugin v25.8 (Yoast SEO v27.2) - https:\/\/yoast.com\/product\/yoast-seo-premium-wordpress\/ -->\n<title>Kid`s Concept, sofa med oppbevaring, Star lysegr\u00f8nn - Babylove Norska<\/title>\n<meta name=\"robots\" content=\"noindex, follow, max-snippet:-1, max-image-preview:large, max-video-preview:-1\" \/>\n<meta property=\"og:locale\" content=\"nb_NO\" \/>\n<meta property=\"og:type\" content=\"article\" \/>\n<meta property=\"og:title\" content=\"Kid`s Concept, sofa med oppbevaring, Star lysegr\u00f8nn\" \/>\n<meta property=\"og:description\" content=\"En smart kombinasjon av oppbevaring og benk fra svenske Kid`s Concept, helt tilpasset barnerommet. Et optimalt m\u00f8bel \u00e5 innrede med! Oppbevaringen under er romslig, og det f\u00e5r plass flere ting enn du tror, perfekt for \u00e5 hjelpe barnet \u00e5 holde orden p\u00e5 rommet sitt. Kombiner gjerne med andre m\u00f8bler fra samme serie!&nbsp; Rengj\u00f8res enkelt med [&hellip;]\" \/>\n<meta property=\"og:url\" content=\"https:\/\/babylove.se\/no\/produkt\/kids-concept-sofa-med-oppbevaring-star-lysgronn\/\" \/>\n<meta property=\"og:site_name\" content=\"Babylove Norska\" \/>\n<meta property=\"article:modified_time\" content=\"2026-04-08T10:51:43+00:00\" \/>\n<meta property=\"og:image\" content=\"https:\/\/babylove.se\/no\/wp-content\/uploads\/sites\/3\/2025\/07\/61e95eb9b80a7.jpeg\" \/>\n\t<meta property=\"og:image:width\" content=\"1220\" \/>\n\t<meta property=\"og:image:height\" content=\"1220\" \/>\n\t<meta property=\"og:image:type\" content=\"image\/jpeg\" \/>\n<meta name=\"twitter:card\" content=\"summary_large_image\" \/>\n<meta name=\"twitter:label1\" content=\"Price\" \/>\n\t<meta name=\"twitter:data1\" content=\"1 799,00&nbsp;&#107;&#114;\" \/>\n\t<meta name=\"twitter:label2\" content=\"Availability\" \/>\n\t<meta name=\"twitter:data2\" content=\"Out of stock\" \/>\n<script type=\"application\/ld+json\" class=\"yoast-schema-graph\">{\"@context\":\"https:\/\/schema.org\",\"@graph\":[{\"@type\":\"WebPage\",\"@id\":\"https:\/\/babylove.se\/no\/produkt\/kids-concept-sofa-med-oppbevaring-star-lysgronn\/\",\"url\":\"https:\/\/babylove.se\/no\/produkt\/kids-concept-sofa-med-oppbevaring-star-lysgronn\/\",\"name\":\"Kid`s Concept, sofa med oppbevaring, Star lysegr\u00f8nn - Babylove Norska\",\"isPartOf\":{\"@id\":\"https:\/\/babylove.se\/no\/#website\"},\"primaryImageOfPage\":{\"@id\":\"https:\/\/babylove.se\/no\/produkt\/kids-concept-sofa-med-oppbevaring-star-lysgronn\/#primaryimage\"},\"image\":{\"@id\":\"https:\/\/babylove.se\/no\/produkt\/kids-concept-sofa-med-oppbevaring-star-lysgronn\/#primaryimage\"},\"thumbnailUrl\":\"https:\/\/babylove.se\/no\/wp-content\/uploads\/sites\/3\/2025\/07\/61e95eb9b80a7.jpeg\",\"datePublished\":\"2025-07-18T23:21:43+00:00\",\"dateModified\":\"2026-04-08T10:51:43+00:00\",\"breadcrumb\":{\"@id\":\"https:\/\/babylove.se\/no\/produkt\/kids-concept-sofa-med-oppbevaring-star-lysgronn\/#breadcrumb\"},\"inLanguage\":\"nb-NO\",\"potentialAction\":[{\"@type\":\"ReadAction\",\"target\":[\"https:\/\/babylove.se\/no\/produkt\/kids-concept-sofa-med-oppbevaring-star-lysgronn\/\"]}]},{\"@type\":\"ImageObject\",\"inLanguage\":\"nb-NO\",\"@id\":\"https:\/\/babylove.se\/no\/produkt\/kids-concept-sofa-med-oppbevaring-star-lysgronn\/#primaryimage\",\"url\":\"https:\/\/babylove.se\/no\/wp-content\/uploads\/sites\/3\/2025\/07\/61e95eb9b80a7.jpeg\",\"contentUrl\":\"https:\/\/babylove.se\/no\/wp-content\/uploads\/sites\/3\/2025\/07\/61e95eb9b80a7.jpeg\",\"width\":1220,\"height\":1220},{\"@type\":\"BreadcrumbList\",\"@id\":\"https:\/\/babylove.se\/no\/produkt\/kids-concept-sofa-med-oppbevaring-star-lysgronn\/#breadcrumb\",\"itemListElement\":[{\"@type\":\"ListItem\",\"position\":1,\"name\":\"Hem\",\"item\":\"https:\/\/babylove.se\/no\/\"},{\"@type\":\"ListItem\",\"position\":2,\"name\":\"Butik\",\"item\":\"https:\/\/babylove.se\/no\/butik\/\"},{\"@type\":\"ListItem\",\"position\":3,\"name\":\"Kid`s Concept, sofa med oppbevaring, Star lysegr\u00f8nn\"}]},{\"@type\":\"WebSite\",\"@id\":\"https:\/\/babylove.se\/no\/#website\",\"url\":\"https:\/\/babylove.se\/no\/\",\"name\":\"Babylove Norska\",\"description\":\"\",\"potentialAction\":[{\"@type\":\"SearchAction\",\"target\":{\"@type\":\"EntryPoint\",\"urlTemplate\":\"https:\/\/babylove.se\/no\/?s={search_term_string}\"},\"query-input\":{\"@type\":\"PropertyValueSpecification\",\"valueRequired\":true,\"valueName\":\"search_term_string\"}}],\"inLanguage\":\"nb-NO\"}]}<\/script>\n<meta property=\"product:brand\" content=\"Kids Concept\" \/>\n<meta property=\"product:price:amount\" content=\"1799.00\" \/>\n<meta property=\"product:price:currency\" content=\"SEK\" \/>\n<meta property=\"og:availability\" content=\"out of stock\" \/>\n<meta property=\"product:availability\" content=\"out of stock\" \/>\n<meta property=\"product:retailer_item_id\" content=\"1000542\" \/>\n<meta property=\"product:condition\" content=\"new\" \/>\n<!-- \/ Yoast SEO Premium plugin. -->","yoast_head_json":{"title":"Kid`s Concept, sofa med oppbevaring, Star lysegr\u00f8nn - Babylove Norska","robots":{"index":"noindex","follow":"follow","max-snippet":"max-snippet:-1","max-image-preview":"max-image-preview:large","max-video-preview":"max-video-preview:-1"},"og_locale":"nb_NO","og_type":"article","og_title":"Kid`s Concept, sofa med oppbevaring, Star lysegr\u00f8nn","og_description":"En smart kombinasjon av oppbevaring og benk fra svenske Kid`s Concept, helt tilpasset barnerommet. Et optimalt m\u00f8bel \u00e5 innrede med! Oppbevaringen under er romslig, og det f\u00e5r plass flere ting enn du tror, perfekt for \u00e5 hjelpe barnet \u00e5 holde orden p\u00e5 rommet sitt. Kombiner gjerne med andre m\u00f8bler fra samme serie!&nbsp; Rengj\u00f8res enkelt med [&hellip;]","og_url":"https:\/\/babylove.se\/no\/produkt\/kids-concept-sofa-med-oppbevaring-star-lysgronn\/","og_site_name":"Babylove Norska","article_modified_time":"2026-04-08T10:51:43+00:00","og_image":[{"width":1220,"height":1220,"url":"https:\/\/babylove.se\/no\/wp-content\/uploads\/sites\/3\/2025\/07\/61e95eb9b80a7.jpeg","type":"image\/jpeg"}],"twitter_card":"summary_large_image","twitter_misc":{"Price":"1 799,00&nbsp;&#107;&#114;","Availability":"Out of stock"},"schema":{"@context":"https:\/\/schema.org","@graph":[{"@type":"WebPage","@id":"https:\/\/babylove.se\/no\/produkt\/kids-concept-sofa-med-oppbevaring-star-lysgronn\/","url":"https:\/\/babylove.se\/no\/produkt\/kids-concept-sofa-med-oppbevaring-star-lysgronn\/","name":"Kid`s Concept, sofa med oppbevaring, Star lysegr\u00f8nn - Babylove Norska","isPartOf":{"@id":"https:\/\/babylove.se\/no\/#website"},"primaryImageOfPage":{"@id":"https:\/\/babylove.se\/no\/produkt\/kids-concept-sofa-med-oppbevaring-star-lysgronn\/#primaryimage"},"image":{"@id":"https:\/\/babylove.se\/no\/produkt\/kids-concept-sofa-med-oppbevaring-star-lysgronn\/#primaryimage"},"thumbnailUrl":"https:\/\/babylove.se\/no\/wp-content\/uploads\/sites\/3\/2025\/07\/61e95eb9b80a7.jpeg","datePublished":"2025-07-18T23:21:43+00:00","dateModified":"2026-04-08T10:51:43+00:00","breadcrumb":{"@id":"https:\/\/babylove.se\/no\/produkt\/kids-concept-sofa-med-oppbevaring-star-lysgronn\/#breadcrumb"},"inLanguage":"nb-NO","potentialAction":[{"@type":"ReadAction","target":["https:\/\/babylove.se\/no\/produkt\/kids-concept-sofa-med-oppbevaring-star-lysgronn\/"]}]},{"@type":"ImageObject","inLanguage":"nb-NO","@id":"https:\/\/babylove.se\/no\/produkt\/kids-concept-sofa-med-oppbevaring-star-lysgronn\/#primaryimage","url":"https:\/\/babylove.se\/no\/wp-content\/uploads\/sites\/3\/2025\/07\/61e95eb9b80a7.jpeg","contentUrl":"https:\/\/babylove.se\/no\/wp-content\/uploads\/sites\/3\/2025\/07\/61e95eb9b80a7.jpeg","width":1220,"height":1220},{"@type":"BreadcrumbList","@id":"https:\/\/babylove.se\/no\/produkt\/kids-concept-sofa-med-oppbevaring-star-lysgronn\/#breadcrumb","itemListElement":[{"@type":"ListItem","position":1,"name":"Hem","item":"https:\/\/babylove.se\/no\/"},{"@type":"ListItem","position":2,"name":"Butik","item":"https:\/\/babylove.se\/no\/butik\/"},{"@type":"ListItem","position":3,"name":"Kid`s Concept, sofa med oppbevaring, Star lysegr\u00f8nn"}]},{"@type":"WebSite","@id":"https:\/\/babylove.se\/no\/#website","url":"https:\/\/babylove.se\/no\/","name":"Babylove Norska","description":"","potentialAction":[{"@type":"SearchAction","target":{"@type":"EntryPoint","urlTemplate":"https:\/\/babylove.se\/no\/?s={search_term_string}"},"query-input":{"@type":"PropertyValueSpecification","valueRequired":true,"valueName":"search_term_string"}}],"inLanguage":"nb-NO"}]},"product_brand":"Kids Concept","product_price_amount":"1799.00","product_price_currency":"SEK","og_availability":"out of stock","product_availability":"out of stock","product_retailer_item_id":"1000542","product_condition":"new"},"_links":{"self":[{"href":"https:\/\/babylove.se\/no\/wp-json\/wp\/v2\/product\/31320","targetHints":{"allow":["GET"]}}],"collection":[{"href":"https:\/\/babylove.se\/no\/wp-json\/wp\/v2\/product"}],"about":[{"href":"https:\/\/babylove.se\/no\/wp-json\/wp\/v2\/types\/product"}],"replies":[{"embeddable":true,"href":"https:\/\/babylove.se\/no\/wp-json\/wp\/v2\/comments?post=31320"}],"wp:featuredmedia":[{"embeddable":true,"href":"https:\/\/babylove.se\/no\/wp-json\/wp\/v2\/media\/31322"}],"wp:attachment":[{"href":"https:\/\/babylove.se\/no\/wp-json\/wp\/v2\/media?parent=31320"}],"wp:term":[{"taxonomy":"product_brand","embeddable":true,"href":"https:\/\/babylove.se\/no\/wp-json\/wp\/v2\/product_brand?post=31320"},{"taxonomy":"product_cat","embeddable":true,"href":"https:\/\/babylove.se\/no\/wp-json\/wp\/v2\/product_cat?post=31320"},{"taxonomy":"product_tag","embeddable":true,"href":"https:\/\/babylove.se\/no\/wp-json\/wp\/v2\/product_tag?post=31320"}],"curies":[{"name":"wp","href":"https:\/\/api.w.org\/{rel}","templated":true}]}}