{"id":31362,"date":"2025-07-19T00:22:21","date_gmt":"2025-07-18T23:22:21","guid":{"rendered":"https:\/\/babylove.se\/produkt\/cam-cam-harlequin-barnstol-dusty-rose\/"},"modified":"2026-04-08T11:52:00","modified_gmt":"2026-04-08T10:52:00","slug":"cam-cam-harlekin-barnestol-dusty-rose","status":"publish","type":"product","link":"https:\/\/babylove.se\/no\/produkt\/cam-cam-harlekin-barnestol-dusty-rose\/","title":{"rendered":"Cam Cam, Harlequin barnestol, dusty rose"},"content":{"rendered":"<p>Ord kan ikke beskrive denne vakre og elegante barnestolen fra danske Cam Cam Copenhagen! <\/p>\n<p>De stilrene, utsk\u00e5rne rombm\u00f8nstrene i stolryggen fyller ogs\u00e5 en praktisk funksjon da du enkelt kan l\u00f8fte stolen. Ditt barn kommer garantert til \u00e5 f\u00e5 mange gode stunder p\u00e5 denne stolen, hvor det kan sitte og pusle eller male. <\/p>\n<p>Den passer utmerket sammen med andre m\u00f8bler fra samme serie. <\/p>\n<p><strong>M\u00e5l: <\/strong> 58 x 30 x 30 cm. Sitteh\u00f8yde: 31 cm. <\/p>\n<p><strong>Materiale<\/strong>: MDF. <\/p>\n<p>Rengj\u00f8res forsiktig med en lett fuktig klut. Fargen er giftfri i henhold til direktiv for leketoysikkerhet EN 71\/3 2013. Produsert under milj\u00f8vennlige og sosialt ansvarlige forhold. <\/p>\n<p>Designer: <a href=\"https:\/\/babylove.se\/varumarken\/cam-cam-copenhagen\">Cam Cam Copenhagen<\/a><\/p>\n","protected":false},"excerpt":{"rendered":"<p>Ord kan ikke beskrive denne vakre og elegante barnestolen fra danske Cam Cam Copenhagen! De stilrene, utsk\u00e5rne rombm\u00f8nstrene i stolryggen fyller ogs\u00e5 en praktisk funksjon da du enkelt kan l\u00f8fte stolen. Ditt barn kommer garantert til \u00e5 f\u00e5 mange gode stunder p\u00e5 denne stolen, hvor det kan sitte og pusle eller male. Den passer utmerket [&hellip;]<\/p>\n","protected":false},"featured_media":31364,"comment_status":"closed","ping_status":"closed","template":"","meta":{"_acf_changed":false},"product_brand":[1024],"product_cat":[1025,80],"product_tag":[],"class_list":{"0":"post-31362","1":"product","2":"type-product","3":"status-publish","4":"has-post-thumbnail","6":"product_brand-cam-cam-copenhagen","7":"product_cat-cam-cam-copenhagen","8":"product_cat-stoler","10":"first","11":"outofstock","12":"taxable","13":"shipping-taxable","14":"purchasable","15":"product-type-simple"},"acf":[],"yoast_head":"<!-- This site is optimized with the Yoast SEO Premium plugin v25.8 (Yoast SEO v27.2) - https:\/\/yoast.com\/product\/yoast-seo-premium-wordpress\/ -->\n<title>Cam Cam, Harlequin barnestol, dusty rose - Babylove Norska<\/title>\n<meta name=\"robots\" content=\"noindex, follow, max-snippet:-1, max-image-preview:large, max-video-preview:-1\" \/>\n<meta property=\"og:locale\" content=\"nb_NO\" \/>\n<meta property=\"og:type\" content=\"article\" \/>\n<meta property=\"og:title\" content=\"Cam Cam, Harlequin barnestol, dusty rose\" \/>\n<meta property=\"og:description\" content=\"Ord kan ikke beskrive denne vakre og elegante barnestolen fra danske Cam Cam Copenhagen! De stilrene, utsk\u00e5rne rombm\u00f8nstrene i stolryggen fyller ogs\u00e5 en praktisk funksjon da du enkelt kan l\u00f8fte stolen. Ditt barn kommer garantert til \u00e5 f\u00e5 mange gode stunder p\u00e5 denne stolen, hvor det kan sitte og pusle eller male. Den passer utmerket [&hellip;]\" \/>\n<meta property=\"og:url\" content=\"https:\/\/babylove.se\/no\/produkt\/cam-cam-harlekin-barnestol-dusty-rose\/\" \/>\n<meta property=\"og:site_name\" content=\"Babylove Norska\" \/>\n<meta property=\"article:modified_time\" content=\"2026-04-08T10:52:00+00:00\" \/>\n<meta property=\"og:image\" content=\"https:\/\/babylove.se\/no\/wp-content\/uploads\/sites\/3\/2025\/07\/61e96d2923a48.jpeg\" \/>\n\t<meta property=\"og:image:width\" content=\"1024\" \/>\n\t<meta property=\"og:image:height\" content=\"1024\" \/>\n\t<meta property=\"og:image:type\" content=\"image\/jpeg\" \/>\n<meta name=\"twitter:card\" content=\"summary_large_image\" \/>\n<meta name=\"twitter:label1\" content=\"Price\" \/>\n\t<meta name=\"twitter:data1\" content=\"1 399,00&nbsp;&#107;&#114;\" \/>\n\t<meta name=\"twitter:label2\" content=\"Availability\" \/>\n\t<meta name=\"twitter:data2\" content=\"Out of stock\" \/>\n<script type=\"application\/ld+json\" class=\"yoast-schema-graph\">{\"@context\":\"https:\/\/schema.org\",\"@graph\":[{\"@type\":\"WebPage\",\"@id\":\"https:\/\/babylove.se\/no\/produkt\/cam-cam-harlekin-barnestol-dusty-rose\/\",\"url\":\"https:\/\/babylove.se\/no\/produkt\/cam-cam-harlekin-barnestol-dusty-rose\/\",\"name\":\"Cam Cam, Harlequin barnestol, dusty rose - Babylove Norska\",\"isPartOf\":{\"@id\":\"https:\/\/babylove.se\/no\/#website\"},\"primaryImageOfPage\":{\"@id\":\"https:\/\/babylove.se\/no\/produkt\/cam-cam-harlekin-barnestol-dusty-rose\/#primaryimage\"},\"image\":{\"@id\":\"https:\/\/babylove.se\/no\/produkt\/cam-cam-harlekin-barnestol-dusty-rose\/#primaryimage\"},\"thumbnailUrl\":\"https:\/\/babylove.se\/no\/wp-content\/uploads\/sites\/3\/2025\/07\/61e96d2923a48.jpeg\",\"datePublished\":\"2025-07-18T23:22:21+00:00\",\"dateModified\":\"2026-04-08T10:52:00+00:00\",\"breadcrumb\":{\"@id\":\"https:\/\/babylove.se\/no\/produkt\/cam-cam-harlekin-barnestol-dusty-rose\/#breadcrumb\"},\"inLanguage\":\"nb-NO\",\"potentialAction\":[{\"@type\":\"ReadAction\",\"target\":[\"https:\/\/babylove.se\/no\/produkt\/cam-cam-harlekin-barnestol-dusty-rose\/\"]}]},{\"@type\":\"ImageObject\",\"inLanguage\":\"nb-NO\",\"@id\":\"https:\/\/babylove.se\/no\/produkt\/cam-cam-harlekin-barnestol-dusty-rose\/#primaryimage\",\"url\":\"https:\/\/babylove.se\/no\/wp-content\/uploads\/sites\/3\/2025\/07\/61e96d2923a48.jpeg\",\"contentUrl\":\"https:\/\/babylove.se\/no\/wp-content\/uploads\/sites\/3\/2025\/07\/61e96d2923a48.jpeg\",\"width\":1024,\"height\":1024},{\"@type\":\"BreadcrumbList\",\"@id\":\"https:\/\/babylove.se\/no\/produkt\/cam-cam-harlekin-barnestol-dusty-rose\/#breadcrumb\",\"itemListElement\":[{\"@type\":\"ListItem\",\"position\":1,\"name\":\"Hem\",\"item\":\"https:\/\/babylove.se\/no\/\"},{\"@type\":\"ListItem\",\"position\":2,\"name\":\"Butik\",\"item\":\"https:\/\/babylove.se\/no\/butik\/\"},{\"@type\":\"ListItem\",\"position\":3,\"name\":\"Cam Cam, Harlequin barnestol, dusty rose\"}]},{\"@type\":\"WebSite\",\"@id\":\"https:\/\/babylove.se\/no\/#website\",\"url\":\"https:\/\/babylove.se\/no\/\",\"name\":\"Babylove Norska\",\"description\":\"\",\"potentialAction\":[{\"@type\":\"SearchAction\",\"target\":{\"@type\":\"EntryPoint\",\"urlTemplate\":\"https:\/\/babylove.se\/no\/?s={search_term_string}\"},\"query-input\":{\"@type\":\"PropertyValueSpecification\",\"valueRequired\":true,\"valueName\":\"search_term_string\"}}],\"inLanguage\":\"nb-NO\"}]}<\/script>\n<meta property=\"product:brand\" content=\"Cam Cam Copenhagen\" \/>\n<meta property=\"product:price:amount\" content=\"1399.00\" \/>\n<meta property=\"product:price:currency\" content=\"SEK\" \/>\n<meta property=\"og:availability\" content=\"out of stock\" \/>\n<meta property=\"product:availability\" content=\"out of stock\" \/>\n<meta property=\"product:retailer_item_id\" content=\"2002-22-000-EU\" \/>\n<meta property=\"product:condition\" content=\"new\" \/>\n<!-- \/ Yoast SEO Premium plugin. -->","yoast_head_json":{"title":"Cam Cam, Harlequin barnestol, dusty rose - Babylove Norska","robots":{"index":"noindex","follow":"follow","max-snippet":"max-snippet:-1","max-image-preview":"max-image-preview:large","max-video-preview":"max-video-preview:-1"},"og_locale":"nb_NO","og_type":"article","og_title":"Cam Cam, Harlequin barnestol, dusty rose","og_description":"Ord kan ikke beskrive denne vakre og elegante barnestolen fra danske Cam Cam Copenhagen! De stilrene, utsk\u00e5rne rombm\u00f8nstrene i stolryggen fyller ogs\u00e5 en praktisk funksjon da du enkelt kan l\u00f8fte stolen. Ditt barn kommer garantert til \u00e5 f\u00e5 mange gode stunder p\u00e5 denne stolen, hvor det kan sitte og pusle eller male. Den passer utmerket [&hellip;]","og_url":"https:\/\/babylove.se\/no\/produkt\/cam-cam-harlekin-barnestol-dusty-rose\/","og_site_name":"Babylove Norska","article_modified_time":"2026-04-08T10:52:00+00:00","og_image":[{"width":1024,"height":1024,"url":"https:\/\/babylove.se\/no\/wp-content\/uploads\/sites\/3\/2025\/07\/61e96d2923a48.jpeg","type":"image\/jpeg"}],"twitter_card":"summary_large_image","twitter_misc":{"Price":"1 399,00&nbsp;&#107;&#114;","Availability":"Out of stock"},"schema":{"@context":"https:\/\/schema.org","@graph":[{"@type":"WebPage","@id":"https:\/\/babylove.se\/no\/produkt\/cam-cam-harlekin-barnestol-dusty-rose\/","url":"https:\/\/babylove.se\/no\/produkt\/cam-cam-harlekin-barnestol-dusty-rose\/","name":"Cam Cam, Harlequin barnestol, dusty rose - Babylove Norska","isPartOf":{"@id":"https:\/\/babylove.se\/no\/#website"},"primaryImageOfPage":{"@id":"https:\/\/babylove.se\/no\/produkt\/cam-cam-harlekin-barnestol-dusty-rose\/#primaryimage"},"image":{"@id":"https:\/\/babylove.se\/no\/produkt\/cam-cam-harlekin-barnestol-dusty-rose\/#primaryimage"},"thumbnailUrl":"https:\/\/babylove.se\/no\/wp-content\/uploads\/sites\/3\/2025\/07\/61e96d2923a48.jpeg","datePublished":"2025-07-18T23:22:21+00:00","dateModified":"2026-04-08T10:52:00+00:00","breadcrumb":{"@id":"https:\/\/babylove.se\/no\/produkt\/cam-cam-harlekin-barnestol-dusty-rose\/#breadcrumb"},"inLanguage":"nb-NO","potentialAction":[{"@type":"ReadAction","target":["https:\/\/babylove.se\/no\/produkt\/cam-cam-harlekin-barnestol-dusty-rose\/"]}]},{"@type":"ImageObject","inLanguage":"nb-NO","@id":"https:\/\/babylove.se\/no\/produkt\/cam-cam-harlekin-barnestol-dusty-rose\/#primaryimage","url":"https:\/\/babylove.se\/no\/wp-content\/uploads\/sites\/3\/2025\/07\/61e96d2923a48.jpeg","contentUrl":"https:\/\/babylove.se\/no\/wp-content\/uploads\/sites\/3\/2025\/07\/61e96d2923a48.jpeg","width":1024,"height":1024},{"@type":"BreadcrumbList","@id":"https:\/\/babylove.se\/no\/produkt\/cam-cam-harlekin-barnestol-dusty-rose\/#breadcrumb","itemListElement":[{"@type":"ListItem","position":1,"name":"Hem","item":"https:\/\/babylove.se\/no\/"},{"@type":"ListItem","position":2,"name":"Butik","item":"https:\/\/babylove.se\/no\/butik\/"},{"@type":"ListItem","position":3,"name":"Cam Cam, Harlequin barnestol, dusty rose"}]},{"@type":"WebSite","@id":"https:\/\/babylove.se\/no\/#website","url":"https:\/\/babylove.se\/no\/","name":"Babylove Norska","description":"","potentialAction":[{"@type":"SearchAction","target":{"@type":"EntryPoint","urlTemplate":"https:\/\/babylove.se\/no\/?s={search_term_string}"},"query-input":{"@type":"PropertyValueSpecification","valueRequired":true,"valueName":"search_term_string"}}],"inLanguage":"nb-NO"}]},"product_brand":"Cam Cam Copenhagen","product_price_amount":"1399.00","product_price_currency":"SEK","og_availability":"out of stock","product_availability":"out of stock","product_retailer_item_id":"2002-22-000-EU","product_condition":"new"},"_links":{"self":[{"href":"https:\/\/babylove.se\/no\/wp-json\/wp\/v2\/product\/31362","targetHints":{"allow":["GET"]}}],"collection":[{"href":"https:\/\/babylove.se\/no\/wp-json\/wp\/v2\/product"}],"about":[{"href":"https:\/\/babylove.se\/no\/wp-json\/wp\/v2\/types\/product"}],"replies":[{"embeddable":true,"href":"https:\/\/babylove.se\/no\/wp-json\/wp\/v2\/comments?post=31362"}],"wp:featuredmedia":[{"embeddable":true,"href":"https:\/\/babylove.se\/no\/wp-json\/wp\/v2\/media\/31364"}],"wp:attachment":[{"href":"https:\/\/babylove.se\/no\/wp-json\/wp\/v2\/media?parent=31362"}],"wp:term":[{"taxonomy":"product_brand","embeddable":true,"href":"https:\/\/babylove.se\/no\/wp-json\/wp\/v2\/product_brand?post=31362"},{"taxonomy":"product_cat","embeddable":true,"href":"https:\/\/babylove.se\/no\/wp-json\/wp\/v2\/product_cat?post=31362"},{"taxonomy":"product_tag","embeddable":true,"href":"https:\/\/babylove.se\/no\/wp-json\/wp\/v2\/product_tag?post=31362"}],"curies":[{"name":"wp","href":"https:\/\/api.w.org\/{rel}","templated":true}]}}