{"id":31389,"date":"2025-07-19T00:22:21","date_gmt":"2025-07-18T23:22:21","guid":{"rendered":"https:\/\/babylove.se\/produkt\/cam-cam-forvaringsbank-harlequin-vit\/"},"modified":"2026-04-08T11:52:08","modified_gmt":"2026-04-08T10:52:08","slug":"cam-cam-oppbevaringsbenk-harlequin-hvit","status":"publish","type":"product","link":"https:\/\/babylove.se\/no\/produkt\/cam-cam-oppbevaringsbenk-harlequin-hvit\/","title":{"rendered":"Cam Cam, oppbevaringsbenk Harlequin Hvit"},"content":{"rendered":"<p>En smart kombinasjon av oppbevaring og mini-benk til barnerommet fra danske Cam Cam Copenhagen. <\/p>\n<p>Oppbevaringen under er romslig, og det f\u00e5r plass flere ting enn du tror. Perfekt for \u00e5 hjelpe barnet med \u00e5 holde orden p\u00e5 rommet sitt! <\/p>\n<p>Utrolig vakker m\u00f8bel som vil bidra mye til barneroms-innredningen din. Passer utmerket sammen med andre m\u00f8bler fra samme serie. <\/p>\n<p><strong>M\u00e5l<\/strong>: 70 x 58 x 30 cm. Sitteh\u00f8yde: 31cm <\/p>\n<p><strong>Material<\/strong>: MDF <\/p>\n<p>Skal kun rengj\u00f8res forsiktig med en lett fuktet klut. Fargen er giftfri i henhold til direktiv for leketoysikkerhet EN 71\/3 2013. Produsert under milj\u00f8vennlige og sosialt ansvarlige forhold. <\/p>\n<p>Designer:<a href=\"https:\/\/babylove.se\/varumarken\/cam-cam-copenhagen\"> Cam Cam Copenhagen<\/a><\/p>\n","protected":false},"excerpt":{"rendered":"<p>En smart kombinasjon av oppbevaring og mini-benk til barnerommet fra danske Cam Cam Copenhagen. Oppbevaringen under er romslig, og det f\u00e5r plass flere ting enn du tror. Perfekt for \u00e5 hjelpe barnet med \u00e5 holde orden p\u00e5 rommet sitt! Utrolig vakker m\u00f8bel som vil bidra mye til barneroms-innredningen din. Passer utmerket sammen med andre m\u00f8bler [&hellip;]<\/p>\n","protected":false},"featured_media":31391,"comment_status":"closed","ping_status":"closed","template":"","meta":{"_acf_changed":false},"product_brand":[1024],"product_cat":[1025,814,43],"product_tag":[],"class_list":{"0":"post-31389","1":"product","2":"type-product","3":"status-publish","4":"has-post-thumbnail","6":"product_brand-cam-cam-copenhagen","7":"product_cat-cam-cam-copenhagen","8":"product_cat-oppbevaringsbenker","9":"product_cat-oppbevaringskurver","11":"first","12":"outofstock","13":"taxable","14":"shipping-taxable","15":"purchasable","16":"product-type-simple"},"acf":[],"yoast_head":"<!-- This site is optimized with the Yoast SEO Premium plugin v25.8 (Yoast SEO v27.2) - https:\/\/yoast.com\/product\/yoast-seo-premium-wordpress\/ -->\n<title>Cam Cam, oppbevaringsbenk Harlequin Hvit - Babylove Norska<\/title>\n<meta name=\"robots\" content=\"noindex, follow, max-snippet:-1, max-image-preview:large, max-video-preview:-1\" \/>\n<meta property=\"og:locale\" content=\"nb_NO\" \/>\n<meta property=\"og:type\" content=\"article\" \/>\n<meta property=\"og:title\" content=\"Cam Cam, oppbevaringsbenk Harlequin Hvit\" \/>\n<meta property=\"og:description\" content=\"En smart kombinasjon av oppbevaring og mini-benk til barnerommet fra danske Cam Cam Copenhagen. Oppbevaringen under er romslig, og det f\u00e5r plass flere ting enn du tror. Perfekt for \u00e5 hjelpe barnet med \u00e5 holde orden p\u00e5 rommet sitt! Utrolig vakker m\u00f8bel som vil bidra mye til barneroms-innredningen din. Passer utmerket sammen med andre m\u00f8bler [&hellip;]\" \/>\n<meta property=\"og:url\" content=\"https:\/\/babylove.se\/no\/produkt\/cam-cam-oppbevaringsbenk-harlequin-hvit\/\" \/>\n<meta property=\"og:site_name\" content=\"Babylove Norska\" \/>\n<meta property=\"article:modified_time\" content=\"2026-04-08T10:52:08+00:00\" \/>\n<meta property=\"og:image\" content=\"https:\/\/babylove.se\/no\/wp-content\/uploads\/sites\/3\/2025\/07\/61e97034d1ae7.jpeg\" \/>\n\t<meta property=\"og:image:width\" content=\"1024\" \/>\n\t<meta property=\"og:image:height\" content=\"1024\" \/>\n\t<meta property=\"og:image:type\" content=\"image\/jpeg\" \/>\n<meta name=\"twitter:card\" content=\"summary_large_image\" \/>\n<meta name=\"twitter:label1\" content=\"Price\" \/>\n\t<meta name=\"twitter:data1\" content=\"2 699,00&nbsp;&#107;&#114;\" \/>\n\t<meta name=\"twitter:label2\" content=\"Availability\" \/>\n\t<meta name=\"twitter:data2\" content=\"Out of stock\" \/>\n<script type=\"application\/ld+json\" class=\"yoast-schema-graph\">{\"@context\":\"https:\/\/schema.org\",\"@graph\":[{\"@type\":\"WebPage\",\"@id\":\"https:\/\/babylove.se\/no\/produkt\/cam-cam-oppbevaringsbenk-harlequin-hvit\/\",\"url\":\"https:\/\/babylove.se\/no\/produkt\/cam-cam-oppbevaringsbenk-harlequin-hvit\/\",\"name\":\"Cam Cam, oppbevaringsbenk Harlequin Hvit - Babylove Norska\",\"isPartOf\":{\"@id\":\"https:\/\/babylove.se\/no\/#website\"},\"primaryImageOfPage\":{\"@id\":\"https:\/\/babylove.se\/no\/produkt\/cam-cam-oppbevaringsbenk-harlequin-hvit\/#primaryimage\"},\"image\":{\"@id\":\"https:\/\/babylove.se\/no\/produkt\/cam-cam-oppbevaringsbenk-harlequin-hvit\/#primaryimage\"},\"thumbnailUrl\":\"https:\/\/babylove.se\/no\/wp-content\/uploads\/sites\/3\/2025\/07\/61e97034d1ae7.jpeg\",\"datePublished\":\"2025-07-18T23:22:21+00:00\",\"dateModified\":\"2026-04-08T10:52:08+00:00\",\"breadcrumb\":{\"@id\":\"https:\/\/babylove.se\/no\/produkt\/cam-cam-oppbevaringsbenk-harlequin-hvit\/#breadcrumb\"},\"inLanguage\":\"nb-NO\",\"potentialAction\":[{\"@type\":\"ReadAction\",\"target\":[\"https:\/\/babylove.se\/no\/produkt\/cam-cam-oppbevaringsbenk-harlequin-hvit\/\"]}]},{\"@type\":\"ImageObject\",\"inLanguage\":\"nb-NO\",\"@id\":\"https:\/\/babylove.se\/no\/produkt\/cam-cam-oppbevaringsbenk-harlequin-hvit\/#primaryimage\",\"url\":\"https:\/\/babylove.se\/no\/wp-content\/uploads\/sites\/3\/2025\/07\/61e97034d1ae7.jpeg\",\"contentUrl\":\"https:\/\/babylove.se\/no\/wp-content\/uploads\/sites\/3\/2025\/07\/61e97034d1ae7.jpeg\",\"width\":1024,\"height\":1024},{\"@type\":\"BreadcrumbList\",\"@id\":\"https:\/\/babylove.se\/no\/produkt\/cam-cam-oppbevaringsbenk-harlequin-hvit\/#breadcrumb\",\"itemListElement\":[{\"@type\":\"ListItem\",\"position\":1,\"name\":\"Hem\",\"item\":\"https:\/\/babylove.se\/no\/\"},{\"@type\":\"ListItem\",\"position\":2,\"name\":\"Butik\",\"item\":\"https:\/\/babylove.se\/no\/butik\/\"},{\"@type\":\"ListItem\",\"position\":3,\"name\":\"Cam Cam, oppbevaringsbenk Harlequin Hvit\"}]},{\"@type\":\"WebSite\",\"@id\":\"https:\/\/babylove.se\/no\/#website\",\"url\":\"https:\/\/babylove.se\/no\/\",\"name\":\"Babylove Norska\",\"description\":\"\",\"potentialAction\":[{\"@type\":\"SearchAction\",\"target\":{\"@type\":\"EntryPoint\",\"urlTemplate\":\"https:\/\/babylove.se\/no\/?s={search_term_string}\"},\"query-input\":{\"@type\":\"PropertyValueSpecification\",\"valueRequired\":true,\"valueName\":\"search_term_string\"}}],\"inLanguage\":\"nb-NO\"}]}<\/script>\n<meta property=\"product:brand\" content=\"Cam Cam Copenhagen\" \/>\n<meta property=\"product:price:amount\" content=\"2699.00\" \/>\n<meta property=\"product:price:currency\" content=\"SEK\" \/>\n<meta property=\"og:availability\" content=\"out of stock\" \/>\n<meta property=\"product:availability\" content=\"out of stock\" \/>\n<meta property=\"product:retailer_item_id\" content=\"2003B-23-000-EU\" \/>\n<meta property=\"product:condition\" content=\"new\" \/>\n<!-- \/ Yoast SEO Premium plugin. -->","yoast_head_json":{"title":"Cam Cam, oppbevaringsbenk Harlequin Hvit - Babylove Norska","robots":{"index":"noindex","follow":"follow","max-snippet":"max-snippet:-1","max-image-preview":"max-image-preview:large","max-video-preview":"max-video-preview:-1"},"og_locale":"nb_NO","og_type":"article","og_title":"Cam Cam, oppbevaringsbenk Harlequin Hvit","og_description":"En smart kombinasjon av oppbevaring og mini-benk til barnerommet fra danske Cam Cam Copenhagen. Oppbevaringen under er romslig, og det f\u00e5r plass flere ting enn du tror. Perfekt for \u00e5 hjelpe barnet med \u00e5 holde orden p\u00e5 rommet sitt! Utrolig vakker m\u00f8bel som vil bidra mye til barneroms-innredningen din. Passer utmerket sammen med andre m\u00f8bler [&hellip;]","og_url":"https:\/\/babylove.se\/no\/produkt\/cam-cam-oppbevaringsbenk-harlequin-hvit\/","og_site_name":"Babylove Norska","article_modified_time":"2026-04-08T10:52:08+00:00","og_image":[{"width":1024,"height":1024,"url":"https:\/\/babylove.se\/no\/wp-content\/uploads\/sites\/3\/2025\/07\/61e97034d1ae7.jpeg","type":"image\/jpeg"}],"twitter_card":"summary_large_image","twitter_misc":{"Price":"2 699,00&nbsp;&#107;&#114;","Availability":"Out of stock"},"schema":{"@context":"https:\/\/schema.org","@graph":[{"@type":"WebPage","@id":"https:\/\/babylove.se\/no\/produkt\/cam-cam-oppbevaringsbenk-harlequin-hvit\/","url":"https:\/\/babylove.se\/no\/produkt\/cam-cam-oppbevaringsbenk-harlequin-hvit\/","name":"Cam Cam, oppbevaringsbenk Harlequin Hvit - Babylove Norska","isPartOf":{"@id":"https:\/\/babylove.se\/no\/#website"},"primaryImageOfPage":{"@id":"https:\/\/babylove.se\/no\/produkt\/cam-cam-oppbevaringsbenk-harlequin-hvit\/#primaryimage"},"image":{"@id":"https:\/\/babylove.se\/no\/produkt\/cam-cam-oppbevaringsbenk-harlequin-hvit\/#primaryimage"},"thumbnailUrl":"https:\/\/babylove.se\/no\/wp-content\/uploads\/sites\/3\/2025\/07\/61e97034d1ae7.jpeg","datePublished":"2025-07-18T23:22:21+00:00","dateModified":"2026-04-08T10:52:08+00:00","breadcrumb":{"@id":"https:\/\/babylove.se\/no\/produkt\/cam-cam-oppbevaringsbenk-harlequin-hvit\/#breadcrumb"},"inLanguage":"nb-NO","potentialAction":[{"@type":"ReadAction","target":["https:\/\/babylove.se\/no\/produkt\/cam-cam-oppbevaringsbenk-harlequin-hvit\/"]}]},{"@type":"ImageObject","inLanguage":"nb-NO","@id":"https:\/\/babylove.se\/no\/produkt\/cam-cam-oppbevaringsbenk-harlequin-hvit\/#primaryimage","url":"https:\/\/babylove.se\/no\/wp-content\/uploads\/sites\/3\/2025\/07\/61e97034d1ae7.jpeg","contentUrl":"https:\/\/babylove.se\/no\/wp-content\/uploads\/sites\/3\/2025\/07\/61e97034d1ae7.jpeg","width":1024,"height":1024},{"@type":"BreadcrumbList","@id":"https:\/\/babylove.se\/no\/produkt\/cam-cam-oppbevaringsbenk-harlequin-hvit\/#breadcrumb","itemListElement":[{"@type":"ListItem","position":1,"name":"Hem","item":"https:\/\/babylove.se\/no\/"},{"@type":"ListItem","position":2,"name":"Butik","item":"https:\/\/babylove.se\/no\/butik\/"},{"@type":"ListItem","position":3,"name":"Cam Cam, oppbevaringsbenk Harlequin Hvit"}]},{"@type":"WebSite","@id":"https:\/\/babylove.se\/no\/#website","url":"https:\/\/babylove.se\/no\/","name":"Babylove Norska","description":"","potentialAction":[{"@type":"SearchAction","target":{"@type":"EntryPoint","urlTemplate":"https:\/\/babylove.se\/no\/?s={search_term_string}"},"query-input":{"@type":"PropertyValueSpecification","valueRequired":true,"valueName":"search_term_string"}}],"inLanguage":"nb-NO"}]},"product_brand":"Cam Cam Copenhagen","product_price_amount":"2699.00","product_price_currency":"SEK","og_availability":"out of stock","product_availability":"out of stock","product_retailer_item_id":"2003B-23-000-EU","product_condition":"new"},"_links":{"self":[{"href":"https:\/\/babylove.se\/no\/wp-json\/wp\/v2\/product\/31389","targetHints":{"allow":["GET"]}}],"collection":[{"href":"https:\/\/babylove.se\/no\/wp-json\/wp\/v2\/product"}],"about":[{"href":"https:\/\/babylove.se\/no\/wp-json\/wp\/v2\/types\/product"}],"replies":[{"embeddable":true,"href":"https:\/\/babylove.se\/no\/wp-json\/wp\/v2\/comments?post=31389"}],"wp:featuredmedia":[{"embeddable":true,"href":"https:\/\/babylove.se\/no\/wp-json\/wp\/v2\/media\/31391"}],"wp:attachment":[{"href":"https:\/\/babylove.se\/no\/wp-json\/wp\/v2\/media?parent=31389"}],"wp:term":[{"taxonomy":"product_brand","embeddable":true,"href":"https:\/\/babylove.se\/no\/wp-json\/wp\/v2\/product_brand?post=31389"},{"taxonomy":"product_cat","embeddable":true,"href":"https:\/\/babylove.se\/no\/wp-json\/wp\/v2\/product_cat?post=31389"},{"taxonomy":"product_tag","embeddable":true,"href":"https:\/\/babylove.se\/no\/wp-json\/wp\/v2\/product_tag?post=31389"}],"curies":[{"name":"wp","href":"https:\/\/api.w.org\/{rel}","templated":true}]}}