{"id":3140,"date":"2025-07-18T20:13:28","date_gmt":"2025-07-18T19:13:28","guid":{"rendered":"https:\/\/babylove.se\/produkt\/barnspegel-blixt\/"},"modified":"2026-04-08T07:57:21","modified_gmt":"2026-04-08T06:57:21","slug":"barnespeil-blits","status":"publish","type":"product","link":"https:\/\/babylove.se\/no\/produkt\/barnespeil-blits\/","title":{"rendered":"Barnspeil s\u00f8lv lyn"},"content":{"rendered":"<p><strong>Barnespeil s\u00f8lv lyn&nbsp;<\/strong><\/p>\n<p>Dette speilet er en herlig dekorasjon til barnerommet og reflekterer alt lys med en fantastisk effekt. Ekstra vakker blir den i gullfargen som den er utformet i. Barnespeilet er laget i akryl og er derfor b\u00e5de lett og slitesterkt, helt barnesikkert.&nbsp;<\/p>\n<p><strong>M\u00e5l<\/strong>: Bredde 20 cm og h\u00f8yde 55 cm.&nbsp;<\/p>\n<p>Barnespeilet monteres enkelt med en metallkrok som er fastmontert. Man b\u00f8r likevel huske at speilet ikke er et leket\u00f8y.<\/p>\n<p>Produsert i EU.<\/p>\n","protected":false},"excerpt":{"rendered":"<p>Barnespeil s\u00f8lv lyn&nbsp; Dette speilet er en herlig dekorasjon til barnerommet og reflekterer alt lys med en fantastisk effekt. Ekstra vakker blir den i gullfargen som den er utformet i. Barnespeilet er laget i akryl og er derfor b\u00e5de lett og slitesterkt, helt barnesikkert.&nbsp; M\u00e5l: Bredde 20 cm og h\u00f8yde 55 cm.&nbsp; Barnespeilet monteres enkelt [&hellip;]<\/p>\n","protected":false},"featured_media":3142,"comment_status":"closed","ping_status":"open","template":"","meta":{"_acf_changed":false},"product_brand":[22],"product_cat":[84,102,26],"product_tag":[],"class_list":{"0":"post-3140","1":"product","2":"type-product","3":"status-publish","4":"has-post-thumbnail","6":"product_brand-babylove","7":"product_cat-babylove","8":"product_cat-barnspeil","9":"product_cat-kjop-produkter-som-ikke-bare-er-for-gutter","11":"first","12":"outofstock","13":"taxable","14":"shipping-taxable","15":"purchasable","16":"product-type-simple"},"acf":[],"yoast_head":"<!-- This site is optimized with the Yoast SEO Premium plugin v25.8 (Yoast SEO v27.2) - https:\/\/yoast.com\/product\/yoast-seo-premium-wordpress\/ -->\n<title>Barnspeil s\u00f8lv lyn - Babylove Norska<\/title>\n<meta name=\"description\" content=\"En fin inredningsdetalj &gt; Enkel att h\u00e4nga upp - 14 dagars \u00f6ppet k\u00f6p &gt; skickas inom 24h V\u00e4llkomen till Babylove.se\" \/>\n<meta name=\"robots\" content=\"noindex, follow, max-snippet:-1, max-image-preview:large, max-video-preview:-1\" \/>\n<meta property=\"og:locale\" content=\"nb_NO\" \/>\n<meta property=\"og:type\" content=\"article\" \/>\n<meta property=\"og:title\" content=\"Barnspeil s\u00f8lv lyn\" \/>\n<meta property=\"og:description\" content=\"En fin inredningsdetalj &gt; Enkel att h\u00e4nga upp - 14 dagars \u00f6ppet k\u00f6p &gt; skickas inom 24h V\u00e4llkomen till Babylove.se\" \/>\n<meta property=\"og:url\" content=\"https:\/\/babylove.se\/no\/produkt\/barnespeil-blits\/\" \/>\n<meta property=\"og:site_name\" content=\"Babylove Norska\" \/>\n<meta property=\"article:modified_time\" content=\"2026-04-08T06:57:21+00:00\" \/>\n<meta property=\"og:image\" content=\"https:\/\/babylove.se\/no\/wp-content\/uploads\/sites\/3\/2025\/07\/552-149328325982.jpeg\" \/>\n\t<meta property=\"og:image:width\" content=\"405\" \/>\n\t<meta property=\"og:image:height\" content=\"416\" \/>\n\t<meta property=\"og:image:type\" content=\"image\/jpeg\" \/>\n<meta name=\"twitter:card\" content=\"summary_large_image\" \/>\n<meta name=\"twitter:label1\" content=\"Price\" \/>\n\t<meta name=\"twitter:data1\" content=\"299,00&nbsp;&#107;&#114;\" \/>\n\t<meta name=\"twitter:label2\" content=\"Availability\" \/>\n\t<meta name=\"twitter:data2\" content=\"Out of stock\" \/>\n<script type=\"application\/ld+json\" class=\"yoast-schema-graph\">{\"@context\":\"https:\/\/schema.org\",\"@graph\":[{\"@type\":\"WebPage\",\"@id\":\"https:\/\/babylove.se\/no\/produkt\/barnespeil-blits\/\",\"url\":\"https:\/\/babylove.se\/no\/produkt\/barnespeil-blits\/\",\"name\":\"Barnspeil s\u00f8lv lyn - Babylove Norska\",\"isPartOf\":{\"@id\":\"https:\/\/babylove.se\/no\/#website\"},\"primaryImageOfPage\":{\"@id\":\"https:\/\/babylove.se\/no\/produkt\/barnespeil-blits\/#primaryimage\"},\"image\":{\"@id\":\"https:\/\/babylove.se\/no\/produkt\/barnespeil-blits\/#primaryimage\"},\"thumbnailUrl\":\"https:\/\/babylove.se\/no\/wp-content\/uploads\/sites\/3\/2025\/07\/552-149328325982.jpeg\",\"datePublished\":\"2025-07-18T19:13:28+00:00\",\"dateModified\":\"2026-04-08T06:57:21+00:00\",\"description\":\"En fin inredningsdetalj > Enkel att h\u00e4nga upp - 14 dagars \u00f6ppet k\u00f6p > skickas inom 24h V\u00e4llkomen till Babylove.se\",\"breadcrumb\":{\"@id\":\"https:\/\/babylove.se\/no\/produkt\/barnespeil-blits\/#breadcrumb\"},\"inLanguage\":\"nb-NO\",\"potentialAction\":[{\"@type\":\"ReadAction\",\"target\":[\"https:\/\/babylove.se\/no\/produkt\/barnespeil-blits\/\"]}]},{\"@type\":\"ImageObject\",\"inLanguage\":\"nb-NO\",\"@id\":\"https:\/\/babylove.se\/no\/produkt\/barnespeil-blits\/#primaryimage\",\"url\":\"https:\/\/babylove.se\/no\/wp-content\/uploads\/sites\/3\/2025\/07\/552-149328325982.jpeg\",\"contentUrl\":\"https:\/\/babylove.se\/no\/wp-content\/uploads\/sites\/3\/2025\/07\/552-149328325982.jpeg\",\"width\":405,\"height\":416},{\"@type\":\"BreadcrumbList\",\"@id\":\"https:\/\/babylove.se\/no\/produkt\/barnespeil-blits\/#breadcrumb\",\"itemListElement\":[{\"@type\":\"ListItem\",\"position\":1,\"name\":\"Hem\",\"item\":\"https:\/\/babylove.se\/no\/\"},{\"@type\":\"ListItem\",\"position\":2,\"name\":\"Butik\",\"item\":\"https:\/\/babylove.se\/no\/butik\/\"},{\"@type\":\"ListItem\",\"position\":3,\"name\":\"Barnspeil s\u00f8lv lyn\"}]},{\"@type\":\"WebSite\",\"@id\":\"https:\/\/babylove.se\/no\/#website\",\"url\":\"https:\/\/babylove.se\/no\/\",\"name\":\"Babylove Norska\",\"description\":\"\",\"potentialAction\":[{\"@type\":\"SearchAction\",\"target\":{\"@type\":\"EntryPoint\",\"urlTemplate\":\"https:\/\/babylove.se\/no\/?s={search_term_string}\"},\"query-input\":{\"@type\":\"PropertyValueSpecification\",\"valueRequired\":true,\"valueName\":\"search_term_string\"}}],\"inLanguage\":\"nb-NO\"}]}<\/script>\n<meta property=\"product:brand\" content=\"Babylove\" \/>\n<meta property=\"product:price:amount\" content=\"299.00\" \/>\n<meta property=\"product:price:currency\" content=\"SEK\" \/>\n<meta property=\"og:availability\" content=\"out of stock\" \/>\n<meta property=\"product:availability\" content=\"out of stock\" \/>\n<meta property=\"product:retailer_item_id\" content=\"1142\" \/>\n<meta property=\"product:condition\" content=\"new\" \/>\n<!-- \/ Yoast SEO Premium plugin. -->","yoast_head_json":{"title":"Barnspeil s\u00f8lv lyn - Babylove Norska","description":"En fin inredningsdetalj > Enkel att h\u00e4nga upp - 14 dagars \u00f6ppet k\u00f6p > skickas inom 24h V\u00e4llkomen till Babylove.se","robots":{"index":"noindex","follow":"follow","max-snippet":"max-snippet:-1","max-image-preview":"max-image-preview:large","max-video-preview":"max-video-preview:-1"},"og_locale":"nb_NO","og_type":"article","og_title":"Barnspeil s\u00f8lv lyn","og_description":"En fin inredningsdetalj > Enkel att h\u00e4nga upp - 14 dagars \u00f6ppet k\u00f6p > skickas inom 24h V\u00e4llkomen till Babylove.se","og_url":"https:\/\/babylove.se\/no\/produkt\/barnespeil-blits\/","og_site_name":"Babylove Norska","article_modified_time":"2026-04-08T06:57:21+00:00","og_image":[{"width":405,"height":416,"url":"https:\/\/babylove.se\/no\/wp-content\/uploads\/sites\/3\/2025\/07\/552-149328325982.jpeg","type":"image\/jpeg"}],"twitter_card":"summary_large_image","twitter_misc":{"Price":"299,00&nbsp;&#107;&#114;","Availability":"Out of stock"},"schema":{"@context":"https:\/\/schema.org","@graph":[{"@type":"WebPage","@id":"https:\/\/babylove.se\/no\/produkt\/barnespeil-blits\/","url":"https:\/\/babylove.se\/no\/produkt\/barnespeil-blits\/","name":"Barnspeil s\u00f8lv lyn - Babylove Norska","isPartOf":{"@id":"https:\/\/babylove.se\/no\/#website"},"primaryImageOfPage":{"@id":"https:\/\/babylove.se\/no\/produkt\/barnespeil-blits\/#primaryimage"},"image":{"@id":"https:\/\/babylove.se\/no\/produkt\/barnespeil-blits\/#primaryimage"},"thumbnailUrl":"https:\/\/babylove.se\/no\/wp-content\/uploads\/sites\/3\/2025\/07\/552-149328325982.jpeg","datePublished":"2025-07-18T19:13:28+00:00","dateModified":"2026-04-08T06:57:21+00:00","description":"En fin inredningsdetalj > Enkel att h\u00e4nga upp - 14 dagars \u00f6ppet k\u00f6p > skickas inom 24h V\u00e4llkomen till Babylove.se","breadcrumb":{"@id":"https:\/\/babylove.se\/no\/produkt\/barnespeil-blits\/#breadcrumb"},"inLanguage":"nb-NO","potentialAction":[{"@type":"ReadAction","target":["https:\/\/babylove.se\/no\/produkt\/barnespeil-blits\/"]}]},{"@type":"ImageObject","inLanguage":"nb-NO","@id":"https:\/\/babylove.se\/no\/produkt\/barnespeil-blits\/#primaryimage","url":"https:\/\/babylove.se\/no\/wp-content\/uploads\/sites\/3\/2025\/07\/552-149328325982.jpeg","contentUrl":"https:\/\/babylove.se\/no\/wp-content\/uploads\/sites\/3\/2025\/07\/552-149328325982.jpeg","width":405,"height":416},{"@type":"BreadcrumbList","@id":"https:\/\/babylove.se\/no\/produkt\/barnespeil-blits\/#breadcrumb","itemListElement":[{"@type":"ListItem","position":1,"name":"Hem","item":"https:\/\/babylove.se\/no\/"},{"@type":"ListItem","position":2,"name":"Butik","item":"https:\/\/babylove.se\/no\/butik\/"},{"@type":"ListItem","position":3,"name":"Barnspeil s\u00f8lv lyn"}]},{"@type":"WebSite","@id":"https:\/\/babylove.se\/no\/#website","url":"https:\/\/babylove.se\/no\/","name":"Babylove Norska","description":"","potentialAction":[{"@type":"SearchAction","target":{"@type":"EntryPoint","urlTemplate":"https:\/\/babylove.se\/no\/?s={search_term_string}"},"query-input":{"@type":"PropertyValueSpecification","valueRequired":true,"valueName":"search_term_string"}}],"inLanguage":"nb-NO"}]},"product_brand":"Babylove","product_price_amount":"299.00","product_price_currency":"SEK","og_availability":"out of stock","product_availability":"out of stock","product_retailer_item_id":"1142","product_condition":"new"},"_links":{"self":[{"href":"https:\/\/babylove.se\/no\/wp-json\/wp\/v2\/product\/3140","targetHints":{"allow":["GET"]}}],"collection":[{"href":"https:\/\/babylove.se\/no\/wp-json\/wp\/v2\/product"}],"about":[{"href":"https:\/\/babylove.se\/no\/wp-json\/wp\/v2\/types\/product"}],"replies":[{"embeddable":true,"href":"https:\/\/babylove.se\/no\/wp-json\/wp\/v2\/comments?post=3140"}],"wp:featuredmedia":[{"embeddable":true,"href":"https:\/\/babylove.se\/no\/wp-json\/wp\/v2\/media\/3142"}],"wp:attachment":[{"href":"https:\/\/babylove.se\/no\/wp-json\/wp\/v2\/media?parent=3140"}],"wp:term":[{"taxonomy":"product_brand","embeddable":true,"href":"https:\/\/babylove.se\/no\/wp-json\/wp\/v2\/product_brand?post=3140"},{"taxonomy":"product_cat","embeddable":true,"href":"https:\/\/babylove.se\/no\/wp-json\/wp\/v2\/product_cat?post=3140"},{"taxonomy":"product_tag","embeddable":true,"href":"https:\/\/babylove.se\/no\/wp-json\/wp\/v2\/product_tag?post=3140"}],"curies":[{"name":"wp","href":"https:\/\/api.w.org\/{rel}","templated":true}]}}