{"id":31412,"date":"2025-07-19T00:22:21","date_gmt":"2025-07-18T23:22:21","guid":{"rendered":"https:\/\/babylove.se\/produkt\/cam-cam-sanghimmel-windflower-creme\/"},"modified":"2026-04-08T11:52:21","modified_gmt":"2026-04-08T10:52:21","slug":"cam-cam-sanghimmel-vindblomst-krem","status":"publish","type":"product","link":"https:\/\/babylove.se\/no\/produkt\/cam-cam-sanghimmel-vindblomst-krem\/","title":{"rendered":"Cam cam, sengehimmel, Windflower creme"},"content":{"rendered":"<p>En meget sjarmerende og vakker blomstrete sengehimmel laget av organisk bomull. I hvert rom som denne brukes vil en eventyrf\u00f8lelse spre seg. Perfekt for \u00e5 innrede barnerommet<strong> <\/strong>p\u00e5 en god m\u00e5te. For \u00e5 montere sengehimmelen trenger man bare en liten krok som man fester i taket og s\u00e5 henger opp sengehimmelen p\u00e5 den. <\/p>\n<p>Perfekt for \u00e5 matche med andre produkter fra danske Cam Cam Copenhagen. Den er GOTS-sertifisert som sikrer at produktet er \u00f8kologisk, b\u00e6rekraftig og produsert under gode arbeidsforhold. <\/p>\n<p>Til alle v\u00e5re sengehimler sender vi med en fin lysslynge inkludert i prisen. Dette for at du skal kunne gj\u00f8re barnekroken din enda mer koselig og sjarmerende. Lysslyngen drives av to A-batterier. <\/p>\n<p><strong>M\u00e5l<\/strong>: Lengde 250 cm. Diameter 50 cm. <\/p>\n<p><strong>Materiale<\/strong>: 100 % \u00f8kologisk GOTS-sertifisert bomull. <\/p>\n<p>Designer: <a href=\"https:\/\/babylove.se\/varumarken\/cam-cam-copenhagen\">Cam Cam Copenhagen<\/a><\/p>\n","protected":false},"excerpt":{"rendered":"<p>En meget sjarmerende og vakker blomstrete sengehimmel laget av organisk bomull. I hvert rom som denne brukes vil en eventyrf\u00f8lelse spre seg. Perfekt for \u00e5 innrede barnerommet p\u00e5 en god m\u00e5te. For \u00e5 montere sengehimmelen trenger man bare en liten krok som man fester i taket og s\u00e5 henger opp sengehimmelen p\u00e5 den. Perfekt for [&hellip;]<\/p>\n","protected":false},"featured_media":31414,"comment_status":"closed","ping_status":"closed","template":"","meta":{"_acf_changed":false},"product_brand":[1024],"product_cat":[199,1025,120],"product_tag":[],"class_list":{"0":"post-31412","1":"product","2":"type-product","3":"status-publish","4":"has-post-thumbnail","6":"product_brand-cam-cam-copenhagen","7":"product_cat-blomstrete","8":"product_cat-cam-cam-copenhagen","9":"product_cat-sanghimmel","11":"first","12":"outofstock","13":"taxable","14":"shipping-taxable","15":"purchasable","16":"product-type-simple"},"acf":[],"yoast_head":"<!-- This site is optimized with the Yoast SEO Premium plugin v25.8 (Yoast SEO v27.2) - https:\/\/yoast.com\/product\/yoast-seo-premium-wordpress\/ -->\n<title>Cam cam, sengehimmel, Windflower creme - Babylove Norska<\/title>\n<meta name=\"robots\" content=\"noindex, follow, max-snippet:-1, max-image-preview:large, max-video-preview:-1\" \/>\n<meta property=\"og:locale\" content=\"nb_NO\" \/>\n<meta property=\"og:type\" content=\"article\" \/>\n<meta property=\"og:title\" content=\"Cam cam, sengehimmel, Windflower creme\" \/>\n<meta property=\"og:description\" content=\"En meget sjarmerende og vakker blomstrete sengehimmel laget av organisk bomull. I hvert rom som denne brukes vil en eventyrf\u00f8lelse spre seg. Perfekt for \u00e5 innrede barnerommet p\u00e5 en god m\u00e5te. For \u00e5 montere sengehimmelen trenger man bare en liten krok som man fester i taket og s\u00e5 henger opp sengehimmelen p\u00e5 den. Perfekt for [&hellip;]\" \/>\n<meta property=\"og:url\" content=\"https:\/\/babylove.se\/no\/produkt\/cam-cam-sanghimmel-vindblomst-krem\/\" \/>\n<meta property=\"og:site_name\" content=\"Babylove Norska\" \/>\n<meta property=\"article:modified_time\" content=\"2026-04-08T10:52:21+00:00\" \/>\n<meta property=\"og:image\" content=\"https:\/\/babylove.se\/no\/wp-content\/uploads\/sites\/3\/2025\/07\/61f003a53559a.jpeg\" \/>\n\t<meta property=\"og:image:width\" content=\"1024\" \/>\n\t<meta property=\"og:image:height\" content=\"1024\" \/>\n\t<meta property=\"og:image:type\" content=\"image\/jpeg\" \/>\n<meta name=\"twitter:card\" content=\"summary_large_image\" \/>\n<meta name=\"twitter:label1\" content=\"Price\" \/>\n\t<meta name=\"twitter:data1\" content=\"999,00&nbsp;&#107;&#114;\" \/>\n\t<meta name=\"twitter:label2\" content=\"Availability\" \/>\n\t<meta name=\"twitter:data2\" content=\"Out of stock\" \/>\n<script type=\"application\/ld+json\" class=\"yoast-schema-graph\">{\"@context\":\"https:\/\/schema.org\",\"@graph\":[{\"@type\":\"WebPage\",\"@id\":\"https:\/\/babylove.se\/no\/produkt\/cam-cam-sanghimmel-vindblomst-krem\/\",\"url\":\"https:\/\/babylove.se\/no\/produkt\/cam-cam-sanghimmel-vindblomst-krem\/\",\"name\":\"Cam cam, sengehimmel, Windflower creme - Babylove Norska\",\"isPartOf\":{\"@id\":\"https:\/\/babylove.se\/no\/#website\"},\"primaryImageOfPage\":{\"@id\":\"https:\/\/babylove.se\/no\/produkt\/cam-cam-sanghimmel-vindblomst-krem\/#primaryimage\"},\"image\":{\"@id\":\"https:\/\/babylove.se\/no\/produkt\/cam-cam-sanghimmel-vindblomst-krem\/#primaryimage\"},\"thumbnailUrl\":\"https:\/\/babylove.se\/no\/wp-content\/uploads\/sites\/3\/2025\/07\/61f003a53559a.jpeg\",\"datePublished\":\"2025-07-18T23:22:21+00:00\",\"dateModified\":\"2026-04-08T10:52:21+00:00\",\"breadcrumb\":{\"@id\":\"https:\/\/babylove.se\/no\/produkt\/cam-cam-sanghimmel-vindblomst-krem\/#breadcrumb\"},\"inLanguage\":\"nb-NO\",\"potentialAction\":[{\"@type\":\"ReadAction\",\"target\":[\"https:\/\/babylove.se\/no\/produkt\/cam-cam-sanghimmel-vindblomst-krem\/\"]}]},{\"@type\":\"ImageObject\",\"inLanguage\":\"nb-NO\",\"@id\":\"https:\/\/babylove.se\/no\/produkt\/cam-cam-sanghimmel-vindblomst-krem\/#primaryimage\",\"url\":\"https:\/\/babylove.se\/no\/wp-content\/uploads\/sites\/3\/2025\/07\/61f003a53559a.jpeg\",\"contentUrl\":\"https:\/\/babylove.se\/no\/wp-content\/uploads\/sites\/3\/2025\/07\/61f003a53559a.jpeg\",\"width\":1024,\"height\":1024},{\"@type\":\"BreadcrumbList\",\"@id\":\"https:\/\/babylove.se\/no\/produkt\/cam-cam-sanghimmel-vindblomst-krem\/#breadcrumb\",\"itemListElement\":[{\"@type\":\"ListItem\",\"position\":1,\"name\":\"Hem\",\"item\":\"https:\/\/babylove.se\/no\/\"},{\"@type\":\"ListItem\",\"position\":2,\"name\":\"Butik\",\"item\":\"https:\/\/babylove.se\/no\/butik\/\"},{\"@type\":\"ListItem\",\"position\":3,\"name\":\"Cam cam, sengehimmel, Windflower creme\"}]},{\"@type\":\"WebSite\",\"@id\":\"https:\/\/babylove.se\/no\/#website\",\"url\":\"https:\/\/babylove.se\/no\/\",\"name\":\"Babylove Norska\",\"description\":\"\",\"potentialAction\":[{\"@type\":\"SearchAction\",\"target\":{\"@type\":\"EntryPoint\",\"urlTemplate\":\"https:\/\/babylove.se\/no\/?s={search_term_string}\"},\"query-input\":{\"@type\":\"PropertyValueSpecification\",\"valueRequired\":true,\"valueName\":\"search_term_string\"}}],\"inLanguage\":\"nb-NO\"}]}<\/script>\n<meta property=\"product:brand\" content=\"Cam Cam Copenhagen\" \/>\n<meta property=\"product:price:amount\" content=\"999.00\" \/>\n<meta property=\"product:price:currency\" content=\"SEK\" \/>\n<meta property=\"og:availability\" content=\"out of stock\" \/>\n<meta property=\"product:availability\" content=\"out of stock\" \/>\n<meta property=\"product:retailer_item_id\" content=\"772-P62-000-WW\" \/>\n<meta property=\"product:condition\" content=\"new\" \/>\n<!-- \/ Yoast SEO Premium plugin. -->","yoast_head_json":{"title":"Cam cam, sengehimmel, Windflower creme - Babylove Norska","robots":{"index":"noindex","follow":"follow","max-snippet":"max-snippet:-1","max-image-preview":"max-image-preview:large","max-video-preview":"max-video-preview:-1"},"og_locale":"nb_NO","og_type":"article","og_title":"Cam cam, sengehimmel, Windflower creme","og_description":"En meget sjarmerende og vakker blomstrete sengehimmel laget av organisk bomull. I hvert rom som denne brukes vil en eventyrf\u00f8lelse spre seg. Perfekt for \u00e5 innrede barnerommet p\u00e5 en god m\u00e5te. For \u00e5 montere sengehimmelen trenger man bare en liten krok som man fester i taket og s\u00e5 henger opp sengehimmelen p\u00e5 den. Perfekt for [&hellip;]","og_url":"https:\/\/babylove.se\/no\/produkt\/cam-cam-sanghimmel-vindblomst-krem\/","og_site_name":"Babylove Norska","article_modified_time":"2026-04-08T10:52:21+00:00","og_image":[{"width":1024,"height":1024,"url":"https:\/\/babylove.se\/no\/wp-content\/uploads\/sites\/3\/2025\/07\/61f003a53559a.jpeg","type":"image\/jpeg"}],"twitter_card":"summary_large_image","twitter_misc":{"Price":"999,00&nbsp;&#107;&#114;","Availability":"Out of stock"},"schema":{"@context":"https:\/\/schema.org","@graph":[{"@type":"WebPage","@id":"https:\/\/babylove.se\/no\/produkt\/cam-cam-sanghimmel-vindblomst-krem\/","url":"https:\/\/babylove.se\/no\/produkt\/cam-cam-sanghimmel-vindblomst-krem\/","name":"Cam cam, sengehimmel, Windflower creme - Babylove Norska","isPartOf":{"@id":"https:\/\/babylove.se\/no\/#website"},"primaryImageOfPage":{"@id":"https:\/\/babylove.se\/no\/produkt\/cam-cam-sanghimmel-vindblomst-krem\/#primaryimage"},"image":{"@id":"https:\/\/babylove.se\/no\/produkt\/cam-cam-sanghimmel-vindblomst-krem\/#primaryimage"},"thumbnailUrl":"https:\/\/babylove.se\/no\/wp-content\/uploads\/sites\/3\/2025\/07\/61f003a53559a.jpeg","datePublished":"2025-07-18T23:22:21+00:00","dateModified":"2026-04-08T10:52:21+00:00","breadcrumb":{"@id":"https:\/\/babylove.se\/no\/produkt\/cam-cam-sanghimmel-vindblomst-krem\/#breadcrumb"},"inLanguage":"nb-NO","potentialAction":[{"@type":"ReadAction","target":["https:\/\/babylove.se\/no\/produkt\/cam-cam-sanghimmel-vindblomst-krem\/"]}]},{"@type":"ImageObject","inLanguage":"nb-NO","@id":"https:\/\/babylove.se\/no\/produkt\/cam-cam-sanghimmel-vindblomst-krem\/#primaryimage","url":"https:\/\/babylove.se\/no\/wp-content\/uploads\/sites\/3\/2025\/07\/61f003a53559a.jpeg","contentUrl":"https:\/\/babylove.se\/no\/wp-content\/uploads\/sites\/3\/2025\/07\/61f003a53559a.jpeg","width":1024,"height":1024},{"@type":"BreadcrumbList","@id":"https:\/\/babylove.se\/no\/produkt\/cam-cam-sanghimmel-vindblomst-krem\/#breadcrumb","itemListElement":[{"@type":"ListItem","position":1,"name":"Hem","item":"https:\/\/babylove.se\/no\/"},{"@type":"ListItem","position":2,"name":"Butik","item":"https:\/\/babylove.se\/no\/butik\/"},{"@type":"ListItem","position":3,"name":"Cam cam, sengehimmel, Windflower creme"}]},{"@type":"WebSite","@id":"https:\/\/babylove.se\/no\/#website","url":"https:\/\/babylove.se\/no\/","name":"Babylove Norska","description":"","potentialAction":[{"@type":"SearchAction","target":{"@type":"EntryPoint","urlTemplate":"https:\/\/babylove.se\/no\/?s={search_term_string}"},"query-input":{"@type":"PropertyValueSpecification","valueRequired":true,"valueName":"search_term_string"}}],"inLanguage":"nb-NO"}]},"product_brand":"Cam Cam Copenhagen","product_price_amount":"999.00","product_price_currency":"SEK","og_availability":"out of stock","product_availability":"out of stock","product_retailer_item_id":"772-P62-000-WW","product_condition":"new"},"_links":{"self":[{"href":"https:\/\/babylove.se\/no\/wp-json\/wp\/v2\/product\/31412","targetHints":{"allow":["GET"]}}],"collection":[{"href":"https:\/\/babylove.se\/no\/wp-json\/wp\/v2\/product"}],"about":[{"href":"https:\/\/babylove.se\/no\/wp-json\/wp\/v2\/types\/product"}],"replies":[{"embeddable":true,"href":"https:\/\/babylove.se\/no\/wp-json\/wp\/v2\/comments?post=31412"}],"wp:featuredmedia":[{"embeddable":true,"href":"https:\/\/babylove.se\/no\/wp-json\/wp\/v2\/media\/31414"}],"wp:attachment":[{"href":"https:\/\/babylove.se\/no\/wp-json\/wp\/v2\/media?parent=31412"}],"wp:term":[{"taxonomy":"product_brand","embeddable":true,"href":"https:\/\/babylove.se\/no\/wp-json\/wp\/v2\/product_brand?post=31412"},{"taxonomy":"product_cat","embeddable":true,"href":"https:\/\/babylove.se\/no\/wp-json\/wp\/v2\/product_cat?post=31412"},{"taxonomy":"product_tag","embeddable":true,"href":"https:\/\/babylove.se\/no\/wp-json\/wp\/v2\/product_tag?post=31412"}],"curies":[{"name":"wp","href":"https:\/\/api.w.org\/{rel}","templated":true}]}}