{"id":31520,"date":"2025-07-19T00:24:04","date_gmt":"2025-07-18T23:24:04","guid":{"rendered":"https:\/\/babylove.se\/produkt\/golvhylla-hus-vitnatur\/"},"modified":"2026-04-08T11:53:22","modified_gmt":"2026-04-08T10:53:22","slug":"golvhylle-hus-vitnatur","status":"publish","type":"product","link":"https:\/\/babylove.se\/no\/produkt\/golvhylle-hus-vitnatur\/","title":{"rendered":"Gulvhylle hus, hvit\/natur"},"content":{"rendered":"<p>Vil du gj\u00f8re en rask og enkel forandring i barnerommet? Skaff deg denne hushyllen og gi rommet karakter! I den kan du enkelt oppbevare ikke bare b\u00f8ker, men ogs\u00e5 favorittleker. Eller hvorfor ikke henge opp en fin vimpelrekke?!<\/p>\n<p>Hushyllen plasseres p\u00e5 gulvet og passer ogs\u00e5 \u00e5 bruke som nattbord.<\/p>\n<p><strong>M\u00e5l<\/strong>: 56 x 15 x 51 cm<\/p>\n<p><strong>Materiale<\/strong>: Tre<\/p>\n","protected":false},"excerpt":{"rendered":"<p>Vil du gj\u00f8re en rask og enkel forandring i barnerommet? Skaff deg denne hushyllen og gi rommet karakter! I den kan du enkelt oppbevare ikke bare b\u00f8ker, men ogs\u00e5 favorittleker. Eller hvorfor ikke henge opp en fin vimpelrekke?! Hushyllen plasseres p\u00e5 gulvet og passer ogs\u00e5 \u00e5 bruke som nattbord. M\u00e5l: 56 x 15 x 51 [&hellip;]<\/p>\n","protected":false},"featured_media":31522,"comment_status":"closed","ping_status":"open","template":"","meta":{"_acf_changed":false},"product_brand":[1069],"product_cat":[973,87,43],"product_tag":[],"class_list":{"0":"post-31520","1":"product","2":"type-product","3":"status-publish","4":"has-post-thumbnail","6":"product_brand-atmopshera","7":"product_cat-atmosphera","8":"product_cat-hyller","9":"product_cat-oppbevaringskurver","11":"first","12":"instock","13":"taxable","14":"shipping-taxable","15":"purchasable","16":"product-type-simple"},"acf":[],"yoast_head":"<!-- This site is optimized with the Yoast SEO Premium plugin v25.8 (Yoast SEO v27.2) - https:\/\/yoast.com\/product\/yoast-seo-premium-wordpress\/ -->\n<title>Gulvhylle hus, hvit\/natur - Babylove Norska<\/title>\n<meta name=\"robots\" content=\"noindex, follow, max-snippet:-1, max-image-preview:large, max-video-preview:-1\" \/>\n<meta property=\"og:locale\" content=\"nb_NO\" \/>\n<meta property=\"og:type\" content=\"article\" \/>\n<meta property=\"og:title\" content=\"Gulvhylle hus, hvit\/natur\" \/>\n<meta property=\"og:description\" content=\"Vil du gj\u00f8re en rask og enkel forandring i barnerommet? Skaff deg denne hushyllen og gi rommet karakter! I den kan du enkelt oppbevare ikke bare b\u00f8ker, men ogs\u00e5 favorittleker. Eller hvorfor ikke henge opp en fin vimpelrekke?! Hushyllen plasseres p\u00e5 gulvet og passer ogs\u00e5 \u00e5 bruke som nattbord. M\u00e5l: 56 x 15 x 51 [&hellip;]\" \/>\n<meta property=\"og:url\" content=\"https:\/\/babylove.se\/no\/produkt\/golvhylle-hus-vitnatur\/\" \/>\n<meta property=\"og:site_name\" content=\"Babylove Norska\" \/>\n<meta property=\"article:modified_time\" content=\"2026-04-08T10:53:22+00:00\" \/>\n<meta property=\"og:image\" content=\"https:\/\/babylove.se\/no\/wp-content\/uploads\/sites\/3\/2025\/07\/164329223461f2a5a34220e.jpeg\" \/>\n\t<meta property=\"og:image:width\" content=\"1200\" \/>\n\t<meta property=\"og:image:height\" content=\"1200\" \/>\n\t<meta property=\"og:image:type\" content=\"image\/jpeg\" \/>\n<meta name=\"twitter:card\" content=\"summary_large_image\" \/>\n<meta name=\"twitter:label1\" content=\"Price\" \/>\n\t<meta name=\"twitter:data1\" content=\"499,00&nbsp;&#107;&#114;\" \/>\n\t<meta name=\"twitter:label2\" content=\"Availability\" \/>\n\t<meta name=\"twitter:data2\" content=\"In stock\" \/>\n<script type=\"application\/ld+json\" class=\"yoast-schema-graph\">{\"@context\":\"https:\/\/schema.org\",\"@graph\":[{\"@type\":\"WebPage\",\"@id\":\"https:\/\/babylove.se\/no\/produkt\/golvhylle-hus-vitnatur\/\",\"url\":\"https:\/\/babylove.se\/no\/produkt\/golvhylle-hus-vitnatur\/\",\"name\":\"Gulvhylle hus, hvit\/natur - Babylove Norska\",\"isPartOf\":{\"@id\":\"https:\/\/babylove.se\/no\/#website\"},\"primaryImageOfPage\":{\"@id\":\"https:\/\/babylove.se\/no\/produkt\/golvhylle-hus-vitnatur\/#primaryimage\"},\"image\":{\"@id\":\"https:\/\/babylove.se\/no\/produkt\/golvhylle-hus-vitnatur\/#primaryimage\"},\"thumbnailUrl\":\"https:\/\/babylove.se\/no\/wp-content\/uploads\/sites\/3\/2025\/07\/164329223461f2a5a34220e.jpeg\",\"datePublished\":\"2025-07-18T23:24:04+00:00\",\"dateModified\":\"2026-04-08T10:53:22+00:00\",\"breadcrumb\":{\"@id\":\"https:\/\/babylove.se\/no\/produkt\/golvhylle-hus-vitnatur\/#breadcrumb\"},\"inLanguage\":\"nb-NO\",\"potentialAction\":[{\"@type\":\"ReadAction\",\"target\":[\"https:\/\/babylove.se\/no\/produkt\/golvhylle-hus-vitnatur\/\"]}]},{\"@type\":\"ImageObject\",\"inLanguage\":\"nb-NO\",\"@id\":\"https:\/\/babylove.se\/no\/produkt\/golvhylle-hus-vitnatur\/#primaryimage\",\"url\":\"https:\/\/babylove.se\/no\/wp-content\/uploads\/sites\/3\/2025\/07\/164329223461f2a5a34220e.jpeg\",\"contentUrl\":\"https:\/\/babylove.se\/no\/wp-content\/uploads\/sites\/3\/2025\/07\/164329223461f2a5a34220e.jpeg\",\"width\":1200,\"height\":1200},{\"@type\":\"BreadcrumbList\",\"@id\":\"https:\/\/babylove.se\/no\/produkt\/golvhylle-hus-vitnatur\/#breadcrumb\",\"itemListElement\":[{\"@type\":\"ListItem\",\"position\":1,\"name\":\"Hem\",\"item\":\"https:\/\/babylove.se\/no\/\"},{\"@type\":\"ListItem\",\"position\":2,\"name\":\"Butik\",\"item\":\"https:\/\/babylove.se\/no\/butik\/\"},{\"@type\":\"ListItem\",\"position\":3,\"name\":\"Gulvhylle hus, hvit\/natur\"}]},{\"@type\":\"WebSite\",\"@id\":\"https:\/\/babylove.se\/no\/#website\",\"url\":\"https:\/\/babylove.se\/no\/\",\"name\":\"Babylove Norska\",\"description\":\"\",\"potentialAction\":[{\"@type\":\"SearchAction\",\"target\":{\"@type\":\"EntryPoint\",\"urlTemplate\":\"https:\/\/babylove.se\/no\/?s={search_term_string}\"},\"query-input\":{\"@type\":\"PropertyValueSpecification\",\"valueRequired\":true,\"valueName\":\"search_term_string\"}}],\"inLanguage\":\"nb-NO\"}]}<\/script>\n<meta property=\"product:brand\" content=\"Atmopshera\" \/>\n<meta property=\"product:price:amount\" content=\"499.00\" \/>\n<meta property=\"product:price:currency\" content=\"SEK\" \/>\n<meta property=\"og:availability\" content=\"instock\" \/>\n<meta property=\"product:availability\" content=\"instock\" \/>\n<meta property=\"product:retailer_item_id\" content=\"174220\" \/>\n<meta property=\"product:condition\" content=\"new\" \/>\n<!-- \/ Yoast SEO Premium plugin. -->","yoast_head_json":{"title":"Gulvhylle hus, hvit\/natur - Babylove Norska","robots":{"index":"noindex","follow":"follow","max-snippet":"max-snippet:-1","max-image-preview":"max-image-preview:large","max-video-preview":"max-video-preview:-1"},"og_locale":"nb_NO","og_type":"article","og_title":"Gulvhylle hus, hvit\/natur","og_description":"Vil du gj\u00f8re en rask og enkel forandring i barnerommet? Skaff deg denne hushyllen og gi rommet karakter! I den kan du enkelt oppbevare ikke bare b\u00f8ker, men ogs\u00e5 favorittleker. Eller hvorfor ikke henge opp en fin vimpelrekke?! Hushyllen plasseres p\u00e5 gulvet og passer ogs\u00e5 \u00e5 bruke som nattbord. M\u00e5l: 56 x 15 x 51 [&hellip;]","og_url":"https:\/\/babylove.se\/no\/produkt\/golvhylle-hus-vitnatur\/","og_site_name":"Babylove Norska","article_modified_time":"2026-04-08T10:53:22+00:00","og_image":[{"width":1200,"height":1200,"url":"https:\/\/babylove.se\/no\/wp-content\/uploads\/sites\/3\/2025\/07\/164329223461f2a5a34220e.jpeg","type":"image\/jpeg"}],"twitter_card":"summary_large_image","twitter_misc":{"Price":"499,00&nbsp;&#107;&#114;","Availability":"In stock"},"schema":{"@context":"https:\/\/schema.org","@graph":[{"@type":"WebPage","@id":"https:\/\/babylove.se\/no\/produkt\/golvhylle-hus-vitnatur\/","url":"https:\/\/babylove.se\/no\/produkt\/golvhylle-hus-vitnatur\/","name":"Gulvhylle hus, hvit\/natur - Babylove Norska","isPartOf":{"@id":"https:\/\/babylove.se\/no\/#website"},"primaryImageOfPage":{"@id":"https:\/\/babylove.se\/no\/produkt\/golvhylle-hus-vitnatur\/#primaryimage"},"image":{"@id":"https:\/\/babylove.se\/no\/produkt\/golvhylle-hus-vitnatur\/#primaryimage"},"thumbnailUrl":"https:\/\/babylove.se\/no\/wp-content\/uploads\/sites\/3\/2025\/07\/164329223461f2a5a34220e.jpeg","datePublished":"2025-07-18T23:24:04+00:00","dateModified":"2026-04-08T10:53:22+00:00","breadcrumb":{"@id":"https:\/\/babylove.se\/no\/produkt\/golvhylle-hus-vitnatur\/#breadcrumb"},"inLanguage":"nb-NO","potentialAction":[{"@type":"ReadAction","target":["https:\/\/babylove.se\/no\/produkt\/golvhylle-hus-vitnatur\/"]}]},{"@type":"ImageObject","inLanguage":"nb-NO","@id":"https:\/\/babylove.se\/no\/produkt\/golvhylle-hus-vitnatur\/#primaryimage","url":"https:\/\/babylove.se\/no\/wp-content\/uploads\/sites\/3\/2025\/07\/164329223461f2a5a34220e.jpeg","contentUrl":"https:\/\/babylove.se\/no\/wp-content\/uploads\/sites\/3\/2025\/07\/164329223461f2a5a34220e.jpeg","width":1200,"height":1200},{"@type":"BreadcrumbList","@id":"https:\/\/babylove.se\/no\/produkt\/golvhylle-hus-vitnatur\/#breadcrumb","itemListElement":[{"@type":"ListItem","position":1,"name":"Hem","item":"https:\/\/babylove.se\/no\/"},{"@type":"ListItem","position":2,"name":"Butik","item":"https:\/\/babylove.se\/no\/butik\/"},{"@type":"ListItem","position":3,"name":"Gulvhylle hus, hvit\/natur"}]},{"@type":"WebSite","@id":"https:\/\/babylove.se\/no\/#website","url":"https:\/\/babylove.se\/no\/","name":"Babylove Norska","description":"","potentialAction":[{"@type":"SearchAction","target":{"@type":"EntryPoint","urlTemplate":"https:\/\/babylove.se\/no\/?s={search_term_string}"},"query-input":{"@type":"PropertyValueSpecification","valueRequired":true,"valueName":"search_term_string"}}],"inLanguage":"nb-NO"}]},"product_brand":"Atmopshera","product_price_amount":"499.00","product_price_currency":"SEK","og_availability":"instock","product_availability":"instock","product_retailer_item_id":"174220","product_condition":"new"},"_links":{"self":[{"href":"https:\/\/babylove.se\/no\/wp-json\/wp\/v2\/product\/31520","targetHints":{"allow":["GET"]}}],"collection":[{"href":"https:\/\/babylove.se\/no\/wp-json\/wp\/v2\/product"}],"about":[{"href":"https:\/\/babylove.se\/no\/wp-json\/wp\/v2\/types\/product"}],"replies":[{"embeddable":true,"href":"https:\/\/babylove.se\/no\/wp-json\/wp\/v2\/comments?post=31520"}],"wp:featuredmedia":[{"embeddable":true,"href":"https:\/\/babylove.se\/no\/wp-json\/wp\/v2\/media\/31522"}],"wp:attachment":[{"href":"https:\/\/babylove.se\/no\/wp-json\/wp\/v2\/media?parent=31520"}],"wp:term":[{"taxonomy":"product_brand","embeddable":true,"href":"https:\/\/babylove.se\/no\/wp-json\/wp\/v2\/product_brand?post=31520"},{"taxonomy":"product_cat","embeddable":true,"href":"https:\/\/babylove.se\/no\/wp-json\/wp\/v2\/product_cat?post=31520"},{"taxonomy":"product_tag","embeddable":true,"href":"https:\/\/babylove.se\/no\/wp-json\/wp\/v2\/product_tag?post=31520"}],"curies":[{"name":"wp","href":"https:\/\/api.w.org\/{rel}","templated":true}]}}