{"id":31627,"date":"2025-07-19T00:24:52","date_gmt":"2025-07-18T23:24:52","guid":{"rendered":"https:\/\/babylove.se\/produkt\/moi-mili-linne-kudde-yellow-sun\/"},"modified":"2026-04-08T11:54:29","modified_gmt":"2026-04-08T10:54:29","slug":"moi-mili-lin-pute-yellow-sun","status":"publish","type":"product","link":"https:\/\/babylove.se\/no\/produkt\/moi-mili-lin-pute-yellow-sun\/","title":{"rendered":"Moi Mili, lin pute Yellow Sun"},"content":{"rendered":"<p>En underbar pute inspirert av vakre solstr\u00e5ler. En fantastisk og detaljrik skapelse laget av n\u00f8ye utvalgt OEKO-TEX lin og bomull av h\u00f8yeste kvalitet.&nbsp;<\/p>\n<p>Det vakre utf\u00f8relsen er \u00e9n ting, men de underbare materialvalgene gj\u00f8r det ogs\u00e5 til en klemfavoritt hos barna. Hvis du bare skal kj\u00f8pe ett interi\u00f8rprodukt til barnerommet, er dette det du skal kj\u00f8pe! &nbsp;&nbsp;<\/p>\n<p>En ekstra bonus at du enkelt holder p\u00e5 hygienen da puten kan vaskes i vaskemaskin opp til 30 grader. Puten er fylt med antiallergiske fiberkuler som gj\u00f8r at puten holder formen.&nbsp;<\/p>\n<p>Match gjerne puten med andre produkter fra samme serie!<\/p>\n<p><strong>M\u00e5l<\/strong>: 65&#215;42 cm.<\/p>\n<p><strong>Materiale<\/strong>: 100% OEKO-TEX lin og bomull.<\/p>\n<p>Designer: <a href=\"https:\/\/babylove.se\/varumarken\/moi-mili\">Moi Mili&nbsp;<\/a><\/p>\n","protected":false},"excerpt":{"rendered":"<p>En underbar pute inspirert av vakre solstr\u00e5ler. En fantastisk og detaljrik skapelse laget av n\u00f8ye utvalgt OEKO-TEX lin og bomull av h\u00f8yeste kvalitet.&nbsp; Det vakre utf\u00f8relsen er \u00e9n ting, men de underbare materialvalgene gj\u00f8r det ogs\u00e5 til en klemfavoritt hos barna. Hvis du bare skal kj\u00f8pe ett interi\u00f8rprodukt til barnerommet, er dette det du skal [&hellip;]<\/p>\n","protected":false},"featured_media":31629,"comment_status":"closed","ping_status":"open","template":"","meta":{"_acf_changed":false},"product_brand":[912],"product_cat":[913,105,40],"product_tag":[1689],"class_list":{"0":"post-31627","1":"product","2":"type-product","3":"status-publish","4":"has-post-thumbnail","6":"product_brand-moi-mili","7":"product_cat-moi-mili","8":"product_cat-puter","9":"product_cat-soverom-barn","10":"product_tag-bestillingsvaror","12":"first","13":"instock","14":"taxable","15":"shipping-taxable","16":"purchasable","17":"product-type-simple"},"acf":[],"yoast_head":"<!-- This site is optimized with the Yoast SEO Premium plugin v25.8 (Yoast SEO v27.2) - https:\/\/yoast.com\/product\/yoast-seo-premium-wordpress\/ -->\n<title>Moi Mili, lin pute Yellow Sun - Babylove Norska<\/title>\n<meta name=\"robots\" content=\"noindex, follow, max-snippet:-1, max-image-preview:large, max-video-preview:-1\" \/>\n<meta property=\"og:locale\" content=\"nb_NO\" \/>\n<meta property=\"og:type\" content=\"article\" \/>\n<meta property=\"og:title\" content=\"Moi Mili, lin pute Yellow Sun\" \/>\n<meta property=\"og:description\" content=\"En underbar pute inspirert av vakre solstr\u00e5ler. En fantastisk og detaljrik skapelse laget av n\u00f8ye utvalgt OEKO-TEX lin og bomull av h\u00f8yeste kvalitet.&nbsp; Det vakre utf\u00f8relsen er \u00e9n ting, men de underbare materialvalgene gj\u00f8r det ogs\u00e5 til en klemfavoritt hos barna. Hvis du bare skal kj\u00f8pe ett interi\u00f8rprodukt til barnerommet, er dette det du skal [&hellip;]\" \/>\n<meta property=\"og:url\" content=\"https:\/\/babylove.se\/no\/produkt\/moi-mili-lin-pute-yellow-sun\/\" \/>\n<meta property=\"og:site_name\" content=\"Babylove Norska\" \/>\n<meta property=\"article:modified_time\" content=\"2026-04-08T10:54:29+00:00\" \/>\n<meta property=\"og:image\" content=\"https:\/\/babylove.se\/no\/wp-content\/uploads\/sites\/3\/2025\/07\/61f92cb70f966.jpeg\" \/>\n\t<meta property=\"og:image:width\" content=\"983\" \/>\n\t<meta property=\"og:image:height\" content=\"1475\" \/>\n\t<meta property=\"og:image:type\" content=\"image\/jpeg\" \/>\n<meta name=\"twitter:card\" content=\"summary_large_image\" \/>\n<meta name=\"twitter:label1\" content=\"Price\" \/>\n\t<meta name=\"twitter:data1\" content=\"699,00&nbsp;&#107;&#114;\" \/>\n\t<meta name=\"twitter:label2\" content=\"Availability\" \/>\n\t<meta name=\"twitter:data2\" content=\"In stock\" \/>\n<script type=\"application\/ld+json\" class=\"yoast-schema-graph\">{\"@context\":\"https:\/\/schema.org\",\"@graph\":[{\"@type\":\"WebPage\",\"@id\":\"https:\/\/babylove.se\/no\/produkt\/moi-mili-lin-pute-yellow-sun\/\",\"url\":\"https:\/\/babylove.se\/no\/produkt\/moi-mili-lin-pute-yellow-sun\/\",\"name\":\"Moi Mili, lin pute Yellow Sun - Babylove Norska\",\"isPartOf\":{\"@id\":\"https:\/\/babylove.se\/no\/#website\"},\"primaryImageOfPage\":{\"@id\":\"https:\/\/babylove.se\/no\/produkt\/moi-mili-lin-pute-yellow-sun\/#primaryimage\"},\"image\":{\"@id\":\"https:\/\/babylove.se\/no\/produkt\/moi-mili-lin-pute-yellow-sun\/#primaryimage\"},\"thumbnailUrl\":\"https:\/\/babylove.se\/no\/wp-content\/uploads\/sites\/3\/2025\/07\/61f92cb70f966.jpeg\",\"datePublished\":\"2025-07-18T23:24:52+00:00\",\"dateModified\":\"2026-04-08T10:54:29+00:00\",\"breadcrumb\":{\"@id\":\"https:\/\/babylove.se\/no\/produkt\/moi-mili-lin-pute-yellow-sun\/#breadcrumb\"},\"inLanguage\":\"nb-NO\",\"potentialAction\":[{\"@type\":\"ReadAction\",\"target\":[\"https:\/\/babylove.se\/no\/produkt\/moi-mili-lin-pute-yellow-sun\/\"]}]},{\"@type\":\"ImageObject\",\"inLanguage\":\"nb-NO\",\"@id\":\"https:\/\/babylove.se\/no\/produkt\/moi-mili-lin-pute-yellow-sun\/#primaryimage\",\"url\":\"https:\/\/babylove.se\/no\/wp-content\/uploads\/sites\/3\/2025\/07\/61f92cb70f966.jpeg\",\"contentUrl\":\"https:\/\/babylove.se\/no\/wp-content\/uploads\/sites\/3\/2025\/07\/61f92cb70f966.jpeg\",\"width\":983,\"height\":1475},{\"@type\":\"BreadcrumbList\",\"@id\":\"https:\/\/babylove.se\/no\/produkt\/moi-mili-lin-pute-yellow-sun\/#breadcrumb\",\"itemListElement\":[{\"@type\":\"ListItem\",\"position\":1,\"name\":\"Hem\",\"item\":\"https:\/\/babylove.se\/no\/\"},{\"@type\":\"ListItem\",\"position\":2,\"name\":\"Butik\",\"item\":\"https:\/\/babylove.se\/no\/butik\/\"},{\"@type\":\"ListItem\",\"position\":3,\"name\":\"Moi Mili, lin pute Yellow Sun\"}]},{\"@type\":\"WebSite\",\"@id\":\"https:\/\/babylove.se\/no\/#website\",\"url\":\"https:\/\/babylove.se\/no\/\",\"name\":\"Babylove Norska\",\"description\":\"\",\"potentialAction\":[{\"@type\":\"SearchAction\",\"target\":{\"@type\":\"EntryPoint\",\"urlTemplate\":\"https:\/\/babylove.se\/no\/?s={search_term_string}\"},\"query-input\":{\"@type\":\"PropertyValueSpecification\",\"valueRequired\":true,\"valueName\":\"search_term_string\"}}],\"inLanguage\":\"nb-NO\"}]}<\/script>\n<meta property=\"product:brand\" content=\"Moi Mili\" \/>\n<meta property=\"product:price:amount\" content=\"699.00\" \/>\n<meta property=\"product:price:currency\" content=\"SEK\" \/>\n<meta property=\"og:availability\" content=\"instock\" \/>\n<meta property=\"product:availability\" content=\"instock\" \/>\n<meta property=\"product:retailer_item_id\" content=\"PS-DIS\" \/>\n<meta property=\"product:condition\" content=\"new\" \/>\n<!-- \/ Yoast SEO Premium plugin. -->","yoast_head_json":{"title":"Moi Mili, lin pute Yellow Sun - Babylove Norska","robots":{"index":"noindex","follow":"follow","max-snippet":"max-snippet:-1","max-image-preview":"max-image-preview:large","max-video-preview":"max-video-preview:-1"},"og_locale":"nb_NO","og_type":"article","og_title":"Moi Mili, lin pute Yellow Sun","og_description":"En underbar pute inspirert av vakre solstr\u00e5ler. En fantastisk og detaljrik skapelse laget av n\u00f8ye utvalgt OEKO-TEX lin og bomull av h\u00f8yeste kvalitet.&nbsp; Det vakre utf\u00f8relsen er \u00e9n ting, men de underbare materialvalgene gj\u00f8r det ogs\u00e5 til en klemfavoritt hos barna. Hvis du bare skal kj\u00f8pe ett interi\u00f8rprodukt til barnerommet, er dette det du skal [&hellip;]","og_url":"https:\/\/babylove.se\/no\/produkt\/moi-mili-lin-pute-yellow-sun\/","og_site_name":"Babylove Norska","article_modified_time":"2026-04-08T10:54:29+00:00","og_image":[{"width":983,"height":1475,"url":"https:\/\/babylove.se\/no\/wp-content\/uploads\/sites\/3\/2025\/07\/61f92cb70f966.jpeg","type":"image\/jpeg"}],"twitter_card":"summary_large_image","twitter_misc":{"Price":"699,00&nbsp;&#107;&#114;","Availability":"In stock"},"schema":{"@context":"https:\/\/schema.org","@graph":[{"@type":"WebPage","@id":"https:\/\/babylove.se\/no\/produkt\/moi-mili-lin-pute-yellow-sun\/","url":"https:\/\/babylove.se\/no\/produkt\/moi-mili-lin-pute-yellow-sun\/","name":"Moi Mili, lin pute Yellow Sun - Babylove Norska","isPartOf":{"@id":"https:\/\/babylove.se\/no\/#website"},"primaryImageOfPage":{"@id":"https:\/\/babylove.se\/no\/produkt\/moi-mili-lin-pute-yellow-sun\/#primaryimage"},"image":{"@id":"https:\/\/babylove.se\/no\/produkt\/moi-mili-lin-pute-yellow-sun\/#primaryimage"},"thumbnailUrl":"https:\/\/babylove.se\/no\/wp-content\/uploads\/sites\/3\/2025\/07\/61f92cb70f966.jpeg","datePublished":"2025-07-18T23:24:52+00:00","dateModified":"2026-04-08T10:54:29+00:00","breadcrumb":{"@id":"https:\/\/babylove.se\/no\/produkt\/moi-mili-lin-pute-yellow-sun\/#breadcrumb"},"inLanguage":"nb-NO","potentialAction":[{"@type":"ReadAction","target":["https:\/\/babylove.se\/no\/produkt\/moi-mili-lin-pute-yellow-sun\/"]}]},{"@type":"ImageObject","inLanguage":"nb-NO","@id":"https:\/\/babylove.se\/no\/produkt\/moi-mili-lin-pute-yellow-sun\/#primaryimage","url":"https:\/\/babylove.se\/no\/wp-content\/uploads\/sites\/3\/2025\/07\/61f92cb70f966.jpeg","contentUrl":"https:\/\/babylove.se\/no\/wp-content\/uploads\/sites\/3\/2025\/07\/61f92cb70f966.jpeg","width":983,"height":1475},{"@type":"BreadcrumbList","@id":"https:\/\/babylove.se\/no\/produkt\/moi-mili-lin-pute-yellow-sun\/#breadcrumb","itemListElement":[{"@type":"ListItem","position":1,"name":"Hem","item":"https:\/\/babylove.se\/no\/"},{"@type":"ListItem","position":2,"name":"Butik","item":"https:\/\/babylove.se\/no\/butik\/"},{"@type":"ListItem","position":3,"name":"Moi Mili, lin pute Yellow Sun"}]},{"@type":"WebSite","@id":"https:\/\/babylove.se\/no\/#website","url":"https:\/\/babylove.se\/no\/","name":"Babylove Norska","description":"","potentialAction":[{"@type":"SearchAction","target":{"@type":"EntryPoint","urlTemplate":"https:\/\/babylove.se\/no\/?s={search_term_string}"},"query-input":{"@type":"PropertyValueSpecification","valueRequired":true,"valueName":"search_term_string"}}],"inLanguage":"nb-NO"}]},"product_brand":"Moi Mili","product_price_amount":"699.00","product_price_currency":"SEK","og_availability":"instock","product_availability":"instock","product_retailer_item_id":"PS-DIS","product_condition":"new"},"_links":{"self":[{"href":"https:\/\/babylove.se\/no\/wp-json\/wp\/v2\/product\/31627","targetHints":{"allow":["GET"]}}],"collection":[{"href":"https:\/\/babylove.se\/no\/wp-json\/wp\/v2\/product"}],"about":[{"href":"https:\/\/babylove.se\/no\/wp-json\/wp\/v2\/types\/product"}],"replies":[{"embeddable":true,"href":"https:\/\/babylove.se\/no\/wp-json\/wp\/v2\/comments?post=31627"}],"wp:featuredmedia":[{"embeddable":true,"href":"https:\/\/babylove.se\/no\/wp-json\/wp\/v2\/media\/31629"}],"wp:attachment":[{"href":"https:\/\/babylove.se\/no\/wp-json\/wp\/v2\/media?parent=31627"}],"wp:term":[{"taxonomy":"product_brand","embeddable":true,"href":"https:\/\/babylove.se\/no\/wp-json\/wp\/v2\/product_brand?post=31627"},{"taxonomy":"product_cat","embeddable":true,"href":"https:\/\/babylove.se\/no\/wp-json\/wp\/v2\/product_cat?post=31627"},{"taxonomy":"product_tag","embeddable":true,"href":"https:\/\/babylove.se\/no\/wp-json\/wp\/v2\/product_tag?post=31627"}],"curies":[{"name":"wp","href":"https:\/\/api.w.org\/{rel}","templated":true}]}}