{"id":3165,"date":"2025-07-18T20:13:47","date_gmt":"2025-07-18T19:13:47","guid":{"rendered":"https:\/\/babylove.se\/produkt\/snuttefilt-happy-dots-bla-2-pack-done-by-deer\/"},"modified":"2026-04-08T07:57:38","modified_gmt":"2026-04-08T06:57:38","slug":"snuttefilt-happy-dots-bla-2-pack-done-by-deer","status":"publish","type":"product","link":"https:\/\/babylove.se\/no\/produkt\/snuttefilt-happy-dots-bla-2-pack-done-by-deer\/","title":{"rendered":"Koseklut happy dots bl\u00e5 2-pack , Done by Deer"},"content":{"rendered":"<p><strong>Smokefilt happy dots bl\u00e5 2-pack , Done by Deer<\/strong> \\n \\nIkke g\u00e5 glipp av dette fantastiske ammeh\u00e5ndkle og smokefilt fra Done By Deers nyeste kolleksjon &#8220;happy dots&#8221;. \\n \\nKommer i to-pack og i denne utf\u00f8relsen i et meget vakkert m\u00f8nster av ballonger. H\u00e5ndkl\u00e6rne kommer i to forskjellige farger (lysebl\u00e5 og bl\u00e5) og er perfekte \u00e5 ha p\u00e5 skulderen n\u00e5r du mater babyen din. \\n \\n<strong>Materiale<\/strong>: 100 % \u00d6KO-Tex sertifisert bomullsmuslin. \\n \\n<strong>M\u00e5l<\/strong>: 70 x 70 cm. \\n \\nKan maskinvaskes p\u00e5 60 grader, noe som gj\u00f8r at de holder seg friske lenge \\n \\nDesigner: <a href=\"https:\/\/babylove.se\/varumarken\/done-by-deer\"><u>Done By Deer<\/u><\/a><\/p>\n","protected":false},"excerpt":{"rendered":"<p>Smokefilt happy dots bl\u00e5 2-pack , Done by Deer \\n \\nIkke g\u00e5 glipp av dette fantastiske ammeh\u00e5ndkle og smokefilt fra Done By Deers nyeste kolleksjon &#8220;happy dots&#8221;. \\n \\nKommer i to-pack og i denne utf\u00f8relsen i et meget vakkert m\u00f8nster av ballonger. H\u00e5ndkl\u00e6rne kommer i to forskjellige farger (lysebl\u00e5 og bl\u00e5) og er perfekte \u00e5 [&hellip;]<\/p>\n","protected":false},"featured_media":3167,"comment_status":"closed","ping_status":"closed","template":"","meta":{"_acf_changed":false},"product_brand":[54],"product_cat":[42,55,26,25,49],"product_tag":[1689],"class_list":{"0":"post-3165","1":"product","2":"type-product","3":"status-publish","4":"has-post-thumbnail","6":"product_brand-done-by-deer","7":"product_cat-babyteppe","8":"product_cat-done-by-deer","9":"product_cat-kjop-produkter-som-ikke-bare-er-for-gutter","10":"product_cat-ikke-bare-jenter","11":"product_cat-snutetepper","12":"product_tag-bestillingsvaror","14":"first","15":"outofstock","16":"taxable","17":"shipping-taxable","18":"purchasable","19":"product-type-simple"},"acf":[],"yoast_head":"<!-- This site is optimized with the Yoast SEO Premium plugin v25.8 (Yoast SEO v27.2) - https:\/\/yoast.com\/product\/yoast-seo-premium-wordpress\/ -->\n<title>Koseklut happy dots bl\u00e5 2-pack , Done by Deer - Babylove Norska<\/title>\n<meta name=\"description\" content=\"Missa inte denna fantastiska amningshandduk och snuttefilt fr\u00e5n Done By Deers senaste kollektion &quot;happy dots&quot;.\" \/>\n<meta name=\"robots\" content=\"noindex, follow, max-snippet:-1, max-image-preview:large, max-video-preview:-1\" \/>\n<meta property=\"og:locale\" content=\"nb_NO\" \/>\n<meta property=\"og:type\" content=\"article\" \/>\n<meta property=\"og:title\" content=\"Koseklut happy dots bl\u00e5 2-pack , Done by Deer\" \/>\n<meta property=\"og:description\" content=\"Missa inte denna fantastiska amningshandduk och snuttefilt fr\u00e5n Done By Deers senaste kollektion &quot;happy dots&quot;.\" \/>\n<meta property=\"og:url\" content=\"https:\/\/babylove.se\/no\/produkt\/snuttefilt-happy-dots-bla-2-pack-done-by-deer\/\" \/>\n<meta property=\"og:site_name\" content=\"Babylove Norska\" \/>\n<meta property=\"article:modified_time\" content=\"2026-04-08T06:57:38+00:00\" \/>\n<meta property=\"og:image\" content=\"https:\/\/babylove.se\/no\/wp-content\/uploads\/sites\/3\/2025\/07\/552-149389335374.jpeg\" \/>\n\t<meta property=\"og:image:width\" content=\"750\" \/>\n\t<meta property=\"og:image:height\" content=\"750\" \/>\n\t<meta property=\"og:image:type\" content=\"image\/jpeg\" \/>\n<meta name=\"twitter:card\" content=\"summary_large_image\" \/>\n<meta name=\"twitter:label1\" content=\"Price\" \/>\n\t<meta name=\"twitter:data1\" content=\"119,00&nbsp;&#107;&#114;\" \/>\n\t<meta name=\"twitter:label2\" content=\"Availability\" \/>\n\t<meta name=\"twitter:data2\" content=\"Out of stock\" \/>\n<script type=\"application\/ld+json\" class=\"yoast-schema-graph\">{\"@context\":\"https:\/\/schema.org\",\"@graph\":[{\"@type\":\"WebPage\",\"@id\":\"https:\/\/babylove.se\/no\/produkt\/snuttefilt-happy-dots-bla-2-pack-done-by-deer\/\",\"url\":\"https:\/\/babylove.se\/no\/produkt\/snuttefilt-happy-dots-bla-2-pack-done-by-deer\/\",\"name\":\"Koseklut happy dots bl\u00e5 2-pack , Done by Deer - Babylove Norska\",\"isPartOf\":{\"@id\":\"https:\/\/babylove.se\/no\/#website\"},\"primaryImageOfPage\":{\"@id\":\"https:\/\/babylove.se\/no\/produkt\/snuttefilt-happy-dots-bla-2-pack-done-by-deer\/#primaryimage\"},\"image\":{\"@id\":\"https:\/\/babylove.se\/no\/produkt\/snuttefilt-happy-dots-bla-2-pack-done-by-deer\/#primaryimage\"},\"thumbnailUrl\":\"https:\/\/babylove.se\/no\/wp-content\/uploads\/sites\/3\/2025\/07\/552-149389335374.jpeg\",\"datePublished\":\"2025-07-18T19:13:47+00:00\",\"dateModified\":\"2026-04-08T06:57:38+00:00\",\"description\":\"Missa inte denna fantastiska amningshandduk och snuttefilt fr\u00e5n Done By Deers senaste kollektion \\\"happy dots\\\".\",\"breadcrumb\":{\"@id\":\"https:\/\/babylove.se\/no\/produkt\/snuttefilt-happy-dots-bla-2-pack-done-by-deer\/#breadcrumb\"},\"inLanguage\":\"nb-NO\",\"potentialAction\":[{\"@type\":\"ReadAction\",\"target\":[\"https:\/\/babylove.se\/no\/produkt\/snuttefilt-happy-dots-bla-2-pack-done-by-deer\/\"]}]},{\"@type\":\"ImageObject\",\"inLanguage\":\"nb-NO\",\"@id\":\"https:\/\/babylove.se\/no\/produkt\/snuttefilt-happy-dots-bla-2-pack-done-by-deer\/#primaryimage\",\"url\":\"https:\/\/babylove.se\/no\/wp-content\/uploads\/sites\/3\/2025\/07\/552-149389335374.jpeg\",\"contentUrl\":\"https:\/\/babylove.se\/no\/wp-content\/uploads\/sites\/3\/2025\/07\/552-149389335374.jpeg\",\"width\":750,\"height\":750},{\"@type\":\"BreadcrumbList\",\"@id\":\"https:\/\/babylove.se\/no\/produkt\/snuttefilt-happy-dots-bla-2-pack-done-by-deer\/#breadcrumb\",\"itemListElement\":[{\"@type\":\"ListItem\",\"position\":1,\"name\":\"Hem\",\"item\":\"https:\/\/babylove.se\/no\/\"},{\"@type\":\"ListItem\",\"position\":2,\"name\":\"Butik\",\"item\":\"https:\/\/babylove.se\/no\/butik\/\"},{\"@type\":\"ListItem\",\"position\":3,\"name\":\"Koseklut happy dots bl\u00e5 2-pack , Done by Deer\"}]},{\"@type\":\"WebSite\",\"@id\":\"https:\/\/babylove.se\/no\/#website\",\"url\":\"https:\/\/babylove.se\/no\/\",\"name\":\"Babylove Norska\",\"description\":\"\",\"potentialAction\":[{\"@type\":\"SearchAction\",\"target\":{\"@type\":\"EntryPoint\",\"urlTemplate\":\"https:\/\/babylove.se\/no\/?s={search_term_string}\"},\"query-input\":{\"@type\":\"PropertyValueSpecification\",\"valueRequired\":true,\"valueName\":\"search_term_string\"}}],\"inLanguage\":\"nb-NO\"}]}<\/script>\n<meta property=\"product:brand\" content=\"Done by Deer\" \/>\n<meta property=\"product:price:amount\" content=\"119.00\" \/>\n<meta property=\"product:price:currency\" content=\"SEK\" \/>\n<meta property=\"og:availability\" content=\"out of stock\" \/>\n<meta property=\"product:availability\" content=\"out of stock\" \/>\n<meta property=\"product:retailer_item_id\" content=\"1159\" \/>\n<meta property=\"product:condition\" content=\"new\" \/>\n<!-- \/ Yoast SEO Premium plugin. -->","yoast_head_json":{"title":"Koseklut happy dots bl\u00e5 2-pack , Done by Deer - Babylove Norska","description":"Missa inte denna fantastiska amningshandduk och snuttefilt fr\u00e5n Done By Deers senaste kollektion \"happy dots\".","robots":{"index":"noindex","follow":"follow","max-snippet":"max-snippet:-1","max-image-preview":"max-image-preview:large","max-video-preview":"max-video-preview:-1"},"og_locale":"nb_NO","og_type":"article","og_title":"Koseklut happy dots bl\u00e5 2-pack , Done by Deer","og_description":"Missa inte denna fantastiska amningshandduk och snuttefilt fr\u00e5n Done By Deers senaste kollektion \"happy dots\".","og_url":"https:\/\/babylove.se\/no\/produkt\/snuttefilt-happy-dots-bla-2-pack-done-by-deer\/","og_site_name":"Babylove Norska","article_modified_time":"2026-04-08T06:57:38+00:00","og_image":[{"width":750,"height":750,"url":"https:\/\/babylove.se\/no\/wp-content\/uploads\/sites\/3\/2025\/07\/552-149389335374.jpeg","type":"image\/jpeg"}],"twitter_card":"summary_large_image","twitter_misc":{"Price":"119,00&nbsp;&#107;&#114;","Availability":"Out of stock"},"schema":{"@context":"https:\/\/schema.org","@graph":[{"@type":"WebPage","@id":"https:\/\/babylove.se\/no\/produkt\/snuttefilt-happy-dots-bla-2-pack-done-by-deer\/","url":"https:\/\/babylove.se\/no\/produkt\/snuttefilt-happy-dots-bla-2-pack-done-by-deer\/","name":"Koseklut happy dots bl\u00e5 2-pack , Done by Deer - Babylove Norska","isPartOf":{"@id":"https:\/\/babylove.se\/no\/#website"},"primaryImageOfPage":{"@id":"https:\/\/babylove.se\/no\/produkt\/snuttefilt-happy-dots-bla-2-pack-done-by-deer\/#primaryimage"},"image":{"@id":"https:\/\/babylove.se\/no\/produkt\/snuttefilt-happy-dots-bla-2-pack-done-by-deer\/#primaryimage"},"thumbnailUrl":"https:\/\/babylove.se\/no\/wp-content\/uploads\/sites\/3\/2025\/07\/552-149389335374.jpeg","datePublished":"2025-07-18T19:13:47+00:00","dateModified":"2026-04-08T06:57:38+00:00","description":"Missa inte denna fantastiska amningshandduk och snuttefilt fr\u00e5n Done By Deers senaste kollektion \"happy dots\".","breadcrumb":{"@id":"https:\/\/babylove.se\/no\/produkt\/snuttefilt-happy-dots-bla-2-pack-done-by-deer\/#breadcrumb"},"inLanguage":"nb-NO","potentialAction":[{"@type":"ReadAction","target":["https:\/\/babylove.se\/no\/produkt\/snuttefilt-happy-dots-bla-2-pack-done-by-deer\/"]}]},{"@type":"ImageObject","inLanguage":"nb-NO","@id":"https:\/\/babylove.se\/no\/produkt\/snuttefilt-happy-dots-bla-2-pack-done-by-deer\/#primaryimage","url":"https:\/\/babylove.se\/no\/wp-content\/uploads\/sites\/3\/2025\/07\/552-149389335374.jpeg","contentUrl":"https:\/\/babylove.se\/no\/wp-content\/uploads\/sites\/3\/2025\/07\/552-149389335374.jpeg","width":750,"height":750},{"@type":"BreadcrumbList","@id":"https:\/\/babylove.se\/no\/produkt\/snuttefilt-happy-dots-bla-2-pack-done-by-deer\/#breadcrumb","itemListElement":[{"@type":"ListItem","position":1,"name":"Hem","item":"https:\/\/babylove.se\/no\/"},{"@type":"ListItem","position":2,"name":"Butik","item":"https:\/\/babylove.se\/no\/butik\/"},{"@type":"ListItem","position":3,"name":"Koseklut happy dots bl\u00e5 2-pack , Done by Deer"}]},{"@type":"WebSite","@id":"https:\/\/babylove.se\/no\/#website","url":"https:\/\/babylove.se\/no\/","name":"Babylove Norska","description":"","potentialAction":[{"@type":"SearchAction","target":{"@type":"EntryPoint","urlTemplate":"https:\/\/babylove.se\/no\/?s={search_term_string}"},"query-input":{"@type":"PropertyValueSpecification","valueRequired":true,"valueName":"search_term_string"}}],"inLanguage":"nb-NO"}]},"product_brand":"Done by Deer","product_price_amount":"119.00","product_price_currency":"SEK","og_availability":"out of stock","product_availability":"out of stock","product_retailer_item_id":"1159","product_condition":"new"},"_links":{"self":[{"href":"https:\/\/babylove.se\/no\/wp-json\/wp\/v2\/product\/3165","targetHints":{"allow":["GET"]}}],"collection":[{"href":"https:\/\/babylove.se\/no\/wp-json\/wp\/v2\/product"}],"about":[{"href":"https:\/\/babylove.se\/no\/wp-json\/wp\/v2\/types\/product"}],"replies":[{"embeddable":true,"href":"https:\/\/babylove.se\/no\/wp-json\/wp\/v2\/comments?post=3165"}],"wp:featuredmedia":[{"embeddable":true,"href":"https:\/\/babylove.se\/no\/wp-json\/wp\/v2\/media\/3167"}],"wp:attachment":[{"href":"https:\/\/babylove.se\/no\/wp-json\/wp\/v2\/media?parent=3165"}],"wp:term":[{"taxonomy":"product_brand","embeddable":true,"href":"https:\/\/babylove.se\/no\/wp-json\/wp\/v2\/product_brand?post=3165"},{"taxonomy":"product_cat","embeddable":true,"href":"https:\/\/babylove.se\/no\/wp-json\/wp\/v2\/product_cat?post=3165"},{"taxonomy":"product_tag","embeddable":true,"href":"https:\/\/babylove.se\/no\/wp-json\/wp\/v2\/product_tag?post=3165"}],"curies":[{"name":"wp","href":"https:\/\/api.w.org\/{rel}","templated":true}]}}