{"id":31653,"date":"2025-07-19T00:24:52","date_gmt":"2025-07-18T23:24:52","guid":{"rendered":"https:\/\/babylove.se\/produkt\/moi-mili-vimpel-i-sammet-lov-autumn-stories\/"},"modified":"2026-04-08T11:54:38","modified_gmt":"2026-04-08T10:54:38","slug":"moi-mili-vimpel-i-floyel-lov-autumn-stories","status":"publish","type":"product","link":"https:\/\/babylove.se\/no\/produkt\/moi-mili-vimpel-i-floyel-lov-autumn-stories\/","title":{"rendered":"Moi Mili, vimpel i fl\u00f8yel l\u00f8v, Autumn stories"},"content":{"rendered":"<p>Superfin vimpel i form av nydelige h\u00f8stl\u00f8v fra popul\u00e6re Moi Mili! <span>&nbsp;<\/span>Denne vakre vimpelslyngen med bed\u00e5rende stoffvimpler er den perfekte detaljen for barneromminnredningen din.&nbsp;<\/p>\n<p>Vimpelen inneholder totalt 7 stykker vimpler av myk fl\u00f8yel og er mer enn 3 meter lang. Denne vimpelen passer i barnerommet, eller ute i lekestuen.<\/p>\n<p><strong>Materiale<\/strong>: 95% polyester, 5% elastan.<\/p>\n<p><strong>M\u00e5l<\/strong>: 14 cm x 15 cm. Lengde 350 cm<\/p>\n<p>Designer: <a href=\"https:\/\/babylove.se\/varumarken\/moi-mili\">Moi Mili<\/a><\/p>\n","protected":false},"excerpt":{"rendered":"<p>Superfin vimpel i form av nydelige h\u00f8stl\u00f8v fra popul\u00e6re Moi Mili! &nbsp;Denne vakre vimpelslyngen med bed\u00e5rende stoffvimpler er den perfekte detaljen for barneromminnredningen din.&nbsp; Vimpelen inneholder totalt 7 stykker vimpler av myk fl\u00f8yel og er mer enn 3 meter lang. Denne vimpelen passer i barnerommet, eller ute i lekestuen. Materiale: 95% polyester, 5% elastan. M\u00e5l: [&hellip;]<\/p>\n","protected":false},"featured_media":31655,"comment_status":"closed","ping_status":"open","template":"","meta":{"_acf_changed":false},"product_brand":[912],"product_cat":[118,185,913,200,58],"product_tag":[1689],"class_list":{"0":"post-31653","1":"product","2":"type-product","3":"status-publish","4":"has-post-thumbnail","6":"product_brand-moi-mili","7":"product_cat-vert","8":"product_cat-skog","9":"product_cat-moi-mili","10":"product_cat-floyel","11":"product_cat-vimpler","12":"product_tag-bestillingsvaror","14":"first","15":"instock","16":"taxable","17":"shipping-taxable","18":"purchasable","19":"product-type-simple"},"acf":[],"yoast_head":"<!-- This site is optimized with the Yoast SEO Premium plugin v25.8 (Yoast SEO v27.2) - https:\/\/yoast.com\/product\/yoast-seo-premium-wordpress\/ -->\n<title>Moi Mili, vimpel i fl\u00f8yel l\u00f8v, Autumn stories - Babylove Norska<\/title>\n<meta name=\"robots\" content=\"noindex, follow, max-snippet:-1, max-image-preview:large, max-video-preview:-1\" \/>\n<meta property=\"og:locale\" content=\"nb_NO\" \/>\n<meta property=\"og:type\" content=\"article\" \/>\n<meta property=\"og:title\" content=\"Moi Mili, vimpel i fl\u00f8yel l\u00f8v, Autumn stories\" \/>\n<meta property=\"og:description\" content=\"Superfin vimpel i form av nydelige h\u00f8stl\u00f8v fra popul\u00e6re Moi Mili! &nbsp;Denne vakre vimpelslyngen med bed\u00e5rende stoffvimpler er den perfekte detaljen for barneromminnredningen din.&nbsp; Vimpelen inneholder totalt 7 stykker vimpler av myk fl\u00f8yel og er mer enn 3 meter lang. Denne vimpelen passer i barnerommet, eller ute i lekestuen. Materiale: 95% polyester, 5% elastan. M\u00e5l: [&hellip;]\" \/>\n<meta property=\"og:url\" content=\"https:\/\/babylove.se\/no\/produkt\/moi-mili-vimpel-i-floyel-lov-autumn-stories\/\" \/>\n<meta property=\"og:site_name\" content=\"Babylove Norska\" \/>\n<meta property=\"article:modified_time\" content=\"2026-04-08T10:54:38+00:00\" \/>\n<meta property=\"og:image\" content=\"https:\/\/babylove.se\/no\/wp-content\/uploads\/sites\/3\/2025\/07\/61f93145c1724.jpeg\" \/>\n\t<meta property=\"og:image:width\" content=\"460\" \/>\n\t<meta property=\"og:image:height\" content=\"460\" \/>\n\t<meta property=\"og:image:type\" content=\"image\/jpeg\" \/>\n<meta name=\"twitter:card\" content=\"summary_large_image\" \/>\n<meta name=\"twitter:label1\" content=\"Price\" \/>\n\t<meta name=\"twitter:data1\" content=\"599,00&nbsp;&#107;&#114;\" \/>\n\t<meta name=\"twitter:label2\" content=\"Availability\" \/>\n\t<meta name=\"twitter:data2\" content=\"In stock\" \/>\n<script type=\"application\/ld+json\" class=\"yoast-schema-graph\">{\"@context\":\"https:\/\/schema.org\",\"@graph\":[{\"@type\":\"WebPage\",\"@id\":\"https:\/\/babylove.se\/no\/produkt\/moi-mili-vimpel-i-floyel-lov-autumn-stories\/\",\"url\":\"https:\/\/babylove.se\/no\/produkt\/moi-mili-vimpel-i-floyel-lov-autumn-stories\/\",\"name\":\"Moi Mili, vimpel i fl\u00f8yel l\u00f8v, Autumn stories - Babylove Norska\",\"isPartOf\":{\"@id\":\"https:\/\/babylove.se\/no\/#website\"},\"primaryImageOfPage\":{\"@id\":\"https:\/\/babylove.se\/no\/produkt\/moi-mili-vimpel-i-floyel-lov-autumn-stories\/#primaryimage\"},\"image\":{\"@id\":\"https:\/\/babylove.se\/no\/produkt\/moi-mili-vimpel-i-floyel-lov-autumn-stories\/#primaryimage\"},\"thumbnailUrl\":\"https:\/\/babylove.se\/no\/wp-content\/uploads\/sites\/3\/2025\/07\/61f93145c1724.jpeg\",\"datePublished\":\"2025-07-18T23:24:52+00:00\",\"dateModified\":\"2026-04-08T10:54:38+00:00\",\"breadcrumb\":{\"@id\":\"https:\/\/babylove.se\/no\/produkt\/moi-mili-vimpel-i-floyel-lov-autumn-stories\/#breadcrumb\"},\"inLanguage\":\"nb-NO\",\"potentialAction\":[{\"@type\":\"ReadAction\",\"target\":[\"https:\/\/babylove.se\/no\/produkt\/moi-mili-vimpel-i-floyel-lov-autumn-stories\/\"]}]},{\"@type\":\"ImageObject\",\"inLanguage\":\"nb-NO\",\"@id\":\"https:\/\/babylove.se\/no\/produkt\/moi-mili-vimpel-i-floyel-lov-autumn-stories\/#primaryimage\",\"url\":\"https:\/\/babylove.se\/no\/wp-content\/uploads\/sites\/3\/2025\/07\/61f93145c1724.jpeg\",\"contentUrl\":\"https:\/\/babylove.se\/no\/wp-content\/uploads\/sites\/3\/2025\/07\/61f93145c1724.jpeg\",\"width\":460,\"height\":460},{\"@type\":\"BreadcrumbList\",\"@id\":\"https:\/\/babylove.se\/no\/produkt\/moi-mili-vimpel-i-floyel-lov-autumn-stories\/#breadcrumb\",\"itemListElement\":[{\"@type\":\"ListItem\",\"position\":1,\"name\":\"Hem\",\"item\":\"https:\/\/babylove.se\/no\/\"},{\"@type\":\"ListItem\",\"position\":2,\"name\":\"Butik\",\"item\":\"https:\/\/babylove.se\/no\/butik\/\"},{\"@type\":\"ListItem\",\"position\":3,\"name\":\"Moi Mili, vimpel i fl\u00f8yel l\u00f8v, Autumn stories\"}]},{\"@type\":\"WebSite\",\"@id\":\"https:\/\/babylove.se\/no\/#website\",\"url\":\"https:\/\/babylove.se\/no\/\",\"name\":\"Babylove Norska\",\"description\":\"\",\"potentialAction\":[{\"@type\":\"SearchAction\",\"target\":{\"@type\":\"EntryPoint\",\"urlTemplate\":\"https:\/\/babylove.se\/no\/?s={search_term_string}\"},\"query-input\":{\"@type\":\"PropertyValueSpecification\",\"valueRequired\":true,\"valueName\":\"search_term_string\"}}],\"inLanguage\":\"nb-NO\"}]}<\/script>\n<meta property=\"product:brand\" content=\"Moi Mili\" \/>\n<meta property=\"product:price:amount\" content=\"599.00\" \/>\n<meta property=\"product:price:currency\" content=\"SEK\" \/>\n<meta property=\"og:availability\" content=\"instock\" \/>\n<meta property=\"product:availability\" content=\"instock\" \/>\n<meta property=\"product:retailer_item_id\" content=\"VGL-AS\" \/>\n<meta property=\"product:condition\" content=\"new\" \/>\n<!-- \/ Yoast SEO Premium plugin. -->","yoast_head_json":{"title":"Moi Mili, vimpel i fl\u00f8yel l\u00f8v, Autumn stories - Babylove Norska","robots":{"index":"noindex","follow":"follow","max-snippet":"max-snippet:-1","max-image-preview":"max-image-preview:large","max-video-preview":"max-video-preview:-1"},"og_locale":"nb_NO","og_type":"article","og_title":"Moi Mili, vimpel i fl\u00f8yel l\u00f8v, Autumn stories","og_description":"Superfin vimpel i form av nydelige h\u00f8stl\u00f8v fra popul\u00e6re Moi Mili! &nbsp;Denne vakre vimpelslyngen med bed\u00e5rende stoffvimpler er den perfekte detaljen for barneromminnredningen din.&nbsp; Vimpelen inneholder totalt 7 stykker vimpler av myk fl\u00f8yel og er mer enn 3 meter lang. Denne vimpelen passer i barnerommet, eller ute i lekestuen. Materiale: 95% polyester, 5% elastan. M\u00e5l: [&hellip;]","og_url":"https:\/\/babylove.se\/no\/produkt\/moi-mili-vimpel-i-floyel-lov-autumn-stories\/","og_site_name":"Babylove Norska","article_modified_time":"2026-04-08T10:54:38+00:00","og_image":[{"width":460,"height":460,"url":"https:\/\/babylove.se\/no\/wp-content\/uploads\/sites\/3\/2025\/07\/61f93145c1724.jpeg","type":"image\/jpeg"}],"twitter_card":"summary_large_image","twitter_misc":{"Price":"599,00&nbsp;&#107;&#114;","Availability":"In stock"},"schema":{"@context":"https:\/\/schema.org","@graph":[{"@type":"WebPage","@id":"https:\/\/babylove.se\/no\/produkt\/moi-mili-vimpel-i-floyel-lov-autumn-stories\/","url":"https:\/\/babylove.se\/no\/produkt\/moi-mili-vimpel-i-floyel-lov-autumn-stories\/","name":"Moi Mili, vimpel i fl\u00f8yel l\u00f8v, Autumn stories - Babylove Norska","isPartOf":{"@id":"https:\/\/babylove.se\/no\/#website"},"primaryImageOfPage":{"@id":"https:\/\/babylove.se\/no\/produkt\/moi-mili-vimpel-i-floyel-lov-autumn-stories\/#primaryimage"},"image":{"@id":"https:\/\/babylove.se\/no\/produkt\/moi-mili-vimpel-i-floyel-lov-autumn-stories\/#primaryimage"},"thumbnailUrl":"https:\/\/babylove.se\/no\/wp-content\/uploads\/sites\/3\/2025\/07\/61f93145c1724.jpeg","datePublished":"2025-07-18T23:24:52+00:00","dateModified":"2026-04-08T10:54:38+00:00","breadcrumb":{"@id":"https:\/\/babylove.se\/no\/produkt\/moi-mili-vimpel-i-floyel-lov-autumn-stories\/#breadcrumb"},"inLanguage":"nb-NO","potentialAction":[{"@type":"ReadAction","target":["https:\/\/babylove.se\/no\/produkt\/moi-mili-vimpel-i-floyel-lov-autumn-stories\/"]}]},{"@type":"ImageObject","inLanguage":"nb-NO","@id":"https:\/\/babylove.se\/no\/produkt\/moi-mili-vimpel-i-floyel-lov-autumn-stories\/#primaryimage","url":"https:\/\/babylove.se\/no\/wp-content\/uploads\/sites\/3\/2025\/07\/61f93145c1724.jpeg","contentUrl":"https:\/\/babylove.se\/no\/wp-content\/uploads\/sites\/3\/2025\/07\/61f93145c1724.jpeg","width":460,"height":460},{"@type":"BreadcrumbList","@id":"https:\/\/babylove.se\/no\/produkt\/moi-mili-vimpel-i-floyel-lov-autumn-stories\/#breadcrumb","itemListElement":[{"@type":"ListItem","position":1,"name":"Hem","item":"https:\/\/babylove.se\/no\/"},{"@type":"ListItem","position":2,"name":"Butik","item":"https:\/\/babylove.se\/no\/butik\/"},{"@type":"ListItem","position":3,"name":"Moi Mili, vimpel i fl\u00f8yel l\u00f8v, Autumn stories"}]},{"@type":"WebSite","@id":"https:\/\/babylove.se\/no\/#website","url":"https:\/\/babylove.se\/no\/","name":"Babylove Norska","description":"","potentialAction":[{"@type":"SearchAction","target":{"@type":"EntryPoint","urlTemplate":"https:\/\/babylove.se\/no\/?s={search_term_string}"},"query-input":{"@type":"PropertyValueSpecification","valueRequired":true,"valueName":"search_term_string"}}],"inLanguage":"nb-NO"}]},"product_brand":"Moi Mili","product_price_amount":"599.00","product_price_currency":"SEK","og_availability":"instock","product_availability":"instock","product_retailer_item_id":"VGL-AS","product_condition":"new"},"_links":{"self":[{"href":"https:\/\/babylove.se\/no\/wp-json\/wp\/v2\/product\/31653","targetHints":{"allow":["GET"]}}],"collection":[{"href":"https:\/\/babylove.se\/no\/wp-json\/wp\/v2\/product"}],"about":[{"href":"https:\/\/babylove.se\/no\/wp-json\/wp\/v2\/types\/product"}],"replies":[{"embeddable":true,"href":"https:\/\/babylove.se\/no\/wp-json\/wp\/v2\/comments?post=31653"}],"wp:featuredmedia":[{"embeddable":true,"href":"https:\/\/babylove.se\/no\/wp-json\/wp\/v2\/media\/31655"}],"wp:attachment":[{"href":"https:\/\/babylove.se\/no\/wp-json\/wp\/v2\/media?parent=31653"}],"wp:term":[{"taxonomy":"product_brand","embeddable":true,"href":"https:\/\/babylove.se\/no\/wp-json\/wp\/v2\/product_brand?post=31653"},{"taxonomy":"product_cat","embeddable":true,"href":"https:\/\/babylove.se\/no\/wp-json\/wp\/v2\/product_cat?post=31653"},{"taxonomy":"product_tag","embeddable":true,"href":"https:\/\/babylove.se\/no\/wp-json\/wp\/v2\/product_tag?post=31653"}],"curies":[{"name":"wp","href":"https:\/\/api.w.org\/{rel}","templated":true}]}}