{"id":31701,"date":"2025-07-19T00:25:29","date_gmt":"2025-07-18T23:25:29","guid":{"rendered":"https:\/\/babylove.se\/produkt\/gra-juniorsang-eric\/"},"modified":"2026-04-08T11:55:00","modified_gmt":"2026-04-08T10:55:00","slug":"gra-juniorsang-eric","status":"publish","type":"product","link":"https:\/\/babylove.se\/no\/produkt\/gra-juniorsang-eric\/","title":{"rendered":"Gr\u00e5 barneseng Eric med madras"},"content":{"rendered":"<p>En fantastisk seng til barnerommet med design av et hvelv eller hvorfor ikke en vakker eventybro? Uansett hva du og ditt barn ser, s\u00e5 er dette en seng som kommer til \u00e5 passe i alle typer barnerom, og som kommer til \u00e5 bli elsket av hele familien. Trygg \u00e5 sove i, og morsom \u00e5 bruke som en dagseng og ditt barn klatrer enkelt inn og ut ved fotenden. <\/p>\n<ul>\n<li>Ribbbunn inng\u00e5r<\/li>\n<li>Tilpasset madrass inng\u00e5r<\/li>\n<li>Sengen leveres umontert men er enkel \u00e5 sette sammen.<\/li>\n<li>Sertifisert kryssfiner og MDF som oppfyller alle sikkerhetskrav<\/li>\n<li>Maks belastning : 150 kg<\/li>\n<\/ul>\n<p>M\u00e5l: Sengen finnes i to st\u00f8rrelser <\/p>\n<ul>\n<li>Sengm\u00e5l 80&#215;160 cm &#8211; H\u00f8yde 50 cm , Lengde 165 cm , Bredde: 91 cm<\/li>\n<li>Sengm\u00e5l 70&#215;140 cm &#8211; H\u00f8yde 47 cm , Lengde 145 cm , Bredde: 81 cm<\/li>\n<\/ul>\n<p><em>Obs!<\/em> <em>Sengen leveres umontert og b\u00f8r settes sammen i rommet den skal brukes i.<\/em><\/p>\n","protected":false},"excerpt":{"rendered":"<p>En fantastisk seng til barnerommet med design av et hvelv eller hvorfor ikke en vakker eventybro? Uansett hva du og ditt barn ser, s\u00e5 er dette en seng som kommer til \u00e5 passe i alle typer barnerom, og som kommer til \u00e5 bli elsket av hele familien. Trygg \u00e5 sove i, og morsom \u00e5 bruke [&hellip;]<\/p>\n","protected":false},"featured_media":31703,"comment_status":"open","ping_status":"closed","template":"","meta":{"_acf_changed":false},"product_brand":[],"product_cat":[84,269,40],"product_tag":[],"class_list":{"0":"post-31701","1":"product","2":"type-product","3":"status-publish","4":"has-post-thumbnail","6":"product_cat-babylove","7":"product_cat-juniorsenger","8":"product_cat-soverom-barn","9":"pa_storlek-70x140-cm","10":"pa_storlek-80x160-cm","12":"first","13":"outofstock","14":"taxable","15":"shipping-taxable","16":"purchasable","17":"product-type-variable"},"acf":[],"yoast_head":"<!-- This site is optimized with the Yoast SEO Premium plugin v25.8 (Yoast SEO v27.2) - https:\/\/yoast.com\/product\/yoast-seo-premium-wordpress\/ -->\n<title>Gr\u00e5 barneseng Eric med madras - Babylove Norska<\/title>\n<meta name=\"robots\" content=\"noindex, follow, max-snippet:-1, max-image-preview:large, max-video-preview:-1\" \/>\n<meta property=\"og:locale\" content=\"nb_NO\" \/>\n<meta property=\"og:type\" content=\"article\" \/>\n<meta property=\"og:title\" content=\"Gr\u00e5 barneseng Eric med madras\" \/>\n<meta property=\"og:description\" content=\"En fantastisk seng til barnerommet med design av et hvelv eller hvorfor ikke en vakker eventybro? Uansett hva du og ditt barn ser, s\u00e5 er dette en seng som kommer til \u00e5 passe i alle typer barnerom, og som kommer til \u00e5 bli elsket av hele familien. Trygg \u00e5 sove i, og morsom \u00e5 bruke [&hellip;]\" \/>\n<meta property=\"og:url\" content=\"https:\/\/babylove.se\/no\/produkt\/gra-juniorsang-eric\/\" \/>\n<meta property=\"og:site_name\" content=\"Babylove Norska\" \/>\n<meta property=\"article:modified_time\" content=\"2026-04-08T10:55:00+00:00\" \/>\n<meta property=\"og:image\" content=\"https:\/\/babylove.se\/no\/wp-content\/uploads\/sites\/3\/2025\/07\/6220c58fa2614.jpeg\" \/>\n\t<meta property=\"og:image:width\" content=\"800\" \/>\n\t<meta property=\"og:image:height\" content=\"800\" \/>\n\t<meta property=\"og:image:type\" content=\"image\/jpeg\" \/>\n<meta name=\"twitter:card\" content=\"summary_large_image\" \/>\n<meta name=\"twitter:label1\" content=\"Availability\" \/>\n\t<meta name=\"twitter:data1\" content=\"Out of stock\" \/>\n<script type=\"application\/ld+json\" class=\"yoast-schema-graph\">{\"@context\":\"https:\/\/schema.org\",\"@graph\":[{\"@type\":\"WebPage\",\"@id\":\"https:\/\/babylove.se\/no\/produkt\/gra-juniorsang-eric\/\",\"url\":\"https:\/\/babylove.se\/no\/produkt\/gra-juniorsang-eric\/\",\"name\":\"Gr\u00e5 barneseng Eric med madras - Babylove Norska\",\"isPartOf\":{\"@id\":\"https:\/\/babylove.se\/no\/#website\"},\"primaryImageOfPage\":{\"@id\":\"https:\/\/babylove.se\/no\/produkt\/gra-juniorsang-eric\/#primaryimage\"},\"image\":{\"@id\":\"https:\/\/babylove.se\/no\/produkt\/gra-juniorsang-eric\/#primaryimage\"},\"thumbnailUrl\":\"https:\/\/babylove.se\/no\/wp-content\/uploads\/sites\/3\/2025\/07\/6220c58fa2614.jpeg\",\"datePublished\":\"2025-07-18T23:25:29+00:00\",\"dateModified\":\"2026-04-08T10:55:00+00:00\",\"breadcrumb\":{\"@id\":\"https:\/\/babylove.se\/no\/produkt\/gra-juniorsang-eric\/#breadcrumb\"},\"inLanguage\":\"nb-NO\",\"potentialAction\":[{\"@type\":\"ReadAction\",\"target\":[\"https:\/\/babylove.se\/no\/produkt\/gra-juniorsang-eric\/\"]}]},{\"@type\":\"ImageObject\",\"inLanguage\":\"nb-NO\",\"@id\":\"https:\/\/babylove.se\/no\/produkt\/gra-juniorsang-eric\/#primaryimage\",\"url\":\"https:\/\/babylove.se\/no\/wp-content\/uploads\/sites\/3\/2025\/07\/6220c58fa2614.jpeg\",\"contentUrl\":\"https:\/\/babylove.se\/no\/wp-content\/uploads\/sites\/3\/2025\/07\/6220c58fa2614.jpeg\",\"width\":800,\"height\":800},{\"@type\":\"BreadcrumbList\",\"@id\":\"https:\/\/babylove.se\/no\/produkt\/gra-juniorsang-eric\/#breadcrumb\",\"itemListElement\":[{\"@type\":\"ListItem\",\"position\":1,\"name\":\"Hem\",\"item\":\"https:\/\/babylove.se\/no\/\"},{\"@type\":\"ListItem\",\"position\":2,\"name\":\"Butik\",\"item\":\"https:\/\/babylove.se\/no\/butik\/\"},{\"@type\":\"ListItem\",\"position\":3,\"name\":\"Gr\u00e5 barneseng Eric med madras\"}]},{\"@type\":\"WebSite\",\"@id\":\"https:\/\/babylove.se\/no\/#website\",\"url\":\"https:\/\/babylove.se\/no\/\",\"name\":\"Babylove Norska\",\"description\":\"\",\"potentialAction\":[{\"@type\":\"SearchAction\",\"target\":{\"@type\":\"EntryPoint\",\"urlTemplate\":\"https:\/\/babylove.se\/no\/?s={search_term_string}\"},\"query-input\":{\"@type\":\"PropertyValueSpecification\",\"valueRequired\":true,\"valueName\":\"search_term_string\"}}],\"inLanguage\":\"nb-NO\"}]}<\/script>\n<meta property=\"og:availability\" content=\"out of stock\" \/>\n<meta property=\"product:availability\" content=\"out of stock\" \/>\n<meta property=\"product:retailer_item_id\" content=\"Gra-eric\" \/>\n<meta property=\"product:condition\" content=\"new\" \/>\n<!-- \/ Yoast SEO Premium plugin. -->","yoast_head_json":{"title":"Gr\u00e5 barneseng Eric med madras - Babylove Norska","robots":{"index":"noindex","follow":"follow","max-snippet":"max-snippet:-1","max-image-preview":"max-image-preview:large","max-video-preview":"max-video-preview:-1"},"og_locale":"nb_NO","og_type":"article","og_title":"Gr\u00e5 barneseng Eric med madras","og_description":"En fantastisk seng til barnerommet med design av et hvelv eller hvorfor ikke en vakker eventybro? Uansett hva du og ditt barn ser, s\u00e5 er dette en seng som kommer til \u00e5 passe i alle typer barnerom, og som kommer til \u00e5 bli elsket av hele familien. Trygg \u00e5 sove i, og morsom \u00e5 bruke [&hellip;]","og_url":"https:\/\/babylove.se\/no\/produkt\/gra-juniorsang-eric\/","og_site_name":"Babylove Norska","article_modified_time":"2026-04-08T10:55:00+00:00","og_image":[{"width":800,"height":800,"url":"https:\/\/babylove.se\/no\/wp-content\/uploads\/sites\/3\/2025\/07\/6220c58fa2614.jpeg","type":"image\/jpeg"}],"twitter_card":"summary_large_image","twitter_misc":{"Availability":"Out of stock"},"schema":{"@context":"https:\/\/schema.org","@graph":[{"@type":"WebPage","@id":"https:\/\/babylove.se\/no\/produkt\/gra-juniorsang-eric\/","url":"https:\/\/babylove.se\/no\/produkt\/gra-juniorsang-eric\/","name":"Gr\u00e5 barneseng Eric med madras - Babylove Norska","isPartOf":{"@id":"https:\/\/babylove.se\/no\/#website"},"primaryImageOfPage":{"@id":"https:\/\/babylove.se\/no\/produkt\/gra-juniorsang-eric\/#primaryimage"},"image":{"@id":"https:\/\/babylove.se\/no\/produkt\/gra-juniorsang-eric\/#primaryimage"},"thumbnailUrl":"https:\/\/babylove.se\/no\/wp-content\/uploads\/sites\/3\/2025\/07\/6220c58fa2614.jpeg","datePublished":"2025-07-18T23:25:29+00:00","dateModified":"2026-04-08T10:55:00+00:00","breadcrumb":{"@id":"https:\/\/babylove.se\/no\/produkt\/gra-juniorsang-eric\/#breadcrumb"},"inLanguage":"nb-NO","potentialAction":[{"@type":"ReadAction","target":["https:\/\/babylove.se\/no\/produkt\/gra-juniorsang-eric\/"]}]},{"@type":"ImageObject","inLanguage":"nb-NO","@id":"https:\/\/babylove.se\/no\/produkt\/gra-juniorsang-eric\/#primaryimage","url":"https:\/\/babylove.se\/no\/wp-content\/uploads\/sites\/3\/2025\/07\/6220c58fa2614.jpeg","contentUrl":"https:\/\/babylove.se\/no\/wp-content\/uploads\/sites\/3\/2025\/07\/6220c58fa2614.jpeg","width":800,"height":800},{"@type":"BreadcrumbList","@id":"https:\/\/babylove.se\/no\/produkt\/gra-juniorsang-eric\/#breadcrumb","itemListElement":[{"@type":"ListItem","position":1,"name":"Hem","item":"https:\/\/babylove.se\/no\/"},{"@type":"ListItem","position":2,"name":"Butik","item":"https:\/\/babylove.se\/no\/butik\/"},{"@type":"ListItem","position":3,"name":"Gr\u00e5 barneseng Eric med madras"}]},{"@type":"WebSite","@id":"https:\/\/babylove.se\/no\/#website","url":"https:\/\/babylove.se\/no\/","name":"Babylove Norska","description":"","potentialAction":[{"@type":"SearchAction","target":{"@type":"EntryPoint","urlTemplate":"https:\/\/babylove.se\/no\/?s={search_term_string}"},"query-input":{"@type":"PropertyValueSpecification","valueRequired":true,"valueName":"search_term_string"}}],"inLanguage":"nb-NO"}]},"og_availability":"out of stock","product_availability":"out of stock","product_retailer_item_id":"Gra-eric","product_condition":"new"},"_links":{"self":[{"href":"https:\/\/babylove.se\/no\/wp-json\/wp\/v2\/product\/31701","targetHints":{"allow":["GET"]}}],"collection":[{"href":"https:\/\/babylove.se\/no\/wp-json\/wp\/v2\/product"}],"about":[{"href":"https:\/\/babylove.se\/no\/wp-json\/wp\/v2\/types\/product"}],"replies":[{"embeddable":true,"href":"https:\/\/babylove.se\/no\/wp-json\/wp\/v2\/comments?post=31701"}],"wp:featuredmedia":[{"embeddable":true,"href":"https:\/\/babylove.se\/no\/wp-json\/wp\/v2\/media\/31703"}],"wp:attachment":[{"href":"https:\/\/babylove.se\/no\/wp-json\/wp\/v2\/media?parent=31701"}],"wp:term":[{"taxonomy":"product_brand","embeddable":true,"href":"https:\/\/babylove.se\/no\/wp-json\/wp\/v2\/product_brand?post=31701"},{"taxonomy":"product_cat","embeddable":true,"href":"https:\/\/babylove.se\/no\/wp-json\/wp\/v2\/product_cat?post=31701"},{"taxonomy":"product_tag","embeddable":true,"href":"https:\/\/babylove.se\/no\/wp-json\/wp\/v2\/product_tag?post=31701"}],"curies":[{"name":"wp","href":"https:\/\/api.w.org\/{rel}","templated":true}]}}