{"id":31712,"date":"2025-07-19T00:25:29","date_gmt":"2025-07-18T23:25:29","guid":{"rendered":"https:\/\/babylove.se\/produkt\/skummadrass-80x160-cm\/"},"modified":"2026-04-08T11:55:06","modified_gmt":"2026-04-08T10:55:06","slug":"skummadrass-80x160-cm","status":"publish","type":"product","link":"https:\/\/babylove.se\/no\/produkt\/skummadrass-80x160-cm\/","title":{"rendered":"\u00d8ko-skummadrass 80&#215;160 cm, Babylove"},"content":{"rendered":"<p>En meget komfortabel og deilig skummadrass som passer perfekt til din husseng eller barneseng<\/p>\n<p>Det &nbsp;spiller ingen rolle hvilken side du har oppover, madrassen er like bra &nbsp;uansett. Til den f\u00f8lger et deilig og avtagbart overtrekk som gj\u00f8r at du &nbsp;alltid kan vaske (i maks 40 grader uten t\u00f8rketromling) og holde den ren og frisk. Overtrekket er &nbsp;laget av en deilig blanding av bomull og polyester.<\/p>\n<p>Madrassen er semi-myk, laget for \u00e5 passe barn og la dem sove mykt hele natten. Den lages av 100 % OEKO-tex sertifisert stoff og fyllet er antiallergisk og giftfritt. &nbsp;<\/p>\n<p><strong>M\u00e5l:<\/strong><\/p>\n<ul>\n<li>tykkelse 9-10 cm<\/li>\n<li>bredde 80 cm<\/li>\n<li>lengde 160 cm<\/li>\n<\/ul>\n<p>Fyll: polyuretanskum, OEKO-tex sertifisert, laget i EU<\/p>\n<p><em>Obs! Det kan forekomme fargevariasjoner p\u00e5 skuminnsatsen som skyldes at naturbaserte ingredienser kan variere i farge.<\/em><\/p>\n","protected":false},"excerpt":{"rendered":"<p>En meget komfortabel og deilig skummadrass som passer perfekt til din husseng eller barneseng Det &nbsp;spiller ingen rolle hvilken side du har oppover, madrassen er like bra &nbsp;uansett. Til den f\u00f8lger et deilig og avtagbart overtrekk som gj\u00f8r at du &nbsp;alltid kan vaske (i maks 40 grader uten t\u00f8rketromling) og holde den ren og frisk. [&hellip;]<\/p>\n","protected":false},"featured_media":31714,"comment_status":"closed","ping_status":"open","template":"","meta":{"_acf_changed":false},"product_brand":[22],"product_cat":[627,377],"product_tag":[],"class_list":{"0":"post-31712","1":"product","2":"type-product","3":"status-publish","4":"has-post-thumbnail","6":"product_brand-babylove","7":"product_cat-babylove-tekstiler","8":"product_cat-barnmadrasser","10":"first","11":"instock","12":"taxable","13":"shipping-taxable","14":"purchasable","15":"product-type-simple"},"acf":[],"yoast_head":"<!-- This site is optimized with the Yoast SEO Premium plugin v25.8 (Yoast SEO v27.2) - https:\/\/yoast.com\/product\/yoast-seo-premium-wordpress\/ -->\n<title>\u00d8ko-skummadrass 80x160 cm, Babylove - Babylove Norska<\/title>\n<meta name=\"robots\" content=\"noindex, follow, max-snippet:-1, max-image-preview:large, max-video-preview:-1\" \/>\n<meta property=\"og:locale\" content=\"nb_NO\" \/>\n<meta property=\"og:type\" content=\"article\" \/>\n<meta property=\"og:title\" content=\"\u00d8ko-skummadrass 80x160 cm, Babylove\" \/>\n<meta property=\"og:description\" content=\"En meget komfortabel og deilig skummadrass som passer perfekt til din husseng eller barneseng Det &nbsp;spiller ingen rolle hvilken side du har oppover, madrassen er like bra &nbsp;uansett. Til den f\u00f8lger et deilig og avtagbart overtrekk som gj\u00f8r at du &nbsp;alltid kan vaske (i maks 40 grader uten t\u00f8rketromling) og holde den ren og frisk. [&hellip;]\" \/>\n<meta property=\"og:url\" content=\"https:\/\/babylove.se\/no\/produkt\/skummadrass-80x160-cm\/\" \/>\n<meta property=\"og:site_name\" content=\"Babylove Norska\" \/>\n<meta property=\"article:modified_time\" content=\"2026-04-08T10:55:06+00:00\" \/>\n<meta property=\"og:image\" content=\"https:\/\/babylove.se\/no\/wp-content\/uploads\/sites\/3\/2025\/07\/6721defe846f6.png\" \/>\n\t<meta property=\"og:image:width\" content=\"1080\" \/>\n\t<meta property=\"og:image:height\" content=\"1080\" \/>\n\t<meta property=\"og:image:type\" content=\"image\/png\" \/>\n<meta name=\"twitter:card\" content=\"summary_large_image\" \/>\n<meta name=\"twitter:label1\" content=\"Price\" \/>\n\t<meta name=\"twitter:data1\" content=\"899,00&nbsp;&#107;&#114;\" \/>\n\t<meta name=\"twitter:label2\" content=\"Availability\" \/>\n\t<meta name=\"twitter:data2\" content=\"In stock\" \/>\n<script type=\"application\/ld+json\" class=\"yoast-schema-graph\">{\"@context\":\"https:\/\/schema.org\",\"@graph\":[{\"@type\":\"WebPage\",\"@id\":\"https:\/\/babylove.se\/no\/produkt\/skummadrass-80x160-cm\/\",\"url\":\"https:\/\/babylove.se\/no\/produkt\/skummadrass-80x160-cm\/\",\"name\":\"\u00d8ko-skummadrass 80x160 cm, Babylove - Babylove Norska\",\"isPartOf\":{\"@id\":\"https:\/\/babylove.se\/no\/#website\"},\"primaryImageOfPage\":{\"@id\":\"https:\/\/babylove.se\/no\/produkt\/skummadrass-80x160-cm\/#primaryimage\"},\"image\":{\"@id\":\"https:\/\/babylove.se\/no\/produkt\/skummadrass-80x160-cm\/#primaryimage\"},\"thumbnailUrl\":\"https:\/\/babylove.se\/no\/wp-content\/uploads\/sites\/3\/2025\/07\/6721defe846f6.png\",\"datePublished\":\"2025-07-18T23:25:29+00:00\",\"dateModified\":\"2026-04-08T10:55:06+00:00\",\"breadcrumb\":{\"@id\":\"https:\/\/babylove.se\/no\/produkt\/skummadrass-80x160-cm\/#breadcrumb\"},\"inLanguage\":\"nb-NO\",\"potentialAction\":[{\"@type\":\"ReadAction\",\"target\":[\"https:\/\/babylove.se\/no\/produkt\/skummadrass-80x160-cm\/\"]}]},{\"@type\":\"ImageObject\",\"inLanguage\":\"nb-NO\",\"@id\":\"https:\/\/babylove.se\/no\/produkt\/skummadrass-80x160-cm\/#primaryimage\",\"url\":\"https:\/\/babylove.se\/no\/wp-content\/uploads\/sites\/3\/2025\/07\/6721defe846f6.png\",\"contentUrl\":\"https:\/\/babylove.se\/no\/wp-content\/uploads\/sites\/3\/2025\/07\/6721defe846f6.png\",\"width\":1080,\"height\":1080},{\"@type\":\"BreadcrumbList\",\"@id\":\"https:\/\/babylove.se\/no\/produkt\/skummadrass-80x160-cm\/#breadcrumb\",\"itemListElement\":[{\"@type\":\"ListItem\",\"position\":1,\"name\":\"Hem\",\"item\":\"https:\/\/babylove.se\/no\/\"},{\"@type\":\"ListItem\",\"position\":2,\"name\":\"Butik\",\"item\":\"https:\/\/babylove.se\/no\/butik\/\"},{\"@type\":\"ListItem\",\"position\":3,\"name\":\"\u00d8ko-skummadrass 80&#215;160 cm, Babylove\"}]},{\"@type\":\"WebSite\",\"@id\":\"https:\/\/babylove.se\/no\/#website\",\"url\":\"https:\/\/babylove.se\/no\/\",\"name\":\"Babylove Norska\",\"description\":\"\",\"potentialAction\":[{\"@type\":\"SearchAction\",\"target\":{\"@type\":\"EntryPoint\",\"urlTemplate\":\"https:\/\/babylove.se\/no\/?s={search_term_string}\"},\"query-input\":{\"@type\":\"PropertyValueSpecification\",\"valueRequired\":true,\"valueName\":\"search_term_string\"}}],\"inLanguage\":\"nb-NO\"}]}<\/script>\n<meta property=\"product:brand\" content=\"Babylove\" \/>\n<meta property=\"product:price:amount\" content=\"899.00\" \/>\n<meta property=\"product:price:currency\" content=\"SEK\" \/>\n<meta property=\"og:availability\" content=\"instock\" \/>\n<meta property=\"product:availability\" content=\"instock\" \/>\n<meta property=\"product:retailer_item_id\" content=\"BB00009990\" \/>\n<meta property=\"product:condition\" content=\"new\" \/>\n<!-- \/ Yoast SEO Premium plugin. -->","yoast_head_json":{"title":"\u00d8ko-skummadrass 80x160 cm, Babylove - Babylove Norska","robots":{"index":"noindex","follow":"follow","max-snippet":"max-snippet:-1","max-image-preview":"max-image-preview:large","max-video-preview":"max-video-preview:-1"},"og_locale":"nb_NO","og_type":"article","og_title":"\u00d8ko-skummadrass 80x160 cm, Babylove","og_description":"En meget komfortabel og deilig skummadrass som passer perfekt til din husseng eller barneseng Det &nbsp;spiller ingen rolle hvilken side du har oppover, madrassen er like bra &nbsp;uansett. Til den f\u00f8lger et deilig og avtagbart overtrekk som gj\u00f8r at du &nbsp;alltid kan vaske (i maks 40 grader uten t\u00f8rketromling) og holde den ren og frisk. [&hellip;]","og_url":"https:\/\/babylove.se\/no\/produkt\/skummadrass-80x160-cm\/","og_site_name":"Babylove Norska","article_modified_time":"2026-04-08T10:55:06+00:00","og_image":[{"width":1080,"height":1080,"url":"https:\/\/babylove.se\/no\/wp-content\/uploads\/sites\/3\/2025\/07\/6721defe846f6.png","type":"image\/png"}],"twitter_card":"summary_large_image","twitter_misc":{"Price":"899,00&nbsp;&#107;&#114;","Availability":"In stock"},"schema":{"@context":"https:\/\/schema.org","@graph":[{"@type":"WebPage","@id":"https:\/\/babylove.se\/no\/produkt\/skummadrass-80x160-cm\/","url":"https:\/\/babylove.se\/no\/produkt\/skummadrass-80x160-cm\/","name":"\u00d8ko-skummadrass 80x160 cm, Babylove - Babylove Norska","isPartOf":{"@id":"https:\/\/babylove.se\/no\/#website"},"primaryImageOfPage":{"@id":"https:\/\/babylove.se\/no\/produkt\/skummadrass-80x160-cm\/#primaryimage"},"image":{"@id":"https:\/\/babylove.se\/no\/produkt\/skummadrass-80x160-cm\/#primaryimage"},"thumbnailUrl":"https:\/\/babylove.se\/no\/wp-content\/uploads\/sites\/3\/2025\/07\/6721defe846f6.png","datePublished":"2025-07-18T23:25:29+00:00","dateModified":"2026-04-08T10:55:06+00:00","breadcrumb":{"@id":"https:\/\/babylove.se\/no\/produkt\/skummadrass-80x160-cm\/#breadcrumb"},"inLanguage":"nb-NO","potentialAction":[{"@type":"ReadAction","target":["https:\/\/babylove.se\/no\/produkt\/skummadrass-80x160-cm\/"]}]},{"@type":"ImageObject","inLanguage":"nb-NO","@id":"https:\/\/babylove.se\/no\/produkt\/skummadrass-80x160-cm\/#primaryimage","url":"https:\/\/babylove.se\/no\/wp-content\/uploads\/sites\/3\/2025\/07\/6721defe846f6.png","contentUrl":"https:\/\/babylove.se\/no\/wp-content\/uploads\/sites\/3\/2025\/07\/6721defe846f6.png","width":1080,"height":1080},{"@type":"BreadcrumbList","@id":"https:\/\/babylove.se\/no\/produkt\/skummadrass-80x160-cm\/#breadcrumb","itemListElement":[{"@type":"ListItem","position":1,"name":"Hem","item":"https:\/\/babylove.se\/no\/"},{"@type":"ListItem","position":2,"name":"Butik","item":"https:\/\/babylove.se\/no\/butik\/"},{"@type":"ListItem","position":3,"name":"\u00d8ko-skummadrass 80&#215;160 cm, Babylove"}]},{"@type":"WebSite","@id":"https:\/\/babylove.se\/no\/#website","url":"https:\/\/babylove.se\/no\/","name":"Babylove Norska","description":"","potentialAction":[{"@type":"SearchAction","target":{"@type":"EntryPoint","urlTemplate":"https:\/\/babylove.se\/no\/?s={search_term_string}"},"query-input":{"@type":"PropertyValueSpecification","valueRequired":true,"valueName":"search_term_string"}}],"inLanguage":"nb-NO"}]},"product_brand":"Babylove","product_price_amount":"899.00","product_price_currency":"SEK","og_availability":"instock","product_availability":"instock","product_retailer_item_id":"BB00009990","product_condition":"new"},"_links":{"self":[{"href":"https:\/\/babylove.se\/no\/wp-json\/wp\/v2\/product\/31712","targetHints":{"allow":["GET"]}}],"collection":[{"href":"https:\/\/babylove.se\/no\/wp-json\/wp\/v2\/product"}],"about":[{"href":"https:\/\/babylove.se\/no\/wp-json\/wp\/v2\/types\/product"}],"replies":[{"embeddable":true,"href":"https:\/\/babylove.se\/no\/wp-json\/wp\/v2\/comments?post=31712"}],"wp:featuredmedia":[{"embeddable":true,"href":"https:\/\/babylove.se\/no\/wp-json\/wp\/v2\/media\/31714"}],"wp:attachment":[{"href":"https:\/\/babylove.se\/no\/wp-json\/wp\/v2\/media?parent=31712"}],"wp:term":[{"taxonomy":"product_brand","embeddable":true,"href":"https:\/\/babylove.se\/no\/wp-json\/wp\/v2\/product_brand?post=31712"},{"taxonomy":"product_cat","embeddable":true,"href":"https:\/\/babylove.se\/no\/wp-json\/wp\/v2\/product_cat?post=31712"},{"taxonomy":"product_tag","embeddable":true,"href":"https:\/\/babylove.se\/no\/wp-json\/wp\/v2\/product_tag?post=31712"}],"curies":[{"name":"wp","href":"https:\/\/api.w.org\/{rel}","templated":true}]}}