{"id":3173,"date":"2025-07-18T20:13:47","date_gmt":"2025-07-18T19:13:47","guid":{"rendered":"https:\/\/babylove.se\/produkt\/vit-kudde-velvet-cirkel-cotton-sweets\/"},"modified":"2026-04-08T07:57:44","modified_gmt":"2026-04-08T06:57:44","slug":"hvit-pute-floyel-sirkel-bomull-godteri","status":"publish","type":"product","link":"https:\/\/babylove.se\/no\/produkt\/hvit-pute-floyel-sirkel-bomull-godteri\/","title":{"rendered":"Hvit pute Velvet sirkel, Cotton &#038; Sweets"},"content":{"rendered":"<p>Fantastisk dekorasjonspute av fineste fl\u00f8yelsvelour fra dr\u00f8mmefabrikken Cotton and Sweets. Denne puten vil l\u00f8fte barnerommets innredning til neste niv\u00e5, og kan plasseres stort sett hvor som helst. Den kan ogs\u00e5 brukes i andre rom enn barnerommet, med samme resultat. Er selvsagt utmerket \u00e5 kombinere med andre produkter i samme farger fra Cotton and Sweets.<\/p>\n<p><strong>M\u00e5l<\/strong>: 40 cm i diameter<\/p>\n<p><strong>Materiale<\/strong>: Bomullsvelour<\/p>\n<p>Kan vaskes p\u00e5 30 grader<\/p>\n<p>Designer: <a href=\"https:\/\/babylove.se\/varumarken\/cottonsweets\"><u>Cotton &amp; Sweets<\/u><\/a><\/p>\n","protected":false},"excerpt":{"rendered":"<p>Fantastisk dekorasjonspute av fineste fl\u00f8yelsvelour fra dr\u00f8mmefabrikken Cotton and Sweets. Denne puten vil l\u00f8fte barnerommets innredning til neste niv\u00e5, og kan plasseres stort sett hvor som helst. Den kan ogs\u00e5 brukes i andre rom enn barnerommet, med samme resultat. Er selvsagt utmerket \u00e5 kombinere med andre produkter i samme farger fra Cotton and Sweets. M\u00e5l: [&hellip;]<\/p>\n","protected":false},"featured_media":3175,"comment_status":"closed","ping_status":"open","template":"","meta":{"_acf_changed":false},"product_brand":[143],"product_cat":[144,25,105,40],"product_tag":[1689],"class_list":{"0":"post-3173","1":"product","2":"type-product","3":"status-publish","4":"has-post-thumbnail","6":"product_brand-cotton-sweets","7":"product_cat-cottonsweets","8":"product_cat-ikke-bare-jenter","9":"product_cat-puter","10":"product_cat-soverom-barn","11":"product_tag-bestillingsvaror","13":"first","14":"instock","15":"taxable","16":"shipping-taxable","17":"purchasable","18":"product-type-simple"},"acf":[],"yoast_head":"<!-- This site is optimized with the Yoast SEO Premium plugin v25.8 (Yoast SEO v27.2) - https:\/\/yoast.com\/product\/yoast-seo-premium-wordpress\/ -->\n<title>Hvit pute Velvet sirkel, Cotton &amp; Sweets - Babylove Norska<\/title>\n<meta name=\"robots\" content=\"noindex, follow, max-snippet:-1, max-image-preview:large, max-video-preview:-1\" \/>\n<meta property=\"og:locale\" content=\"nb_NO\" \/>\n<meta property=\"og:type\" content=\"article\" \/>\n<meta property=\"og:title\" content=\"Hvit pute Velvet sirkel, Cotton &amp; Sweets\" \/>\n<meta property=\"og:description\" content=\"Fantastisk dekorasjonspute av fineste fl\u00f8yelsvelour fra dr\u00f8mmefabrikken Cotton and Sweets. Denne puten vil l\u00f8fte barnerommets innredning til neste niv\u00e5, og kan plasseres stort sett hvor som helst. Den kan ogs\u00e5 brukes i andre rom enn barnerommet, med samme resultat. Er selvsagt utmerket \u00e5 kombinere med andre produkter i samme farger fra Cotton and Sweets. M\u00e5l: [&hellip;]\" \/>\n<meta property=\"og:url\" content=\"https:\/\/babylove.se\/no\/produkt\/hvit-pute-floyel-sirkel-bomull-godteri\/\" \/>\n<meta property=\"og:site_name\" content=\"Babylove Norska\" \/>\n<meta property=\"article:modified_time\" content=\"2026-04-08T06:57:44+00:00\" \/>\n<meta property=\"og:image\" content=\"https:\/\/babylove.se\/no\/wp-content\/uploads\/sites\/3\/2025\/07\/5b2179da491d1.jpeg\" \/>\n\t<meta property=\"og:image:width\" content=\"750\" \/>\n\t<meta property=\"og:image:height\" content=\"500\" \/>\n\t<meta property=\"og:image:type\" content=\"image\/jpeg\" \/>\n<meta name=\"twitter:card\" content=\"summary_large_image\" \/>\n<meta name=\"twitter:label1\" content=\"Price\" \/>\n\t<meta name=\"twitter:data1\" content=\"399,00&nbsp;&#107;&#114;\" \/>\n\t<meta name=\"twitter:label2\" content=\"Availability\" \/>\n\t<meta name=\"twitter:data2\" content=\"In stock\" \/>\n<script type=\"application\/ld+json\" class=\"yoast-schema-graph\">{\"@context\":\"https:\/\/schema.org\",\"@graph\":[{\"@type\":\"WebPage\",\"@id\":\"https:\/\/babylove.se\/no\/produkt\/hvit-pute-floyel-sirkel-bomull-godteri\/\",\"url\":\"https:\/\/babylove.se\/no\/produkt\/hvit-pute-floyel-sirkel-bomull-godteri\/\",\"name\":\"Hvit pute Velvet sirkel, Cotton & Sweets - Babylove Norska\",\"isPartOf\":{\"@id\":\"https:\/\/babylove.se\/no\/#website\"},\"primaryImageOfPage\":{\"@id\":\"https:\/\/babylove.se\/no\/produkt\/hvit-pute-floyel-sirkel-bomull-godteri\/#primaryimage\"},\"image\":{\"@id\":\"https:\/\/babylove.se\/no\/produkt\/hvit-pute-floyel-sirkel-bomull-godteri\/#primaryimage\"},\"thumbnailUrl\":\"https:\/\/babylove.se\/no\/wp-content\/uploads\/sites\/3\/2025\/07\/5b2179da491d1.jpeg\",\"datePublished\":\"2025-07-18T19:13:47+00:00\",\"dateModified\":\"2026-04-08T06:57:44+00:00\",\"breadcrumb\":{\"@id\":\"https:\/\/babylove.se\/no\/produkt\/hvit-pute-floyel-sirkel-bomull-godteri\/#breadcrumb\"},\"inLanguage\":\"nb-NO\",\"potentialAction\":[{\"@type\":\"ReadAction\",\"target\":[\"https:\/\/babylove.se\/no\/produkt\/hvit-pute-floyel-sirkel-bomull-godteri\/\"]}]},{\"@type\":\"ImageObject\",\"inLanguage\":\"nb-NO\",\"@id\":\"https:\/\/babylove.se\/no\/produkt\/hvit-pute-floyel-sirkel-bomull-godteri\/#primaryimage\",\"url\":\"https:\/\/babylove.se\/no\/wp-content\/uploads\/sites\/3\/2025\/07\/5b2179da491d1.jpeg\",\"contentUrl\":\"https:\/\/babylove.se\/no\/wp-content\/uploads\/sites\/3\/2025\/07\/5b2179da491d1.jpeg\",\"width\":750,\"height\":500},{\"@type\":\"BreadcrumbList\",\"@id\":\"https:\/\/babylove.se\/no\/produkt\/hvit-pute-floyel-sirkel-bomull-godteri\/#breadcrumb\",\"itemListElement\":[{\"@type\":\"ListItem\",\"position\":1,\"name\":\"Hem\",\"item\":\"https:\/\/babylove.se\/no\/\"},{\"@type\":\"ListItem\",\"position\":2,\"name\":\"Butik\",\"item\":\"https:\/\/babylove.se\/no\/butik\/\"},{\"@type\":\"ListItem\",\"position\":3,\"name\":\"Hvit pute Velvet sirkel, Cotton &#038; Sweets\"}]},{\"@type\":\"WebSite\",\"@id\":\"https:\/\/babylove.se\/no\/#website\",\"url\":\"https:\/\/babylove.se\/no\/\",\"name\":\"Babylove Norska\",\"description\":\"\",\"potentialAction\":[{\"@type\":\"SearchAction\",\"target\":{\"@type\":\"EntryPoint\",\"urlTemplate\":\"https:\/\/babylove.se\/no\/?s={search_term_string}\"},\"query-input\":{\"@type\":\"PropertyValueSpecification\",\"valueRequired\":true,\"valueName\":\"search_term_string\"}}],\"inLanguage\":\"nb-NO\"}]}<\/script>\n<meta property=\"product:brand\" content=\"Cotton &amp; Sweets\" \/>\n<meta property=\"product:price:amount\" content=\"399.00\" \/>\n<meta property=\"product:price:currency\" content=\"SEK\" \/>\n<meta property=\"og:availability\" content=\"instock\" \/>\n<meta property=\"product:availability\" content=\"instock\" \/>\n<meta property=\"product:retailer_item_id\" content=\"1161\" \/>\n<meta property=\"product:condition\" content=\"new\" \/>\n<!-- \/ Yoast SEO Premium plugin. -->","yoast_head_json":{"title":"Hvit pute Velvet sirkel, Cotton & Sweets - Babylove Norska","robots":{"index":"noindex","follow":"follow","max-snippet":"max-snippet:-1","max-image-preview":"max-image-preview:large","max-video-preview":"max-video-preview:-1"},"og_locale":"nb_NO","og_type":"article","og_title":"Hvit pute Velvet sirkel, Cotton & Sweets","og_description":"Fantastisk dekorasjonspute av fineste fl\u00f8yelsvelour fra dr\u00f8mmefabrikken Cotton and Sweets. Denne puten vil l\u00f8fte barnerommets innredning til neste niv\u00e5, og kan plasseres stort sett hvor som helst. Den kan ogs\u00e5 brukes i andre rom enn barnerommet, med samme resultat. Er selvsagt utmerket \u00e5 kombinere med andre produkter i samme farger fra Cotton and Sweets. M\u00e5l: [&hellip;]","og_url":"https:\/\/babylove.se\/no\/produkt\/hvit-pute-floyel-sirkel-bomull-godteri\/","og_site_name":"Babylove Norska","article_modified_time":"2026-04-08T06:57:44+00:00","og_image":[{"width":750,"height":500,"url":"https:\/\/babylove.se\/no\/wp-content\/uploads\/sites\/3\/2025\/07\/5b2179da491d1.jpeg","type":"image\/jpeg"}],"twitter_card":"summary_large_image","twitter_misc":{"Price":"399,00&nbsp;&#107;&#114;","Availability":"In stock"},"schema":{"@context":"https:\/\/schema.org","@graph":[{"@type":"WebPage","@id":"https:\/\/babylove.se\/no\/produkt\/hvit-pute-floyel-sirkel-bomull-godteri\/","url":"https:\/\/babylove.se\/no\/produkt\/hvit-pute-floyel-sirkel-bomull-godteri\/","name":"Hvit pute Velvet sirkel, Cotton & Sweets - Babylove Norska","isPartOf":{"@id":"https:\/\/babylove.se\/no\/#website"},"primaryImageOfPage":{"@id":"https:\/\/babylove.se\/no\/produkt\/hvit-pute-floyel-sirkel-bomull-godteri\/#primaryimage"},"image":{"@id":"https:\/\/babylove.se\/no\/produkt\/hvit-pute-floyel-sirkel-bomull-godteri\/#primaryimage"},"thumbnailUrl":"https:\/\/babylove.se\/no\/wp-content\/uploads\/sites\/3\/2025\/07\/5b2179da491d1.jpeg","datePublished":"2025-07-18T19:13:47+00:00","dateModified":"2026-04-08T06:57:44+00:00","breadcrumb":{"@id":"https:\/\/babylove.se\/no\/produkt\/hvit-pute-floyel-sirkel-bomull-godteri\/#breadcrumb"},"inLanguage":"nb-NO","potentialAction":[{"@type":"ReadAction","target":["https:\/\/babylove.se\/no\/produkt\/hvit-pute-floyel-sirkel-bomull-godteri\/"]}]},{"@type":"ImageObject","inLanguage":"nb-NO","@id":"https:\/\/babylove.se\/no\/produkt\/hvit-pute-floyel-sirkel-bomull-godteri\/#primaryimage","url":"https:\/\/babylove.se\/no\/wp-content\/uploads\/sites\/3\/2025\/07\/5b2179da491d1.jpeg","contentUrl":"https:\/\/babylove.se\/no\/wp-content\/uploads\/sites\/3\/2025\/07\/5b2179da491d1.jpeg","width":750,"height":500},{"@type":"BreadcrumbList","@id":"https:\/\/babylove.se\/no\/produkt\/hvit-pute-floyel-sirkel-bomull-godteri\/#breadcrumb","itemListElement":[{"@type":"ListItem","position":1,"name":"Hem","item":"https:\/\/babylove.se\/no\/"},{"@type":"ListItem","position":2,"name":"Butik","item":"https:\/\/babylove.se\/no\/butik\/"},{"@type":"ListItem","position":3,"name":"Hvit pute Velvet sirkel, Cotton &#038; Sweets"}]},{"@type":"WebSite","@id":"https:\/\/babylove.se\/no\/#website","url":"https:\/\/babylove.se\/no\/","name":"Babylove Norska","description":"","potentialAction":[{"@type":"SearchAction","target":{"@type":"EntryPoint","urlTemplate":"https:\/\/babylove.se\/no\/?s={search_term_string}"},"query-input":{"@type":"PropertyValueSpecification","valueRequired":true,"valueName":"search_term_string"}}],"inLanguage":"nb-NO"}]},"product_brand":"Cotton &amp; Sweets","product_price_amount":"399.00","product_price_currency":"SEK","og_availability":"instock","product_availability":"instock","product_retailer_item_id":"1161","product_condition":"new"},"_links":{"self":[{"href":"https:\/\/babylove.se\/no\/wp-json\/wp\/v2\/product\/3173","targetHints":{"allow":["GET"]}}],"collection":[{"href":"https:\/\/babylove.se\/no\/wp-json\/wp\/v2\/product"}],"about":[{"href":"https:\/\/babylove.se\/no\/wp-json\/wp\/v2\/types\/product"}],"replies":[{"embeddable":true,"href":"https:\/\/babylove.se\/no\/wp-json\/wp\/v2\/comments?post=3173"}],"wp:featuredmedia":[{"embeddable":true,"href":"https:\/\/babylove.se\/no\/wp-json\/wp\/v2\/media\/3175"}],"wp:attachment":[{"href":"https:\/\/babylove.se\/no\/wp-json\/wp\/v2\/media?parent=3173"}],"wp:term":[{"taxonomy":"product_brand","embeddable":true,"href":"https:\/\/babylove.se\/no\/wp-json\/wp\/v2\/product_brand?post=3173"},{"taxonomy":"product_cat","embeddable":true,"href":"https:\/\/babylove.se\/no\/wp-json\/wp\/v2\/product_cat?post=3173"},{"taxonomy":"product_tag","embeddable":true,"href":"https:\/\/babylove.se\/no\/wp-json\/wp\/v2\/product_tag?post=3173"}],"curies":[{"name":"wp","href":"https:\/\/api.w.org\/{rel}","templated":true}]}}