{"id":3178,"date":"2025-07-18T20:13:47","date_gmt":"2025-07-18T19:13:47","guid":{"rendered":"https:\/\/babylove.se\/produkt\/gra-vimpel-cotton-sweets\/"},"modified":"2026-04-08T07:57:48","modified_gmt":"2026-04-08T06:57:48","slug":"gra-vimpel-bomulls-sotsaker","status":"publish","type":"product","link":"https:\/\/babylove.se\/no\/produkt\/gra-vimpel-bomulls-sotsaker\/","title":{"rendered":"Gr\u00e5 Vimpel Cotton &#038; Sweets"},"content":{"rendered":"<p>Denne enkle, men samtidig s\u00e5 fine vimpelen vil appellere til alle sansene dine og bidra til at barneroms-innredningen din l\u00f8ftes til nye niv\u00e5er.&nbsp;<\/p>\n<p>Vimpelen best\u00e5r av en tr\u00e5d som er utformet for minst synlighet, samt syv trekantede flagg som enkelt kan henges opp i taket eller i vinduet og vil forvandle barnets rom til noe unikt.&nbsp;<\/p>\n<p>Kantene p\u00e5 hver vimpel kan f\u00e5s med enten gullfargede eller s\u00f8lvfargede tr\u00e5der.<\/p>\n<p><strong>M\u00e5l<\/strong>: Total lengde p\u00e5 vimpelen er 290 cm.&nbsp;<\/p>\n<p><strong>Materiale<\/strong>: 100 % polyester.<\/p>\n<p>Designer: <a href=\"https:\/\/babylove.se\/varumarken\/cottonsweets\"><u>Cotton &amp; Sweets<\/u><\/a><\/p>\n","protected":false},"excerpt":{"rendered":"<p>Denne enkle, men samtidig s\u00e5 fine vimpelen vil appellere til alle sansene dine og bidra til at barneroms-innredningen din l\u00f8ftes til nye niv\u00e5er.&nbsp; Vimpelen best\u00e5r av en tr\u00e5d som er utformet for minst synlighet, samt syv trekantede flagg som enkelt kan henges opp i taket eller i vinduet og vil forvandle barnets rom til noe [&hellip;]<\/p>\n","protected":false},"featured_media":3180,"comment_status":"closed","ping_status":"open","template":"","meta":{"_acf_changed":false},"product_brand":[143],"product_cat":[144,58],"product_tag":[1689],"class_list":{"0":"post-3178","1":"product","2":"type-product","3":"status-publish","4":"has-post-thumbnail","6":"product_brand-cotton-sweets","7":"product_cat-cottonsweets","8":"product_cat-vimpler","9":"product_tag-bestillingsvaror","10":"pa_tradfarg-kant-guld","11":"pa_tradfarg-kant-silver","13":"first","14":"instock","15":"taxable","16":"shipping-taxable","17":"purchasable","18":"product-type-variable"},"acf":[],"yoast_head":"<!-- This site is optimized with the Yoast SEO Premium plugin v25.8 (Yoast SEO v27.2) - https:\/\/yoast.com\/product\/yoast-seo-premium-wordpress\/ -->\n<title>Gr\u00e5 Vimpel Cotton &amp; Sweets - Babylove Norska<\/title>\n<meta name=\"description\" content=\"Denna enkla, men samtidigt s\u00e5 fina vimpel kommer att tilltala alla dina sinnen och bidra till att din barnrumsinredning lyfter till nya niv\u00e5er\" \/>\n<meta name=\"robots\" content=\"noindex, follow, max-snippet:-1, max-image-preview:large, max-video-preview:-1\" \/>\n<meta property=\"og:locale\" content=\"nb_NO\" \/>\n<meta property=\"og:type\" content=\"article\" \/>\n<meta property=\"og:title\" content=\"Gr\u00e5 Vimpel Cotton &amp; Sweets\" \/>\n<meta property=\"og:description\" content=\"Denna enkla, men samtidigt s\u00e5 fina vimpel kommer att tilltala alla dina sinnen och bidra till att din barnrumsinredning lyfter till nya niv\u00e5er\" \/>\n<meta property=\"og:url\" content=\"https:\/\/babylove.se\/no\/produkt\/gra-vimpel-bomulls-sotsaker\/\" \/>\n<meta property=\"og:site_name\" content=\"Babylove Norska\" \/>\n<meta property=\"article:modified_time\" content=\"2026-04-08T06:57:48+00:00\" \/>\n<meta property=\"og:image\" content=\"https:\/\/babylove.se\/no\/wp-content\/uploads\/sites\/3\/2025\/07\/5e58da307f36e.jpeg\" \/>\n\t<meta property=\"og:image:width\" content=\"750\" \/>\n\t<meta property=\"og:image:height\" content=\"750\" \/>\n\t<meta property=\"og:image:type\" content=\"image\/jpeg\" \/>\n<meta name=\"twitter:card\" content=\"summary_large_image\" \/>\n<meta name=\"twitter:label1\" content=\"Availability\" \/>\n\t<meta name=\"twitter:data1\" content=\"In stock\" \/>\n<script type=\"application\/ld+json\" class=\"yoast-schema-graph\">{\"@context\":\"https:\/\/schema.org\",\"@graph\":[{\"@type\":\"WebPage\",\"@id\":\"https:\/\/babylove.se\/no\/produkt\/gra-vimpel-bomulls-sotsaker\/\",\"url\":\"https:\/\/babylove.se\/no\/produkt\/gra-vimpel-bomulls-sotsaker\/\",\"name\":\"Gr\u00e5 Vimpel Cotton & Sweets - Babylove Norska\",\"isPartOf\":{\"@id\":\"https:\/\/babylove.se\/no\/#website\"},\"primaryImageOfPage\":{\"@id\":\"https:\/\/babylove.se\/no\/produkt\/gra-vimpel-bomulls-sotsaker\/#primaryimage\"},\"image\":{\"@id\":\"https:\/\/babylove.se\/no\/produkt\/gra-vimpel-bomulls-sotsaker\/#primaryimage\"},\"thumbnailUrl\":\"https:\/\/babylove.se\/no\/wp-content\/uploads\/sites\/3\/2025\/07\/5e58da307f36e.jpeg\",\"datePublished\":\"2025-07-18T19:13:47+00:00\",\"dateModified\":\"2026-04-08T06:57:48+00:00\",\"description\":\"Denna enkla, men samtidigt s\u00e5 fina vimpel kommer att tilltala alla dina sinnen och bidra till att din barnrumsinredning lyfter till nya niv\u00e5er\",\"breadcrumb\":{\"@id\":\"https:\/\/babylove.se\/no\/produkt\/gra-vimpel-bomulls-sotsaker\/#breadcrumb\"},\"inLanguage\":\"nb-NO\",\"potentialAction\":[{\"@type\":\"ReadAction\",\"target\":[\"https:\/\/babylove.se\/no\/produkt\/gra-vimpel-bomulls-sotsaker\/\"]}]},{\"@type\":\"ImageObject\",\"inLanguage\":\"nb-NO\",\"@id\":\"https:\/\/babylove.se\/no\/produkt\/gra-vimpel-bomulls-sotsaker\/#primaryimage\",\"url\":\"https:\/\/babylove.se\/no\/wp-content\/uploads\/sites\/3\/2025\/07\/5e58da307f36e.jpeg\",\"contentUrl\":\"https:\/\/babylove.se\/no\/wp-content\/uploads\/sites\/3\/2025\/07\/5e58da307f36e.jpeg\",\"width\":750,\"height\":750},{\"@type\":\"BreadcrumbList\",\"@id\":\"https:\/\/babylove.se\/no\/produkt\/gra-vimpel-bomulls-sotsaker\/#breadcrumb\",\"itemListElement\":[{\"@type\":\"ListItem\",\"position\":1,\"name\":\"Hem\",\"item\":\"https:\/\/babylove.se\/no\/\"},{\"@type\":\"ListItem\",\"position\":2,\"name\":\"Butik\",\"item\":\"https:\/\/babylove.se\/no\/butik\/\"},{\"@type\":\"ListItem\",\"position\":3,\"name\":\"Gr\u00e5 Vimpel Cotton &#038; Sweets\"}]},{\"@type\":\"WebSite\",\"@id\":\"https:\/\/babylove.se\/no\/#website\",\"url\":\"https:\/\/babylove.se\/no\/\",\"name\":\"Babylove Norska\",\"description\":\"\",\"potentialAction\":[{\"@type\":\"SearchAction\",\"target\":{\"@type\":\"EntryPoint\",\"urlTemplate\":\"https:\/\/babylove.se\/no\/?s={search_term_string}\"},\"query-input\":{\"@type\":\"PropertyValueSpecification\",\"valueRequired\":true,\"valueName\":\"search_term_string\"}}],\"inLanguage\":\"nb-NO\"}]}<\/script>\n<meta property=\"product:brand\" content=\"Cotton &amp; Sweets\" \/>\n<meta property=\"og:availability\" content=\"instock\" \/>\n<meta property=\"product:availability\" content=\"instock\" \/>\n<meta property=\"product:retailer_item_id\" content=\"Gr\u00e5Vimpelguld\" \/>\n<meta property=\"product:condition\" content=\"new\" \/>\n<!-- \/ Yoast SEO Premium plugin. -->","yoast_head_json":{"title":"Gr\u00e5 Vimpel Cotton & Sweets - Babylove Norska","description":"Denna enkla, men samtidigt s\u00e5 fina vimpel kommer att tilltala alla dina sinnen och bidra till att din barnrumsinredning lyfter till nya niv\u00e5er","robots":{"index":"noindex","follow":"follow","max-snippet":"max-snippet:-1","max-image-preview":"max-image-preview:large","max-video-preview":"max-video-preview:-1"},"og_locale":"nb_NO","og_type":"article","og_title":"Gr\u00e5 Vimpel Cotton & Sweets","og_description":"Denna enkla, men samtidigt s\u00e5 fina vimpel kommer att tilltala alla dina sinnen och bidra till att din barnrumsinredning lyfter till nya niv\u00e5er","og_url":"https:\/\/babylove.se\/no\/produkt\/gra-vimpel-bomulls-sotsaker\/","og_site_name":"Babylove Norska","article_modified_time":"2026-04-08T06:57:48+00:00","og_image":[{"width":750,"height":750,"url":"https:\/\/babylove.se\/no\/wp-content\/uploads\/sites\/3\/2025\/07\/5e58da307f36e.jpeg","type":"image\/jpeg"}],"twitter_card":"summary_large_image","twitter_misc":{"Availability":"In stock"},"schema":{"@context":"https:\/\/schema.org","@graph":[{"@type":"WebPage","@id":"https:\/\/babylove.se\/no\/produkt\/gra-vimpel-bomulls-sotsaker\/","url":"https:\/\/babylove.se\/no\/produkt\/gra-vimpel-bomulls-sotsaker\/","name":"Gr\u00e5 Vimpel Cotton & Sweets - Babylove Norska","isPartOf":{"@id":"https:\/\/babylove.se\/no\/#website"},"primaryImageOfPage":{"@id":"https:\/\/babylove.se\/no\/produkt\/gra-vimpel-bomulls-sotsaker\/#primaryimage"},"image":{"@id":"https:\/\/babylove.se\/no\/produkt\/gra-vimpel-bomulls-sotsaker\/#primaryimage"},"thumbnailUrl":"https:\/\/babylove.se\/no\/wp-content\/uploads\/sites\/3\/2025\/07\/5e58da307f36e.jpeg","datePublished":"2025-07-18T19:13:47+00:00","dateModified":"2026-04-08T06:57:48+00:00","description":"Denna enkla, men samtidigt s\u00e5 fina vimpel kommer att tilltala alla dina sinnen och bidra till att din barnrumsinredning lyfter till nya niv\u00e5er","breadcrumb":{"@id":"https:\/\/babylove.se\/no\/produkt\/gra-vimpel-bomulls-sotsaker\/#breadcrumb"},"inLanguage":"nb-NO","potentialAction":[{"@type":"ReadAction","target":["https:\/\/babylove.se\/no\/produkt\/gra-vimpel-bomulls-sotsaker\/"]}]},{"@type":"ImageObject","inLanguage":"nb-NO","@id":"https:\/\/babylove.se\/no\/produkt\/gra-vimpel-bomulls-sotsaker\/#primaryimage","url":"https:\/\/babylove.se\/no\/wp-content\/uploads\/sites\/3\/2025\/07\/5e58da307f36e.jpeg","contentUrl":"https:\/\/babylove.se\/no\/wp-content\/uploads\/sites\/3\/2025\/07\/5e58da307f36e.jpeg","width":750,"height":750},{"@type":"BreadcrumbList","@id":"https:\/\/babylove.se\/no\/produkt\/gra-vimpel-bomulls-sotsaker\/#breadcrumb","itemListElement":[{"@type":"ListItem","position":1,"name":"Hem","item":"https:\/\/babylove.se\/no\/"},{"@type":"ListItem","position":2,"name":"Butik","item":"https:\/\/babylove.se\/no\/butik\/"},{"@type":"ListItem","position":3,"name":"Gr\u00e5 Vimpel Cotton &#038; Sweets"}]},{"@type":"WebSite","@id":"https:\/\/babylove.se\/no\/#website","url":"https:\/\/babylove.se\/no\/","name":"Babylove Norska","description":"","potentialAction":[{"@type":"SearchAction","target":{"@type":"EntryPoint","urlTemplate":"https:\/\/babylove.se\/no\/?s={search_term_string}"},"query-input":{"@type":"PropertyValueSpecification","valueRequired":true,"valueName":"search_term_string"}}],"inLanguage":"nb-NO"}]},"product_brand":"Cotton &amp; Sweets","og_availability":"instock","product_availability":"instock","product_retailer_item_id":"Gr\u00e5Vimpelguld","product_condition":"new"},"_links":{"self":[{"href":"https:\/\/babylove.se\/no\/wp-json\/wp\/v2\/product\/3178","targetHints":{"allow":["GET"]}}],"collection":[{"href":"https:\/\/babylove.se\/no\/wp-json\/wp\/v2\/product"}],"about":[{"href":"https:\/\/babylove.se\/no\/wp-json\/wp\/v2\/types\/product"}],"replies":[{"embeddable":true,"href":"https:\/\/babylove.se\/no\/wp-json\/wp\/v2\/comments?post=3178"}],"wp:featuredmedia":[{"embeddable":true,"href":"https:\/\/babylove.se\/no\/wp-json\/wp\/v2\/media\/3180"}],"wp:attachment":[{"href":"https:\/\/babylove.se\/no\/wp-json\/wp\/v2\/media?parent=3178"}],"wp:term":[{"taxonomy":"product_brand","embeddable":true,"href":"https:\/\/babylove.se\/no\/wp-json\/wp\/v2\/product_brand?post=3178"},{"taxonomy":"product_cat","embeddable":true,"href":"https:\/\/babylove.se\/no\/wp-json\/wp\/v2\/product_cat?post=3178"},{"taxonomy":"product_tag","embeddable":true,"href":"https:\/\/babylove.se\/no\/wp-json\/wp\/v2\/product_tag?post=3178"}],"curies":[{"name":"wp","href":"https:\/\/api.w.org\/{rel}","templated":true}]}}