{"id":31890,"date":"2025-07-19T00:28:05","date_gmt":"2025-07-18T23:28:05","guid":{"rendered":"https:\/\/babylove.se\/produkt\/garbo-friends-baddset-baby-mares-light\/"},"modified":"2026-04-08T11:55:55","modified_gmt":"2026-04-08T10:55:55","slug":"garbo-friends-baddset-baby-mares-light","status":"publish","type":"product","link":"https:\/\/babylove.se\/no\/produkt\/garbo-friends-baddset-baby-mares-light\/","title":{"rendered":"Garbo &#038; Friends, sengesett baby, Mares light"},"content":{"rendered":"<p>Det ultimate sengesettet for barn fra utrolig popul\u00e6re Garbo &amp; Friends. Det vakre m\u00f8nsteret med havsmotiv vil skape gj\u00f8re underverk for barneromsinnredningen din og \u00f8ke kosefaktoren! \\n \\nLaget av fantastisk bomullspercale med h\u00f8y tr\u00e5dtetthet (200 tc) som garanterer en god s\u00f8vn for barnet fra f\u00f8rste kveld. Putetrrekket er prydet med en sjarmerende vinge og initialen G. Dynetrekket lukkes med enten fiskebensband eller gjemte knapper. \\n \\nFinnes i to st\u00f8rrelser: \\n<\/p>\n<ul> \\n \\t<\/p>\n<li>Dynetrekk: 70 x 80 cm. Putetrekk: 28 x 35 cm.<\/li>\n<p> \\n \\t<\/p>\n<li>Dynetrekk: 70 x 100 cm. Putetrekk: 40 x 45 cm.<\/li>\n<p> \\n<\/ul>\n<p> \\n<strong>Materiale<\/strong>: 100%  OEKO-TEX\u00ae-Sertifisert bomullspercale. \\n \\nVaskeanvisning: ? Vask ut og inn i 40\u00b0C med lignende farger ? Ikke t\u00f8rketrommel ? Stryk ut og inn p\u00e5 middels h\u00f8y varme ? Ikke blek \\n \\nDesigner: <a href=\"https:\/\/babylove.se\/varumarken\/garbo-friends\">Garbo &amp; Friends<\/a><\/p>\n","protected":false},"excerpt":{"rendered":"<p>Det ultimate sengesettet for barn fra utrolig popul\u00e6re Garbo &amp; Friends. Det vakre m\u00f8nsteret med havsmotiv vil skape gj\u00f8re underverk for barneromsinnredningen din og \u00f8ke kosefaktoren! \\n \\nLaget av fantastisk bomullspercale med h\u00f8y tr\u00e5dtetthet (200 tc) som garanterer en god s\u00f8vn for barnet fra f\u00f8rste kveld. Putetrrekket er prydet med en sjarmerende vinge og initialen [&hellip;]<\/p>\n","protected":false},"featured_media":31892,"comment_status":"open","ping_status":"closed","template":"","meta":{"_acf_changed":false},"product_brand":[1077],"product_cat":[39,110,1078,136,40],"product_tag":[1709],"class_list":{"0":"post-31890","1":"product","2":"type-product","3":"status-publish","4":"has-post-thumbnail","6":"product_brand-garbofriends","7":"product_cat-barnesangklaer","8":"product_cat-cyber-monday","9":"product_cat-garbo-friends","10":"product_cat-havet","11":"product_cat-soverom-barn","12":"product_tag-utforsalg","13":"pa_storlek-70x100-40x45cm","14":"pa_storlek-70x80cm-28x35cm","16":"first","17":"instock","18":"taxable","19":"shipping-taxable","20":"purchasable","21":"product-type-variable"},"acf":[],"yoast_head":"<!-- This site is optimized with the Yoast SEO Premium plugin v25.8 (Yoast SEO v27.2) - https:\/\/yoast.com\/product\/yoast-seo-premium-wordpress\/ -->\n<title>Garbo &amp; Friends, sengesett baby, Mares light - Babylove Norska<\/title>\n<meta name=\"robots\" content=\"noindex, follow, max-snippet:-1, max-image-preview:large, max-video-preview:-1\" \/>\n<meta property=\"og:locale\" content=\"nb_NO\" \/>\n<meta property=\"og:type\" content=\"article\" \/>\n<meta property=\"og:title\" content=\"Garbo &amp; Friends, sengesett baby, Mares light\" \/>\n<meta property=\"og:description\" content=\"Det ultimate sengesettet for barn fra utrolig popul\u00e6re Garbo &amp; Friends. Det vakre m\u00f8nsteret med havsmotiv vil skape gj\u00f8re underverk for barneromsinnredningen din og \u00f8ke kosefaktoren! n nLaget av fantastisk bomullspercale med h\u00f8y tr\u00e5dtetthet (200 tc) som garanterer en god s\u00f8vn for barnet fra f\u00f8rste kveld. Putetrrekket er prydet med en sjarmerende vinge og initialen [&hellip;]\" \/>\n<meta property=\"og:url\" content=\"https:\/\/babylove.se\/no\/produkt\/garbo-friends-baddset-baby-mares-light\/\" \/>\n<meta property=\"og:site_name\" content=\"Babylove Norska\" \/>\n<meta property=\"article:modified_time\" content=\"2026-04-08T10:55:55+00:00\" \/>\n<meta property=\"og:image\" content=\"https:\/\/babylove.se\/no\/wp-content\/uploads\/sites\/3\/2025\/07\/620260cb0ac9c.jpeg\" \/>\n\t<meta property=\"og:image:width\" content=\"1000\" \/>\n\t<meta property=\"og:image:height\" content=\"1000\" \/>\n\t<meta property=\"og:image:type\" content=\"image\/jpeg\" \/>\n<meta name=\"twitter:card\" content=\"summary_large_image\" \/>\n<meta name=\"twitter:label1\" content=\"Availability\" \/>\n\t<meta name=\"twitter:data1\" content=\"In stock\" \/>\n<script type=\"application\/ld+json\" class=\"yoast-schema-graph\">{\"@context\":\"https:\/\/schema.org\",\"@graph\":[{\"@type\":\"WebPage\",\"@id\":\"https:\/\/babylove.se\/no\/produkt\/garbo-friends-baddset-baby-mares-light\/\",\"url\":\"https:\/\/babylove.se\/no\/produkt\/garbo-friends-baddset-baby-mares-light\/\",\"name\":\"Garbo & Friends, sengesett baby, Mares light - Babylove Norska\",\"isPartOf\":{\"@id\":\"https:\/\/babylove.se\/no\/#website\"},\"primaryImageOfPage\":{\"@id\":\"https:\/\/babylove.se\/no\/produkt\/garbo-friends-baddset-baby-mares-light\/#primaryimage\"},\"image\":{\"@id\":\"https:\/\/babylove.se\/no\/produkt\/garbo-friends-baddset-baby-mares-light\/#primaryimage\"},\"thumbnailUrl\":\"https:\/\/babylove.se\/no\/wp-content\/uploads\/sites\/3\/2025\/07\/620260cb0ac9c.jpeg\",\"datePublished\":\"2025-07-18T23:28:05+00:00\",\"dateModified\":\"2026-04-08T10:55:55+00:00\",\"breadcrumb\":{\"@id\":\"https:\/\/babylove.se\/no\/produkt\/garbo-friends-baddset-baby-mares-light\/#breadcrumb\"},\"inLanguage\":\"nb-NO\",\"potentialAction\":[{\"@type\":\"ReadAction\",\"target\":[\"https:\/\/babylove.se\/no\/produkt\/garbo-friends-baddset-baby-mares-light\/\"]}]},{\"@type\":\"ImageObject\",\"inLanguage\":\"nb-NO\",\"@id\":\"https:\/\/babylove.se\/no\/produkt\/garbo-friends-baddset-baby-mares-light\/#primaryimage\",\"url\":\"https:\/\/babylove.se\/no\/wp-content\/uploads\/sites\/3\/2025\/07\/620260cb0ac9c.jpeg\",\"contentUrl\":\"https:\/\/babylove.se\/no\/wp-content\/uploads\/sites\/3\/2025\/07\/620260cb0ac9c.jpeg\",\"width\":1000,\"height\":1000},{\"@type\":\"BreadcrumbList\",\"@id\":\"https:\/\/babylove.se\/no\/produkt\/garbo-friends-baddset-baby-mares-light\/#breadcrumb\",\"itemListElement\":[{\"@type\":\"ListItem\",\"position\":1,\"name\":\"Hem\",\"item\":\"https:\/\/babylove.se\/no\/\"},{\"@type\":\"ListItem\",\"position\":2,\"name\":\"Butik\",\"item\":\"https:\/\/babylove.se\/no\/butik\/\"},{\"@type\":\"ListItem\",\"position\":3,\"name\":\"Garbo &#038; Friends, sengesett baby, Mares light\"}]},{\"@type\":\"WebSite\",\"@id\":\"https:\/\/babylove.se\/no\/#website\",\"url\":\"https:\/\/babylove.se\/no\/\",\"name\":\"Babylove Norska\",\"description\":\"\",\"potentialAction\":[{\"@type\":\"SearchAction\",\"target\":{\"@type\":\"EntryPoint\",\"urlTemplate\":\"https:\/\/babylove.se\/no\/?s={search_term_string}\"},\"query-input\":{\"@type\":\"PropertyValueSpecification\",\"valueRequired\":true,\"valueName\":\"search_term_string\"}}],\"inLanguage\":\"nb-NO\"}]}<\/script>\n<meta property=\"product:brand\" content=\"Garbo&amp;friends\" \/>\n<meta property=\"og:availability\" content=\"instock\" \/>\n<meta property=\"product:availability\" content=\"instock\" \/>\n<meta property=\"product:retailer_item_id\" content=\"GF_baby_Mares_light\" \/>\n<meta property=\"product:condition\" content=\"new\" \/>\n<!-- \/ Yoast SEO Premium plugin. -->","yoast_head_json":{"title":"Garbo & Friends, sengesett baby, Mares light - Babylove Norska","robots":{"index":"noindex","follow":"follow","max-snippet":"max-snippet:-1","max-image-preview":"max-image-preview:large","max-video-preview":"max-video-preview:-1"},"og_locale":"nb_NO","og_type":"article","og_title":"Garbo & Friends, sengesett baby, Mares light","og_description":"Det ultimate sengesettet for barn fra utrolig popul\u00e6re Garbo &amp; Friends. Det vakre m\u00f8nsteret med havsmotiv vil skape gj\u00f8re underverk for barneromsinnredningen din og \u00f8ke kosefaktoren! n nLaget av fantastisk bomullspercale med h\u00f8y tr\u00e5dtetthet (200 tc) som garanterer en god s\u00f8vn for barnet fra f\u00f8rste kveld. Putetrrekket er prydet med en sjarmerende vinge og initialen [&hellip;]","og_url":"https:\/\/babylove.se\/no\/produkt\/garbo-friends-baddset-baby-mares-light\/","og_site_name":"Babylove Norska","article_modified_time":"2026-04-08T10:55:55+00:00","og_image":[{"width":1000,"height":1000,"url":"https:\/\/babylove.se\/no\/wp-content\/uploads\/sites\/3\/2025\/07\/620260cb0ac9c.jpeg","type":"image\/jpeg"}],"twitter_card":"summary_large_image","twitter_misc":{"Availability":"In stock"},"schema":{"@context":"https:\/\/schema.org","@graph":[{"@type":"WebPage","@id":"https:\/\/babylove.se\/no\/produkt\/garbo-friends-baddset-baby-mares-light\/","url":"https:\/\/babylove.se\/no\/produkt\/garbo-friends-baddset-baby-mares-light\/","name":"Garbo & Friends, sengesett baby, Mares light - Babylove Norska","isPartOf":{"@id":"https:\/\/babylove.se\/no\/#website"},"primaryImageOfPage":{"@id":"https:\/\/babylove.se\/no\/produkt\/garbo-friends-baddset-baby-mares-light\/#primaryimage"},"image":{"@id":"https:\/\/babylove.se\/no\/produkt\/garbo-friends-baddset-baby-mares-light\/#primaryimage"},"thumbnailUrl":"https:\/\/babylove.se\/no\/wp-content\/uploads\/sites\/3\/2025\/07\/620260cb0ac9c.jpeg","datePublished":"2025-07-18T23:28:05+00:00","dateModified":"2026-04-08T10:55:55+00:00","breadcrumb":{"@id":"https:\/\/babylove.se\/no\/produkt\/garbo-friends-baddset-baby-mares-light\/#breadcrumb"},"inLanguage":"nb-NO","potentialAction":[{"@type":"ReadAction","target":["https:\/\/babylove.se\/no\/produkt\/garbo-friends-baddset-baby-mares-light\/"]}]},{"@type":"ImageObject","inLanguage":"nb-NO","@id":"https:\/\/babylove.se\/no\/produkt\/garbo-friends-baddset-baby-mares-light\/#primaryimage","url":"https:\/\/babylove.se\/no\/wp-content\/uploads\/sites\/3\/2025\/07\/620260cb0ac9c.jpeg","contentUrl":"https:\/\/babylove.se\/no\/wp-content\/uploads\/sites\/3\/2025\/07\/620260cb0ac9c.jpeg","width":1000,"height":1000},{"@type":"BreadcrumbList","@id":"https:\/\/babylove.se\/no\/produkt\/garbo-friends-baddset-baby-mares-light\/#breadcrumb","itemListElement":[{"@type":"ListItem","position":1,"name":"Hem","item":"https:\/\/babylove.se\/no\/"},{"@type":"ListItem","position":2,"name":"Butik","item":"https:\/\/babylove.se\/no\/butik\/"},{"@type":"ListItem","position":3,"name":"Garbo &#038; Friends, sengesett baby, Mares light"}]},{"@type":"WebSite","@id":"https:\/\/babylove.se\/no\/#website","url":"https:\/\/babylove.se\/no\/","name":"Babylove Norska","description":"","potentialAction":[{"@type":"SearchAction","target":{"@type":"EntryPoint","urlTemplate":"https:\/\/babylove.se\/no\/?s={search_term_string}"},"query-input":{"@type":"PropertyValueSpecification","valueRequired":true,"valueName":"search_term_string"}}],"inLanguage":"nb-NO"}]},"product_brand":"Garbo&amp;friends","og_availability":"instock","product_availability":"instock","product_retailer_item_id":"GF_baby_Mares_light","product_condition":"new"},"_links":{"self":[{"href":"https:\/\/babylove.se\/no\/wp-json\/wp\/v2\/product\/31890","targetHints":{"allow":["GET"]}}],"collection":[{"href":"https:\/\/babylove.se\/no\/wp-json\/wp\/v2\/product"}],"about":[{"href":"https:\/\/babylove.se\/no\/wp-json\/wp\/v2\/types\/product"}],"replies":[{"embeddable":true,"href":"https:\/\/babylove.se\/no\/wp-json\/wp\/v2\/comments?post=31890"}],"wp:featuredmedia":[{"embeddable":true,"href":"https:\/\/babylove.se\/no\/wp-json\/wp\/v2\/media\/31892"}],"wp:attachment":[{"href":"https:\/\/babylove.se\/no\/wp-json\/wp\/v2\/media?parent=31890"}],"wp:term":[{"taxonomy":"product_brand","embeddable":true,"href":"https:\/\/babylove.se\/no\/wp-json\/wp\/v2\/product_brand?post=31890"},{"taxonomy":"product_cat","embeddable":true,"href":"https:\/\/babylove.se\/no\/wp-json\/wp\/v2\/product_cat?post=31890"},{"taxonomy":"product_tag","embeddable":true,"href":"https:\/\/babylove.se\/no\/wp-json\/wp\/v2\/product_tag?post=31890"}],"curies":[{"name":"wp","href":"https:\/\/api.w.org\/{rel}","templated":true}]}}