{"id":31940,"date":"2025-07-19T00:28:37","date_gmt":"2025-07-18T23:28:37","guid":{"rendered":"https:\/\/babylove.se\/produkt\/garbo-friends-sovpase-mares-dark\/"},"modified":"2026-04-08T11:56:15","modified_gmt":"2026-04-08T10:56:15","slug":"garbo-friends-sovepose-mares-dark","status":"publish","type":"product","link":"https:\/\/babylove.se\/no\/produkt\/garbo-friends-sovepose-mares-dark\/","title":{"rendered":"Garbo &#038; Friends, sovepose, Mares dark"},"content":{"rendered":"<p>Fantastisk sovepose med s\u00f8t krage og vakre havsmotiver fra utrolig popul\u00e6re Garbo &amp; Friends. <\/p>\n<p>Soveposen knappes over skuldrene med skjulte knapper. Den har ogs\u00e5 en praktisk, skjult glidel\u00e5s p\u00e5 den ene siden slik at du enkelt kan regulere varmen s\u00e5 barnet ditt ikke blir for varmt. <span style=\"background-color: initial; text-align: initial;\">I tillegg er soveposen ermel\u00f8s slik at barnet ikke f\u00f8ler seg innelukket. <\/span> <\/p>\n<p><span style=\"background-color: initial; text-align: initial;\">Mest egnet for soverom med normale og varme temperaturer. Hvis rommet er kj\u00f8lig anbefales det at du dekker babyen med et tynt teppe. <\/span>Laget av organisk bomullspercale med h\u00f8y tr\u00e5dtetthet som garanterer en god s\u00f8vn for den minste fra f\u00f8rste kveld. <\/p>\n<p><strong>M\u00e5l<\/strong>: 35 x 70 cm. Egnet for babyer mellom 0-9 m\u00e5neder. <\/p>\n<p><strong>Materiale<\/strong>: 100%  OEKO-TEX\u00ae-sertifisert bomullspercale. <\/p>\n<p>Vaskeanvisning: ? Vask p\u00e5 vrangen i 40\u00b0C  med lav sentrifugering ? Ikke t\u00f8rketrommel ? Ikke bleking <\/p>\n<p>Designer: <a href=\"https:\/\/babylove.se\/varumarken\/garbo-friends\">Garbo &amp; Friends<\/a><\/p>\n","protected":false},"excerpt":{"rendered":"<p>Fantastisk sovepose med s\u00f8t krage og vakre havsmotiver fra utrolig popul\u00e6re Garbo &amp; Friends. Soveposen knappes over skuldrene med skjulte knapper. Den har ogs\u00e5 en praktisk, skjult glidel\u00e5s p\u00e5 den ene siden slik at du enkelt kan regulere varmen s\u00e5 barnet ditt ikke blir for varmt. I tillegg er soveposen ermel\u00f8s slik at barnet ikke [&hellip;]<\/p>\n","protected":false},"featured_media":31942,"comment_status":"open","ping_status":"closed","template":"","meta":{"_acf_changed":false},"product_brand":[1077],"product_cat":[39,110,1078,136,47,40],"product_tag":[],"class_list":{"0":"post-31940","1":"product","2":"type-product","3":"status-publish","4":"has-post-thumbnail","6":"product_brand-garbofriends","7":"product_cat-barnesangklaer","8":"product_cat-cyber-monday","9":"product_cat-garbo-friends","10":"product_cat-havet","11":"product_cat-babywraps","12":"product_cat-soverom-barn","14":"first","15":"outofstock","16":"taxable","17":"shipping-taxable","18":"purchasable","19":"product-type-simple"},"acf":[],"yoast_head":"<!-- This site is optimized with the Yoast SEO Premium plugin v25.8 (Yoast SEO v27.2) - https:\/\/yoast.com\/product\/yoast-seo-premium-wordpress\/ -->\n<title>Garbo &amp; Friends, sovepose, Mares dark - Babylove Norska<\/title>\n<meta name=\"robots\" content=\"noindex, follow, max-snippet:-1, max-image-preview:large, max-video-preview:-1\" \/>\n<meta property=\"og:locale\" content=\"nb_NO\" \/>\n<meta property=\"og:type\" content=\"article\" \/>\n<meta property=\"og:title\" content=\"Garbo &amp; Friends, sovepose, Mares dark\" \/>\n<meta property=\"og:description\" content=\"Fantastisk sovepose med s\u00f8t krage og vakre havsmotiver fra utrolig popul\u00e6re Garbo &amp; Friends. Soveposen knappes over skuldrene med skjulte knapper. Den har ogs\u00e5 en praktisk, skjult glidel\u00e5s p\u00e5 den ene siden slik at du enkelt kan regulere varmen s\u00e5 barnet ditt ikke blir for varmt. I tillegg er soveposen ermel\u00f8s slik at barnet ikke [&hellip;]\" \/>\n<meta property=\"og:url\" content=\"https:\/\/babylove.se\/no\/produkt\/garbo-friends-sovepose-mares-dark\/\" \/>\n<meta property=\"og:site_name\" content=\"Babylove Norska\" \/>\n<meta property=\"article:modified_time\" content=\"2026-04-08T10:56:15+00:00\" \/>\n<meta property=\"og:image\" content=\"https:\/\/babylove.se\/no\/wp-content\/uploads\/sites\/3\/2025\/07\/62026df70e76e.jpeg\" \/>\n\t<meta property=\"og:image:width\" content=\"2000\" \/>\n\t<meta property=\"og:image:height\" content=\"1333\" \/>\n\t<meta property=\"og:image:type\" content=\"image\/jpeg\" \/>\n<meta name=\"twitter:card\" content=\"summary_large_image\" \/>\n<meta name=\"twitter:label1\" content=\"Price\" \/>\n\t<meta name=\"twitter:data1\" content=\"749,00&nbsp;&#107;&#114;\" \/>\n\t<meta name=\"twitter:label2\" content=\"Availability\" \/>\n\t<meta name=\"twitter:data2\" content=\"Out of stock\" \/>\n<script type=\"application\/ld+json\" class=\"yoast-schema-graph\">{\"@context\":\"https:\/\/schema.org\",\"@graph\":[{\"@type\":\"WebPage\",\"@id\":\"https:\/\/babylove.se\/no\/produkt\/garbo-friends-sovepose-mares-dark\/\",\"url\":\"https:\/\/babylove.se\/no\/produkt\/garbo-friends-sovepose-mares-dark\/\",\"name\":\"Garbo & Friends, sovepose, Mares dark - Babylove Norska\",\"isPartOf\":{\"@id\":\"https:\/\/babylove.se\/no\/#website\"},\"primaryImageOfPage\":{\"@id\":\"https:\/\/babylove.se\/no\/produkt\/garbo-friends-sovepose-mares-dark\/#primaryimage\"},\"image\":{\"@id\":\"https:\/\/babylove.se\/no\/produkt\/garbo-friends-sovepose-mares-dark\/#primaryimage\"},\"thumbnailUrl\":\"https:\/\/babylove.se\/no\/wp-content\/uploads\/sites\/3\/2025\/07\/62026df70e76e.jpeg\",\"datePublished\":\"2025-07-18T23:28:37+00:00\",\"dateModified\":\"2026-04-08T10:56:15+00:00\",\"breadcrumb\":{\"@id\":\"https:\/\/babylove.se\/no\/produkt\/garbo-friends-sovepose-mares-dark\/#breadcrumb\"},\"inLanguage\":\"nb-NO\",\"potentialAction\":[{\"@type\":\"ReadAction\",\"target\":[\"https:\/\/babylove.se\/no\/produkt\/garbo-friends-sovepose-mares-dark\/\"]}]},{\"@type\":\"ImageObject\",\"inLanguage\":\"nb-NO\",\"@id\":\"https:\/\/babylove.se\/no\/produkt\/garbo-friends-sovepose-mares-dark\/#primaryimage\",\"url\":\"https:\/\/babylove.se\/no\/wp-content\/uploads\/sites\/3\/2025\/07\/62026df70e76e.jpeg\",\"contentUrl\":\"https:\/\/babylove.se\/no\/wp-content\/uploads\/sites\/3\/2025\/07\/62026df70e76e.jpeg\",\"width\":2000,\"height\":1333},{\"@type\":\"BreadcrumbList\",\"@id\":\"https:\/\/babylove.se\/no\/produkt\/garbo-friends-sovepose-mares-dark\/#breadcrumb\",\"itemListElement\":[{\"@type\":\"ListItem\",\"position\":1,\"name\":\"Hem\",\"item\":\"https:\/\/babylove.se\/no\/\"},{\"@type\":\"ListItem\",\"position\":2,\"name\":\"Butik\",\"item\":\"https:\/\/babylove.se\/no\/butik\/\"},{\"@type\":\"ListItem\",\"position\":3,\"name\":\"Garbo &#038; Friends, sovepose, Mares dark\"}]},{\"@type\":\"WebSite\",\"@id\":\"https:\/\/babylove.se\/no\/#website\",\"url\":\"https:\/\/babylove.se\/no\/\",\"name\":\"Babylove Norska\",\"description\":\"\",\"potentialAction\":[{\"@type\":\"SearchAction\",\"target\":{\"@type\":\"EntryPoint\",\"urlTemplate\":\"https:\/\/babylove.se\/no\/?s={search_term_string}\"},\"query-input\":{\"@type\":\"PropertyValueSpecification\",\"valueRequired\":true,\"valueName\":\"search_term_string\"}}],\"inLanguage\":\"nb-NO\"}]}<\/script>\n<meta property=\"product:brand\" content=\"Garbo&amp;friends\" \/>\n<meta property=\"product:price:amount\" content=\"749.00\" \/>\n<meta property=\"product:price:currency\" content=\"SEK\" \/>\n<meta property=\"og:availability\" content=\"out of stock\" \/>\n<meta property=\"product:availability\" content=\"out of stock\" \/>\n<meta property=\"product:retailer_item_id\" content=\"GF14021-200-321GL\" \/>\n<meta property=\"product:condition\" content=\"new\" \/>\n<!-- \/ Yoast SEO Premium plugin. -->","yoast_head_json":{"title":"Garbo & Friends, sovepose, Mares dark - Babylove Norska","robots":{"index":"noindex","follow":"follow","max-snippet":"max-snippet:-1","max-image-preview":"max-image-preview:large","max-video-preview":"max-video-preview:-1"},"og_locale":"nb_NO","og_type":"article","og_title":"Garbo & Friends, sovepose, Mares dark","og_description":"Fantastisk sovepose med s\u00f8t krage og vakre havsmotiver fra utrolig popul\u00e6re Garbo &amp; Friends. Soveposen knappes over skuldrene med skjulte knapper. Den har ogs\u00e5 en praktisk, skjult glidel\u00e5s p\u00e5 den ene siden slik at du enkelt kan regulere varmen s\u00e5 barnet ditt ikke blir for varmt. I tillegg er soveposen ermel\u00f8s slik at barnet ikke [&hellip;]","og_url":"https:\/\/babylove.se\/no\/produkt\/garbo-friends-sovepose-mares-dark\/","og_site_name":"Babylove Norska","article_modified_time":"2026-04-08T10:56:15+00:00","og_image":[{"width":2000,"height":1333,"url":"https:\/\/babylove.se\/no\/wp-content\/uploads\/sites\/3\/2025\/07\/62026df70e76e.jpeg","type":"image\/jpeg"}],"twitter_card":"summary_large_image","twitter_misc":{"Price":"749,00&nbsp;&#107;&#114;","Availability":"Out of stock"},"schema":{"@context":"https:\/\/schema.org","@graph":[{"@type":"WebPage","@id":"https:\/\/babylove.se\/no\/produkt\/garbo-friends-sovepose-mares-dark\/","url":"https:\/\/babylove.se\/no\/produkt\/garbo-friends-sovepose-mares-dark\/","name":"Garbo & Friends, sovepose, Mares dark - Babylove Norska","isPartOf":{"@id":"https:\/\/babylove.se\/no\/#website"},"primaryImageOfPage":{"@id":"https:\/\/babylove.se\/no\/produkt\/garbo-friends-sovepose-mares-dark\/#primaryimage"},"image":{"@id":"https:\/\/babylove.se\/no\/produkt\/garbo-friends-sovepose-mares-dark\/#primaryimage"},"thumbnailUrl":"https:\/\/babylove.se\/no\/wp-content\/uploads\/sites\/3\/2025\/07\/62026df70e76e.jpeg","datePublished":"2025-07-18T23:28:37+00:00","dateModified":"2026-04-08T10:56:15+00:00","breadcrumb":{"@id":"https:\/\/babylove.se\/no\/produkt\/garbo-friends-sovepose-mares-dark\/#breadcrumb"},"inLanguage":"nb-NO","potentialAction":[{"@type":"ReadAction","target":["https:\/\/babylove.se\/no\/produkt\/garbo-friends-sovepose-mares-dark\/"]}]},{"@type":"ImageObject","inLanguage":"nb-NO","@id":"https:\/\/babylove.se\/no\/produkt\/garbo-friends-sovepose-mares-dark\/#primaryimage","url":"https:\/\/babylove.se\/no\/wp-content\/uploads\/sites\/3\/2025\/07\/62026df70e76e.jpeg","contentUrl":"https:\/\/babylove.se\/no\/wp-content\/uploads\/sites\/3\/2025\/07\/62026df70e76e.jpeg","width":2000,"height":1333},{"@type":"BreadcrumbList","@id":"https:\/\/babylove.se\/no\/produkt\/garbo-friends-sovepose-mares-dark\/#breadcrumb","itemListElement":[{"@type":"ListItem","position":1,"name":"Hem","item":"https:\/\/babylove.se\/no\/"},{"@type":"ListItem","position":2,"name":"Butik","item":"https:\/\/babylove.se\/no\/butik\/"},{"@type":"ListItem","position":3,"name":"Garbo &#038; Friends, sovepose, Mares dark"}]},{"@type":"WebSite","@id":"https:\/\/babylove.se\/no\/#website","url":"https:\/\/babylove.se\/no\/","name":"Babylove Norska","description":"","potentialAction":[{"@type":"SearchAction","target":{"@type":"EntryPoint","urlTemplate":"https:\/\/babylove.se\/no\/?s={search_term_string}"},"query-input":{"@type":"PropertyValueSpecification","valueRequired":true,"valueName":"search_term_string"}}],"inLanguage":"nb-NO"}]},"product_brand":"Garbo&amp;friends","product_price_amount":"749.00","product_price_currency":"SEK","og_availability":"out of stock","product_availability":"out of stock","product_retailer_item_id":"GF14021-200-321GL","product_condition":"new"},"_links":{"self":[{"href":"https:\/\/babylove.se\/no\/wp-json\/wp\/v2\/product\/31940","targetHints":{"allow":["GET"]}}],"collection":[{"href":"https:\/\/babylove.se\/no\/wp-json\/wp\/v2\/product"}],"about":[{"href":"https:\/\/babylove.se\/no\/wp-json\/wp\/v2\/types\/product"}],"replies":[{"embeddable":true,"href":"https:\/\/babylove.se\/no\/wp-json\/wp\/v2\/comments?post=31940"}],"wp:featuredmedia":[{"embeddable":true,"href":"https:\/\/babylove.se\/no\/wp-json\/wp\/v2\/media\/31942"}],"wp:attachment":[{"href":"https:\/\/babylove.se\/no\/wp-json\/wp\/v2\/media?parent=31940"}],"wp:term":[{"taxonomy":"product_brand","embeddable":true,"href":"https:\/\/babylove.se\/no\/wp-json\/wp\/v2\/product_brand?post=31940"},{"taxonomy":"product_cat","embeddable":true,"href":"https:\/\/babylove.se\/no\/wp-json\/wp\/v2\/product_cat?post=31940"},{"taxonomy":"product_tag","embeddable":true,"href":"https:\/\/babylove.se\/no\/wp-json\/wp\/v2\/product_tag?post=31940"}],"curies":[{"name":"wp","href":"https:\/\/api.w.org\/{rel}","templated":true}]}}