{"id":31988,"date":"2025-07-19T00:29:07","date_gmt":"2025-07-18T23:29:07","guid":{"rendered":"https:\/\/babylove.se\/produkt\/garbo-friends-dra-pa-lakan-junior-mares-dark\/"},"modified":"2026-04-08T11:56:44","modified_gmt":"2026-04-08T10:56:44","slug":"garbo-friends-dra-pa-laken-junior-mares-dark","status":"publish","type":"product","link":"https:\/\/babylove.se\/no\/produkt\/garbo-friends-dra-pa-laken-junior-mares-dark\/","title":{"rendered":"Garbo &#038; Friends, p\u00e5trekkslaken junior, Mares dark"},"content":{"rendered":"<p>Et fantastisk fint str\u00f8kent laken som legger det lille ekstra til barneroms-innredningen din! Designet av det popul\u00e6re merket Garbo &amp; Friends. <\/p>\n<p>Laget av organisk bomullspercale med h\u00f8y tr\u00e5dtetthet (200 tc) som garanterer en god s\u00f8vn for de minste fra f\u00f8rste kveld. <\/p>\n<p>De elastiske kantene gj\u00f8r at lakenet er lett \u00e5 sette p\u00e5 og at det holder seg p\u00e5 plass gjennom natten. Tilpasset spile- og barnesenger med madrassm\u00e5l p\u00e5 120&#215;60 cm eller 70&#215;140 cm. <\/p>\n<p>Finnes i to st\u00f8rrelser: <\/p>\n<ul>\n<li>60 x 120 x 20 cm<\/li>\n<li>70 x 140 x 20 cm<\/li>\n<\/ul>\n<p><strong>Materiale<\/strong>: 100% OEKO-TEX\u00ae-Sertifisert bomullspercale. <\/p>\n<p>Vaskeanvisning: ? Vask ut og inn i 40\u00b0C med lav sentrifugering ? Ikke t\u00f8rketrommel ? Ikke blek <\/p>\n<p>Designer: <a href=\"https:\/\/babylove.se\/varumarken\/garbo-friends\">Garbo &amp; Friends<\/a><\/p>\n","protected":false},"excerpt":{"rendered":"<p>Et fantastisk fint str\u00f8kent laken som legger det lille ekstra til barneroms-innredningen din! Designet av det popul\u00e6re merket Garbo &amp; Friends. Laget av organisk bomullspercale med h\u00f8y tr\u00e5dtetthet (200 tc) som garanterer en god s\u00f8vn for de minste fra f\u00f8rste kveld. De elastiske kantene gj\u00f8r at lakenet er lett \u00e5 sette p\u00e5 og at det [&hellip;]<\/p>\n","protected":false},"featured_media":31990,"comment_status":"open","ping_status":"closed","template":"","meta":{"_acf_changed":false},"product_brand":[1077],"product_cat":[39,110,1078,136,40,119],"product_tag":[1709],"class_list":{"0":"post-31988","1":"product","2":"type-product","3":"status-publish","4":"has-post-thumbnail","6":"product_brand-garbofriends","7":"product_cat-barnesangklaer","8":"product_cat-cyber-monday","9":"product_cat-garbo-friends","10":"product_cat-havet","11":"product_cat-soverom-barn","12":"product_cat-underlaken","13":"product_tag-utforsalg","14":"pa_storlek-60x120cm","15":"pa_storlek-70x140cm","17":"first","18":"instock","19":"taxable","20":"shipping-taxable","21":"purchasable","22":"product-type-variable"},"acf":[],"yoast_head":"<!-- This site is optimized with the Yoast SEO Premium plugin v25.8 (Yoast SEO v27.2) - https:\/\/yoast.com\/product\/yoast-seo-premium-wordpress\/ -->\n<title>Garbo &amp; Friends, p\u00e5trekkslaken junior, Mares dark - Babylove Norska<\/title>\n<meta name=\"robots\" content=\"noindex, follow, max-snippet:-1, max-image-preview:large, max-video-preview:-1\" \/>\n<meta property=\"og:locale\" content=\"nb_NO\" \/>\n<meta property=\"og:type\" content=\"article\" \/>\n<meta property=\"og:title\" content=\"Garbo &amp; Friends, p\u00e5trekkslaken junior, Mares dark\" \/>\n<meta property=\"og:description\" content=\"Et fantastisk fint str\u00f8kent laken som legger det lille ekstra til barneroms-innredningen din! Designet av det popul\u00e6re merket Garbo &amp; Friends. Laget av organisk bomullspercale med h\u00f8y tr\u00e5dtetthet (200 tc) som garanterer en god s\u00f8vn for de minste fra f\u00f8rste kveld. De elastiske kantene gj\u00f8r at lakenet er lett \u00e5 sette p\u00e5 og at det [&hellip;]\" \/>\n<meta property=\"og:url\" content=\"https:\/\/babylove.se\/no\/produkt\/garbo-friends-dra-pa-laken-junior-mares-dark\/\" \/>\n<meta property=\"og:site_name\" content=\"Babylove Norska\" \/>\n<meta property=\"article:modified_time\" content=\"2026-04-08T10:56:44+00:00\" \/>\n<meta property=\"og:image\" content=\"https:\/\/babylove.se\/no\/wp-content\/uploads\/sites\/3\/2025\/07\/62028398232c7.jpeg\" \/>\n\t<meta property=\"og:image:width\" content=\"1264\" \/>\n\t<meta property=\"og:image:height\" content=\"1234\" \/>\n\t<meta property=\"og:image:type\" content=\"image\/webp\" \/>\n<meta name=\"twitter:card\" content=\"summary_large_image\" \/>\n<meta name=\"twitter:label1\" content=\"Availability\" \/>\n\t<meta name=\"twitter:data1\" content=\"In stock\" \/>\n<script type=\"application\/ld+json\" class=\"yoast-schema-graph\">{\"@context\":\"https:\/\/schema.org\",\"@graph\":[{\"@type\":\"WebPage\",\"@id\":\"https:\/\/babylove.se\/no\/produkt\/garbo-friends-dra-pa-laken-junior-mares-dark\/\",\"url\":\"https:\/\/babylove.se\/no\/produkt\/garbo-friends-dra-pa-laken-junior-mares-dark\/\",\"name\":\"Garbo & Friends, p\u00e5trekkslaken junior, Mares dark - Babylove Norska\",\"isPartOf\":{\"@id\":\"https:\/\/babylove.se\/no\/#website\"},\"primaryImageOfPage\":{\"@id\":\"https:\/\/babylove.se\/no\/produkt\/garbo-friends-dra-pa-laken-junior-mares-dark\/#primaryimage\"},\"image\":{\"@id\":\"https:\/\/babylove.se\/no\/produkt\/garbo-friends-dra-pa-laken-junior-mares-dark\/#primaryimage\"},\"thumbnailUrl\":\"https:\/\/babylove.se\/no\/wp-content\/uploads\/sites\/3\/2025\/07\/62028398232c7.jpeg\",\"datePublished\":\"2025-07-18T23:29:07+00:00\",\"dateModified\":\"2026-04-08T10:56:44+00:00\",\"breadcrumb\":{\"@id\":\"https:\/\/babylove.se\/no\/produkt\/garbo-friends-dra-pa-laken-junior-mares-dark\/#breadcrumb\"},\"inLanguage\":\"nb-NO\",\"potentialAction\":[{\"@type\":\"ReadAction\",\"target\":[\"https:\/\/babylove.se\/no\/produkt\/garbo-friends-dra-pa-laken-junior-mares-dark\/\"]}]},{\"@type\":\"ImageObject\",\"inLanguage\":\"nb-NO\",\"@id\":\"https:\/\/babylove.se\/no\/produkt\/garbo-friends-dra-pa-laken-junior-mares-dark\/#primaryimage\",\"url\":\"https:\/\/babylove.se\/no\/wp-content\/uploads\/sites\/3\/2025\/07\/62028398232c7.jpeg\",\"contentUrl\":\"https:\/\/babylove.se\/no\/wp-content\/uploads\/sites\/3\/2025\/07\/62028398232c7.jpeg\",\"width\":1264,\"height\":1234},{\"@type\":\"BreadcrumbList\",\"@id\":\"https:\/\/babylove.se\/no\/produkt\/garbo-friends-dra-pa-laken-junior-mares-dark\/#breadcrumb\",\"itemListElement\":[{\"@type\":\"ListItem\",\"position\":1,\"name\":\"Hem\",\"item\":\"https:\/\/babylove.se\/no\/\"},{\"@type\":\"ListItem\",\"position\":2,\"name\":\"Butik\",\"item\":\"https:\/\/babylove.se\/no\/butik\/\"},{\"@type\":\"ListItem\",\"position\":3,\"name\":\"Garbo &#038; Friends, p\u00e5trekkslaken junior, Mares dark\"}]},{\"@type\":\"WebSite\",\"@id\":\"https:\/\/babylove.se\/no\/#website\",\"url\":\"https:\/\/babylove.se\/no\/\",\"name\":\"Babylove Norska\",\"description\":\"\",\"potentialAction\":[{\"@type\":\"SearchAction\",\"target\":{\"@type\":\"EntryPoint\",\"urlTemplate\":\"https:\/\/babylove.se\/no\/?s={search_term_string}\"},\"query-input\":{\"@type\":\"PropertyValueSpecification\",\"valueRequired\":true,\"valueName\":\"search_term_string\"}}],\"inLanguage\":\"nb-NO\"}]}<\/script>\n<meta property=\"product:brand\" content=\"Garbo&amp;friends\" \/>\n<meta property=\"og:availability\" content=\"instock\" \/>\n<meta property=\"product:availability\" content=\"instock\" \/>\n<meta property=\"product:retailer_item_id\" content=\"GOF_junior_Mare_dark\" \/>\n<meta property=\"product:condition\" content=\"new\" \/>\n<!-- \/ Yoast SEO Premium plugin. -->","yoast_head_json":{"title":"Garbo & Friends, p\u00e5trekkslaken junior, Mares dark - Babylove Norska","robots":{"index":"noindex","follow":"follow","max-snippet":"max-snippet:-1","max-image-preview":"max-image-preview:large","max-video-preview":"max-video-preview:-1"},"og_locale":"nb_NO","og_type":"article","og_title":"Garbo & Friends, p\u00e5trekkslaken junior, Mares dark","og_description":"Et fantastisk fint str\u00f8kent laken som legger det lille ekstra til barneroms-innredningen din! Designet av det popul\u00e6re merket Garbo &amp; Friends. Laget av organisk bomullspercale med h\u00f8y tr\u00e5dtetthet (200 tc) som garanterer en god s\u00f8vn for de minste fra f\u00f8rste kveld. De elastiske kantene gj\u00f8r at lakenet er lett \u00e5 sette p\u00e5 og at det [&hellip;]","og_url":"https:\/\/babylove.se\/no\/produkt\/garbo-friends-dra-pa-laken-junior-mares-dark\/","og_site_name":"Babylove Norska","article_modified_time":"2026-04-08T10:56:44+00:00","og_image":[{"width":1264,"height":1234,"url":"https:\/\/babylove.se\/no\/wp-content\/uploads\/sites\/3\/2025\/07\/62028398232c7.jpeg","type":"image\/webp"}],"twitter_card":"summary_large_image","twitter_misc":{"Availability":"In stock"},"schema":{"@context":"https:\/\/schema.org","@graph":[{"@type":"WebPage","@id":"https:\/\/babylove.se\/no\/produkt\/garbo-friends-dra-pa-laken-junior-mares-dark\/","url":"https:\/\/babylove.se\/no\/produkt\/garbo-friends-dra-pa-laken-junior-mares-dark\/","name":"Garbo & Friends, p\u00e5trekkslaken junior, Mares dark - Babylove Norska","isPartOf":{"@id":"https:\/\/babylove.se\/no\/#website"},"primaryImageOfPage":{"@id":"https:\/\/babylove.se\/no\/produkt\/garbo-friends-dra-pa-laken-junior-mares-dark\/#primaryimage"},"image":{"@id":"https:\/\/babylove.se\/no\/produkt\/garbo-friends-dra-pa-laken-junior-mares-dark\/#primaryimage"},"thumbnailUrl":"https:\/\/babylove.se\/no\/wp-content\/uploads\/sites\/3\/2025\/07\/62028398232c7.jpeg","datePublished":"2025-07-18T23:29:07+00:00","dateModified":"2026-04-08T10:56:44+00:00","breadcrumb":{"@id":"https:\/\/babylove.se\/no\/produkt\/garbo-friends-dra-pa-laken-junior-mares-dark\/#breadcrumb"},"inLanguage":"nb-NO","potentialAction":[{"@type":"ReadAction","target":["https:\/\/babylove.se\/no\/produkt\/garbo-friends-dra-pa-laken-junior-mares-dark\/"]}]},{"@type":"ImageObject","inLanguage":"nb-NO","@id":"https:\/\/babylove.se\/no\/produkt\/garbo-friends-dra-pa-laken-junior-mares-dark\/#primaryimage","url":"https:\/\/babylove.se\/no\/wp-content\/uploads\/sites\/3\/2025\/07\/62028398232c7.jpeg","contentUrl":"https:\/\/babylove.se\/no\/wp-content\/uploads\/sites\/3\/2025\/07\/62028398232c7.jpeg","width":1264,"height":1234},{"@type":"BreadcrumbList","@id":"https:\/\/babylove.se\/no\/produkt\/garbo-friends-dra-pa-laken-junior-mares-dark\/#breadcrumb","itemListElement":[{"@type":"ListItem","position":1,"name":"Hem","item":"https:\/\/babylove.se\/no\/"},{"@type":"ListItem","position":2,"name":"Butik","item":"https:\/\/babylove.se\/no\/butik\/"},{"@type":"ListItem","position":3,"name":"Garbo &#038; Friends, p\u00e5trekkslaken junior, Mares dark"}]},{"@type":"WebSite","@id":"https:\/\/babylove.se\/no\/#website","url":"https:\/\/babylove.se\/no\/","name":"Babylove Norska","description":"","potentialAction":[{"@type":"SearchAction","target":{"@type":"EntryPoint","urlTemplate":"https:\/\/babylove.se\/no\/?s={search_term_string}"},"query-input":{"@type":"PropertyValueSpecification","valueRequired":true,"valueName":"search_term_string"}}],"inLanguage":"nb-NO"}]},"product_brand":"Garbo&amp;friends","og_availability":"instock","product_availability":"instock","product_retailer_item_id":"GOF_junior_Mare_dark","product_condition":"new"},"_links":{"self":[{"href":"https:\/\/babylove.se\/no\/wp-json\/wp\/v2\/product\/31988","targetHints":{"allow":["GET"]}}],"collection":[{"href":"https:\/\/babylove.se\/no\/wp-json\/wp\/v2\/product"}],"about":[{"href":"https:\/\/babylove.se\/no\/wp-json\/wp\/v2\/types\/product"}],"replies":[{"embeddable":true,"href":"https:\/\/babylove.se\/no\/wp-json\/wp\/v2\/comments?post=31988"}],"wp:featuredmedia":[{"embeddable":true,"href":"https:\/\/babylove.se\/no\/wp-json\/wp\/v2\/media\/31990"}],"wp:attachment":[{"href":"https:\/\/babylove.se\/no\/wp-json\/wp\/v2\/media?parent=31988"}],"wp:term":[{"taxonomy":"product_brand","embeddable":true,"href":"https:\/\/babylove.se\/no\/wp-json\/wp\/v2\/product_brand?post=31988"},{"taxonomy":"product_cat","embeddable":true,"href":"https:\/\/babylove.se\/no\/wp-json\/wp\/v2\/product_cat?post=31988"},{"taxonomy":"product_tag","embeddable":true,"href":"https:\/\/babylove.se\/no\/wp-json\/wp\/v2\/product_tag?post=31988"}],"curies":[{"name":"wp","href":"https:\/\/api.w.org\/{rel}","templated":true}]}}