{"id":32007,"date":"2025-07-19T00:29:27","date_gmt":"2025-07-18T23:29:27","guid":{"rendered":"https:\/\/babylove.se\/produkt\/garbo-friends-dra-pa-lakan-i-muslin-junior-rosemary\/"},"modified":"2026-04-08T11:56:54","modified_gmt":"2026-04-08T10:56:54","slug":"garbo-friends-dra-pa-laken-i-muslin-junior-rosemary","status":"publish","type":"product","link":"https:\/\/babylove.se\/no\/produkt\/garbo-friends-dra-pa-laken-i-muslin-junior-rosemary\/","title":{"rendered":"Garbo &#038; Friends, p\u00e5trekkslaken i muslin junior, Rosemary"},"content":{"rendered":"<p>Et fantastisk fint dra-p\u00e5-laken som legger til det lille ekstra til barnerommets innredning! Designet av det popul\u00e6re merket Garbo &amp; Friends. <\/p>\n<p>Laget av organisk bomullsmuslin som garanterer en god s\u00f8vn for de minste fra f\u00f8rste kveld. Stoffet blir bare mykere for hver vask. <\/p>\n<p>De elastiske kantene gj\u00f8r at lakenet er lett \u00e5 sette p\u00e5 og at det holder seg p\u00e5 plass gjennom natten. Tilpasset sprinkelsenger og barnesenger med madrassm\u00e5l p\u00e5 120&#215;60 cm eller 70&#215;140 cm. <\/p>\n<p>Finnes i to st\u00f8rrelser: <\/p>\n<ul>\n<li>60 x 120 x 20 cm<\/li>\n<li>70 x 140 x 20 cm<\/li>\n<\/ul>\n<p><strong>Materiale<\/strong>: 100%  OEKO-TEX\u00ae-sertifisert bomullsmuslin. <\/p>\n<p>Vaskeanvisning: ? Vask ut og inn i 40\u00b0C med lav sentrifugering ?T\u00f8rketromles i full trommel ? Blekemiddel m\u00e5 ikke brukes <\/p>\n<p>Designer: <a href=\"https:\/\/babylove.se\/varumarken\/garbo-friends\">Garbo &amp; Friends<\/a><\/p>\n","protected":false},"excerpt":{"rendered":"<p>Et fantastisk fint dra-p\u00e5-laken som legger til det lille ekstra til barnerommets innredning! Designet av det popul\u00e6re merket Garbo &amp; Friends. Laget av organisk bomullsmuslin som garanterer en god s\u00f8vn for de minste fra f\u00f8rste kveld. Stoffet blir bare mykere for hver vask. De elastiske kantene gj\u00f8r at lakenet er lett \u00e5 sette p\u00e5 og [&hellip;]<\/p>\n","protected":false},"featured_media":32009,"comment_status":"open","ping_status":"closed","template":"","meta":{"_acf_changed":false},"product_brand":[1077],"product_cat":[39,110,1078,185,40,119],"product_tag":[1709],"class_list":{"0":"post-32007","1":"product","2":"type-product","3":"status-publish","4":"has-post-thumbnail","6":"product_brand-garbofriends","7":"product_cat-barnesangklaer","8":"product_cat-cyber-monday","9":"product_cat-garbo-friends","10":"product_cat-skog","11":"product_cat-soverom-barn","12":"product_cat-underlaken","13":"product_tag-utforsalg","14":"pa_storlek-60x120cm","15":"pa_storlek-70x140cm","17":"first","18":"instock","19":"taxable","20":"shipping-taxable","21":"purchasable","22":"product-type-variable"},"acf":[],"yoast_head":"<!-- This site is optimized with the Yoast SEO Premium plugin v25.8 (Yoast SEO v27.2) - https:\/\/yoast.com\/product\/yoast-seo-premium-wordpress\/ -->\n<title>Garbo &amp; Friends, p\u00e5trekkslaken i muslin junior, Rosemary - Babylove Norska<\/title>\n<meta name=\"robots\" content=\"noindex, follow, max-snippet:-1, max-image-preview:large, max-video-preview:-1\" \/>\n<meta property=\"og:locale\" content=\"nb_NO\" \/>\n<meta property=\"og:type\" content=\"article\" \/>\n<meta property=\"og:title\" content=\"Garbo &amp; Friends, p\u00e5trekkslaken i muslin junior, Rosemary\" \/>\n<meta property=\"og:description\" content=\"Et fantastisk fint dra-p\u00e5-laken som legger til det lille ekstra til barnerommets innredning! Designet av det popul\u00e6re merket Garbo &amp; Friends. Laget av organisk bomullsmuslin som garanterer en god s\u00f8vn for de minste fra f\u00f8rste kveld. Stoffet blir bare mykere for hver vask. De elastiske kantene gj\u00f8r at lakenet er lett \u00e5 sette p\u00e5 og [&hellip;]\" \/>\n<meta property=\"og:url\" content=\"https:\/\/babylove.se\/no\/produkt\/garbo-friends-dra-pa-laken-i-muslin-junior-rosemary\/\" \/>\n<meta property=\"og:site_name\" content=\"Babylove Norska\" \/>\n<meta property=\"article:modified_time\" content=\"2026-04-08T10:56:54+00:00\" \/>\n<meta property=\"og:image\" content=\"https:\/\/babylove.se\/no\/wp-content\/uploads\/sites\/3\/2025\/07\/6202881d7ccca.jpeg\" \/>\n\t<meta property=\"og:image:width\" content=\"600\" \/>\n\t<meta property=\"og:image:height\" content=\"600\" \/>\n\t<meta property=\"og:image:type\" content=\"image\/jpeg\" \/>\n<meta name=\"twitter:card\" content=\"summary_large_image\" \/>\n<meta name=\"twitter:label1\" content=\"Availability\" \/>\n\t<meta name=\"twitter:data1\" content=\"In stock\" \/>\n<script type=\"application\/ld+json\" class=\"yoast-schema-graph\">{\"@context\":\"https:\/\/schema.org\",\"@graph\":[{\"@type\":\"WebPage\",\"@id\":\"https:\/\/babylove.se\/no\/produkt\/garbo-friends-dra-pa-laken-i-muslin-junior-rosemary\/\",\"url\":\"https:\/\/babylove.se\/no\/produkt\/garbo-friends-dra-pa-laken-i-muslin-junior-rosemary\/\",\"name\":\"Garbo & Friends, p\u00e5trekkslaken i muslin junior, Rosemary - Babylove Norska\",\"isPartOf\":{\"@id\":\"https:\/\/babylove.se\/no\/#website\"},\"primaryImageOfPage\":{\"@id\":\"https:\/\/babylove.se\/no\/produkt\/garbo-friends-dra-pa-laken-i-muslin-junior-rosemary\/#primaryimage\"},\"image\":{\"@id\":\"https:\/\/babylove.se\/no\/produkt\/garbo-friends-dra-pa-laken-i-muslin-junior-rosemary\/#primaryimage\"},\"thumbnailUrl\":\"https:\/\/babylove.se\/no\/wp-content\/uploads\/sites\/3\/2025\/07\/6202881d7ccca.jpeg\",\"datePublished\":\"2025-07-18T23:29:27+00:00\",\"dateModified\":\"2026-04-08T10:56:54+00:00\",\"breadcrumb\":{\"@id\":\"https:\/\/babylove.se\/no\/produkt\/garbo-friends-dra-pa-laken-i-muslin-junior-rosemary\/#breadcrumb\"},\"inLanguage\":\"nb-NO\",\"potentialAction\":[{\"@type\":\"ReadAction\",\"target\":[\"https:\/\/babylove.se\/no\/produkt\/garbo-friends-dra-pa-laken-i-muslin-junior-rosemary\/\"]}]},{\"@type\":\"ImageObject\",\"inLanguage\":\"nb-NO\",\"@id\":\"https:\/\/babylove.se\/no\/produkt\/garbo-friends-dra-pa-laken-i-muslin-junior-rosemary\/#primaryimage\",\"url\":\"https:\/\/babylove.se\/no\/wp-content\/uploads\/sites\/3\/2025\/07\/6202881d7ccca.jpeg\",\"contentUrl\":\"https:\/\/babylove.se\/no\/wp-content\/uploads\/sites\/3\/2025\/07\/6202881d7ccca.jpeg\",\"width\":600,\"height\":600},{\"@type\":\"BreadcrumbList\",\"@id\":\"https:\/\/babylove.se\/no\/produkt\/garbo-friends-dra-pa-laken-i-muslin-junior-rosemary\/#breadcrumb\",\"itemListElement\":[{\"@type\":\"ListItem\",\"position\":1,\"name\":\"Hem\",\"item\":\"https:\/\/babylove.se\/no\/\"},{\"@type\":\"ListItem\",\"position\":2,\"name\":\"Butik\",\"item\":\"https:\/\/babylove.se\/no\/butik\/\"},{\"@type\":\"ListItem\",\"position\":3,\"name\":\"Garbo &#038; Friends, p\u00e5trekkslaken i muslin junior, Rosemary\"}]},{\"@type\":\"WebSite\",\"@id\":\"https:\/\/babylove.se\/no\/#website\",\"url\":\"https:\/\/babylove.se\/no\/\",\"name\":\"Babylove Norska\",\"description\":\"\",\"potentialAction\":[{\"@type\":\"SearchAction\",\"target\":{\"@type\":\"EntryPoint\",\"urlTemplate\":\"https:\/\/babylove.se\/no\/?s={search_term_string}\"},\"query-input\":{\"@type\":\"PropertyValueSpecification\",\"valueRequired\":true,\"valueName\":\"search_term_string\"}}],\"inLanguage\":\"nb-NO\"}]}<\/script>\n<meta property=\"product:brand\" content=\"Garbo&amp;friends\" \/>\n<meta property=\"og:availability\" content=\"instock\" \/>\n<meta property=\"product:availability\" content=\"instock\" \/>\n<meta property=\"product:retailer_item_id\" content=\"muslin_junior_Rosemary\" \/>\n<meta property=\"product:condition\" content=\"new\" \/>\n<!-- \/ Yoast SEO Premium plugin. -->","yoast_head_json":{"title":"Garbo & Friends, p\u00e5trekkslaken i muslin junior, Rosemary - Babylove Norska","robots":{"index":"noindex","follow":"follow","max-snippet":"max-snippet:-1","max-image-preview":"max-image-preview:large","max-video-preview":"max-video-preview:-1"},"og_locale":"nb_NO","og_type":"article","og_title":"Garbo & Friends, p\u00e5trekkslaken i muslin junior, Rosemary","og_description":"Et fantastisk fint dra-p\u00e5-laken som legger til det lille ekstra til barnerommets innredning! Designet av det popul\u00e6re merket Garbo &amp; Friends. Laget av organisk bomullsmuslin som garanterer en god s\u00f8vn for de minste fra f\u00f8rste kveld. Stoffet blir bare mykere for hver vask. De elastiske kantene gj\u00f8r at lakenet er lett \u00e5 sette p\u00e5 og [&hellip;]","og_url":"https:\/\/babylove.se\/no\/produkt\/garbo-friends-dra-pa-laken-i-muslin-junior-rosemary\/","og_site_name":"Babylove Norska","article_modified_time":"2026-04-08T10:56:54+00:00","og_image":[{"width":600,"height":600,"url":"https:\/\/babylove.se\/no\/wp-content\/uploads\/sites\/3\/2025\/07\/6202881d7ccca.jpeg","type":"image\/jpeg"}],"twitter_card":"summary_large_image","twitter_misc":{"Availability":"In stock"},"schema":{"@context":"https:\/\/schema.org","@graph":[{"@type":"WebPage","@id":"https:\/\/babylove.se\/no\/produkt\/garbo-friends-dra-pa-laken-i-muslin-junior-rosemary\/","url":"https:\/\/babylove.se\/no\/produkt\/garbo-friends-dra-pa-laken-i-muslin-junior-rosemary\/","name":"Garbo & Friends, p\u00e5trekkslaken i muslin junior, Rosemary - Babylove Norska","isPartOf":{"@id":"https:\/\/babylove.se\/no\/#website"},"primaryImageOfPage":{"@id":"https:\/\/babylove.se\/no\/produkt\/garbo-friends-dra-pa-laken-i-muslin-junior-rosemary\/#primaryimage"},"image":{"@id":"https:\/\/babylove.se\/no\/produkt\/garbo-friends-dra-pa-laken-i-muslin-junior-rosemary\/#primaryimage"},"thumbnailUrl":"https:\/\/babylove.se\/no\/wp-content\/uploads\/sites\/3\/2025\/07\/6202881d7ccca.jpeg","datePublished":"2025-07-18T23:29:27+00:00","dateModified":"2026-04-08T10:56:54+00:00","breadcrumb":{"@id":"https:\/\/babylove.se\/no\/produkt\/garbo-friends-dra-pa-laken-i-muslin-junior-rosemary\/#breadcrumb"},"inLanguage":"nb-NO","potentialAction":[{"@type":"ReadAction","target":["https:\/\/babylove.se\/no\/produkt\/garbo-friends-dra-pa-laken-i-muslin-junior-rosemary\/"]}]},{"@type":"ImageObject","inLanguage":"nb-NO","@id":"https:\/\/babylove.se\/no\/produkt\/garbo-friends-dra-pa-laken-i-muslin-junior-rosemary\/#primaryimage","url":"https:\/\/babylove.se\/no\/wp-content\/uploads\/sites\/3\/2025\/07\/6202881d7ccca.jpeg","contentUrl":"https:\/\/babylove.se\/no\/wp-content\/uploads\/sites\/3\/2025\/07\/6202881d7ccca.jpeg","width":600,"height":600},{"@type":"BreadcrumbList","@id":"https:\/\/babylove.se\/no\/produkt\/garbo-friends-dra-pa-laken-i-muslin-junior-rosemary\/#breadcrumb","itemListElement":[{"@type":"ListItem","position":1,"name":"Hem","item":"https:\/\/babylove.se\/no\/"},{"@type":"ListItem","position":2,"name":"Butik","item":"https:\/\/babylove.se\/no\/butik\/"},{"@type":"ListItem","position":3,"name":"Garbo &#038; Friends, p\u00e5trekkslaken i muslin junior, Rosemary"}]},{"@type":"WebSite","@id":"https:\/\/babylove.se\/no\/#website","url":"https:\/\/babylove.se\/no\/","name":"Babylove Norska","description":"","potentialAction":[{"@type":"SearchAction","target":{"@type":"EntryPoint","urlTemplate":"https:\/\/babylove.se\/no\/?s={search_term_string}"},"query-input":{"@type":"PropertyValueSpecification","valueRequired":true,"valueName":"search_term_string"}}],"inLanguage":"nb-NO"}]},"product_brand":"Garbo&amp;friends","og_availability":"instock","product_availability":"instock","product_retailer_item_id":"muslin_junior_Rosemary","product_condition":"new"},"_links":{"self":[{"href":"https:\/\/babylove.se\/no\/wp-json\/wp\/v2\/product\/32007","targetHints":{"allow":["GET"]}}],"collection":[{"href":"https:\/\/babylove.se\/no\/wp-json\/wp\/v2\/product"}],"about":[{"href":"https:\/\/babylove.se\/no\/wp-json\/wp\/v2\/types\/product"}],"replies":[{"embeddable":true,"href":"https:\/\/babylove.se\/no\/wp-json\/wp\/v2\/comments?post=32007"}],"wp:featuredmedia":[{"embeddable":true,"href":"https:\/\/babylove.se\/no\/wp-json\/wp\/v2\/media\/32009"}],"wp:attachment":[{"href":"https:\/\/babylove.se\/no\/wp-json\/wp\/v2\/media?parent=32007"}],"wp:term":[{"taxonomy":"product_brand","embeddable":true,"href":"https:\/\/babylove.se\/no\/wp-json\/wp\/v2\/product_brand?post=32007"},{"taxonomy":"product_cat","embeddable":true,"href":"https:\/\/babylove.se\/no\/wp-json\/wp\/v2\/product_cat?post=32007"},{"taxonomy":"product_tag","embeddable":true,"href":"https:\/\/babylove.se\/no\/wp-json\/wp\/v2\/product_tag?post=32007"}],"curies":[{"name":"wp","href":"https:\/\/api.w.org\/{rel}","templated":true}]}}