{"id":3201,"date":"2025-07-18T20:14:02","date_gmt":"2025-07-18T19:14:02","guid":{"rendered":"https:\/\/babylove.se\/produkt\/snuttefilt-muslin-bambu-botanic-pink-no-more-2-pack\/"},"modified":"2026-04-08T07:58:05","modified_gmt":"2026-04-08T06:58:05","slug":"snuttefilt-muslin-bambu-botanic-pink-no-more-2-pack","status":"publish","type":"product","link":"https:\/\/babylove.se\/no\/produkt\/snuttefilt-muslin-bambu-botanic-pink-no-more-2-pack\/","title":{"rendered":"Smokefilt muslin-bambus, botanic, Pink No More &#8211; 2-pack"},"content":{"rendered":"<p>Oppskriften p\u00e5 det perfekte kosekletet? Ved \u00e5 kombinere myk bomullsfiber og bambus, skaper man det optimale kosekletet. Fargevalgene er barnesikre og teppet utrolig koselig \u00e5 ha n\u00e6r seg. B\u00e5de barnet og foreldrene kommer til \u00e5 elske disse magiske kosekletene.&nbsp;<\/p>\n<p><strong>Materiale<\/strong>: 60 % bomull og 40 % bambus.&nbsp;<\/p>\n<p><strong>M\u00e5l<\/strong>: 75 x 75 centimeter. Kommer i sett med to kosekluter.<\/p>\n<p>T\u00e5ler maskinvask i opptil 40 grader.<\/p>\n<p>Designer: <a href=\"https:\/\/babylove.se\/varumarken\/pink-no-more\"><u>Pink No More<\/u><\/a><\/p>\n","protected":false},"excerpt":{"rendered":"<p>Oppskriften p\u00e5 det perfekte kosekletet? Ved \u00e5 kombinere myk bomullsfiber og bambus, skaper man det optimale kosekletet. Fargevalgene er barnesikre og teppet utrolig koselig \u00e5 ha n\u00e6r seg. B\u00e5de barnet og foreldrene kommer til \u00e5 elske disse magiske kosekletene.&nbsp; Materiale: 60 % bomull og 40 % bambus.&nbsp; M\u00e5l: 75 x 75 centimeter. Kommer i sett [&hellip;]<\/p>\n","protected":false},"featured_media":3203,"comment_status":"closed","ping_status":"open","template":"","meta":{"_acf_changed":false},"product_brand":[187],"product_cat":[188,49],"product_tag":[],"class_list":{"0":"post-3201","1":"product","2":"type-product","3":"status-publish","4":"has-post-thumbnail","6":"product_brand-pink-no-more","7":"product_cat-pink-no-more","8":"product_cat-snutetepper","10":"first","11":"outofstock","12":"taxable","13":"shipping-taxable","14":"purchasable","15":"product-type-simple"},"acf":[],"yoast_head":"<!-- This site is optimized with the Yoast SEO Premium plugin v25.8 (Yoast SEO v27.2) - https:\/\/yoast.com\/product\/yoast-seo-premium-wordpress\/ -->\n<title>Smokefilt muslin-bambus, botanic, Pink No More - 2-pack - Babylove Norska<\/title>\n<meta name=\"description\" content=\"Receptet f\u00f6r den perfekta snuttefliten? Genom att kombinera mjuk bomullsfiber och bambu, skapar men den optimala snuttefilten - skickas inom 24h - babylove\" \/>\n<meta name=\"robots\" content=\"noindex, follow, max-snippet:-1, max-image-preview:large, max-video-preview:-1\" \/>\n<meta property=\"og:locale\" content=\"nb_NO\" \/>\n<meta property=\"og:type\" content=\"article\" \/>\n<meta property=\"og:title\" content=\"Smokefilt muslin-bambus, botanic, Pink No More - 2-pack\" \/>\n<meta property=\"og:description\" content=\"Receptet f\u00f6r den perfekta snuttefliten? Genom att kombinera mjuk bomullsfiber och bambu, skapar men den optimala snuttefilten - skickas inom 24h - babylove\" \/>\n<meta property=\"og:url\" content=\"https:\/\/babylove.se\/no\/produkt\/snuttefilt-muslin-bambu-botanic-pink-no-more-2-pack\/\" \/>\n<meta property=\"og:site_name\" content=\"Babylove Norska\" \/>\n<meta property=\"article:modified_time\" content=\"2026-04-08T06:58:05+00:00\" \/>\n<meta property=\"og:image\" content=\"https:\/\/babylove.se\/no\/wp-content\/uploads\/sites\/3\/2025\/07\/552-14945906909.jpeg\" \/>\n\t<meta property=\"og:image:width\" content=\"500\" \/>\n\t<meta property=\"og:image:height\" content=\"750\" \/>\n\t<meta property=\"og:image:type\" content=\"image\/jpeg\" \/>\n<meta name=\"twitter:card\" content=\"summary_large_image\" \/>\n<meta name=\"twitter:label1\" content=\"Price\" \/>\n\t<meta name=\"twitter:data1\" content=\"249,00&nbsp;&#107;&#114;\" \/>\n\t<meta name=\"twitter:label2\" content=\"Availability\" \/>\n\t<meta name=\"twitter:data2\" content=\"Out of stock\" \/>\n<script type=\"application\/ld+json\" class=\"yoast-schema-graph\">{\"@context\":\"https:\/\/schema.org\",\"@graph\":[{\"@type\":\"WebPage\",\"@id\":\"https:\/\/babylove.se\/no\/produkt\/snuttefilt-muslin-bambu-botanic-pink-no-more-2-pack\/\",\"url\":\"https:\/\/babylove.se\/no\/produkt\/snuttefilt-muslin-bambu-botanic-pink-no-more-2-pack\/\",\"name\":\"Smokefilt muslin-bambus, botanic, Pink No More - 2-pack - Babylove Norska\",\"isPartOf\":{\"@id\":\"https:\/\/babylove.se\/no\/#website\"},\"primaryImageOfPage\":{\"@id\":\"https:\/\/babylove.se\/no\/produkt\/snuttefilt-muslin-bambu-botanic-pink-no-more-2-pack\/#primaryimage\"},\"image\":{\"@id\":\"https:\/\/babylove.se\/no\/produkt\/snuttefilt-muslin-bambu-botanic-pink-no-more-2-pack\/#primaryimage\"},\"thumbnailUrl\":\"https:\/\/babylove.se\/no\/wp-content\/uploads\/sites\/3\/2025\/07\/552-14945906909.jpeg\",\"datePublished\":\"2025-07-18T19:14:02+00:00\",\"dateModified\":\"2026-04-08T06:58:05+00:00\",\"description\":\"Receptet f\u00f6r den perfekta snuttefliten? Genom att kombinera mjuk bomullsfiber och bambu, skapar men den optimala snuttefilten - skickas inom 24h - babylove\",\"breadcrumb\":{\"@id\":\"https:\/\/babylove.se\/no\/produkt\/snuttefilt-muslin-bambu-botanic-pink-no-more-2-pack\/#breadcrumb\"},\"inLanguage\":\"nb-NO\",\"potentialAction\":[{\"@type\":\"ReadAction\",\"target\":[\"https:\/\/babylove.se\/no\/produkt\/snuttefilt-muslin-bambu-botanic-pink-no-more-2-pack\/\"]}]},{\"@type\":\"ImageObject\",\"inLanguage\":\"nb-NO\",\"@id\":\"https:\/\/babylove.se\/no\/produkt\/snuttefilt-muslin-bambu-botanic-pink-no-more-2-pack\/#primaryimage\",\"url\":\"https:\/\/babylove.se\/no\/wp-content\/uploads\/sites\/3\/2025\/07\/552-14945906909.jpeg\",\"contentUrl\":\"https:\/\/babylove.se\/no\/wp-content\/uploads\/sites\/3\/2025\/07\/552-14945906909.jpeg\",\"width\":500,\"height\":750},{\"@type\":\"BreadcrumbList\",\"@id\":\"https:\/\/babylove.se\/no\/produkt\/snuttefilt-muslin-bambu-botanic-pink-no-more-2-pack\/#breadcrumb\",\"itemListElement\":[{\"@type\":\"ListItem\",\"position\":1,\"name\":\"Hem\",\"item\":\"https:\/\/babylove.se\/no\/\"},{\"@type\":\"ListItem\",\"position\":2,\"name\":\"Butik\",\"item\":\"https:\/\/babylove.se\/no\/butik\/\"},{\"@type\":\"ListItem\",\"position\":3,\"name\":\"Smokefilt muslin-bambus, botanic, Pink No More &#8211; 2-pack\"}]},{\"@type\":\"WebSite\",\"@id\":\"https:\/\/babylove.se\/no\/#website\",\"url\":\"https:\/\/babylove.se\/no\/\",\"name\":\"Babylove Norska\",\"description\":\"\",\"potentialAction\":[{\"@type\":\"SearchAction\",\"target\":{\"@type\":\"EntryPoint\",\"urlTemplate\":\"https:\/\/babylove.se\/no\/?s={search_term_string}\"},\"query-input\":{\"@type\":\"PropertyValueSpecification\",\"valueRequired\":true,\"valueName\":\"search_term_string\"}}],\"inLanguage\":\"nb-NO\"}]}<\/script>\n<meta property=\"product:brand\" content=\"Pink No more\" \/>\n<meta property=\"product:price:amount\" content=\"249.00\" \/>\n<meta property=\"product:price:currency\" content=\"SEK\" \/>\n<meta property=\"og:availability\" content=\"out of stock\" \/>\n<meta property=\"product:availability\" content=\"out of stock\" \/>\n<meta property=\"product:retailer_item_id\" content=\"1168\" \/>\n<meta property=\"product:condition\" content=\"new\" \/>\n<!-- \/ Yoast SEO Premium plugin. -->","yoast_head_json":{"title":"Smokefilt muslin-bambus, botanic, Pink No More - 2-pack - Babylove Norska","description":"Receptet f\u00f6r den perfekta snuttefliten? Genom att kombinera mjuk bomullsfiber och bambu, skapar men den optimala snuttefilten - skickas inom 24h - babylove","robots":{"index":"noindex","follow":"follow","max-snippet":"max-snippet:-1","max-image-preview":"max-image-preview:large","max-video-preview":"max-video-preview:-1"},"og_locale":"nb_NO","og_type":"article","og_title":"Smokefilt muslin-bambus, botanic, Pink No More - 2-pack","og_description":"Receptet f\u00f6r den perfekta snuttefliten? Genom att kombinera mjuk bomullsfiber och bambu, skapar men den optimala snuttefilten - skickas inom 24h - babylove","og_url":"https:\/\/babylove.se\/no\/produkt\/snuttefilt-muslin-bambu-botanic-pink-no-more-2-pack\/","og_site_name":"Babylove Norska","article_modified_time":"2026-04-08T06:58:05+00:00","og_image":[{"width":500,"height":750,"url":"https:\/\/babylove.se\/no\/wp-content\/uploads\/sites\/3\/2025\/07\/552-14945906909.jpeg","type":"image\/jpeg"}],"twitter_card":"summary_large_image","twitter_misc":{"Price":"249,00&nbsp;&#107;&#114;","Availability":"Out of stock"},"schema":{"@context":"https:\/\/schema.org","@graph":[{"@type":"WebPage","@id":"https:\/\/babylove.se\/no\/produkt\/snuttefilt-muslin-bambu-botanic-pink-no-more-2-pack\/","url":"https:\/\/babylove.se\/no\/produkt\/snuttefilt-muslin-bambu-botanic-pink-no-more-2-pack\/","name":"Smokefilt muslin-bambus, botanic, Pink No More - 2-pack - Babylove Norska","isPartOf":{"@id":"https:\/\/babylove.se\/no\/#website"},"primaryImageOfPage":{"@id":"https:\/\/babylove.se\/no\/produkt\/snuttefilt-muslin-bambu-botanic-pink-no-more-2-pack\/#primaryimage"},"image":{"@id":"https:\/\/babylove.se\/no\/produkt\/snuttefilt-muslin-bambu-botanic-pink-no-more-2-pack\/#primaryimage"},"thumbnailUrl":"https:\/\/babylove.se\/no\/wp-content\/uploads\/sites\/3\/2025\/07\/552-14945906909.jpeg","datePublished":"2025-07-18T19:14:02+00:00","dateModified":"2026-04-08T06:58:05+00:00","description":"Receptet f\u00f6r den perfekta snuttefliten? Genom att kombinera mjuk bomullsfiber och bambu, skapar men den optimala snuttefilten - skickas inom 24h - babylove","breadcrumb":{"@id":"https:\/\/babylove.se\/no\/produkt\/snuttefilt-muslin-bambu-botanic-pink-no-more-2-pack\/#breadcrumb"},"inLanguage":"nb-NO","potentialAction":[{"@type":"ReadAction","target":["https:\/\/babylove.se\/no\/produkt\/snuttefilt-muslin-bambu-botanic-pink-no-more-2-pack\/"]}]},{"@type":"ImageObject","inLanguage":"nb-NO","@id":"https:\/\/babylove.se\/no\/produkt\/snuttefilt-muslin-bambu-botanic-pink-no-more-2-pack\/#primaryimage","url":"https:\/\/babylove.se\/no\/wp-content\/uploads\/sites\/3\/2025\/07\/552-14945906909.jpeg","contentUrl":"https:\/\/babylove.se\/no\/wp-content\/uploads\/sites\/3\/2025\/07\/552-14945906909.jpeg","width":500,"height":750},{"@type":"BreadcrumbList","@id":"https:\/\/babylove.se\/no\/produkt\/snuttefilt-muslin-bambu-botanic-pink-no-more-2-pack\/#breadcrumb","itemListElement":[{"@type":"ListItem","position":1,"name":"Hem","item":"https:\/\/babylove.se\/no\/"},{"@type":"ListItem","position":2,"name":"Butik","item":"https:\/\/babylove.se\/no\/butik\/"},{"@type":"ListItem","position":3,"name":"Smokefilt muslin-bambus, botanic, Pink No More &#8211; 2-pack"}]},{"@type":"WebSite","@id":"https:\/\/babylove.se\/no\/#website","url":"https:\/\/babylove.se\/no\/","name":"Babylove Norska","description":"","potentialAction":[{"@type":"SearchAction","target":{"@type":"EntryPoint","urlTemplate":"https:\/\/babylove.se\/no\/?s={search_term_string}"},"query-input":{"@type":"PropertyValueSpecification","valueRequired":true,"valueName":"search_term_string"}}],"inLanguage":"nb-NO"}]},"product_brand":"Pink No more","product_price_amount":"249.00","product_price_currency":"SEK","og_availability":"out of stock","product_availability":"out of stock","product_retailer_item_id":"1168","product_condition":"new"},"_links":{"self":[{"href":"https:\/\/babylove.se\/no\/wp-json\/wp\/v2\/product\/3201","targetHints":{"allow":["GET"]}}],"collection":[{"href":"https:\/\/babylove.se\/no\/wp-json\/wp\/v2\/product"}],"about":[{"href":"https:\/\/babylove.se\/no\/wp-json\/wp\/v2\/types\/product"}],"replies":[{"embeddable":true,"href":"https:\/\/babylove.se\/no\/wp-json\/wp\/v2\/comments?post=3201"}],"wp:featuredmedia":[{"embeddable":true,"href":"https:\/\/babylove.se\/no\/wp-json\/wp\/v2\/media\/3203"}],"wp:attachment":[{"href":"https:\/\/babylove.se\/no\/wp-json\/wp\/v2\/media?parent=3201"}],"wp:term":[{"taxonomy":"product_brand","embeddable":true,"href":"https:\/\/babylove.se\/no\/wp-json\/wp\/v2\/product_brand?post=3201"},{"taxonomy":"product_cat","embeddable":true,"href":"https:\/\/babylove.se\/no\/wp-json\/wp\/v2\/product_cat?post=3201"},{"taxonomy":"product_tag","embeddable":true,"href":"https:\/\/babylove.se\/no\/wp-json\/wp\/v2\/product_tag?post=3201"}],"curies":[{"name":"wp","href":"https:\/\/api.w.org\/{rel}","templated":true}]}}