{"id":32047,"date":"2025-07-19T00:29:47","date_gmt":"2025-07-18T23:29:47","guid":{"rendered":"https:\/\/babylove.se\/produkt\/garbo-friends-spjalsangsskydd-mares-dark\/"},"modified":"2026-04-08T11:57:10","modified_gmt":"2026-04-08T10:57:10","slug":"garbo-friends-spjeltesengbeskyttelse-mares-dark","status":"publish","type":"product","link":"https:\/\/babylove.se\/no\/produkt\/garbo-friends-spjeltesengbeskyttelse-mares-dark\/","title":{"rendered":"Garbo &#038; Friends, sengehest, Mares dark"},"content":{"rendered":"<p>Et klassisk spj\u00e4levern utformet i en moderne variant fra utrolig popul\u00e6re Garbo &amp; Friends! Spj\u00e4levernet festes med s\u00f8te fiskebeinsb\u00e5nd og er egnet for vogger, spj\u00e4lsenger og barnesenger med st\u00f8ttebrett med ribber.<\/p>\n<p>Laget av organisk bomullspercale med h\u00f8y tr\u00e5dtetthet (200 tc) som gj\u00f8r spj\u00e4levernet meget komfortabelt for barnet ditt \u00e5 hvile hodet p\u00e5..<\/p>\n<p><strong>M\u00e5l<\/strong>: 30 x 360 cm&nbsp;<\/p>\n<p><strong>Material<\/strong>: 100% <span>&nbsp;<\/span>OEKO-TEX\u00ae-Sertifisert bomullspercale.<\/p>\n<p>Vasker\u00e5d: ? Vask ut og inn i 40\u00b0C med lav sentrifugering <span>? Omform mens skummet er v\u00e5tt&nbsp;<\/span>? Ikke t\u00f8rketrommel <span>? Ikke blek<\/span><\/p>\n<p>Designer: <a href=\"https:\/\/babylove.se\/varumarken\/garbo-friends\">Garbo &amp; Friends<\/a><\/p>\n","protected":false},"excerpt":{"rendered":"<p>Et klassisk spj\u00e4levern utformet i en moderne variant fra utrolig popul\u00e6re Garbo &amp; Friends! Spj\u00e4levernet festes med s\u00f8te fiskebeinsb\u00e5nd og er egnet for vogger, spj\u00e4lsenger og barnesenger med st\u00f8ttebrett med ribber. Laget av organisk bomullspercale med h\u00f8y tr\u00e5dtetthet (200 tc) som gj\u00f8r spj\u00e4levernet meget komfortabelt for barnet ditt \u00e5 hvile hodet p\u00e5.. M\u00e5l: 30 x [&hellip;]<\/p>\n","protected":false},"featured_media":32049,"comment_status":"closed","ping_status":"open","template":"","meta":{"_acf_changed":false},"product_brand":[1077],"product_cat":[110,1078,136,108],"product_tag":[],"class_list":{"0":"post-32047","1":"product","2":"type-product","3":"status-publish","4":"has-post-thumbnail","6":"product_brand-garbofriends","7":"product_cat-cyber-monday","8":"product_cat-garbo-friends","9":"product_cat-havet","10":"product_cat-barnesengbeskyttelse","12":"first","13":"outofstock","14":"taxable","15":"shipping-taxable","16":"purchasable","17":"product-type-simple"},"acf":[],"yoast_head":"<!-- This site is optimized with the Yoast SEO Premium plugin v25.8 (Yoast SEO v27.2) - https:\/\/yoast.com\/product\/yoast-seo-premium-wordpress\/ -->\n<title>Garbo &amp; Friends, sengehest, Mares dark - Babylove Norska<\/title>\n<meta name=\"robots\" content=\"noindex, follow, max-snippet:-1, max-image-preview:large, max-video-preview:-1\" \/>\n<meta property=\"og:locale\" content=\"nb_NO\" \/>\n<meta property=\"og:type\" content=\"article\" \/>\n<meta property=\"og:title\" content=\"Garbo &amp; Friends, sengehest, Mares dark\" \/>\n<meta property=\"og:description\" content=\"Et klassisk spj\u00e4levern utformet i en moderne variant fra utrolig popul\u00e6re Garbo &amp; Friends! Spj\u00e4levernet festes med s\u00f8te fiskebeinsb\u00e5nd og er egnet for vogger, spj\u00e4lsenger og barnesenger med st\u00f8ttebrett med ribber. Laget av organisk bomullspercale med h\u00f8y tr\u00e5dtetthet (200 tc) som gj\u00f8r spj\u00e4levernet meget komfortabelt for barnet ditt \u00e5 hvile hodet p\u00e5.. M\u00e5l: 30 x [&hellip;]\" \/>\n<meta property=\"og:url\" content=\"https:\/\/babylove.se\/no\/produkt\/garbo-friends-spjeltesengbeskyttelse-mares-dark\/\" \/>\n<meta property=\"og:site_name\" content=\"Babylove Norska\" \/>\n<meta property=\"article:modified_time\" content=\"2026-04-08T10:57:10+00:00\" \/>\n<meta property=\"og:image\" content=\"https:\/\/babylove.se\/no\/wp-content\/uploads\/sites\/3\/2025\/07\/6203b3a16d576.jpeg\" \/>\n\t<meta property=\"og:image:width\" content=\"640\" \/>\n\t<meta property=\"og:image:height\" content=\"640\" \/>\n\t<meta property=\"og:image:type\" content=\"image\/jpeg\" \/>\n<meta name=\"twitter:card\" content=\"summary_large_image\" \/>\n<meta name=\"twitter:label1\" content=\"Price\" \/>\n\t<meta name=\"twitter:data1\" content=\"1 249,00&nbsp;&#107;&#114;\" \/>\n\t<meta name=\"twitter:label2\" content=\"Availability\" \/>\n\t<meta name=\"twitter:data2\" content=\"Out of stock\" \/>\n<script type=\"application\/ld+json\" class=\"yoast-schema-graph\">{\"@context\":\"https:\/\/schema.org\",\"@graph\":[{\"@type\":\"WebPage\",\"@id\":\"https:\/\/babylove.se\/no\/produkt\/garbo-friends-spjeltesengbeskyttelse-mares-dark\/\",\"url\":\"https:\/\/babylove.se\/no\/produkt\/garbo-friends-spjeltesengbeskyttelse-mares-dark\/\",\"name\":\"Garbo & Friends, sengehest, Mares dark - Babylove Norska\",\"isPartOf\":{\"@id\":\"https:\/\/babylove.se\/no\/#website\"},\"primaryImageOfPage\":{\"@id\":\"https:\/\/babylove.se\/no\/produkt\/garbo-friends-spjeltesengbeskyttelse-mares-dark\/#primaryimage\"},\"image\":{\"@id\":\"https:\/\/babylove.se\/no\/produkt\/garbo-friends-spjeltesengbeskyttelse-mares-dark\/#primaryimage\"},\"thumbnailUrl\":\"https:\/\/babylove.se\/no\/wp-content\/uploads\/sites\/3\/2025\/07\/6203b3a16d576.jpeg\",\"datePublished\":\"2025-07-18T23:29:47+00:00\",\"dateModified\":\"2026-04-08T10:57:10+00:00\",\"breadcrumb\":{\"@id\":\"https:\/\/babylove.se\/no\/produkt\/garbo-friends-spjeltesengbeskyttelse-mares-dark\/#breadcrumb\"},\"inLanguage\":\"nb-NO\",\"potentialAction\":[{\"@type\":\"ReadAction\",\"target\":[\"https:\/\/babylove.se\/no\/produkt\/garbo-friends-spjeltesengbeskyttelse-mares-dark\/\"]}]},{\"@type\":\"ImageObject\",\"inLanguage\":\"nb-NO\",\"@id\":\"https:\/\/babylove.se\/no\/produkt\/garbo-friends-spjeltesengbeskyttelse-mares-dark\/#primaryimage\",\"url\":\"https:\/\/babylove.se\/no\/wp-content\/uploads\/sites\/3\/2025\/07\/6203b3a16d576.jpeg\",\"contentUrl\":\"https:\/\/babylove.se\/no\/wp-content\/uploads\/sites\/3\/2025\/07\/6203b3a16d576.jpeg\",\"width\":640,\"height\":640},{\"@type\":\"BreadcrumbList\",\"@id\":\"https:\/\/babylove.se\/no\/produkt\/garbo-friends-spjeltesengbeskyttelse-mares-dark\/#breadcrumb\",\"itemListElement\":[{\"@type\":\"ListItem\",\"position\":1,\"name\":\"Hem\",\"item\":\"https:\/\/babylove.se\/no\/\"},{\"@type\":\"ListItem\",\"position\":2,\"name\":\"Butik\",\"item\":\"https:\/\/babylove.se\/no\/butik\/\"},{\"@type\":\"ListItem\",\"position\":3,\"name\":\"Garbo &#038; Friends, sengehest, Mares dark\"}]},{\"@type\":\"WebSite\",\"@id\":\"https:\/\/babylove.se\/no\/#website\",\"url\":\"https:\/\/babylove.se\/no\/\",\"name\":\"Babylove Norska\",\"description\":\"\",\"potentialAction\":[{\"@type\":\"SearchAction\",\"target\":{\"@type\":\"EntryPoint\",\"urlTemplate\":\"https:\/\/babylove.se\/no\/?s={search_term_string}\"},\"query-input\":{\"@type\":\"PropertyValueSpecification\",\"valueRequired\":true,\"valueName\":\"search_term_string\"}}],\"inLanguage\":\"nb-NO\"}]}<\/script>\n<meta property=\"product:brand\" content=\"Garbo&amp;friends\" \/>\n<meta property=\"product:price:amount\" content=\"1249.00\" \/>\n<meta property=\"product:price:currency\" content=\"SEK\" \/>\n<meta property=\"og:availability\" content=\"out of stock\" \/>\n<meta property=\"product:availability\" content=\"out of stock\" \/>\n<meta property=\"product:retailer_item_id\" content=\"GF18021-200-252GL\" \/>\n<meta property=\"product:condition\" content=\"new\" \/>\n<!-- \/ Yoast SEO Premium plugin. -->","yoast_head_json":{"title":"Garbo & Friends, sengehest, Mares dark - Babylove Norska","robots":{"index":"noindex","follow":"follow","max-snippet":"max-snippet:-1","max-image-preview":"max-image-preview:large","max-video-preview":"max-video-preview:-1"},"og_locale":"nb_NO","og_type":"article","og_title":"Garbo & Friends, sengehest, Mares dark","og_description":"Et klassisk spj\u00e4levern utformet i en moderne variant fra utrolig popul\u00e6re Garbo &amp; Friends! Spj\u00e4levernet festes med s\u00f8te fiskebeinsb\u00e5nd og er egnet for vogger, spj\u00e4lsenger og barnesenger med st\u00f8ttebrett med ribber. Laget av organisk bomullspercale med h\u00f8y tr\u00e5dtetthet (200 tc) som gj\u00f8r spj\u00e4levernet meget komfortabelt for barnet ditt \u00e5 hvile hodet p\u00e5.. M\u00e5l: 30 x [&hellip;]","og_url":"https:\/\/babylove.se\/no\/produkt\/garbo-friends-spjeltesengbeskyttelse-mares-dark\/","og_site_name":"Babylove Norska","article_modified_time":"2026-04-08T10:57:10+00:00","og_image":[{"width":640,"height":640,"url":"https:\/\/babylove.se\/no\/wp-content\/uploads\/sites\/3\/2025\/07\/6203b3a16d576.jpeg","type":"image\/jpeg"}],"twitter_card":"summary_large_image","twitter_misc":{"Price":"1 249,00&nbsp;&#107;&#114;","Availability":"Out of stock"},"schema":{"@context":"https:\/\/schema.org","@graph":[{"@type":"WebPage","@id":"https:\/\/babylove.se\/no\/produkt\/garbo-friends-spjeltesengbeskyttelse-mares-dark\/","url":"https:\/\/babylove.se\/no\/produkt\/garbo-friends-spjeltesengbeskyttelse-mares-dark\/","name":"Garbo & Friends, sengehest, Mares dark - Babylove Norska","isPartOf":{"@id":"https:\/\/babylove.se\/no\/#website"},"primaryImageOfPage":{"@id":"https:\/\/babylove.se\/no\/produkt\/garbo-friends-spjeltesengbeskyttelse-mares-dark\/#primaryimage"},"image":{"@id":"https:\/\/babylove.se\/no\/produkt\/garbo-friends-spjeltesengbeskyttelse-mares-dark\/#primaryimage"},"thumbnailUrl":"https:\/\/babylove.se\/no\/wp-content\/uploads\/sites\/3\/2025\/07\/6203b3a16d576.jpeg","datePublished":"2025-07-18T23:29:47+00:00","dateModified":"2026-04-08T10:57:10+00:00","breadcrumb":{"@id":"https:\/\/babylove.se\/no\/produkt\/garbo-friends-spjeltesengbeskyttelse-mares-dark\/#breadcrumb"},"inLanguage":"nb-NO","potentialAction":[{"@type":"ReadAction","target":["https:\/\/babylove.se\/no\/produkt\/garbo-friends-spjeltesengbeskyttelse-mares-dark\/"]}]},{"@type":"ImageObject","inLanguage":"nb-NO","@id":"https:\/\/babylove.se\/no\/produkt\/garbo-friends-spjeltesengbeskyttelse-mares-dark\/#primaryimage","url":"https:\/\/babylove.se\/no\/wp-content\/uploads\/sites\/3\/2025\/07\/6203b3a16d576.jpeg","contentUrl":"https:\/\/babylove.se\/no\/wp-content\/uploads\/sites\/3\/2025\/07\/6203b3a16d576.jpeg","width":640,"height":640},{"@type":"BreadcrumbList","@id":"https:\/\/babylove.se\/no\/produkt\/garbo-friends-spjeltesengbeskyttelse-mares-dark\/#breadcrumb","itemListElement":[{"@type":"ListItem","position":1,"name":"Hem","item":"https:\/\/babylove.se\/no\/"},{"@type":"ListItem","position":2,"name":"Butik","item":"https:\/\/babylove.se\/no\/butik\/"},{"@type":"ListItem","position":3,"name":"Garbo &#038; Friends, sengehest, Mares dark"}]},{"@type":"WebSite","@id":"https:\/\/babylove.se\/no\/#website","url":"https:\/\/babylove.se\/no\/","name":"Babylove Norska","description":"","potentialAction":[{"@type":"SearchAction","target":{"@type":"EntryPoint","urlTemplate":"https:\/\/babylove.se\/no\/?s={search_term_string}"},"query-input":{"@type":"PropertyValueSpecification","valueRequired":true,"valueName":"search_term_string"}}],"inLanguage":"nb-NO"}]},"product_brand":"Garbo&amp;friends","product_price_amount":"1249.00","product_price_currency":"SEK","og_availability":"out of stock","product_availability":"out of stock","product_retailer_item_id":"GF18021-200-252GL","product_condition":"new"},"_links":{"self":[{"href":"https:\/\/babylove.se\/no\/wp-json\/wp\/v2\/product\/32047","targetHints":{"allow":["GET"]}}],"collection":[{"href":"https:\/\/babylove.se\/no\/wp-json\/wp\/v2\/product"}],"about":[{"href":"https:\/\/babylove.se\/no\/wp-json\/wp\/v2\/types\/product"}],"replies":[{"embeddable":true,"href":"https:\/\/babylove.se\/no\/wp-json\/wp\/v2\/comments?post=32047"}],"wp:featuredmedia":[{"embeddable":true,"href":"https:\/\/babylove.se\/no\/wp-json\/wp\/v2\/media\/32049"}],"wp:attachment":[{"href":"https:\/\/babylove.se\/no\/wp-json\/wp\/v2\/media?parent=32047"}],"wp:term":[{"taxonomy":"product_brand","embeddable":true,"href":"https:\/\/babylove.se\/no\/wp-json\/wp\/v2\/product_brand?post=32047"},{"taxonomy":"product_cat","embeddable":true,"href":"https:\/\/babylove.se\/no\/wp-json\/wp\/v2\/product_cat?post=32047"},{"taxonomy":"product_tag","embeddable":true,"href":"https:\/\/babylove.se\/no\/wp-json\/wp\/v2\/product_tag?post=32047"}],"curies":[{"name":"wp","href":"https:\/\/api.w.org\/{rel}","templated":true}]}}