{"id":32076,"date":"2025-07-19T00:29:47","date_gmt":"2025-07-18T23:29:47","guid":{"rendered":"https:\/\/babylove.se\/produkt\/garbo-friends-skotbaddsoverdrag-floral-vine\/"},"modified":"2026-04-08T11:57:31","modified_gmt":"2026-04-08T10:57:31","slug":"garbo-friends-dynetrekk-floral-vine","status":"publish","type":"product","link":"https:\/\/babylove.se\/no\/produkt\/garbo-friends-dynetrekk-floral-vine\/","title":{"rendered":"Garbo &#038; Friends, stellepute\u00f6verdrag, Floral vine"},"content":{"rendered":"<p>Et fint overtrekk til stellepute <span style=\"background-color: initial; text-align: initial;\">fra popul\u00e6re Garbo &amp; Friends! <\/span> <\/p>\n<p>Overtrekket har elastiske b\u00e5nd p\u00e5 undersiden som gj\u00f8r at det passer de fleste stellemadrasser. <\/p>\n<p>Laget av organisk bomullspercale med h\u00f8y tr\u00e5dtetthet. <\/p>\n<p><strong>M\u00e5l<\/strong>: 50 x 70 cm <\/p>\n<p><strong>Materiale<\/strong>: 100% OEKO-TEX\u00ae-Sertifisert bomullspercale. <\/p>\n<p>Vaskeanvisning: ? Vask i 40\u00b0C med lav sentrifugering ? Ikke t\u00f8rketrommel ? Ikke blek <\/p>\n<p>Designer: <a href=\"https:\/\/babylove.se\/varumarken\/garbo-friends\">Garbo &amp; Friends<\/a><\/p>\n","protected":false},"excerpt":{"rendered":"<p>Et fint overtrekk til stellepute fra popul\u00e6re Garbo &amp; Friends! Overtrekket har elastiske b\u00e5nd p\u00e5 undersiden som gj\u00f8r at det passer de fleste stellemadrasser. Laget av organisk bomullspercale med h\u00f8y tr\u00e5dtetthet. M\u00e5l: 50 x 70 cm Materiale: 100% OEKO-TEX\u00ae-Sertifisert bomullspercale. Vaskeanvisning: ? Vask i 40\u00b0C med lav sentrifugering ? Ikke t\u00f8rketrommel ? Ikke blek Designer: [&hellip;]<\/p>\n","protected":false},"featured_media":32078,"comment_status":"open","ping_status":"closed","template":"","meta":{"_acf_changed":false},"product_brand":[1077],"product_cat":[199,110,1078,57],"product_tag":[],"class_list":{"0":"post-32076","1":"product","2":"type-product","3":"status-publish","4":"has-post-thumbnail","6":"product_brand-garbofriends","7":"product_cat-blomstrete","8":"product_cat-cyber-monday","9":"product_cat-garbo-friends","10":"product_cat-skobadder","12":"first","13":"outofstock","14":"taxable","15":"shipping-taxable","16":"purchasable","17":"product-type-simple"},"acf":[],"yoast_head":"<!-- This site is optimized with the Yoast SEO Premium plugin v25.8 (Yoast SEO v27.2) - https:\/\/yoast.com\/product\/yoast-seo-premium-wordpress\/ -->\n<title>Garbo &amp; Friends, stellepute\u00f6verdrag, Floral vine - Babylove Norska<\/title>\n<meta name=\"robots\" content=\"noindex, follow, max-snippet:-1, max-image-preview:large, max-video-preview:-1\" \/>\n<meta property=\"og:locale\" content=\"nb_NO\" \/>\n<meta property=\"og:type\" content=\"article\" \/>\n<meta property=\"og:title\" content=\"Garbo &amp; Friends, stellepute\u00f6verdrag, Floral vine\" \/>\n<meta property=\"og:description\" content=\"Et fint overtrekk til stellepute fra popul\u00e6re Garbo &amp; Friends! Overtrekket har elastiske b\u00e5nd p\u00e5 undersiden som gj\u00f8r at det passer de fleste stellemadrasser. Laget av organisk bomullspercale med h\u00f8y tr\u00e5dtetthet. M\u00e5l: 50 x 70 cm Materiale: 100% OEKO-TEX\u00ae-Sertifisert bomullspercale. Vaskeanvisning: ? Vask i 40\u00b0C med lav sentrifugering ? Ikke t\u00f8rketrommel ? Ikke blek Designer: [&hellip;]\" \/>\n<meta property=\"og:url\" content=\"https:\/\/babylove.se\/no\/produkt\/garbo-friends-dynetrekk-floral-vine\/\" \/>\n<meta property=\"og:site_name\" content=\"Babylove Norska\" \/>\n<meta property=\"article:modified_time\" content=\"2026-04-08T10:57:31+00:00\" \/>\n<meta property=\"og:image\" content=\"https:\/\/babylove.se\/no\/wp-content\/uploads\/sites\/3\/2025\/07\/6203c4e9a93f1.jpeg\" \/>\n\t<meta property=\"og:image:width\" content=\"1000\" \/>\n\t<meta property=\"og:image:height\" content=\"1000\" \/>\n\t<meta property=\"og:image:type\" content=\"image\/jpeg\" \/>\n<meta name=\"twitter:card\" content=\"summary_large_image\" \/>\n<meta name=\"twitter:label1\" content=\"Price\" \/>\n\t<meta name=\"twitter:data1\" content=\"329,00&nbsp;&#107;&#114;\" \/>\n\t<meta name=\"twitter:label2\" content=\"Availability\" \/>\n\t<meta name=\"twitter:data2\" content=\"Out of stock\" \/>\n<script type=\"application\/ld+json\" class=\"yoast-schema-graph\">{\"@context\":\"https:\/\/schema.org\",\"@graph\":[{\"@type\":\"WebPage\",\"@id\":\"https:\/\/babylove.se\/no\/produkt\/garbo-friends-dynetrekk-floral-vine\/\",\"url\":\"https:\/\/babylove.se\/no\/produkt\/garbo-friends-dynetrekk-floral-vine\/\",\"name\":\"Garbo & Friends, stellepute\u00f6verdrag, Floral vine - Babylove Norska\",\"isPartOf\":{\"@id\":\"https:\/\/babylove.se\/no\/#website\"},\"primaryImageOfPage\":{\"@id\":\"https:\/\/babylove.se\/no\/produkt\/garbo-friends-dynetrekk-floral-vine\/#primaryimage\"},\"image\":{\"@id\":\"https:\/\/babylove.se\/no\/produkt\/garbo-friends-dynetrekk-floral-vine\/#primaryimage\"},\"thumbnailUrl\":\"https:\/\/babylove.se\/no\/wp-content\/uploads\/sites\/3\/2025\/07\/6203c4e9a93f1.jpeg\",\"datePublished\":\"2025-07-18T23:29:47+00:00\",\"dateModified\":\"2026-04-08T10:57:31+00:00\",\"breadcrumb\":{\"@id\":\"https:\/\/babylove.se\/no\/produkt\/garbo-friends-dynetrekk-floral-vine\/#breadcrumb\"},\"inLanguage\":\"nb-NO\",\"potentialAction\":[{\"@type\":\"ReadAction\",\"target\":[\"https:\/\/babylove.se\/no\/produkt\/garbo-friends-dynetrekk-floral-vine\/\"]}]},{\"@type\":\"ImageObject\",\"inLanguage\":\"nb-NO\",\"@id\":\"https:\/\/babylove.se\/no\/produkt\/garbo-friends-dynetrekk-floral-vine\/#primaryimage\",\"url\":\"https:\/\/babylove.se\/no\/wp-content\/uploads\/sites\/3\/2025\/07\/6203c4e9a93f1.jpeg\",\"contentUrl\":\"https:\/\/babylove.se\/no\/wp-content\/uploads\/sites\/3\/2025\/07\/6203c4e9a93f1.jpeg\",\"width\":1000,\"height\":1000},{\"@type\":\"BreadcrumbList\",\"@id\":\"https:\/\/babylove.se\/no\/produkt\/garbo-friends-dynetrekk-floral-vine\/#breadcrumb\",\"itemListElement\":[{\"@type\":\"ListItem\",\"position\":1,\"name\":\"Hem\",\"item\":\"https:\/\/babylove.se\/no\/\"},{\"@type\":\"ListItem\",\"position\":2,\"name\":\"Butik\",\"item\":\"https:\/\/babylove.se\/no\/butik\/\"},{\"@type\":\"ListItem\",\"position\":3,\"name\":\"Garbo &#038; Friends, stellepute\u00f6verdrag, Floral vine\"}]},{\"@type\":\"WebSite\",\"@id\":\"https:\/\/babylove.se\/no\/#website\",\"url\":\"https:\/\/babylove.se\/no\/\",\"name\":\"Babylove Norska\",\"description\":\"\",\"potentialAction\":[{\"@type\":\"SearchAction\",\"target\":{\"@type\":\"EntryPoint\",\"urlTemplate\":\"https:\/\/babylove.se\/no\/?s={search_term_string}\"},\"query-input\":{\"@type\":\"PropertyValueSpecification\",\"valueRequired\":true,\"valueName\":\"search_term_string\"}}],\"inLanguage\":\"nb-NO\"}]}<\/script>\n<meta property=\"product:brand\" content=\"Garbo&amp;friends\" \/>\n<meta property=\"product:price:amount\" content=\"329.00\" \/>\n<meta property=\"product:price:currency\" content=\"SEK\" \/>\n<meta property=\"og:availability\" content=\"out of stock\" \/>\n<meta property=\"product:availability\" content=\"out of stock\" \/>\n<meta property=\"product:retailer_item_id\" content=\"GF317021-600-161GL\" \/>\n<meta property=\"product:condition\" content=\"new\" \/>\n<!-- \/ Yoast SEO Premium plugin. -->","yoast_head_json":{"title":"Garbo & Friends, stellepute\u00f6verdrag, Floral vine - Babylove Norska","robots":{"index":"noindex","follow":"follow","max-snippet":"max-snippet:-1","max-image-preview":"max-image-preview:large","max-video-preview":"max-video-preview:-1"},"og_locale":"nb_NO","og_type":"article","og_title":"Garbo & Friends, stellepute\u00f6verdrag, Floral vine","og_description":"Et fint overtrekk til stellepute fra popul\u00e6re Garbo &amp; Friends! Overtrekket har elastiske b\u00e5nd p\u00e5 undersiden som gj\u00f8r at det passer de fleste stellemadrasser. Laget av organisk bomullspercale med h\u00f8y tr\u00e5dtetthet. M\u00e5l: 50 x 70 cm Materiale: 100% OEKO-TEX\u00ae-Sertifisert bomullspercale. Vaskeanvisning: ? Vask i 40\u00b0C med lav sentrifugering ? Ikke t\u00f8rketrommel ? Ikke blek Designer: [&hellip;]","og_url":"https:\/\/babylove.se\/no\/produkt\/garbo-friends-dynetrekk-floral-vine\/","og_site_name":"Babylove Norska","article_modified_time":"2026-04-08T10:57:31+00:00","og_image":[{"width":1000,"height":1000,"url":"https:\/\/babylove.se\/no\/wp-content\/uploads\/sites\/3\/2025\/07\/6203c4e9a93f1.jpeg","type":"image\/jpeg"}],"twitter_card":"summary_large_image","twitter_misc":{"Price":"329,00&nbsp;&#107;&#114;","Availability":"Out of stock"},"schema":{"@context":"https:\/\/schema.org","@graph":[{"@type":"WebPage","@id":"https:\/\/babylove.se\/no\/produkt\/garbo-friends-dynetrekk-floral-vine\/","url":"https:\/\/babylove.se\/no\/produkt\/garbo-friends-dynetrekk-floral-vine\/","name":"Garbo & Friends, stellepute\u00f6verdrag, Floral vine - Babylove Norska","isPartOf":{"@id":"https:\/\/babylove.se\/no\/#website"},"primaryImageOfPage":{"@id":"https:\/\/babylove.se\/no\/produkt\/garbo-friends-dynetrekk-floral-vine\/#primaryimage"},"image":{"@id":"https:\/\/babylove.se\/no\/produkt\/garbo-friends-dynetrekk-floral-vine\/#primaryimage"},"thumbnailUrl":"https:\/\/babylove.se\/no\/wp-content\/uploads\/sites\/3\/2025\/07\/6203c4e9a93f1.jpeg","datePublished":"2025-07-18T23:29:47+00:00","dateModified":"2026-04-08T10:57:31+00:00","breadcrumb":{"@id":"https:\/\/babylove.se\/no\/produkt\/garbo-friends-dynetrekk-floral-vine\/#breadcrumb"},"inLanguage":"nb-NO","potentialAction":[{"@type":"ReadAction","target":["https:\/\/babylove.se\/no\/produkt\/garbo-friends-dynetrekk-floral-vine\/"]}]},{"@type":"ImageObject","inLanguage":"nb-NO","@id":"https:\/\/babylove.se\/no\/produkt\/garbo-friends-dynetrekk-floral-vine\/#primaryimage","url":"https:\/\/babylove.se\/no\/wp-content\/uploads\/sites\/3\/2025\/07\/6203c4e9a93f1.jpeg","contentUrl":"https:\/\/babylove.se\/no\/wp-content\/uploads\/sites\/3\/2025\/07\/6203c4e9a93f1.jpeg","width":1000,"height":1000},{"@type":"BreadcrumbList","@id":"https:\/\/babylove.se\/no\/produkt\/garbo-friends-dynetrekk-floral-vine\/#breadcrumb","itemListElement":[{"@type":"ListItem","position":1,"name":"Hem","item":"https:\/\/babylove.se\/no\/"},{"@type":"ListItem","position":2,"name":"Butik","item":"https:\/\/babylove.se\/no\/butik\/"},{"@type":"ListItem","position":3,"name":"Garbo &#038; Friends, stellepute\u00f6verdrag, Floral vine"}]},{"@type":"WebSite","@id":"https:\/\/babylove.se\/no\/#website","url":"https:\/\/babylove.se\/no\/","name":"Babylove Norska","description":"","potentialAction":[{"@type":"SearchAction","target":{"@type":"EntryPoint","urlTemplate":"https:\/\/babylove.se\/no\/?s={search_term_string}"},"query-input":{"@type":"PropertyValueSpecification","valueRequired":true,"valueName":"search_term_string"}}],"inLanguage":"nb-NO"}]},"product_brand":"Garbo&amp;friends","product_price_amount":"329.00","product_price_currency":"SEK","og_availability":"out of stock","product_availability":"out of stock","product_retailer_item_id":"GF317021-600-161GL","product_condition":"new"},"_links":{"self":[{"href":"https:\/\/babylove.se\/no\/wp-json\/wp\/v2\/product\/32076","targetHints":{"allow":["GET"]}}],"collection":[{"href":"https:\/\/babylove.se\/no\/wp-json\/wp\/v2\/product"}],"about":[{"href":"https:\/\/babylove.se\/no\/wp-json\/wp\/v2\/types\/product"}],"replies":[{"embeddable":true,"href":"https:\/\/babylove.se\/no\/wp-json\/wp\/v2\/comments?post=32076"}],"wp:featuredmedia":[{"embeddable":true,"href":"https:\/\/babylove.se\/no\/wp-json\/wp\/v2\/media\/32078"}],"wp:attachment":[{"href":"https:\/\/babylove.se\/no\/wp-json\/wp\/v2\/media?parent=32076"}],"wp:term":[{"taxonomy":"product_brand","embeddable":true,"href":"https:\/\/babylove.se\/no\/wp-json\/wp\/v2\/product_brand?post=32076"},{"taxonomy":"product_cat","embeddable":true,"href":"https:\/\/babylove.se\/no\/wp-json\/wp\/v2\/product_cat?post=32076"},{"taxonomy":"product_tag","embeddable":true,"href":"https:\/\/babylove.se\/no\/wp-json\/wp\/v2\/product_tag?post=32076"}],"curies":[{"name":"wp","href":"https:\/\/api.w.org\/{rel}","templated":true}]}}