{"id":32108,"date":"2025-07-19T00:30:10","date_gmt":"2025-07-18T23:30:10","guid":{"rendered":"https:\/\/babylove.se\/produkt\/garbo-friends-skedar-3-pack-pebble\/"},"modified":"2026-04-08T11:57:55","modified_gmt":"2026-04-08T10:57:55","slug":"garbo-friends-skjeer-3-pakke-pebble","status":"publish","type":"product","link":"https:\/\/babylove.se\/no\/produkt\/garbo-friends-skjeer-3-pakke-pebble\/","title":{"rendered":"Garbo &#038; Friends, skjeer 3-pakk, Pebble"},"content":{"rendered":"<p>Et praktisk skjeset med stilf\u00f8lelse for sm\u00e5 hender med store ambisjoner fra popul\u00e6re Garbo &amp; Friends!<\/p>\n<p>Skjeene er formet som en lett S-kurve og de lange h\u00e5ndtakene gj\u00f8r at barnet n\u00e5r bunnen av sk\u00e5len enkelt uansett innhold. Perfekte for de f\u00f8rste bitene!<\/p>\n<p><strong>M\u00e5l<\/strong>: 2,5 x 16 cm. 3-pakk!<\/p>\n<p><strong>Material<\/strong>: 100% polypropen. Fri fra BPA, PVC, ftalater og bly. Produsert i Sverige.&nbsp;<\/p>\n<p>T\u00e5ler maskinoppvask i den \u00f8vre delen av oppvaskmaskinen. ? Kan brukes i mikrob\u00f8lgeovn.<\/p>\n<p>Designer: <a href=\"https:\/\/babylove.se\/varumarken\/garbo-friends\">Garbo &amp; Friends<\/a><\/p>\n","protected":false},"excerpt":{"rendered":"<p>Et praktisk skjeset med stilf\u00f8lelse for sm\u00e5 hender med store ambisjoner fra popul\u00e6re Garbo &amp; Friends! Skjeene er formet som en lett S-kurve og de lange h\u00e5ndtakene gj\u00f8r at barnet n\u00e5r bunnen av sk\u00e5len enkelt uansett innhold. Perfekte for de f\u00f8rste bitene! M\u00e5l: 2,5 x 16 cm. 3-pakk! Material: 100% polypropen. Fri fra BPA, PVC, [&hellip;]<\/p>\n","protected":false},"featured_media":32110,"comment_status":"closed","ping_status":"open","template":"","meta":{"_acf_changed":false},"product_brand":[1077],"product_cat":[350,1078],"product_tag":[],"class_list":{"0":"post-32108","1":"product","2":"type-product","3":"status-publish","4":"has-post-thumbnail","6":"product_brand-garbofriends","7":"product_cat-barnbestikk","8":"product_cat-garbo-friends","10":"first","11":"outofstock","12":"taxable","13":"shipping-taxable","14":"purchasable","15":"product-type-simple"},"acf":[],"yoast_head":"<!-- This site is optimized with the Yoast SEO Premium plugin v25.8 (Yoast SEO v27.2) - https:\/\/yoast.com\/product\/yoast-seo-premium-wordpress\/ -->\n<title>Garbo &amp; Friends, skjeer 3-pakk, Pebble - Babylove Norska<\/title>\n<meta name=\"robots\" content=\"noindex, follow, max-snippet:-1, max-image-preview:large, max-video-preview:-1\" \/>\n<meta property=\"og:locale\" content=\"nb_NO\" \/>\n<meta property=\"og:type\" content=\"article\" \/>\n<meta property=\"og:title\" content=\"Garbo &amp; Friends, skjeer 3-pakk, Pebble\" \/>\n<meta property=\"og:description\" content=\"Et praktisk skjeset med stilf\u00f8lelse for sm\u00e5 hender med store ambisjoner fra popul\u00e6re Garbo &amp; Friends! Skjeene er formet som en lett S-kurve og de lange h\u00e5ndtakene gj\u00f8r at barnet n\u00e5r bunnen av sk\u00e5len enkelt uansett innhold. Perfekte for de f\u00f8rste bitene! M\u00e5l: 2,5 x 16 cm. 3-pakk! Material: 100% polypropen. Fri fra BPA, PVC, [&hellip;]\" \/>\n<meta property=\"og:url\" content=\"https:\/\/babylove.se\/no\/produkt\/garbo-friends-skjeer-3-pakke-pebble\/\" \/>\n<meta property=\"og:site_name\" content=\"Babylove Norska\" \/>\n<meta property=\"article:modified_time\" content=\"2026-04-08T10:57:55+00:00\" \/>\n<meta property=\"og:image\" content=\"https:\/\/babylove.se\/no\/wp-content\/uploads\/sites\/3\/2025\/07\/6203d1589a544.jpeg\" \/>\n\t<meta property=\"og:image:width\" content=\"1000\" \/>\n\t<meta property=\"og:image:height\" content=\"1000\" \/>\n\t<meta property=\"og:image:type\" content=\"image\/jpeg\" \/>\n<meta name=\"twitter:card\" content=\"summary_large_image\" \/>\n<meta name=\"twitter:label1\" content=\"Price\" \/>\n\t<meta name=\"twitter:data1\" content=\"89,00&nbsp;&#107;&#114;\" \/>\n\t<meta name=\"twitter:label2\" content=\"Availability\" \/>\n\t<meta name=\"twitter:data2\" content=\"Out of stock\" \/>\n<script type=\"application\/ld+json\" class=\"yoast-schema-graph\">{\"@context\":\"https:\/\/schema.org\",\"@graph\":[{\"@type\":\"WebPage\",\"@id\":\"https:\/\/babylove.se\/no\/produkt\/garbo-friends-skjeer-3-pakke-pebble\/\",\"url\":\"https:\/\/babylove.se\/no\/produkt\/garbo-friends-skjeer-3-pakke-pebble\/\",\"name\":\"Garbo & Friends, skjeer 3-pakk, Pebble - Babylove Norska\",\"isPartOf\":{\"@id\":\"https:\/\/babylove.se\/no\/#website\"},\"primaryImageOfPage\":{\"@id\":\"https:\/\/babylove.se\/no\/produkt\/garbo-friends-skjeer-3-pakke-pebble\/#primaryimage\"},\"image\":{\"@id\":\"https:\/\/babylove.se\/no\/produkt\/garbo-friends-skjeer-3-pakke-pebble\/#primaryimage\"},\"thumbnailUrl\":\"https:\/\/babylove.se\/no\/wp-content\/uploads\/sites\/3\/2025\/07\/6203d1589a544.jpeg\",\"datePublished\":\"2025-07-18T23:30:10+00:00\",\"dateModified\":\"2026-04-08T10:57:55+00:00\",\"breadcrumb\":{\"@id\":\"https:\/\/babylove.se\/no\/produkt\/garbo-friends-skjeer-3-pakke-pebble\/#breadcrumb\"},\"inLanguage\":\"nb-NO\",\"potentialAction\":[{\"@type\":\"ReadAction\",\"target\":[\"https:\/\/babylove.se\/no\/produkt\/garbo-friends-skjeer-3-pakke-pebble\/\"]}]},{\"@type\":\"ImageObject\",\"inLanguage\":\"nb-NO\",\"@id\":\"https:\/\/babylove.se\/no\/produkt\/garbo-friends-skjeer-3-pakke-pebble\/#primaryimage\",\"url\":\"https:\/\/babylove.se\/no\/wp-content\/uploads\/sites\/3\/2025\/07\/6203d1589a544.jpeg\",\"contentUrl\":\"https:\/\/babylove.se\/no\/wp-content\/uploads\/sites\/3\/2025\/07\/6203d1589a544.jpeg\",\"width\":1000,\"height\":1000},{\"@type\":\"BreadcrumbList\",\"@id\":\"https:\/\/babylove.se\/no\/produkt\/garbo-friends-skjeer-3-pakke-pebble\/#breadcrumb\",\"itemListElement\":[{\"@type\":\"ListItem\",\"position\":1,\"name\":\"Hem\",\"item\":\"https:\/\/babylove.se\/no\/\"},{\"@type\":\"ListItem\",\"position\":2,\"name\":\"Butik\",\"item\":\"https:\/\/babylove.se\/no\/butik\/\"},{\"@type\":\"ListItem\",\"position\":3,\"name\":\"Garbo &#038; Friends, skjeer 3-pakk, Pebble\"}]},{\"@type\":\"WebSite\",\"@id\":\"https:\/\/babylove.se\/no\/#website\",\"url\":\"https:\/\/babylove.se\/no\/\",\"name\":\"Babylove Norska\",\"description\":\"\",\"potentialAction\":[{\"@type\":\"SearchAction\",\"target\":{\"@type\":\"EntryPoint\",\"urlTemplate\":\"https:\/\/babylove.se\/no\/?s={search_term_string}\"},\"query-input\":{\"@type\":\"PropertyValueSpecification\",\"valueRequired\":true,\"valueName\":\"search_term_string\"}}],\"inLanguage\":\"nb-NO\"}]}<\/script>\n<meta property=\"product:brand\" content=\"Garbo&amp;friends\" \/>\n<meta property=\"product:price:amount\" content=\"89.00\" \/>\n<meta property=\"product:price:currency\" content=\"SEK\" \/>\n<meta property=\"og:availability\" content=\"out of stock\" \/>\n<meta property=\"product:availability\" content=\"out of stock\" \/>\n<meta property=\"product:retailer_item_id\" content=\"GF522518-0010-441GL\" \/>\n<meta property=\"product:condition\" content=\"new\" \/>\n<!-- \/ Yoast SEO Premium plugin. -->","yoast_head_json":{"title":"Garbo & Friends, skjeer 3-pakk, Pebble - Babylove Norska","robots":{"index":"noindex","follow":"follow","max-snippet":"max-snippet:-1","max-image-preview":"max-image-preview:large","max-video-preview":"max-video-preview:-1"},"og_locale":"nb_NO","og_type":"article","og_title":"Garbo & Friends, skjeer 3-pakk, Pebble","og_description":"Et praktisk skjeset med stilf\u00f8lelse for sm\u00e5 hender med store ambisjoner fra popul\u00e6re Garbo &amp; Friends! Skjeene er formet som en lett S-kurve og de lange h\u00e5ndtakene gj\u00f8r at barnet n\u00e5r bunnen av sk\u00e5len enkelt uansett innhold. Perfekte for de f\u00f8rste bitene! M\u00e5l: 2,5 x 16 cm. 3-pakk! Material: 100% polypropen. Fri fra BPA, PVC, [&hellip;]","og_url":"https:\/\/babylove.se\/no\/produkt\/garbo-friends-skjeer-3-pakke-pebble\/","og_site_name":"Babylove Norska","article_modified_time":"2026-04-08T10:57:55+00:00","og_image":[{"width":1000,"height":1000,"url":"https:\/\/babylove.se\/no\/wp-content\/uploads\/sites\/3\/2025\/07\/6203d1589a544.jpeg","type":"image\/jpeg"}],"twitter_card":"summary_large_image","twitter_misc":{"Price":"89,00&nbsp;&#107;&#114;","Availability":"Out of stock"},"schema":{"@context":"https:\/\/schema.org","@graph":[{"@type":"WebPage","@id":"https:\/\/babylove.se\/no\/produkt\/garbo-friends-skjeer-3-pakke-pebble\/","url":"https:\/\/babylove.se\/no\/produkt\/garbo-friends-skjeer-3-pakke-pebble\/","name":"Garbo & Friends, skjeer 3-pakk, Pebble - Babylove Norska","isPartOf":{"@id":"https:\/\/babylove.se\/no\/#website"},"primaryImageOfPage":{"@id":"https:\/\/babylove.se\/no\/produkt\/garbo-friends-skjeer-3-pakke-pebble\/#primaryimage"},"image":{"@id":"https:\/\/babylove.se\/no\/produkt\/garbo-friends-skjeer-3-pakke-pebble\/#primaryimage"},"thumbnailUrl":"https:\/\/babylove.se\/no\/wp-content\/uploads\/sites\/3\/2025\/07\/6203d1589a544.jpeg","datePublished":"2025-07-18T23:30:10+00:00","dateModified":"2026-04-08T10:57:55+00:00","breadcrumb":{"@id":"https:\/\/babylove.se\/no\/produkt\/garbo-friends-skjeer-3-pakke-pebble\/#breadcrumb"},"inLanguage":"nb-NO","potentialAction":[{"@type":"ReadAction","target":["https:\/\/babylove.se\/no\/produkt\/garbo-friends-skjeer-3-pakke-pebble\/"]}]},{"@type":"ImageObject","inLanguage":"nb-NO","@id":"https:\/\/babylove.se\/no\/produkt\/garbo-friends-skjeer-3-pakke-pebble\/#primaryimage","url":"https:\/\/babylove.se\/no\/wp-content\/uploads\/sites\/3\/2025\/07\/6203d1589a544.jpeg","contentUrl":"https:\/\/babylove.se\/no\/wp-content\/uploads\/sites\/3\/2025\/07\/6203d1589a544.jpeg","width":1000,"height":1000},{"@type":"BreadcrumbList","@id":"https:\/\/babylove.se\/no\/produkt\/garbo-friends-skjeer-3-pakke-pebble\/#breadcrumb","itemListElement":[{"@type":"ListItem","position":1,"name":"Hem","item":"https:\/\/babylove.se\/no\/"},{"@type":"ListItem","position":2,"name":"Butik","item":"https:\/\/babylove.se\/no\/butik\/"},{"@type":"ListItem","position":3,"name":"Garbo &#038; Friends, skjeer 3-pakk, Pebble"}]},{"@type":"WebSite","@id":"https:\/\/babylove.se\/no\/#website","url":"https:\/\/babylove.se\/no\/","name":"Babylove Norska","description":"","potentialAction":[{"@type":"SearchAction","target":{"@type":"EntryPoint","urlTemplate":"https:\/\/babylove.se\/no\/?s={search_term_string}"},"query-input":{"@type":"PropertyValueSpecification","valueRequired":true,"valueName":"search_term_string"}}],"inLanguage":"nb-NO"}]},"product_brand":"Garbo&amp;friends","product_price_amount":"89.00","product_price_currency":"SEK","og_availability":"out of stock","product_availability":"out of stock","product_retailer_item_id":"GF522518-0010-441GL","product_condition":"new"},"_links":{"self":[{"href":"https:\/\/babylove.se\/no\/wp-json\/wp\/v2\/product\/32108","targetHints":{"allow":["GET"]}}],"collection":[{"href":"https:\/\/babylove.se\/no\/wp-json\/wp\/v2\/product"}],"about":[{"href":"https:\/\/babylove.se\/no\/wp-json\/wp\/v2\/types\/product"}],"replies":[{"embeddable":true,"href":"https:\/\/babylove.se\/no\/wp-json\/wp\/v2\/comments?post=32108"}],"wp:featuredmedia":[{"embeddable":true,"href":"https:\/\/babylove.se\/no\/wp-json\/wp\/v2\/media\/32110"}],"wp:attachment":[{"href":"https:\/\/babylove.se\/no\/wp-json\/wp\/v2\/media?parent=32108"}],"wp:term":[{"taxonomy":"product_brand","embeddable":true,"href":"https:\/\/babylove.se\/no\/wp-json\/wp\/v2\/product_brand?post=32108"},{"taxonomy":"product_cat","embeddable":true,"href":"https:\/\/babylove.se\/no\/wp-json\/wp\/v2\/product_cat?post=32108"},{"taxonomy":"product_tag","embeddable":true,"href":"https:\/\/babylove.se\/no\/wp-json\/wp\/v2\/product_tag?post=32108"}],"curies":[{"name":"wp","href":"https:\/\/api.w.org\/{rel}","templated":true}]}}