{"id":32184,"date":"2025-07-19T00:30:50","date_gmt":"2025-07-18T23:30:50","guid":{"rendered":"https:\/\/babylove.se\/produkt\/vaggdekoration-och-kudde-oh-boy-mint\/"},"modified":"2026-04-08T11:58:50","modified_gmt":"2026-04-08T10:58:50","slug":"veggdekorasjon-og-pute-oh-boy-mint","status":"publish","type":"product","link":"https:\/\/babylove.se\/no\/produkt\/veggdekorasjon-og-pute-oh-boy-mint\/","title":{"rendered":"Veggdekorasjon og pute, Oh boy-mint"},"content":{"rendered":"<p>Superfin pute i form av en ballong laget av myk og deilig bomull som gj\u00f8r at den blir veldig koselig \u00e5 f\u00f8le p\u00e5. Ballongen kan ogs\u00e5 henges opp p\u00e5 veggen takket v\u00e6re den p\u00e5sydde stoffl\u00f8kka p\u00e5 baksiden. Enten du bruker den som pute eller veggdekorasjon vil den v\u00e6re fantastisk vakker p\u00e5 barnerommet.&nbsp;<\/p>\n<p>Meget popul\u00e6r bursdagsgave eller d\u00e5psgave!<\/p>\n<p><strong>M\u00e5l<\/strong>: Bredde 40 cm og h\u00f8yde 50 cm.&nbsp;<\/p>\n<p><strong>Materiale<\/strong>: 100 % vasket bomull.<\/p>\n","protected":false},"excerpt":{"rendered":"<p>Superfin pute i form av en ballong laget av myk og deilig bomull som gj\u00f8r at den blir veldig koselig \u00e5 f\u00f8le p\u00e5. Ballongen kan ogs\u00e5 henges opp p\u00e5 veggen takket v\u00e6re den p\u00e5sydde stoffl\u00f8kka p\u00e5 baksiden. Enten du bruker den som pute eller veggdekorasjon vil den v\u00e6re fantastisk vakker p\u00e5 barnerommet.&nbsp; Meget popul\u00e6r bursdagsgave [&hellip;]<\/p>\n","protected":false},"featured_media":32186,"comment_status":"closed","ping_status":"open","template":"","meta":{"_acf_changed":false},"product_brand":[1086],"product_cat":[138,654,110,1087,105,40,48,29],"product_tag":[],"class_list":{"0":"post-32184","1":"product","2":"type-product","3":"status-publish","4":"has-post-thumbnail","6":"product_brand-malomi-kids","7":"product_cat-ballonger","8":"product_cat-black-week","9":"product_cat-cyber-monday","10":"product_cat-malomikids","11":"product_cat-puter","12":"product_cat-soverom-barn","13":"product_cat-startside","14":"product_cat-veggdekorasjoner","16":"first","17":"outofstock","18":"taxable","19":"shipping-taxable","20":"purchasable","21":"product-type-simple"},"acf":[],"yoast_head":"<!-- This site is optimized with the Yoast SEO Premium plugin v25.8 (Yoast SEO v27.2) - https:\/\/yoast.com\/product\/yoast-seo-premium-wordpress\/ -->\n<title>Veggdekorasjon og pute, Oh boy-mint - Babylove Norska<\/title>\n<meta name=\"robots\" content=\"noindex, follow, max-snippet:-1, max-image-preview:large, max-video-preview:-1\" \/>\n<meta property=\"og:locale\" content=\"nb_NO\" \/>\n<meta property=\"og:type\" content=\"article\" \/>\n<meta property=\"og:title\" content=\"Veggdekorasjon og pute, Oh boy-mint\" \/>\n<meta property=\"og:description\" content=\"Superfin pute i form av en ballong laget av myk og deilig bomull som gj\u00f8r at den blir veldig koselig \u00e5 f\u00f8le p\u00e5. Ballongen kan ogs\u00e5 henges opp p\u00e5 veggen takket v\u00e6re den p\u00e5sydde stoffl\u00f8kka p\u00e5 baksiden. Enten du bruker den som pute eller veggdekorasjon vil den v\u00e6re fantastisk vakker p\u00e5 barnerommet.&nbsp; Meget popul\u00e6r bursdagsgave [&hellip;]\" \/>\n<meta property=\"og:url\" content=\"https:\/\/babylove.se\/no\/produkt\/veggdekorasjon-og-pute-oh-boy-mint\/\" \/>\n<meta property=\"og:site_name\" content=\"Babylove Norska\" \/>\n<meta property=\"article:modified_time\" content=\"2026-04-08T10:58:50+00:00\" \/>\n<meta property=\"og:image\" content=\"https:\/\/babylove.se\/no\/wp-content\/uploads\/sites\/3\/2025\/07\/6205287986fdf.jpeg\" \/>\n\t<meta property=\"og:image:width\" content=\"1200\" \/>\n\t<meta property=\"og:image:height\" content=\"1500\" \/>\n\t<meta property=\"og:image:type\" content=\"image\/jpeg\" \/>\n<meta name=\"twitter:card\" content=\"summary_large_image\" \/>\n<meta name=\"twitter:label1\" content=\"Price\" \/>\n\t<meta name=\"twitter:data1\" content=\"599,00&nbsp;&#107;&#114;\" \/>\n\t<meta name=\"twitter:label2\" content=\"Availability\" \/>\n\t<meta name=\"twitter:data2\" content=\"Out of stock\" \/>\n<script type=\"application\/ld+json\" class=\"yoast-schema-graph\">{\"@context\":\"https:\/\/schema.org\",\"@graph\":[{\"@type\":\"WebPage\",\"@id\":\"https:\/\/babylove.se\/no\/produkt\/veggdekorasjon-og-pute-oh-boy-mint\/\",\"url\":\"https:\/\/babylove.se\/no\/produkt\/veggdekorasjon-og-pute-oh-boy-mint\/\",\"name\":\"Veggdekorasjon og pute, Oh boy-mint - Babylove Norska\",\"isPartOf\":{\"@id\":\"https:\/\/babylove.se\/no\/#website\"},\"primaryImageOfPage\":{\"@id\":\"https:\/\/babylove.se\/no\/produkt\/veggdekorasjon-og-pute-oh-boy-mint\/#primaryimage\"},\"image\":{\"@id\":\"https:\/\/babylove.se\/no\/produkt\/veggdekorasjon-og-pute-oh-boy-mint\/#primaryimage\"},\"thumbnailUrl\":\"https:\/\/babylove.se\/no\/wp-content\/uploads\/sites\/3\/2025\/07\/6205287986fdf.jpeg\",\"datePublished\":\"2025-07-18T23:30:50+00:00\",\"dateModified\":\"2026-04-08T10:58:50+00:00\",\"breadcrumb\":{\"@id\":\"https:\/\/babylove.se\/no\/produkt\/veggdekorasjon-og-pute-oh-boy-mint\/#breadcrumb\"},\"inLanguage\":\"nb-NO\",\"potentialAction\":[{\"@type\":\"ReadAction\",\"target\":[\"https:\/\/babylove.se\/no\/produkt\/veggdekorasjon-og-pute-oh-boy-mint\/\"]}]},{\"@type\":\"ImageObject\",\"inLanguage\":\"nb-NO\",\"@id\":\"https:\/\/babylove.se\/no\/produkt\/veggdekorasjon-og-pute-oh-boy-mint\/#primaryimage\",\"url\":\"https:\/\/babylove.se\/no\/wp-content\/uploads\/sites\/3\/2025\/07\/6205287986fdf.jpeg\",\"contentUrl\":\"https:\/\/babylove.se\/no\/wp-content\/uploads\/sites\/3\/2025\/07\/6205287986fdf.jpeg\",\"width\":1200,\"height\":1500},{\"@type\":\"BreadcrumbList\",\"@id\":\"https:\/\/babylove.se\/no\/produkt\/veggdekorasjon-og-pute-oh-boy-mint\/#breadcrumb\",\"itemListElement\":[{\"@type\":\"ListItem\",\"position\":1,\"name\":\"Hem\",\"item\":\"https:\/\/babylove.se\/no\/\"},{\"@type\":\"ListItem\",\"position\":2,\"name\":\"Butik\",\"item\":\"https:\/\/babylove.se\/no\/butik\/\"},{\"@type\":\"ListItem\",\"position\":3,\"name\":\"Veggdekorasjon og pute, Oh boy-mint\"}]},{\"@type\":\"WebSite\",\"@id\":\"https:\/\/babylove.se\/no\/#website\",\"url\":\"https:\/\/babylove.se\/no\/\",\"name\":\"Babylove Norska\",\"description\":\"\",\"potentialAction\":[{\"@type\":\"SearchAction\",\"target\":{\"@type\":\"EntryPoint\",\"urlTemplate\":\"https:\/\/babylove.se\/no\/?s={search_term_string}\"},\"query-input\":{\"@type\":\"PropertyValueSpecification\",\"valueRequired\":true,\"valueName\":\"search_term_string\"}}],\"inLanguage\":\"nb-NO\"}]}<\/script>\n<meta property=\"product:brand\" content=\"Malomi kids\" \/>\n<meta property=\"product:price:amount\" content=\"599.00\" \/>\n<meta property=\"product:price:currency\" content=\"SEK\" \/>\n<meta property=\"og:availability\" content=\"out of stock\" \/>\n<meta property=\"product:availability\" content=\"out of stock\" \/>\n<meta property=\"product:retailer_item_id\" content=\"MLK00007995\" \/>\n<meta property=\"product:condition\" content=\"new\" \/>\n<!-- \/ Yoast SEO Premium plugin. -->","yoast_head_json":{"title":"Veggdekorasjon og pute, Oh boy-mint - Babylove Norska","robots":{"index":"noindex","follow":"follow","max-snippet":"max-snippet:-1","max-image-preview":"max-image-preview:large","max-video-preview":"max-video-preview:-1"},"og_locale":"nb_NO","og_type":"article","og_title":"Veggdekorasjon og pute, Oh boy-mint","og_description":"Superfin pute i form av en ballong laget av myk og deilig bomull som gj\u00f8r at den blir veldig koselig \u00e5 f\u00f8le p\u00e5. Ballongen kan ogs\u00e5 henges opp p\u00e5 veggen takket v\u00e6re den p\u00e5sydde stoffl\u00f8kka p\u00e5 baksiden. Enten du bruker den som pute eller veggdekorasjon vil den v\u00e6re fantastisk vakker p\u00e5 barnerommet.&nbsp; Meget popul\u00e6r bursdagsgave [&hellip;]","og_url":"https:\/\/babylove.se\/no\/produkt\/veggdekorasjon-og-pute-oh-boy-mint\/","og_site_name":"Babylove Norska","article_modified_time":"2026-04-08T10:58:50+00:00","og_image":[{"width":1200,"height":1500,"url":"https:\/\/babylove.se\/no\/wp-content\/uploads\/sites\/3\/2025\/07\/6205287986fdf.jpeg","type":"image\/jpeg"}],"twitter_card":"summary_large_image","twitter_misc":{"Price":"599,00&nbsp;&#107;&#114;","Availability":"Out of stock"},"schema":{"@context":"https:\/\/schema.org","@graph":[{"@type":"WebPage","@id":"https:\/\/babylove.se\/no\/produkt\/veggdekorasjon-og-pute-oh-boy-mint\/","url":"https:\/\/babylove.se\/no\/produkt\/veggdekorasjon-og-pute-oh-boy-mint\/","name":"Veggdekorasjon og pute, Oh boy-mint - Babylove Norska","isPartOf":{"@id":"https:\/\/babylove.se\/no\/#website"},"primaryImageOfPage":{"@id":"https:\/\/babylove.se\/no\/produkt\/veggdekorasjon-og-pute-oh-boy-mint\/#primaryimage"},"image":{"@id":"https:\/\/babylove.se\/no\/produkt\/veggdekorasjon-og-pute-oh-boy-mint\/#primaryimage"},"thumbnailUrl":"https:\/\/babylove.se\/no\/wp-content\/uploads\/sites\/3\/2025\/07\/6205287986fdf.jpeg","datePublished":"2025-07-18T23:30:50+00:00","dateModified":"2026-04-08T10:58:50+00:00","breadcrumb":{"@id":"https:\/\/babylove.se\/no\/produkt\/veggdekorasjon-og-pute-oh-boy-mint\/#breadcrumb"},"inLanguage":"nb-NO","potentialAction":[{"@type":"ReadAction","target":["https:\/\/babylove.se\/no\/produkt\/veggdekorasjon-og-pute-oh-boy-mint\/"]}]},{"@type":"ImageObject","inLanguage":"nb-NO","@id":"https:\/\/babylove.se\/no\/produkt\/veggdekorasjon-og-pute-oh-boy-mint\/#primaryimage","url":"https:\/\/babylove.se\/no\/wp-content\/uploads\/sites\/3\/2025\/07\/6205287986fdf.jpeg","contentUrl":"https:\/\/babylove.se\/no\/wp-content\/uploads\/sites\/3\/2025\/07\/6205287986fdf.jpeg","width":1200,"height":1500},{"@type":"BreadcrumbList","@id":"https:\/\/babylove.se\/no\/produkt\/veggdekorasjon-og-pute-oh-boy-mint\/#breadcrumb","itemListElement":[{"@type":"ListItem","position":1,"name":"Hem","item":"https:\/\/babylove.se\/no\/"},{"@type":"ListItem","position":2,"name":"Butik","item":"https:\/\/babylove.se\/no\/butik\/"},{"@type":"ListItem","position":3,"name":"Veggdekorasjon og pute, Oh boy-mint"}]},{"@type":"WebSite","@id":"https:\/\/babylove.se\/no\/#website","url":"https:\/\/babylove.se\/no\/","name":"Babylove Norska","description":"","potentialAction":[{"@type":"SearchAction","target":{"@type":"EntryPoint","urlTemplate":"https:\/\/babylove.se\/no\/?s={search_term_string}"},"query-input":{"@type":"PropertyValueSpecification","valueRequired":true,"valueName":"search_term_string"}}],"inLanguage":"nb-NO"}]},"product_brand":"Malomi kids","product_price_amount":"599.00","product_price_currency":"SEK","og_availability":"out of stock","product_availability":"out of stock","product_retailer_item_id":"MLK00007995","product_condition":"new"},"_links":{"self":[{"href":"https:\/\/babylove.se\/no\/wp-json\/wp\/v2\/product\/32184","targetHints":{"allow":["GET"]}}],"collection":[{"href":"https:\/\/babylove.se\/no\/wp-json\/wp\/v2\/product"}],"about":[{"href":"https:\/\/babylove.se\/no\/wp-json\/wp\/v2\/types\/product"}],"replies":[{"embeddable":true,"href":"https:\/\/babylove.se\/no\/wp-json\/wp\/v2\/comments?post=32184"}],"wp:featuredmedia":[{"embeddable":true,"href":"https:\/\/babylove.se\/no\/wp-json\/wp\/v2\/media\/32186"}],"wp:attachment":[{"href":"https:\/\/babylove.se\/no\/wp-json\/wp\/v2\/media?parent=32184"}],"wp:term":[{"taxonomy":"product_brand","embeddable":true,"href":"https:\/\/babylove.se\/no\/wp-json\/wp\/v2\/product_brand?post=32184"},{"taxonomy":"product_cat","embeddable":true,"href":"https:\/\/babylove.se\/no\/wp-json\/wp\/v2\/product_cat?post=32184"},{"taxonomy":"product_tag","embeddable":true,"href":"https:\/\/babylove.se\/no\/wp-json\/wp\/v2\/product_tag?post=32184"}],"curies":[{"name":"wp","href":"https:\/\/api.w.org\/{rel}","templated":true}]}}