{"id":32226,"date":"2025-07-19T00:31:18","date_gmt":"2025-07-18T23:31:18","guid":{"rendered":"https:\/\/babylove.se\/produkt\/jabadabado-mobelset-bord-med-tva-pallar-rosa\/"},"modified":"2026-05-11T13:00:39","modified_gmt":"2026-05-11T12:00:39","slug":"jabadabado-mobelsett-bord-med-to-krakker-rosa","status":"publish","type":"product","link":"https:\/\/babylove.se\/no\/produkt\/jabadabado-mobelsett-bord-med-to-krakker-rosa\/","title":{"rendered":"Jabadabado, M\u00f8belsett bord med to krakker, rosa"},"content":{"rendered":"<p>Et fint og smart bord til barnerommet i ubehandlet tre og med rosa malt bordplate. Sammen med de to tilh\u00f8rende pallene skaper de et fint m\u00f8belsett som du vil ha mye glede av. Barnet ditt kan sitte komfortabelt og pusle eller leke, og det blir et godt hj\u00f8rne for penner og tegneblokkr. Du kan enkelt t\u00f8rke av bordet og stolene med en fuktig klut.<\/p>\n<p>M\u00f8belsettet kommer umontert, men du monterer enkelt sammen det for h\u00e5nd selv, alt er forberedt.<\/p>\n<p>M\u00e5l: Bord: 59 cm i diameter. Pallh\u00f8yde: 26 cm.<\/p>\n<p>Designer: <a href=\"https:\/\/babylove.se\/varumarken\/jabadabado\"><u>JaBaDaBaDo<\/u><\/a><\/p>\n","protected":false},"excerpt":{"rendered":"<p>Et fint og smart bord til barnerommet i ubehandlet tre og med rosa malt bordplate. Sammen med de to tilh\u00f8rende pallene skaper de et fint m\u00f8belsett som du vil ha mye glede av. Barnet ditt kan sitte komfortabelt og pusle eller leke, og det blir et godt hj\u00f8rne for penner og tegneblokkr. Du kan enkelt [&hellip;]<\/p>\n","protected":false},"featured_media":32228,"comment_status":"closed","ping_status":"open","template":"","meta":{"_acf_changed":false},"product_brand":[273],"product_cat":[85,274,80],"product_tag":[],"class_list":{"0":"post-32226","1":"product","2":"type-product","3":"status-publish","4":"has-post-thumbnail","6":"product_brand-jabadabado","7":"product_cat-bord","8":"product_cat-jabadabado","9":"product_cat-stoler","11":"first","12":"outofstock","13":"taxable","14":"shipping-taxable","15":"purchasable","16":"product-type-simple"},"acf":[],"yoast_head":"<!-- This site is optimized with the Yoast SEO Premium plugin v25.8 (Yoast SEO v27.2) - https:\/\/yoast.com\/product\/yoast-seo-premium-wordpress\/ -->\n<title>Jabadabado, M\u00f8belsett bord med to krakker, rosa - Babylove Norska<\/title>\n<meta name=\"robots\" content=\"noindex, follow, max-snippet:-1, max-image-preview:large, max-video-preview:-1\" \/>\n<meta property=\"og:locale\" content=\"nb_NO\" \/>\n<meta property=\"og:type\" content=\"article\" \/>\n<meta property=\"og:title\" content=\"Jabadabado, M\u00f8belsett bord med to krakker, rosa\" \/>\n<meta property=\"og:description\" content=\"Et fint og smart bord til barnerommet i ubehandlet tre og med rosa malt bordplate. Sammen med de to tilh\u00f8rende pallene skaper de et fint m\u00f8belsett som du vil ha mye glede av. Barnet ditt kan sitte komfortabelt og pusle eller leke, og det blir et godt hj\u00f8rne for penner og tegneblokkr. Du kan enkelt [&hellip;]\" \/>\n<meta property=\"og:url\" content=\"https:\/\/babylove.se\/no\/produkt\/jabadabado-mobelsett-bord-med-to-krakker-rosa\/\" \/>\n<meta property=\"og:site_name\" content=\"Babylove Norska\" \/>\n<meta property=\"article:modified_time\" content=\"2026-05-11T12:00:39+00:00\" \/>\n<meta property=\"og:image\" content=\"https:\/\/babylove.se\/no\/wp-content\/uploads\/sites\/3\/2025\/07\/62066e29e99e2.jpeg\" \/>\n\t<meta property=\"og:image:width\" content=\"700\" \/>\n\t<meta property=\"og:image:height\" content=\"700\" \/>\n\t<meta property=\"og:image:type\" content=\"image\/jpeg\" \/>\n<meta name=\"twitter:card\" content=\"summary_large_image\" \/>\n<meta name=\"twitter:label1\" content=\"Price\" \/>\n\t<meta name=\"twitter:data1\" content=\"1 259,00&nbsp;&#107;&#114;\" \/>\n\t<meta name=\"twitter:label2\" content=\"Availability\" \/>\n\t<meta name=\"twitter:data2\" content=\"Out of stock\" \/>\n<script type=\"application\/ld+json\" class=\"yoast-schema-graph\">{\"@context\":\"https:\/\/schema.org\",\"@graph\":[{\"@type\":\"WebPage\",\"@id\":\"https:\/\/babylove.se\/no\/produkt\/jabadabado-mobelsett-bord-med-to-krakker-rosa\/\",\"url\":\"https:\/\/babylove.se\/no\/produkt\/jabadabado-mobelsett-bord-med-to-krakker-rosa\/\",\"name\":\"Jabadabado, M\u00f8belsett bord med to krakker, rosa - Babylove Norska\",\"isPartOf\":{\"@id\":\"https:\/\/babylove.se\/no\/#website\"},\"primaryImageOfPage\":{\"@id\":\"https:\/\/babylove.se\/no\/produkt\/jabadabado-mobelsett-bord-med-to-krakker-rosa\/#primaryimage\"},\"image\":{\"@id\":\"https:\/\/babylove.se\/no\/produkt\/jabadabado-mobelsett-bord-med-to-krakker-rosa\/#primaryimage\"},\"thumbnailUrl\":\"https:\/\/babylove.se\/no\/wp-content\/uploads\/sites\/3\/2025\/07\/62066e29e99e2.jpeg\",\"datePublished\":\"2025-07-18T23:31:18+00:00\",\"dateModified\":\"2026-05-11T12:00:39+00:00\",\"breadcrumb\":{\"@id\":\"https:\/\/babylove.se\/no\/produkt\/jabadabado-mobelsett-bord-med-to-krakker-rosa\/#breadcrumb\"},\"inLanguage\":\"nb-NO\",\"potentialAction\":[{\"@type\":\"ReadAction\",\"target\":[\"https:\/\/babylove.se\/no\/produkt\/jabadabado-mobelsett-bord-med-to-krakker-rosa\/\"]}]},{\"@type\":\"ImageObject\",\"inLanguage\":\"nb-NO\",\"@id\":\"https:\/\/babylove.se\/no\/produkt\/jabadabado-mobelsett-bord-med-to-krakker-rosa\/#primaryimage\",\"url\":\"https:\/\/babylove.se\/no\/wp-content\/uploads\/sites\/3\/2025\/07\/62066e29e99e2.jpeg\",\"contentUrl\":\"https:\/\/babylove.se\/no\/wp-content\/uploads\/sites\/3\/2025\/07\/62066e29e99e2.jpeg\",\"width\":700,\"height\":700},{\"@type\":\"BreadcrumbList\",\"@id\":\"https:\/\/babylove.se\/no\/produkt\/jabadabado-mobelsett-bord-med-to-krakker-rosa\/#breadcrumb\",\"itemListElement\":[{\"@type\":\"ListItem\",\"position\":1,\"name\":\"Hem\",\"item\":\"https:\/\/babylove.se\/no\/\"},{\"@type\":\"ListItem\",\"position\":2,\"name\":\"Butik\",\"item\":\"https:\/\/babylove.se\/no\/butik\/\"},{\"@type\":\"ListItem\",\"position\":3,\"name\":\"Jabadabado, M\u00f8belsett bord med to krakker, rosa\"}]},{\"@type\":\"WebSite\",\"@id\":\"https:\/\/babylove.se\/no\/#website\",\"url\":\"https:\/\/babylove.se\/no\/\",\"name\":\"Babylove Norska\",\"description\":\"\",\"potentialAction\":[{\"@type\":\"SearchAction\",\"target\":{\"@type\":\"EntryPoint\",\"urlTemplate\":\"https:\/\/babylove.se\/no\/?s={search_term_string}\"},\"query-input\":{\"@type\":\"PropertyValueSpecification\",\"valueRequired\":true,\"valueName\":\"search_term_string\"}}],\"inLanguage\":\"nb-NO\"}]}<\/script>\n<meta property=\"product:brand\" content=\"JaBaDaBaDo\" \/>\n<meta property=\"product:price:amount\" content=\"1259.00\" \/>\n<meta property=\"product:price:currency\" content=\"NOK\" \/>\n<meta property=\"og:availability\" content=\"out of stock\" \/>\n<meta property=\"product:availability\" content=\"out of stock\" \/>\n<meta property=\"product:retailer_item_id\" content=\"H13231\" \/>\n<meta property=\"product:condition\" content=\"new\" \/>\n<!-- \/ Yoast SEO Premium plugin. -->","yoast_head_json":{"title":"Jabadabado, M\u00f8belsett bord med to krakker, rosa - Babylove Norska","robots":{"index":"noindex","follow":"follow","max-snippet":"max-snippet:-1","max-image-preview":"max-image-preview:large","max-video-preview":"max-video-preview:-1"},"og_locale":"nb_NO","og_type":"article","og_title":"Jabadabado, M\u00f8belsett bord med to krakker, rosa","og_description":"Et fint og smart bord til barnerommet i ubehandlet tre og med rosa malt bordplate. Sammen med de to tilh\u00f8rende pallene skaper de et fint m\u00f8belsett som du vil ha mye glede av. Barnet ditt kan sitte komfortabelt og pusle eller leke, og det blir et godt hj\u00f8rne for penner og tegneblokkr. Du kan enkelt [&hellip;]","og_url":"https:\/\/babylove.se\/no\/produkt\/jabadabado-mobelsett-bord-med-to-krakker-rosa\/","og_site_name":"Babylove Norska","article_modified_time":"2026-05-11T12:00:39+00:00","og_image":[{"width":700,"height":700,"url":"https:\/\/babylove.se\/no\/wp-content\/uploads\/sites\/3\/2025\/07\/62066e29e99e2.jpeg","type":"image\/jpeg"}],"twitter_card":"summary_large_image","twitter_misc":{"Price":"1 259,00&nbsp;&#107;&#114;","Availability":"Out of stock"},"schema":{"@context":"https:\/\/schema.org","@graph":[{"@type":"WebPage","@id":"https:\/\/babylove.se\/no\/produkt\/jabadabado-mobelsett-bord-med-to-krakker-rosa\/","url":"https:\/\/babylove.se\/no\/produkt\/jabadabado-mobelsett-bord-med-to-krakker-rosa\/","name":"Jabadabado, M\u00f8belsett bord med to krakker, rosa - Babylove Norska","isPartOf":{"@id":"https:\/\/babylove.se\/no\/#website"},"primaryImageOfPage":{"@id":"https:\/\/babylove.se\/no\/produkt\/jabadabado-mobelsett-bord-med-to-krakker-rosa\/#primaryimage"},"image":{"@id":"https:\/\/babylove.se\/no\/produkt\/jabadabado-mobelsett-bord-med-to-krakker-rosa\/#primaryimage"},"thumbnailUrl":"https:\/\/babylove.se\/no\/wp-content\/uploads\/sites\/3\/2025\/07\/62066e29e99e2.jpeg","datePublished":"2025-07-18T23:31:18+00:00","dateModified":"2026-05-11T12:00:39+00:00","breadcrumb":{"@id":"https:\/\/babylove.se\/no\/produkt\/jabadabado-mobelsett-bord-med-to-krakker-rosa\/#breadcrumb"},"inLanguage":"nb-NO","potentialAction":[{"@type":"ReadAction","target":["https:\/\/babylove.se\/no\/produkt\/jabadabado-mobelsett-bord-med-to-krakker-rosa\/"]}]},{"@type":"ImageObject","inLanguage":"nb-NO","@id":"https:\/\/babylove.se\/no\/produkt\/jabadabado-mobelsett-bord-med-to-krakker-rosa\/#primaryimage","url":"https:\/\/babylove.se\/no\/wp-content\/uploads\/sites\/3\/2025\/07\/62066e29e99e2.jpeg","contentUrl":"https:\/\/babylove.se\/no\/wp-content\/uploads\/sites\/3\/2025\/07\/62066e29e99e2.jpeg","width":700,"height":700},{"@type":"BreadcrumbList","@id":"https:\/\/babylove.se\/no\/produkt\/jabadabado-mobelsett-bord-med-to-krakker-rosa\/#breadcrumb","itemListElement":[{"@type":"ListItem","position":1,"name":"Hem","item":"https:\/\/babylove.se\/no\/"},{"@type":"ListItem","position":2,"name":"Butik","item":"https:\/\/babylove.se\/no\/butik\/"},{"@type":"ListItem","position":3,"name":"Jabadabado, M\u00f8belsett bord med to krakker, rosa"}]},{"@type":"WebSite","@id":"https:\/\/babylove.se\/no\/#website","url":"https:\/\/babylove.se\/no\/","name":"Babylove Norska","description":"","potentialAction":[{"@type":"SearchAction","target":{"@type":"EntryPoint","urlTemplate":"https:\/\/babylove.se\/no\/?s={search_term_string}"},"query-input":{"@type":"PropertyValueSpecification","valueRequired":true,"valueName":"search_term_string"}}],"inLanguage":"nb-NO"}]},"product_brand":"JaBaDaBaDo","product_price_amount":"1259.00","product_price_currency":"NOK","og_availability":"out of stock","product_availability":"out of stock","product_retailer_item_id":"H13231","product_condition":"new"},"_links":{"self":[{"href":"https:\/\/babylove.se\/no\/wp-json\/wp\/v2\/product\/32226","targetHints":{"allow":["GET"]}}],"collection":[{"href":"https:\/\/babylove.se\/no\/wp-json\/wp\/v2\/product"}],"about":[{"href":"https:\/\/babylove.se\/no\/wp-json\/wp\/v2\/types\/product"}],"replies":[{"embeddable":true,"href":"https:\/\/babylove.se\/no\/wp-json\/wp\/v2\/comments?post=32226"}],"wp:featuredmedia":[{"embeddable":true,"href":"https:\/\/babylove.se\/no\/wp-json\/wp\/v2\/media\/32228"}],"wp:attachment":[{"href":"https:\/\/babylove.se\/no\/wp-json\/wp\/v2\/media?parent=32226"}],"wp:term":[{"taxonomy":"product_brand","embeddable":true,"href":"https:\/\/babylove.se\/no\/wp-json\/wp\/v2\/product_brand?post=32226"},{"taxonomy":"product_cat","embeddable":true,"href":"https:\/\/babylove.se\/no\/wp-json\/wp\/v2\/product_cat?post=32226"},{"taxonomy":"product_tag","embeddable":true,"href":"https:\/\/babylove.se\/no\/wp-json\/wp\/v2\/product_tag?post=32226"}],"curies":[{"name":"wp","href":"https:\/\/api.w.org\/{rel}","templated":true}]}}