{"id":32335,"date":"2025-07-19T00:32:11","date_gmt":"2025-07-18T23:32:11","guid":{"rendered":"https:\/\/babylove.se\/produkt\/duck-woodworks-kokspall-svartnatur\/"},"modified":"2026-05-11T13:00:39","modified_gmt":"2026-05-11T12:00:39","slug":"and-trearbeid-kjokkenkrakk-svartnatur","status":"publish","type":"product","link":"https:\/\/babylove.se\/no\/produkt\/and-trearbeid-kjokkenkrakk-svartnatur\/","title":{"rendered":"Duck Woodworks, Kj\u00f8kkenkrakk svart\/natur"},"content":{"rendered":"<p>Aldri f\u00f8r har det v\u00e6rt enklere \u00e5 p\u00e5 en sikker og stilsikker m\u00e5te la stjernekokker ta plass p\u00e5 kj\u00f8kkenet!<\/p>\n<p>Kj\u00f8kkentrappen hjelper til n\u00e5r barnet skal pusse tenner, vaske hender, assistere foreldrene ved matlaging eller annen aktivitet der lilleputt (eller den voksne) ikke helt rekker opp.<\/p>\n<p>Enkel \u00e5 flytte da den veier bare 2,7 kg. Kj\u00f8kkenkrakken monteres enkelt.<\/p>\n<p><span>Maks belastning 110 kg.&nbsp;<\/span><\/p>\n<p><strong>M\u00e5l<\/strong>: 26 x 40 x 41, 5 cm. 100 % giftfri, milj\u00f8vennlig lakk.&nbsp;<\/p>\n<p><strong>Materiale<\/strong>: Kryssfiner<\/p>\n<p>Designer: <a href=\"https:\/\/babylove.se\/varumarken\/duck-woodworks\">Duck Woodworks<\/a><\/p>\n","protected":false},"excerpt":{"rendered":"<p>Aldri f\u00f8r har det v\u00e6rt enklere \u00e5 p\u00e5 en sikker og stilsikker m\u00e5te la stjernekokker ta plass p\u00e5 kj\u00f8kkenet! Kj\u00f8kkentrappen hjelper til n\u00e5r barnet skal pusse tenner, vaske hender, assistere foreldrene ved matlaging eller annen aktivitet der lilleputt (eller den voksne) ikke helt rekker opp. Enkel \u00e5 flytte da den veier bare 2,7 kg. Kj\u00f8kkenkrakken [&hellip;]<\/p>\n","protected":false},"featured_media":32337,"comment_status":"closed","ping_status":"open","template":"","meta":{"_acf_changed":false},"product_brand":[998],"product_cat":[999,911],"product_tag":[1689],"class_list":{"0":"post-32335","1":"product","2":"type-product","3":"status-publish","4":"has-post-thumbnail","6":"product_brand-duck-woodworks","7":"product_cat-duck-woodworks","8":"product_cat-hjelpe-til-pall","9":"product_tag-bestillingsvaror","11":"first","12":"instock","13":"taxable","14":"shipping-taxable","15":"purchasable","16":"product-type-simple"},"acf":[],"yoast_head":"<!-- This site is optimized with the Yoast SEO Premium plugin v25.8 (Yoast SEO v27.2) - https:\/\/yoast.com\/product\/yoast-seo-premium-wordpress\/ -->\n<title>Duck Woodworks, Kj\u00f8kkenkrakk svart\/natur - Babylove Norska<\/title>\n<meta name=\"robots\" content=\"noindex, follow, max-snippet:-1, max-image-preview:large, max-video-preview:-1\" \/>\n<meta property=\"og:locale\" content=\"nb_NO\" \/>\n<meta property=\"og:type\" content=\"article\" \/>\n<meta property=\"og:title\" content=\"Duck Woodworks, Kj\u00f8kkenkrakk svart\/natur\" \/>\n<meta property=\"og:description\" content=\"Aldri f\u00f8r har det v\u00e6rt enklere \u00e5 p\u00e5 en sikker og stilsikker m\u00e5te la stjernekokker ta plass p\u00e5 kj\u00f8kkenet! Kj\u00f8kkentrappen hjelper til n\u00e5r barnet skal pusse tenner, vaske hender, assistere foreldrene ved matlaging eller annen aktivitet der lilleputt (eller den voksne) ikke helt rekker opp. Enkel \u00e5 flytte da den veier bare 2,7 kg. Kj\u00f8kkenkrakken [&hellip;]\" \/>\n<meta property=\"og:url\" content=\"https:\/\/babylove.se\/no\/produkt\/and-trearbeid-kjokkenkrakk-svartnatur\/\" \/>\n<meta property=\"og:site_name\" content=\"Babylove Norska\" \/>\n<meta property=\"article:modified_time\" content=\"2026-05-11T12:00:39+00:00\" \/>\n<meta property=\"og:image\" content=\"https:\/\/babylove.se\/no\/wp-content\/uploads\/sites\/3\/2025\/07\/620bab5ba0df7.jpeg\" \/>\n\t<meta property=\"og:image:width\" content=\"1350\" \/>\n\t<meta property=\"og:image:height\" content=\"900\" \/>\n\t<meta property=\"og:image:type\" content=\"image\/jpeg\" \/>\n<meta name=\"twitter:card\" content=\"summary_large_image\" \/>\n<meta name=\"twitter:label1\" content=\"Price\" \/>\n\t<meta name=\"twitter:data1\" content=\"1 399,00&nbsp;&#107;&#114;\" \/>\n\t<meta name=\"twitter:label2\" content=\"Availability\" \/>\n\t<meta name=\"twitter:data2\" content=\"In stock\" \/>\n<script type=\"application\/ld+json\" class=\"yoast-schema-graph\">{\"@context\":\"https:\/\/schema.org\",\"@graph\":[{\"@type\":\"WebPage\",\"@id\":\"https:\/\/babylove.se\/no\/produkt\/and-trearbeid-kjokkenkrakk-svartnatur\/\",\"url\":\"https:\/\/babylove.se\/no\/produkt\/and-trearbeid-kjokkenkrakk-svartnatur\/\",\"name\":\"Duck Woodworks, Kj\u00f8kkenkrakk svart\/natur - Babylove Norska\",\"isPartOf\":{\"@id\":\"https:\/\/babylove.se\/no\/#website\"},\"primaryImageOfPage\":{\"@id\":\"https:\/\/babylove.se\/no\/produkt\/and-trearbeid-kjokkenkrakk-svartnatur\/#primaryimage\"},\"image\":{\"@id\":\"https:\/\/babylove.se\/no\/produkt\/and-trearbeid-kjokkenkrakk-svartnatur\/#primaryimage\"},\"thumbnailUrl\":\"https:\/\/babylove.se\/no\/wp-content\/uploads\/sites\/3\/2025\/07\/620bab5ba0df7.jpeg\",\"datePublished\":\"2025-07-18T23:32:11+00:00\",\"dateModified\":\"2026-05-11T12:00:39+00:00\",\"breadcrumb\":{\"@id\":\"https:\/\/babylove.se\/no\/produkt\/and-trearbeid-kjokkenkrakk-svartnatur\/#breadcrumb\"},\"inLanguage\":\"nb-NO\",\"potentialAction\":[{\"@type\":\"ReadAction\",\"target\":[\"https:\/\/babylove.se\/no\/produkt\/and-trearbeid-kjokkenkrakk-svartnatur\/\"]}]},{\"@type\":\"ImageObject\",\"inLanguage\":\"nb-NO\",\"@id\":\"https:\/\/babylove.se\/no\/produkt\/and-trearbeid-kjokkenkrakk-svartnatur\/#primaryimage\",\"url\":\"https:\/\/babylove.se\/no\/wp-content\/uploads\/sites\/3\/2025\/07\/620bab5ba0df7.jpeg\",\"contentUrl\":\"https:\/\/babylove.se\/no\/wp-content\/uploads\/sites\/3\/2025\/07\/620bab5ba0df7.jpeg\",\"width\":1350,\"height\":900},{\"@type\":\"BreadcrumbList\",\"@id\":\"https:\/\/babylove.se\/no\/produkt\/and-trearbeid-kjokkenkrakk-svartnatur\/#breadcrumb\",\"itemListElement\":[{\"@type\":\"ListItem\",\"position\":1,\"name\":\"Hem\",\"item\":\"https:\/\/babylove.se\/no\/\"},{\"@type\":\"ListItem\",\"position\":2,\"name\":\"Butik\",\"item\":\"https:\/\/babylove.se\/no\/butik\/\"},{\"@type\":\"ListItem\",\"position\":3,\"name\":\"Duck Woodworks, Kj\u00f8kkenkrakk svart\/natur\"}]},{\"@type\":\"WebSite\",\"@id\":\"https:\/\/babylove.se\/no\/#website\",\"url\":\"https:\/\/babylove.se\/no\/\",\"name\":\"Babylove Norska\",\"description\":\"\",\"potentialAction\":[{\"@type\":\"SearchAction\",\"target\":{\"@type\":\"EntryPoint\",\"urlTemplate\":\"https:\/\/babylove.se\/no\/?s={search_term_string}\"},\"query-input\":{\"@type\":\"PropertyValueSpecification\",\"valueRequired\":true,\"valueName\":\"search_term_string\"}}],\"inLanguage\":\"nb-NO\"}]}<\/script>\n<meta property=\"product:brand\" content=\"Duck Woodworks\" \/>\n<meta property=\"product:price:amount\" content=\"1399.00\" \/>\n<meta property=\"product:price:currency\" content=\"NOK\" \/>\n<meta property=\"og:availability\" content=\"instock\" \/>\n<meta property=\"product:availability\" content=\"instock\" \/>\n<meta property=\"product:retailer_item_id\" content=\"MI0003M\" \/>\n<meta property=\"product:condition\" content=\"new\" \/>\n<!-- \/ Yoast SEO Premium plugin. -->","yoast_head_json":{"title":"Duck Woodworks, Kj\u00f8kkenkrakk svart\/natur - Babylove Norska","robots":{"index":"noindex","follow":"follow","max-snippet":"max-snippet:-1","max-image-preview":"max-image-preview:large","max-video-preview":"max-video-preview:-1"},"og_locale":"nb_NO","og_type":"article","og_title":"Duck Woodworks, Kj\u00f8kkenkrakk svart\/natur","og_description":"Aldri f\u00f8r har det v\u00e6rt enklere \u00e5 p\u00e5 en sikker og stilsikker m\u00e5te la stjernekokker ta plass p\u00e5 kj\u00f8kkenet! Kj\u00f8kkentrappen hjelper til n\u00e5r barnet skal pusse tenner, vaske hender, assistere foreldrene ved matlaging eller annen aktivitet der lilleputt (eller den voksne) ikke helt rekker opp. Enkel \u00e5 flytte da den veier bare 2,7 kg. Kj\u00f8kkenkrakken [&hellip;]","og_url":"https:\/\/babylove.se\/no\/produkt\/and-trearbeid-kjokkenkrakk-svartnatur\/","og_site_name":"Babylove Norska","article_modified_time":"2026-05-11T12:00:39+00:00","og_image":[{"width":1350,"height":900,"url":"https:\/\/babylove.se\/no\/wp-content\/uploads\/sites\/3\/2025\/07\/620bab5ba0df7.jpeg","type":"image\/jpeg"}],"twitter_card":"summary_large_image","twitter_misc":{"Price":"1 399,00&nbsp;&#107;&#114;","Availability":"In stock"},"schema":{"@context":"https:\/\/schema.org","@graph":[{"@type":"WebPage","@id":"https:\/\/babylove.se\/no\/produkt\/and-trearbeid-kjokkenkrakk-svartnatur\/","url":"https:\/\/babylove.se\/no\/produkt\/and-trearbeid-kjokkenkrakk-svartnatur\/","name":"Duck Woodworks, Kj\u00f8kkenkrakk svart\/natur - Babylove Norska","isPartOf":{"@id":"https:\/\/babylove.se\/no\/#website"},"primaryImageOfPage":{"@id":"https:\/\/babylove.se\/no\/produkt\/and-trearbeid-kjokkenkrakk-svartnatur\/#primaryimage"},"image":{"@id":"https:\/\/babylove.se\/no\/produkt\/and-trearbeid-kjokkenkrakk-svartnatur\/#primaryimage"},"thumbnailUrl":"https:\/\/babylove.se\/no\/wp-content\/uploads\/sites\/3\/2025\/07\/620bab5ba0df7.jpeg","datePublished":"2025-07-18T23:32:11+00:00","dateModified":"2026-05-11T12:00:39+00:00","breadcrumb":{"@id":"https:\/\/babylove.se\/no\/produkt\/and-trearbeid-kjokkenkrakk-svartnatur\/#breadcrumb"},"inLanguage":"nb-NO","potentialAction":[{"@type":"ReadAction","target":["https:\/\/babylove.se\/no\/produkt\/and-trearbeid-kjokkenkrakk-svartnatur\/"]}]},{"@type":"ImageObject","inLanguage":"nb-NO","@id":"https:\/\/babylove.se\/no\/produkt\/and-trearbeid-kjokkenkrakk-svartnatur\/#primaryimage","url":"https:\/\/babylove.se\/no\/wp-content\/uploads\/sites\/3\/2025\/07\/620bab5ba0df7.jpeg","contentUrl":"https:\/\/babylove.se\/no\/wp-content\/uploads\/sites\/3\/2025\/07\/620bab5ba0df7.jpeg","width":1350,"height":900},{"@type":"BreadcrumbList","@id":"https:\/\/babylove.se\/no\/produkt\/and-trearbeid-kjokkenkrakk-svartnatur\/#breadcrumb","itemListElement":[{"@type":"ListItem","position":1,"name":"Hem","item":"https:\/\/babylove.se\/no\/"},{"@type":"ListItem","position":2,"name":"Butik","item":"https:\/\/babylove.se\/no\/butik\/"},{"@type":"ListItem","position":3,"name":"Duck Woodworks, Kj\u00f8kkenkrakk svart\/natur"}]},{"@type":"WebSite","@id":"https:\/\/babylove.se\/no\/#website","url":"https:\/\/babylove.se\/no\/","name":"Babylove Norska","description":"","potentialAction":[{"@type":"SearchAction","target":{"@type":"EntryPoint","urlTemplate":"https:\/\/babylove.se\/no\/?s={search_term_string}"},"query-input":{"@type":"PropertyValueSpecification","valueRequired":true,"valueName":"search_term_string"}}],"inLanguage":"nb-NO"}]},"product_brand":"Duck Woodworks","product_price_amount":"1399.00","product_price_currency":"NOK","og_availability":"instock","product_availability":"instock","product_retailer_item_id":"MI0003M","product_condition":"new"},"_links":{"self":[{"href":"https:\/\/babylove.se\/no\/wp-json\/wp\/v2\/product\/32335","targetHints":{"allow":["GET"]}}],"collection":[{"href":"https:\/\/babylove.se\/no\/wp-json\/wp\/v2\/product"}],"about":[{"href":"https:\/\/babylove.se\/no\/wp-json\/wp\/v2\/types\/product"}],"replies":[{"embeddable":true,"href":"https:\/\/babylove.se\/no\/wp-json\/wp\/v2\/comments?post=32335"}],"wp:featuredmedia":[{"embeddable":true,"href":"https:\/\/babylove.se\/no\/wp-json\/wp\/v2\/media\/32337"}],"wp:attachment":[{"href":"https:\/\/babylove.se\/no\/wp-json\/wp\/v2\/media?parent=32335"}],"wp:term":[{"taxonomy":"product_brand","embeddable":true,"href":"https:\/\/babylove.se\/no\/wp-json\/wp\/v2\/product_brand?post=32335"},{"taxonomy":"product_cat","embeddable":true,"href":"https:\/\/babylove.se\/no\/wp-json\/wp\/v2\/product_cat?post=32335"},{"taxonomy":"product_tag","embeddable":true,"href":"https:\/\/babylove.se\/no\/wp-json\/wp\/v2\/product_tag?post=32335"}],"curies":[{"name":"wp","href":"https:\/\/api.w.org\/{rel}","templated":true}]}}