{"id":32425,"date":"2025-07-19T00:33:10","date_gmt":"2025-07-18T23:33:10","guid":{"rendered":"https:\/\/babylove.se\/produkt\/baddset-rockets\/"},"modified":"2026-04-08T12:00:49","modified_gmt":"2026-04-08T11:00:49","slug":"badedrakt-rockets","status":"publish","type":"product","link":"https:\/\/babylove.se\/no\/produkt\/badedrakt-rockets\/","title":{"rendered":"Sengesett Rockets"},"content":{"rendered":"<p>Senget\u00f8y er uten tvil et av de viktigste tilbeh\u00f8rene, det som holder barnet varmt og trygt om natten. <span style=\"background-color: initial; text-align: initial;\">Laget av fantastisk \u00f8kologisk bomull i 144 TC (stoffets vevtetthet) som garanterer en god s\u00f8vn for barnet. <\/span> <\/p>\n<p>Med kule romrakettene som motiv vil dette sengesettet bli elsket av de rominteresserte. <\/p>\n<p><span style=\"background-color: initial; text-align: initial;\">Hvert sengesett inneholder et putevar og et dynetrekk. Lukkes enkelt med en glidel\u00e5s. <\/span> <\/p>\n<p>Finnes i to st\u00f8rrelser: <\/p>\n<ul>\n<li>Dynetrekk: 100 x 135 cm. Putevar: 40 x 60 cm.<\/li>\n<li>Dynetrekk: 150 x 200 cm. Putevar: 50 x 60 cm.<\/li>\n<\/ul>\n<p>Den mindre st\u00f8rrelsen passer utmerket de fleste sprinkelsenger og den st\u00f8rre st\u00f8rrelsen passer de fleste juniorsenger. <\/p>\n<p><strong>Materiale<\/strong>: 100 % OEKO-TEX sertifisert \u00f8kologisk bomull. <\/p>\n<p>Vaskeanvisninger: Vaskes inn og ut i maks 60 grader. Maks krymping 5 %.<\/p>\n","protected":false},"excerpt":{"rendered":"<p>Senget\u00f8y er uten tvil et av de viktigste tilbeh\u00f8rene, det som holder barnet varmt og trygt om natten. Laget av fantastisk \u00f8kologisk bomull i 144 TC (stoffets vevtetthet) som garanterer en god s\u00f8vn for barnet. Med kule romrakettene som motiv vil dette sengesettet bli elsket av de rominteresserte. Hvert sengesett inneholder et putevar og et [&hellip;]<\/p>\n","protected":false},"featured_media":32427,"comment_status":"closed","ping_status":"closed","template":"","meta":{"_acf_changed":false},"product_brand":[1088],"product_cat":[39,1089,238,40],"product_tag":[],"class_list":{"0":"post-32425","1":"product","2":"type-product","3":"status-publish","4":"has-post-thumbnail","6":"product_brand-marsielle-decor","7":"product_cat-barnesangklaer","8":"product_cat-marsielle-decor","9":"product_cat-rommet","10":"product_cat-soverom-barn","11":"pa_storlek-100x135cm-40x60cm","12":"pa_storlek-150x200cm-50x60cm","14":"first","15":"outofstock","16":"taxable","17":"shipping-taxable","18":"purchasable","19":"product-type-variable"},"acf":[],"yoast_head":"<!-- This site is optimized with the Yoast SEO Premium plugin v25.8 (Yoast SEO v27.2) - https:\/\/yoast.com\/product\/yoast-seo-premium-wordpress\/ -->\n<title>Sengesett Rockets - Babylove Norska<\/title>\n<meta name=\"robots\" content=\"noindex, follow, max-snippet:-1, max-image-preview:large, max-video-preview:-1\" \/>\n<meta property=\"og:locale\" content=\"nb_NO\" \/>\n<meta property=\"og:type\" content=\"article\" \/>\n<meta property=\"og:title\" content=\"Sengesett Rockets\" \/>\n<meta property=\"og:description\" content=\"Senget\u00f8y er uten tvil et av de viktigste tilbeh\u00f8rene, det som holder barnet varmt og trygt om natten. Laget av fantastisk \u00f8kologisk bomull i 144 TC (stoffets vevtetthet) som garanterer en god s\u00f8vn for barnet. Med kule romrakettene som motiv vil dette sengesettet bli elsket av de rominteresserte. Hvert sengesett inneholder et putevar og et [&hellip;]\" \/>\n<meta property=\"og:url\" content=\"https:\/\/babylove.se\/no\/produkt\/badedrakt-rockets\/\" \/>\n<meta property=\"og:site_name\" content=\"Babylove Norska\" \/>\n<meta property=\"article:modified_time\" content=\"2026-04-08T11:00:49+00:00\" \/>\n<meta property=\"og:image\" content=\"https:\/\/babylove.se\/no\/wp-content\/uploads\/sites\/3\/2025\/07\/620cd45acc8b3.jpeg\" \/>\n\t<meta property=\"og:image:width\" content=\"1800\" \/>\n\t<meta property=\"og:image:height\" content=\"1800\" \/>\n\t<meta property=\"og:image:type\" content=\"image\/jpeg\" \/>\n<meta name=\"twitter:card\" content=\"summary_large_image\" \/>\n<meta name=\"twitter:label1\" content=\"Availability\" \/>\n\t<meta name=\"twitter:data1\" content=\"Out of stock\" \/>\n<script type=\"application\/ld+json\" class=\"yoast-schema-graph\">{\"@context\":\"https:\/\/schema.org\",\"@graph\":[{\"@type\":\"WebPage\",\"@id\":\"https:\/\/babylove.se\/no\/produkt\/badedrakt-rockets\/\",\"url\":\"https:\/\/babylove.se\/no\/produkt\/badedrakt-rockets\/\",\"name\":\"Sengesett Rockets - Babylove Norska\",\"isPartOf\":{\"@id\":\"https:\/\/babylove.se\/no\/#website\"},\"primaryImageOfPage\":{\"@id\":\"https:\/\/babylove.se\/no\/produkt\/badedrakt-rockets\/#primaryimage\"},\"image\":{\"@id\":\"https:\/\/babylove.se\/no\/produkt\/badedrakt-rockets\/#primaryimage\"},\"thumbnailUrl\":\"https:\/\/babylove.se\/no\/wp-content\/uploads\/sites\/3\/2025\/07\/620cd45acc8b3.jpeg\",\"datePublished\":\"2025-07-18T23:33:10+00:00\",\"dateModified\":\"2026-04-08T11:00:49+00:00\",\"breadcrumb\":{\"@id\":\"https:\/\/babylove.se\/no\/produkt\/badedrakt-rockets\/#breadcrumb\"},\"inLanguage\":\"nb-NO\",\"potentialAction\":[{\"@type\":\"ReadAction\",\"target\":[\"https:\/\/babylove.se\/no\/produkt\/badedrakt-rockets\/\"]}]},{\"@type\":\"ImageObject\",\"inLanguage\":\"nb-NO\",\"@id\":\"https:\/\/babylove.se\/no\/produkt\/badedrakt-rockets\/#primaryimage\",\"url\":\"https:\/\/babylove.se\/no\/wp-content\/uploads\/sites\/3\/2025\/07\/620cd45acc8b3.jpeg\",\"contentUrl\":\"https:\/\/babylove.se\/no\/wp-content\/uploads\/sites\/3\/2025\/07\/620cd45acc8b3.jpeg\",\"width\":1800,\"height\":1800},{\"@type\":\"BreadcrumbList\",\"@id\":\"https:\/\/babylove.se\/no\/produkt\/badedrakt-rockets\/#breadcrumb\",\"itemListElement\":[{\"@type\":\"ListItem\",\"position\":1,\"name\":\"Hem\",\"item\":\"https:\/\/babylove.se\/no\/\"},{\"@type\":\"ListItem\",\"position\":2,\"name\":\"Butik\",\"item\":\"https:\/\/babylove.se\/no\/butik\/\"},{\"@type\":\"ListItem\",\"position\":3,\"name\":\"Sengesett Rockets\"}]},{\"@type\":\"WebSite\",\"@id\":\"https:\/\/babylove.se\/no\/#website\",\"url\":\"https:\/\/babylove.se\/no\/\",\"name\":\"Babylove Norska\",\"description\":\"\",\"potentialAction\":[{\"@type\":\"SearchAction\",\"target\":{\"@type\":\"EntryPoint\",\"urlTemplate\":\"https:\/\/babylove.se\/no\/?s={search_term_string}\"},\"query-input\":{\"@type\":\"PropertyValueSpecification\",\"valueRequired\":true,\"valueName\":\"search_term_string\"}}],\"inLanguage\":\"nb-NO\"}]}<\/script>\n<meta property=\"product:brand\" content=\"Marsielle Decor\" \/>\n<meta property=\"og:availability\" content=\"out of stock\" \/>\n<meta property=\"product:availability\" content=\"out of stock\" \/>\n<meta property=\"product:retailer_item_id\" content=\"MSD00031015\" \/>\n<meta property=\"product:condition\" content=\"new\" \/>\n<!-- \/ Yoast SEO Premium plugin. -->","yoast_head_json":{"title":"Sengesett Rockets - Babylove Norska","robots":{"index":"noindex","follow":"follow","max-snippet":"max-snippet:-1","max-image-preview":"max-image-preview:large","max-video-preview":"max-video-preview:-1"},"og_locale":"nb_NO","og_type":"article","og_title":"Sengesett Rockets","og_description":"Senget\u00f8y er uten tvil et av de viktigste tilbeh\u00f8rene, det som holder barnet varmt og trygt om natten. Laget av fantastisk \u00f8kologisk bomull i 144 TC (stoffets vevtetthet) som garanterer en god s\u00f8vn for barnet. Med kule romrakettene som motiv vil dette sengesettet bli elsket av de rominteresserte. Hvert sengesett inneholder et putevar og et [&hellip;]","og_url":"https:\/\/babylove.se\/no\/produkt\/badedrakt-rockets\/","og_site_name":"Babylove Norska","article_modified_time":"2026-04-08T11:00:49+00:00","og_image":[{"width":1800,"height":1800,"url":"https:\/\/babylove.se\/no\/wp-content\/uploads\/sites\/3\/2025\/07\/620cd45acc8b3.jpeg","type":"image\/jpeg"}],"twitter_card":"summary_large_image","twitter_misc":{"Availability":"Out of stock"},"schema":{"@context":"https:\/\/schema.org","@graph":[{"@type":"WebPage","@id":"https:\/\/babylove.se\/no\/produkt\/badedrakt-rockets\/","url":"https:\/\/babylove.se\/no\/produkt\/badedrakt-rockets\/","name":"Sengesett Rockets - Babylove Norska","isPartOf":{"@id":"https:\/\/babylove.se\/no\/#website"},"primaryImageOfPage":{"@id":"https:\/\/babylove.se\/no\/produkt\/badedrakt-rockets\/#primaryimage"},"image":{"@id":"https:\/\/babylove.se\/no\/produkt\/badedrakt-rockets\/#primaryimage"},"thumbnailUrl":"https:\/\/babylove.se\/no\/wp-content\/uploads\/sites\/3\/2025\/07\/620cd45acc8b3.jpeg","datePublished":"2025-07-18T23:33:10+00:00","dateModified":"2026-04-08T11:00:49+00:00","breadcrumb":{"@id":"https:\/\/babylove.se\/no\/produkt\/badedrakt-rockets\/#breadcrumb"},"inLanguage":"nb-NO","potentialAction":[{"@type":"ReadAction","target":["https:\/\/babylove.se\/no\/produkt\/badedrakt-rockets\/"]}]},{"@type":"ImageObject","inLanguage":"nb-NO","@id":"https:\/\/babylove.se\/no\/produkt\/badedrakt-rockets\/#primaryimage","url":"https:\/\/babylove.se\/no\/wp-content\/uploads\/sites\/3\/2025\/07\/620cd45acc8b3.jpeg","contentUrl":"https:\/\/babylove.se\/no\/wp-content\/uploads\/sites\/3\/2025\/07\/620cd45acc8b3.jpeg","width":1800,"height":1800},{"@type":"BreadcrumbList","@id":"https:\/\/babylove.se\/no\/produkt\/badedrakt-rockets\/#breadcrumb","itemListElement":[{"@type":"ListItem","position":1,"name":"Hem","item":"https:\/\/babylove.se\/no\/"},{"@type":"ListItem","position":2,"name":"Butik","item":"https:\/\/babylove.se\/no\/butik\/"},{"@type":"ListItem","position":3,"name":"Sengesett Rockets"}]},{"@type":"WebSite","@id":"https:\/\/babylove.se\/no\/#website","url":"https:\/\/babylove.se\/no\/","name":"Babylove Norska","description":"","potentialAction":[{"@type":"SearchAction","target":{"@type":"EntryPoint","urlTemplate":"https:\/\/babylove.se\/no\/?s={search_term_string}"},"query-input":{"@type":"PropertyValueSpecification","valueRequired":true,"valueName":"search_term_string"}}],"inLanguage":"nb-NO"}]},"product_brand":"Marsielle Decor","og_availability":"out of stock","product_availability":"out of stock","product_retailer_item_id":"MSD00031015","product_condition":"new"},"_links":{"self":[{"href":"https:\/\/babylove.se\/no\/wp-json\/wp\/v2\/product\/32425","targetHints":{"allow":["GET"]}}],"collection":[{"href":"https:\/\/babylove.se\/no\/wp-json\/wp\/v2\/product"}],"about":[{"href":"https:\/\/babylove.se\/no\/wp-json\/wp\/v2\/types\/product"}],"replies":[{"embeddable":true,"href":"https:\/\/babylove.se\/no\/wp-json\/wp\/v2\/comments?post=32425"}],"wp:featuredmedia":[{"embeddable":true,"href":"https:\/\/babylove.se\/no\/wp-json\/wp\/v2\/media\/32427"}],"wp:attachment":[{"href":"https:\/\/babylove.se\/no\/wp-json\/wp\/v2\/media?parent=32425"}],"wp:term":[{"taxonomy":"product_brand","embeddable":true,"href":"https:\/\/babylove.se\/no\/wp-json\/wp\/v2\/product_brand?post=32425"},{"taxonomy":"product_cat","embeddable":true,"href":"https:\/\/babylove.se\/no\/wp-json\/wp\/v2\/product_cat?post=32425"},{"taxonomy":"product_tag","embeddable":true,"href":"https:\/\/babylove.se\/no\/wp-json\/wp\/v2\/product_tag?post=32425"}],"curies":[{"name":"wp","href":"https:\/\/api.w.org\/{rel}","templated":true}]}}