{"id":32438,"date":"2025-07-19T00:33:38","date_gmt":"2025-07-18T23:33:38","guid":{"rendered":"https:\/\/babylove.se\/produkt\/baddset-foggy-forest\/"},"modified":"2026-04-08T12:00:55","modified_gmt":"2026-04-08T11:00:55","slug":"baddset-foggy-forest","status":"publish","type":"product","link":"https:\/\/babylove.se\/no\/produkt\/baddset-foggy-forest\/","title":{"rendered":"Senget\u00f8y Foggy forest"},"content":{"rendered":"<p>Senget\u00f8y er uten tvil et av de viktigste tilbeh\u00f8rene, det som holder barnet varmt og trygt om natten. <span style=\"background-color: initial; text-align: initial;\">Laget av fantastisk organisk bomull i 144 TC (vevens tetthet) som garanterer en god s\u00f8vn for barnet. <\/span> \\n \\nMed vakre dyr som motiv vil dette sengesettet ogs\u00e5 passe godt inn i barnerommets innredning. \\n \\n<span style=\"background-color: initial; text-align: initial;\">Hvert sengesett inneholder et putevar og et dynetrekk. Lukkes enkelt med glidel\u00e5s. <\/span> \\n \\nFinnes i to st\u00f8rrelser: \\n<\/p>\n<ul> \\n \\t<\/p>\n<li>Dynetrekk: 100 x 135 cm. Putevar: 40 x 60 cm.<\/li>\n<p> \\n \\t<\/p>\n<li>Dynetrekk: 150 x 200 cm. Putevar: 50 x 60 cm.<\/li>\n<p> \\n<\/ul>\n<p> \\nDen mindre st\u00f8rrelsen passer utmerket til de fleste sprinkelsenger og den st\u00f8rre st\u00f8rrelsen passer de fleste juniorsenger. \\n \\n<strong>Materiale<\/strong>: 100 % OEKO-TEX sertifisert organisk bomull. \\n \\nVaskeanvisninger: Vaskes inn og ut i maksimalt 60 grader. Maks krymping 5 %.<\/p>\n","protected":false},"excerpt":{"rendered":"<p>Senget\u00f8y er uten tvil et av de viktigste tilbeh\u00f8rene, det som holder barnet varmt og trygt om natten. Laget av fantastisk organisk bomull i 144 TC (vevens tetthet) som garanterer en god s\u00f8vn for barnet. \\n \\nMed vakre dyr som motiv vil dette sengesettet ogs\u00e5 passe godt inn i barnerommets innredning. \\n \\nHvert sengesett inneholder [&hellip;]<\/p>\n","protected":false},"featured_media":32440,"comment_status":"closed","ping_status":"closed","template":"","meta":{"_acf_changed":false},"product_brand":[1088],"product_cat":[39,90,185,1089,40],"product_tag":[],"class_list":{"0":"post-32438","1":"product","2":"type-product","3":"status-publish","4":"has-post-thumbnail","6":"product_brand-marsielle-decor","7":"product_cat-barnesangklaer","8":"product_cat-dyr","9":"product_cat-skog","10":"product_cat-marsielle-decor","11":"product_cat-soverom-barn","12":"pa_storlek-100x135cm-40x60cm","13":"pa_storlek-150x200cm-50x60cm","15":"first","16":"outofstock","17":"taxable","18":"shipping-taxable","19":"purchasable","20":"product-type-variable"},"acf":[],"yoast_head":"<!-- This site is optimized with the Yoast SEO Premium plugin v25.8 (Yoast SEO v27.2) - https:\/\/yoast.com\/product\/yoast-seo-premium-wordpress\/ -->\n<title>Senget\u00f8y Foggy forest - Babylove Norska<\/title>\n<meta name=\"robots\" content=\"noindex, follow, max-snippet:-1, max-image-preview:large, max-video-preview:-1\" \/>\n<meta property=\"og:locale\" content=\"nb_NO\" \/>\n<meta property=\"og:type\" content=\"article\" \/>\n<meta property=\"og:title\" content=\"Senget\u00f8y Foggy forest\" \/>\n<meta property=\"og:description\" content=\"Senget\u00f8y er uten tvil et av de viktigste tilbeh\u00f8rene, det som holder barnet varmt og trygt om natten. Laget av fantastisk organisk bomull i 144 TC (vevens tetthet) som garanterer en god s\u00f8vn for barnet. n nMed vakre dyr som motiv vil dette sengesettet ogs\u00e5 passe godt inn i barnerommets innredning. n nHvert sengesett inneholder [&hellip;]\" \/>\n<meta property=\"og:url\" content=\"https:\/\/babylove.se\/no\/produkt\/baddset-foggy-forest\/\" \/>\n<meta property=\"og:site_name\" content=\"Babylove Norska\" \/>\n<meta property=\"article:modified_time\" content=\"2026-04-08T11:00:55+00:00\" \/>\n<meta property=\"og:image\" content=\"https:\/\/babylove.se\/no\/wp-content\/uploads\/sites\/3\/2025\/07\/620cd57434e0a.jpeg\" \/>\n\t<meta property=\"og:image:width\" content=\"862\" \/>\n\t<meta property=\"og:image:height\" content=\"862\" \/>\n\t<meta property=\"og:image:type\" content=\"image\/jpeg\" \/>\n<meta name=\"twitter:card\" content=\"summary_large_image\" \/>\n<meta name=\"twitter:label1\" content=\"Availability\" \/>\n\t<meta name=\"twitter:data1\" content=\"Out of stock\" \/>\n<script type=\"application\/ld+json\" class=\"yoast-schema-graph\">{\"@context\":\"https:\/\/schema.org\",\"@graph\":[{\"@type\":\"WebPage\",\"@id\":\"https:\/\/babylove.se\/no\/produkt\/baddset-foggy-forest\/\",\"url\":\"https:\/\/babylove.se\/no\/produkt\/baddset-foggy-forest\/\",\"name\":\"Senget\u00f8y Foggy forest - Babylove Norska\",\"isPartOf\":{\"@id\":\"https:\/\/babylove.se\/no\/#website\"},\"primaryImageOfPage\":{\"@id\":\"https:\/\/babylove.se\/no\/produkt\/baddset-foggy-forest\/#primaryimage\"},\"image\":{\"@id\":\"https:\/\/babylove.se\/no\/produkt\/baddset-foggy-forest\/#primaryimage\"},\"thumbnailUrl\":\"https:\/\/babylove.se\/no\/wp-content\/uploads\/sites\/3\/2025\/07\/620cd57434e0a.jpeg\",\"datePublished\":\"2025-07-18T23:33:38+00:00\",\"dateModified\":\"2026-04-08T11:00:55+00:00\",\"breadcrumb\":{\"@id\":\"https:\/\/babylove.se\/no\/produkt\/baddset-foggy-forest\/#breadcrumb\"},\"inLanguage\":\"nb-NO\",\"potentialAction\":[{\"@type\":\"ReadAction\",\"target\":[\"https:\/\/babylove.se\/no\/produkt\/baddset-foggy-forest\/\"]}]},{\"@type\":\"ImageObject\",\"inLanguage\":\"nb-NO\",\"@id\":\"https:\/\/babylove.se\/no\/produkt\/baddset-foggy-forest\/#primaryimage\",\"url\":\"https:\/\/babylove.se\/no\/wp-content\/uploads\/sites\/3\/2025\/07\/620cd57434e0a.jpeg\",\"contentUrl\":\"https:\/\/babylove.se\/no\/wp-content\/uploads\/sites\/3\/2025\/07\/620cd57434e0a.jpeg\",\"width\":862,\"height\":862},{\"@type\":\"BreadcrumbList\",\"@id\":\"https:\/\/babylove.se\/no\/produkt\/baddset-foggy-forest\/#breadcrumb\",\"itemListElement\":[{\"@type\":\"ListItem\",\"position\":1,\"name\":\"Hem\",\"item\":\"https:\/\/babylove.se\/no\/\"},{\"@type\":\"ListItem\",\"position\":2,\"name\":\"Butik\",\"item\":\"https:\/\/babylove.se\/no\/butik\/\"},{\"@type\":\"ListItem\",\"position\":3,\"name\":\"Senget\u00f8y Foggy forest\"}]},{\"@type\":\"WebSite\",\"@id\":\"https:\/\/babylove.se\/no\/#website\",\"url\":\"https:\/\/babylove.se\/no\/\",\"name\":\"Babylove Norska\",\"description\":\"\",\"potentialAction\":[{\"@type\":\"SearchAction\",\"target\":{\"@type\":\"EntryPoint\",\"urlTemplate\":\"https:\/\/babylove.se\/no\/?s={search_term_string}\"},\"query-input\":{\"@type\":\"PropertyValueSpecification\",\"valueRequired\":true,\"valueName\":\"search_term_string\"}}],\"inLanguage\":\"nb-NO\"}]}<\/script>\n<meta property=\"product:brand\" content=\"Marsielle Decor\" \/>\n<meta property=\"og:availability\" content=\"out of stock\" \/>\n<meta property=\"product:availability\" content=\"out of stock\" \/>\n<meta property=\"product:retailer_item_id\" content=\"MSD00030979\" \/>\n<meta property=\"product:condition\" content=\"new\" \/>\n<!-- \/ Yoast SEO Premium plugin. -->","yoast_head_json":{"title":"Senget\u00f8y Foggy forest - Babylove Norska","robots":{"index":"noindex","follow":"follow","max-snippet":"max-snippet:-1","max-image-preview":"max-image-preview:large","max-video-preview":"max-video-preview:-1"},"og_locale":"nb_NO","og_type":"article","og_title":"Senget\u00f8y Foggy forest","og_description":"Senget\u00f8y er uten tvil et av de viktigste tilbeh\u00f8rene, det som holder barnet varmt og trygt om natten. Laget av fantastisk organisk bomull i 144 TC (vevens tetthet) som garanterer en god s\u00f8vn for barnet. n nMed vakre dyr som motiv vil dette sengesettet ogs\u00e5 passe godt inn i barnerommets innredning. n nHvert sengesett inneholder [&hellip;]","og_url":"https:\/\/babylove.se\/no\/produkt\/baddset-foggy-forest\/","og_site_name":"Babylove Norska","article_modified_time":"2026-04-08T11:00:55+00:00","og_image":[{"width":862,"height":862,"url":"https:\/\/babylove.se\/no\/wp-content\/uploads\/sites\/3\/2025\/07\/620cd57434e0a.jpeg","type":"image\/jpeg"}],"twitter_card":"summary_large_image","twitter_misc":{"Availability":"Out of stock"},"schema":{"@context":"https:\/\/schema.org","@graph":[{"@type":"WebPage","@id":"https:\/\/babylove.se\/no\/produkt\/baddset-foggy-forest\/","url":"https:\/\/babylove.se\/no\/produkt\/baddset-foggy-forest\/","name":"Senget\u00f8y Foggy forest - Babylove Norska","isPartOf":{"@id":"https:\/\/babylove.se\/no\/#website"},"primaryImageOfPage":{"@id":"https:\/\/babylove.se\/no\/produkt\/baddset-foggy-forest\/#primaryimage"},"image":{"@id":"https:\/\/babylove.se\/no\/produkt\/baddset-foggy-forest\/#primaryimage"},"thumbnailUrl":"https:\/\/babylove.se\/no\/wp-content\/uploads\/sites\/3\/2025\/07\/620cd57434e0a.jpeg","datePublished":"2025-07-18T23:33:38+00:00","dateModified":"2026-04-08T11:00:55+00:00","breadcrumb":{"@id":"https:\/\/babylove.se\/no\/produkt\/baddset-foggy-forest\/#breadcrumb"},"inLanguage":"nb-NO","potentialAction":[{"@type":"ReadAction","target":["https:\/\/babylove.se\/no\/produkt\/baddset-foggy-forest\/"]}]},{"@type":"ImageObject","inLanguage":"nb-NO","@id":"https:\/\/babylove.se\/no\/produkt\/baddset-foggy-forest\/#primaryimage","url":"https:\/\/babylove.se\/no\/wp-content\/uploads\/sites\/3\/2025\/07\/620cd57434e0a.jpeg","contentUrl":"https:\/\/babylove.se\/no\/wp-content\/uploads\/sites\/3\/2025\/07\/620cd57434e0a.jpeg","width":862,"height":862},{"@type":"BreadcrumbList","@id":"https:\/\/babylove.se\/no\/produkt\/baddset-foggy-forest\/#breadcrumb","itemListElement":[{"@type":"ListItem","position":1,"name":"Hem","item":"https:\/\/babylove.se\/no\/"},{"@type":"ListItem","position":2,"name":"Butik","item":"https:\/\/babylove.se\/no\/butik\/"},{"@type":"ListItem","position":3,"name":"Senget\u00f8y Foggy forest"}]},{"@type":"WebSite","@id":"https:\/\/babylove.se\/no\/#website","url":"https:\/\/babylove.se\/no\/","name":"Babylove Norska","description":"","potentialAction":[{"@type":"SearchAction","target":{"@type":"EntryPoint","urlTemplate":"https:\/\/babylove.se\/no\/?s={search_term_string}"},"query-input":{"@type":"PropertyValueSpecification","valueRequired":true,"valueName":"search_term_string"}}],"inLanguage":"nb-NO"}]},"product_brand":"Marsielle Decor","og_availability":"out of stock","product_availability":"out of stock","product_retailer_item_id":"MSD00030979","product_condition":"new"},"_links":{"self":[{"href":"https:\/\/babylove.se\/no\/wp-json\/wp\/v2\/product\/32438","targetHints":{"allow":["GET"]}}],"collection":[{"href":"https:\/\/babylove.se\/no\/wp-json\/wp\/v2\/product"}],"about":[{"href":"https:\/\/babylove.se\/no\/wp-json\/wp\/v2\/types\/product"}],"replies":[{"embeddable":true,"href":"https:\/\/babylove.se\/no\/wp-json\/wp\/v2\/comments?post=32438"}],"wp:featuredmedia":[{"embeddable":true,"href":"https:\/\/babylove.se\/no\/wp-json\/wp\/v2\/media\/32440"}],"wp:attachment":[{"href":"https:\/\/babylove.se\/no\/wp-json\/wp\/v2\/media?parent=32438"}],"wp:term":[{"taxonomy":"product_brand","embeddable":true,"href":"https:\/\/babylove.se\/no\/wp-json\/wp\/v2\/product_brand?post=32438"},{"taxonomy":"product_cat","embeddable":true,"href":"https:\/\/babylove.se\/no\/wp-json\/wp\/v2\/product_cat?post=32438"},{"taxonomy":"product_tag","embeddable":true,"href":"https:\/\/babylove.se\/no\/wp-json\/wp\/v2\/product_tag?post=32438"}],"curies":[{"name":"wp","href":"https:\/\/api.w.org\/{rel}","templated":true}]}}